{"id":10160,"date":"2015-02-27T14:05:55","date_gmt":"2015-02-27T19:05:55","guid":{"rendered":"http:\/\/visitaorlandoflorida.info\/faq-2\/"},"modified":"2017-08-22T15:59:09","modified_gmt":"2017-08-22T19:59:09","slug":"faq","status":"publish","type":"page","link":"https:\/\/somosorlando.com\/es\/faq\/","title":{"rendered":"Preguntas Frequentes"},"content":{"rendered":"<div class=\"vc_row wpb_row vc_row-fluid\"><div class=\"wpb_column vc_column_container vc_col-sm-12\"><div class=\"vc_column-inner \"><div class=\"wpb_wrapper\">\n\t<div class=\"wpb_text_column wpb_content_element \" >\n\t\t<div class=\"wpb_wrapper\">\n\t\t\t<h2>Preguntas Frequentes<\/h2>\n\n\t\t<\/div>\n\t<\/div>\n<\/div><\/div><\/div><\/div><div class=\"vc_row wpb_row vc_row-fluid\"><div class=\"wpb_column vc_column_container vc_col-sm-12\"><div class=\"vc_column-inner \"><div class=\"wpb_wrapper\">\n\t<div class=\"wpb_accordion wpb_content_element  not-column-inherit\" data-collapsible=\"\" data-vc-disable-keydown=\"false\" data-active-tab=\"1\">\n\t\t<div class=\"wpb_wrapper wpb_accordion_wrapper ui-accordion\">\n\n\n\t<div class=\"wpb_accordion_section group\">\n\t\t<h3 class=\"wpb_accordion_header ui-accordion-header\"><a href=\"#por-que-son-tan-economicos-los-precios-de-sus-promociones\">\u00bfPor qu\u00e9 son tan econ\u00f3micos los precios de sus promociones?<\/a><\/h3>\n\t\t<div class=\"wpb_accordion_content ui-accordion-content vc_clearfix\">\n\t\t\t\n\t<div class=\"wpb_text_column wpb_content_element \" >\n\t\t<div class=\"wpb_wrapper\">\n\t\t\t<p>Nuestras promociones son la forma en la que los Resorts o complejos vacacionales dan a conocer sus hermosas instalaciones, Ud. puede recibir hasta un 80% de descuento sobre precio regular de una vacaci\u00f3n, a cambio de conocer estos espectaculares destinos tur\u00edsticos, en un tour personalizado de 90 minutos en cada destino de su itinerario, donde Ud. y su familia podr\u00e1n conocer todos los beneficios de los planes vacacionales disponibles y tambi\u00e9n tendr\u00e1n la oportunidad de ver los diferentes modelos de apartamentos totalmente amoblados.<\/p>\n\n\t\t<\/div>\n\t<\/div>\n\n\t\t<\/div>\n\t<\/div>\n\n\t<div class=\"wpb_accordion_section group\">\n\t\t<h3 class=\"wpb_accordion_header ui-accordion-header\"><a href=\"#hay-obligacion-de-comprar-algo-a-cambio-de-estos-precios\">\u00bfHay obligaci\u00f3n de comprar algo a cambio de estos precios?<\/a><\/h3>\n\t\t<div class=\"wpb_accordion_content ui-accordion-content vc_clearfix\">\n\t\t\t\n\t<div class=\"wpb_text_column wpb_content_element \" >\n\t\t<div class=\"wpb_wrapper\">\n\t\t\t<p>No, ninguna obligaci\u00f3n de compra. Ud. y su familia ser\u00e1n invitados de honor a un fabuloso desayuno y tour de bienvenida de 90 minutos de duraci\u00f3n, donde le mostraran toda la propiedad con sus instalaciones y modelos disponibles. Al final de este tour Ud. determinara si esta o no interesado en formar parte de nuestra familia de socios y propietarios Ud. tiene la ultima palabra sin compromiso alguno.<\/p>\n\n\t\t<\/div>\n\t<\/div>\n\n\t\t<\/div>\n\t<\/div>\n\n\t<div class=\"wpb_accordion_section group\">\n\t\t<h3 class=\"wpb_accordion_header ui-accordion-header\"><a href=\"#quiero-viajar-sin-asistir-al-desayuno-de-bienvenida\">\u00bfQuiero viajar sin asistir al desayuno de bienvenida?<\/a><\/h3>\n\t\t<div class=\"wpb_accordion_content ui-accordion-content vc_clearfix\">\n\t\t\t\n\t<div class=\"wpb_text_column wpb_content_element \" >\n\t\t<div class=\"wpb_wrapper\">\n\t\t\t<p>No hay problema, Ud. podr\u00e1 comprar cualquiera de nuestros paquetes vacacionales a precio regular sin descuentos y no le incluiremos la opci\u00f3n del desayuno de bienvenida para su familia.<\/p>\n\n\t\t<\/div>\n\t<\/div>\n\n\t\t<\/div>\n\t<\/div>\n\n\t<div class=\"wpb_accordion_section group\">\n\t\t<h3 class=\"wpb_accordion_header ui-accordion-header\"><a href=\"#puedo-viajar-en-cualquier-temporada\">\u00bfPuedo viajar en cualquier temporada?<\/a><\/h3>\n\t\t<div class=\"wpb_accordion_content ui-accordion-content vc_clearfix\">\n\t\t\t\n\t<div class=\"wpb_text_column wpb_content_element \" >\n\t\t<div class=\"wpb_wrapper\">\n\t\t\t<p>Si, sin restricci\u00f3n de fechas para poder viajar.<\/p>\n\n\t\t<\/div>\n\t<\/div>\n\n\t\t<\/div>\n\t<\/div>\n\n\t<div class=\"wpb_accordion_section group\">\n\t\t<h3 class=\"wpb_accordion_header ui-accordion-header\"><a href=\"#como-hago-la-reservacion-para-la-fecha-deseada\">\u00bfC\u00f3mo hago la reservaci\u00f3n para la fecha deseada?<\/a><\/h3>\n\t\t<div class=\"wpb_accordion_content ui-accordion-content vc_clearfix\">\n\t\t\t\n\t<div class=\"wpb_text_column wpb_content_element \" >\n\t\t<div class=\"wpb_wrapper\">\n\t\t\t<p>El m\u00e9todo de reserva es muy sencillo, una vez efectuada la compra de su plan vacacional el agente le entregara un c\u00f3digo o Thread # 1234567, Ud. podr\u00e1 enviar un correo electr\u00f3nico con los detalles de las fechas deseadas a reservas@somosorlando.com y Ud. recibir\u00e1 su confirmaci\u00f3n.<\/p>\n\n\t\t<\/div>\n\t<\/div>\n\n\t\t<\/div>\n\t<\/div>\n\n\t<div class=\"wpb_accordion_section group\">\n\t\t<h3 class=\"wpb_accordion_header ui-accordion-header\"><a href=\"#que-necesito-para-poder-conducir-un-automovil-en-usa\">\u00bfQu\u00e9 necesito para poder conducir un autom\u00f3vil en USA?<\/a><\/h3>\n\t\t<div class=\"wpb_accordion_content ui-accordion-content vc_clearfix\">\n\t\t\t\n\t<div class=\"wpb_text_column wpb_content_element \" >\n\t\t<div class=\"wpb_wrapper\">\n\t\t\t<p>Una licencia de conducir de su pa\u00eds vigente y ser mayor de +25 a\u00f1os.<\/p>\n\n\t\t<\/div>\n\t<\/div>\n\n\t\t<\/div>\n\t<\/div>\n\n\t<div class=\"wpb_accordion_section group\">\n\t\t<h3 class=\"wpb_accordion_header ui-accordion-header\"><a href=\"#que-necesito-para-recoger-el-automovil-a-mi-llegada\">\u00bfQu\u00e9 necesito para recoger el autom\u00f3vil a mi llegada?<\/a><\/h3>\n\t\t<div class=\"wpb_accordion_content ui-accordion-content vc_clearfix\">\n\t\t\t\n\t<div class=\"wpb_text_column wpb_content_element \" >\n\t\t<div class=\"wpb_wrapper\">\n\t\t\t<p>Una licencia de conducir de su pa\u00eds vigente y una tarjeta de cr\u00e9dito como VISA, MasterCard, American Express, Discover, Dinners.<\/p>\n\n\t\t<\/div>\n\t<\/div>\n\n\t\t<\/div>\n\t<\/div>\n\n\t<div class=\"wpb_accordion_section group\">\n\t\t<h3 class=\"wpb_accordion_header ui-accordion-header\"><a href=\"#donde-recojo-el-automovil\">\u00bfD\u00f3nde recojo el autom\u00f3vil?<\/a><\/h3>\n\t\t<div class=\"wpb_accordion_content ui-accordion-content vc_clearfix\">\n\t\t\t\n\t<div class=\"wpb_text_column wpb_content_element \" >\n\t\t<div class=\"wpb_wrapper\">\n\t\t\t<p>El autom\u00f3vil lo puede recoger en el Miami International Airport, Orlando International Airport o Fort Lauderdale-Hollywood International Airport.<\/p>\n\n\t\t<\/div>\n\t<\/div>\n\n\t\t<\/div>\n\t<\/div>\n\n\t<div class=\"wpb_accordion_section group\">\n\t\t<h3 class=\"wpb_accordion_header ui-accordion-header\"><a href=\"#que-no-esta-incluido-con-el-alquiler-del-automovil\">\u00bfQu\u00e9 \u201cNO\u201d est\u00e1 incluido con el alquiler del autom\u00f3vil?<\/a><\/h3>\n\t\t<div class=\"wpb_accordion_content ui-accordion-content vc_clearfix\">\n\t\t\t\n\t<div class=\"wpb_text_column wpb_content_element \" >\n\t\t<div class=\"wpb_wrapper\">\n\t\t\t<p>Cargos OPCIONALES como GPS, Asientos de infantes, Gasolina, Seguros de accidentes, Conductores adicionales, Mejoras al tipo de veh\u00edculo e impuestos.<\/p>\n\n\t\t<\/div>\n\t<\/div>\n\n\t\t<\/div>\n\t<\/div>\n\n\t<div class=\"wpb_accordion_section group\">\n\t\t<h3 class=\"wpb_accordion_header ui-accordion-header\"><a href=\"#puedo-comprar-mas-de-un-paquete\">\u00bfPuedo comprar m\u00e1s de un paquete?<\/a><\/h3>\n\t\t<div class=\"wpb_accordion_content ui-accordion-content vc_clearfix\">\n\t\t\t\n\t<div class=\"wpb_text_column wpb_content_element \" >\n\t\t<div class=\"wpb_wrapper\">\n\t\t\t<p>No, solo un paquete por familia, los viajes en grupo no son permitidos.<\/p>\n\n\t\t<\/div>\n\t<\/div>\n\n\t\t<\/div>\n\t<\/div>\n\n\t<div class=\"wpb_accordion_section group\">\n\t\t<h3 class=\"wpb_accordion_header ui-accordion-header\"><a href=\"#cuanto-tiempo-duran-las-promociones\">\u00bfCu\u00e1nto tiempo duran las promociones?<\/a><\/h3>\n\t\t<div class=\"wpb_accordion_content ui-accordion-content vc_clearfix\">\n\t\t\t\n\t<div class=\"wpb_text_column wpb_content_element \" >\n\t\t<div class=\"wpb_wrapper\">\n\t\t\t<p>Cada promoci\u00f3n es diferente y son de tiempo limitado, algunas promociones son vendidas en su totalidad en solo horas.<\/p>\n\n\t\t<\/div>\n\t<\/div>\n\n\t\t<\/div>\n\t<\/div>\n\n\t<div class=\"wpb_accordion_section group\">\n\t\t<h3 class=\"wpb_accordion_header ui-accordion-header\"><a href=\"#al-comprar-este-paquete-puedo-utilizarlo-inmediatamente\">\u00bfAl comprar este paquete puedo utilizarlo inmediatamente?<\/a><\/h3>\n\t\t<div class=\"wpb_accordion_content ui-accordion-content vc_clearfix\">\n\t\t\t\n\t<div class=\"wpb_text_column wpb_content_element \" >\n\t\t<div class=\"wpb_wrapper\">\n\t\t\t<p>Basado en la disponibilidad de la fecha que usted desea viajar, su agente de viajes puede contestar esa pregunta al momento de su compra.<\/p>\n\n\t\t<\/div>\n\t<\/div>\n\n\t\t<\/div>\n\t<\/div>\n\n\t<div class=\"wpb_accordion_section group\">\n\t\t<h3 class=\"wpb_accordion_header ui-accordion-header\"><a href=\"#puedo-agregar-noches-adicionales-a-mi-plan-vacacional\">\u00bfPuedo agregar noches adicionales a mi plan vacacional?<\/a><\/h3>\n\t\t<div class=\"wpb_accordion_content ui-accordion-content vc_clearfix\">\n\t\t\t\n\t<div class=\"wpb_text_column wpb_content_element \" >\n\t\t<div class=\"wpb_wrapper\">\n\t\t\t<p>Si, basado en la disponibilidad de la fecha que usted desea viajar.<\/p>\n\n\t\t<\/div>\n\t<\/div>\n\n\t\t<\/div>\n\t<\/div>\n\n\t<div class=\"wpb_accordion_section group\">\n\t\t<h3 class=\"wpb_accordion_header ui-accordion-header\"><a href=\"#en-cuanto-tiempo-voy-a-recibir-la-confirmacion-de-mi-plan\">\u00bfEn cu\u00e1nto tiempo voy a recibir la confirmaci\u00f3n de mi plan?<\/a><\/h3>\n\t\t<div class=\"wpb_accordion_content ui-accordion-content vc_clearfix\">\n\t\t\t\n\t<div class=\"wpb_text_column wpb_content_element \" >\n\t\t<div class=\"wpb_wrapper\">\n\t\t\t<p>Ud. recibe la confirmaci\u00f3n v\u00eda correo electr\u00f3nico de 10 a 15 minutos despu\u00e9s de haber efectuado el pago total de su paquete vacacional.<\/p>\n\n\t\t<\/div>\n\t<\/div>\n\n\t\t<\/div>\n\t<\/div>\n\n\t<div class=\"wpb_accordion_section group\">\n\t\t<h3 class=\"wpb_accordion_header ui-accordion-header\"><a href=\"#con-cuanta-anticipacion-debo-hacer-mi-reservacion\">\u00bfCon cuanta anticipaci\u00f3n debo hacer mi reservaci\u00f3n?<\/a><\/h3>\n\t\t<div class=\"wpb_accordion_content ui-accordion-content vc_clearfix\">\n\t\t\t\n\t<div class=\"wpb_text_column wpb_content_element \" >\n\t\t<div class=\"wpb_wrapper\">\n\t\t\t<p>Usted debe hacer su reservaci\u00f3n con m\u00ednimo de 30 d\u00edas antes de la fecha de su viaje.<\/p>\n\n\t\t<\/div>\n\t<\/div>\n\n\t\t<\/div>\n\t<\/div>\n\n\t<div class=\"wpb_accordion_section group\">\n\t\t<h3 class=\"wpb_accordion_header ui-accordion-header\"><a href=\"#cuanto-tiempo-tengo-para-usar-mi-paquete\">\u00bfCu\u00e1nto tiempo tengo para usar mi paquete?<\/a><\/h3>\n\t\t<div class=\"wpb_accordion_content ui-accordion-content vc_clearfix\">\n\t\t\t\n\t<div class=\"wpb_text_column wpb_content_element \" >\n\t\t<div class=\"wpb_wrapper\">\n\t\t\t<p>12 meses a partir de la fecha de compra de su paquete vacacional y sin restricci\u00f3n de fechas, de manera que si Ud. no tiene la fecha de viaje, no hay problema tiene suficiente tiempo para planear sus vacaciones junto a su familia.<\/p>\n\n\t\t<\/div>\n\t<\/div>\n\n\t\t<\/div>\n\t<\/div>\n\n\t<div class=\"wpb_accordion_section group\">\n\t\t<h3 class=\"wpb_accordion_header ui-accordion-header\"><a href=\"#que-esta-y-no-esta-incluido-en-el-crucero-de-la-bahamas\">\u00bfQu\u00e9 est\u00e1 y no est\u00e1 incluido en el Crucero de la Bahamas?<\/a><\/h3>\n\t\t<div class=\"wpb_accordion_content ui-accordion-content vc_clearfix\">\n\t\t\t\n\t<div class=\"wpb_text_column wpb_content_element \" >\n\t\t<div class=\"wpb_wrapper\">\n\t\t\t<p>El crucero a las Bahamas incluye todas las comidas, las bebidas no alcoh\u00f3licas, shows y entretenimiento para toda la familia. El Crucero no incluye las bebidas alcoh\u00f3licas, ni los impuestos de salida del puerto internacional de $199 por persona.<\/p>\n\n\t\t<\/div>\n\t<\/div>\n\n\t\t<\/div>\n\t<\/div>\n\n\t<div class=\"wpb_accordion_section group\">\n\t\t<h3 class=\"wpb_accordion_header ui-accordion-header\"><a href=\"#quiero-comprar-boletos-para-los-parques-de-disney-universal-studios-seaworld-o-bush-gardens-me-pueden-ayudar\">\u00bfQuiero comprar boletos para los parques de Disney, Universal Studios, SeaWorld o Bush Gardens me pueden ayudar?<\/a><\/h3>\n\t\t<div class=\"wpb_accordion_content ui-accordion-content vc_clearfix\">\n\t\t\t\n\t<div class=\"wpb_text_column wpb_content_element \" >\n\t\t<div class=\"wpb_wrapper\">\n\t\t\t<p>Si, tenemos un departamento de venta de boletos para todas las atracciones de Orlando y contamos con descuentos especiales para nuestros hu\u00e9spedes.<\/p>\n\n\t\t<\/div>\n\t<\/div>\n\n\t\t<\/div>\n\t<\/div>\n\n\t<div class=\"wpb_accordion_section group\">\n\t\t<h3 class=\"wpb_accordion_header ui-accordion-header\"><a href=\"#los-boletos-aereos-estan-incluidos\">\u00bfLos Boletos A\u00e9reos est\u00e1n incluidos?<\/a><\/h3>\n\t\t<div class=\"wpb_accordion_content ui-accordion-content vc_clearfix\">\n\t\t\t\n\t<div class=\"wpb_text_column wpb_content_element \" >\n\t\t<div class=\"wpb_wrapper\">\n\t\t\t<p>No, no incluimos boletos a\u00e9reos con ninguna de nuestras promociones.<\/p>\n\n\t\t<\/div>\n\t<\/div>\n\n\t\t<\/div>\n\t<\/div>\n\n\t\t<\/div>\n\t<\/div>\n<\/div><\/div><\/div><\/div>\n","protected":false},"excerpt":{"rendered":"Preguntas Frequentes \u00bfPor qu\u00e9 son tan econ\u00f3micos los precios de sus promociones? Nuestras promociones son la forma en la que los Resorts o complejos vacacionales dan a conocer sus hermosas instalaciones, Ud. puede recibir hasta un 80% de descuento sobre precio regular de una vacaci\u00f3n, a cambio de conocer estos espectaculares destinos tur\u00edsticos, en un tour personalizado de 90 minutos en cada destino de su itinerario, donde Ud. y su familia podr\u00e1n conocer todos los beneficios de los planes vacacionales disponibles y tambi\u00e9n tendr\u00e1n la oportunidad de ver los diferentes modelos de apartamentos totalmente amoblados. \u00bfHay obligaci\u00f3n de comprar algo [...]","protected":false},"author":1,"featured_media":0,"parent":0,"menu_order":2,"comment_status":"open","ping_status":"open","template":"template-full-width.php","meta":[],"_links":{"self":[{"href":"https:\/\/somosorlando.com\/es\/wp-json\/wp\/v2\/pages\/10160"}],"collection":[{"href":"https:\/\/somosorlando.com\/es\/wp-json\/wp\/v2\/pages"}],"about":[{"href":"https:\/\/somosorlando.com\/es\/wp-json\/wp\/v2\/types\/page"}],"author":[{"embeddable":true,"href":"https:\/\/somosorlando.com\/es\/wp-json\/wp\/v2\/users\/1"}],"replies":[{"embeddable":true,"href":"https:\/\/somosorlando.com\/es\/wp-json\/wp\/v2\/comments?post=10160"}],"version-history":[{"count":17,"href":"https:\/\/somosorlando.com\/es\/wp-json\/wp\/v2\/pages\/10160\/revisions"}],"predecessor-version":[{"id":20137,"href":"https:\/\/somosorlando.com\/es\/wp-json\/wp\/v2\/pages\/10160\/revisions\/20137"}],"wp:attachment":[{"href":"https:\/\/somosorlando.com\/es\/wp-json\/wp\/v2\/media?parent=10160"}],"curies":[{"name":"wp","href":"https:\/\/api.w.org\/{rel}","templated":true}]}}