{"id":15061,"date":"2015-09-28T16:21:48","date_gmt":"2015-09-28T20:21:48","guid":{"rendered":"http:\/\/visitaorlandoflorida.info\/getaways\/cancun-ocean-spa\/"},"modified":"2018-12-19T14:31:28","modified_gmt":"2018-12-19T19:31:28","slug":"cancun-ocean-spa","status":"publish","type":"page","link":"https:\/\/somosorlando.com\/es\/getaways\/cancun-ocean-spa\/","title":{"rendered":"Ocean Spa Hotel, Canc\u00fan"},"content":{"rendered":"<div class=\"vc_row wpb_row vc_row-fluid\"><div class=\"wpb_column vc_column_container vc_col-sm-12\"><div class=\"vc_column-inner \"><div class=\"wpb_wrapper\"><div id=\"ultimate-heading-477369e48d6680712\" class=\"uvc-heading ult-adjust-bottom-margin ultimate-heading-477369e48d6680712 uvc-770 \" data-hspacer=\"no_spacer\"  data-halign=\"left\" style=\"text-align:left\"><div class=\"uvc-heading-spacer no_spacer\" style=\"top\"><\/div><div class=\"uvc-main-heading ult-responsive\"  data-ultimate-target='.uvc-heading.ultimate-heading-477369e48d6680712 h2'  data-responsive-json-new='{\"font-size\":\"\",\"line-height\":\"\"}' ><h2 style=\"font-weight:normal;\">Ocean Spa Hotel<\/h2><\/div><div class=\"uvc-sub-heading ult-responsive\"  data-ultimate-target='.uvc-heading.ultimate-heading-477369e48d6680712 .uvc-sub-heading '  data-responsive-json-new='{\"font-size\":\"\",\"line-height\":\"\"}'  style=\"font-weight:normal;margin-bottom:40px;\">Cancun, Mexico<\/div><\/div><\/div><\/div><\/div><div class=\"wpb_column vc_column_container vc_col-sm-8\"><div class=\"vc_column-inner \"><div class=\"wpb_wrapper\"><div class=\"avt_masterslider_el \" >\n\t\t<!-- MasterSlider -->\n\t\t<div id=\"P_MS69e48d66a0ed0\" class=\"master-slider-parent ms-thumbs-template ms-parent-id-45\" style=\"max-width:1000px;\"  >\n\t\t\t\t\n\t\t\t\n\t\t\t<!-- MasterSlider Main -->\n\t\t\t<div id=\"MS69e48d66a0ed0\" class=\"master-slider ms-skin-light-3\" >\n\t\t\t\t \t\t\t\t \n\t\t\t\t<div  class=\"ms-slide\" data-delay=\"3\" data-fill-mode=\"fill\"  >\n\t\t\t\t\t<img src=\"https:\/\/somosorlando.com\/wp-content\/plugins\/masterslider2\/public\/assets\/css\/blank.gif\" alt=\"\" title=\"\" data-src=\"https:\/\/somosorlando.com\/wp-content\/uploads\/2015\/09\/cancun-ocean-spa_121.jpg\" \/>\n\n\n\t<img class=\"ms-thumb\" src=\"https:\/\/somosorlando.com\/wp-content\/uploads\/2015\/09\/cancun-ocean-spa_121-127x90.jpg\" alt=\"\" \/>\n\t\t\t\t<\/div>\n\t\t\t\t<div  class=\"ms-slide\" data-delay=\"3\" data-fill-mode=\"fill\"  >\n\t\t\t\t\t<img src=\"https:\/\/somosorlando.com\/wp-content\/plugins\/masterslider2\/public\/assets\/css\/blank.gif\" alt=\"\" title=\"\" data-src=\"https:\/\/somosorlando.com\/wp-content\/uploads\/2015\/09\/cancun-ocean-spa_131.jpg\" \/>\n\n\n\t<img class=\"ms-thumb\" src=\"https:\/\/somosorlando.com\/wp-content\/uploads\/2015\/09\/cancun-ocean-spa_131-127x90.jpg\" alt=\"\" \/>\n\t\t\t\t<\/div>\n\t\t\t\t<div  class=\"ms-slide\" data-delay=\"3\" data-fill-mode=\"fill\"  >\n\t\t\t\t\t<img src=\"https:\/\/somosorlando.com\/wp-content\/plugins\/masterslider2\/public\/assets\/css\/blank.gif\" alt=\"\" title=\"\" data-src=\"https:\/\/somosorlando.com\/wp-content\/uploads\/2015\/09\/cancun-ocean-spa_111.jpg\" \/>\n\n\n\t<img class=\"ms-thumb\" src=\"https:\/\/somosorlando.com\/wp-content\/uploads\/2015\/09\/cancun-ocean-spa_111-127x90.jpg\" alt=\"\" \/>\n\t\t\t\t<\/div>\n\t\t\t\t<div  class=\"ms-slide\" data-delay=\"3\" data-fill-mode=\"fill\"  >\n\t\t\t\t\t<img src=\"https:\/\/somosorlando.com\/wp-content\/plugins\/masterslider2\/public\/assets\/css\/blank.gif\" alt=\"\" title=\"\" data-src=\"https:\/\/somosorlando.com\/wp-content\/uploads\/2015\/09\/cancun-ocean-spa_21.jpg\" \/>\n\n\n\t<img class=\"ms-thumb\" src=\"https:\/\/somosorlando.com\/wp-content\/uploads\/2015\/09\/cancun-ocean-spa_21-127x90.jpg\" alt=\"\" \/>\n\t\t\t\t<\/div>\n\t\t\t\t<div  class=\"ms-slide\" data-delay=\"3\" data-fill-mode=\"fill\"  >\n\t\t\t\t\t<img src=\"https:\/\/somosorlando.com\/wp-content\/plugins\/masterslider2\/public\/assets\/css\/blank.gif\" alt=\"\" title=\"\" data-src=\"https:\/\/somosorlando.com\/wp-content\/uploads\/2015\/09\/cancun-ocean-spa_17.jpg\" \/>\n\n\n\t<img class=\"ms-thumb\" src=\"https:\/\/somosorlando.com\/wp-content\/uploads\/2015\/09\/cancun-ocean-spa_17-127x90.jpg\" alt=\"\" \/>\n\t\t\t\t<\/div>\n\t\t\t\t<div  class=\"ms-slide\" data-delay=\"3\" data-fill-mode=\"fill\"  >\n\t\t\t\t\t<img src=\"https:\/\/somosorlando.com\/wp-content\/plugins\/masterslider2\/public\/assets\/css\/blank.gif\" alt=\"\" title=\"\" data-src=\"https:\/\/somosorlando.com\/wp-content\/uploads\/2015\/09\/cancun-ocean-spa_151.jpg\" \/>\n\n\n\t<img class=\"ms-thumb\" src=\"https:\/\/somosorlando.com\/wp-content\/uploads\/2015\/09\/cancun-ocean-spa_151-127x90.jpg\" alt=\"\" \/>\n\t\t\t\t<\/div>\n\t\t\t\t<div  class=\"ms-slide\" data-delay=\"3\" data-fill-mode=\"fill\"  >\n\t\t\t\t\t<img src=\"https:\/\/somosorlando.com\/wp-content\/plugins\/masterslider2\/public\/assets\/css\/blank.gif\" alt=\"\" title=\"\" data-src=\"https:\/\/somosorlando.com\/wp-content\/uploads\/2015\/09\/cancun-ocean-spa_22.jpg\" \/>\n\n\n\t<img class=\"ms-thumb\" src=\"https:\/\/somosorlando.com\/wp-content\/uploads\/2015\/09\/cancun-ocean-spa_22-127x90.jpg\" alt=\"\" \/>\n\t\t\t\t<\/div>\n\t\t\t\t<div  class=\"ms-slide\" data-delay=\"3\" data-fill-mode=\"fill\"  >\n\t\t\t\t\t<img src=\"https:\/\/somosorlando.com\/wp-content\/plugins\/masterslider2\/public\/assets\/css\/blank.gif\" alt=\"\" title=\"\" data-src=\"https:\/\/somosorlando.com\/wp-content\/uploads\/2015\/09\/cancun-ocean-spa_31.jpg\" \/>\n\n\n\t<img class=\"ms-thumb\" src=\"https:\/\/somosorlando.com\/wp-content\/uploads\/2015\/09\/cancun-ocean-spa_31-127x90.jpg\" alt=\"\" \/>\n\t\t\t\t<\/div>\n\t\t\t\t<div  class=\"ms-slide\" data-delay=\"3\" data-fill-mode=\"fill\"  >\n\t\t\t\t\t<img src=\"https:\/\/somosorlando.com\/wp-content\/plugins\/masterslider2\/public\/assets\/css\/blank.gif\" alt=\"\" title=\"\" data-src=\"https:\/\/somosorlando.com\/wp-content\/uploads\/2015\/09\/cancun-ocean-spa_16.jpg\" \/>\n\n\n\t<img class=\"ms-thumb\" src=\"https:\/\/somosorlando.com\/wp-content\/uploads\/2015\/09\/cancun-ocean-spa_16-127x90.jpg\" alt=\"\" \/>\n\t\t\t\t<\/div>\n\t\t\t\t<div  class=\"ms-slide\" data-delay=\"3\" data-fill-mode=\"fill\"  >\n\t\t\t\t\t<img src=\"https:\/\/somosorlando.com\/wp-content\/plugins\/masterslider2\/public\/assets\/css\/blank.gif\" alt=\"\" title=\"\" data-src=\"https:\/\/somosorlando.com\/wp-content\/uploads\/2015\/09\/cancun-ocean-spa_24.jpg\" \/>\n\n\n\t<img class=\"ms-thumb\" src=\"https:\/\/somosorlando.com\/wp-content\/uploads\/2015\/09\/cancun-ocean-spa_24-127x90.jpg\" alt=\"\" \/>\n\t\t\t\t<\/div>\n\t\t\t\t<div  class=\"ms-slide\" data-delay=\"3\" data-fill-mode=\"fill\"  >\n\t\t\t\t\t<img src=\"https:\/\/somosorlando.com\/wp-content\/plugins\/masterslider2\/public\/assets\/css\/blank.gif\" alt=\"\" title=\"\" data-src=\"https:\/\/somosorlando.com\/wp-content\/uploads\/2015\/09\/cancun-ocean-spa_36.jpg\" \/>\n\n\n\t<img class=\"ms-thumb\" src=\"https:\/\/somosorlando.com\/wp-content\/uploads\/2015\/09\/cancun-ocean-spa_36-127x90.jpg\" alt=\"\" \/>\n\t\t\t\t<\/div>\n\t\t\t\t<div  class=\"ms-slide\" data-delay=\"3\" data-fill-mode=\"fill\"  >\n\t\t\t\t\t<img src=\"https:\/\/somosorlando.com\/wp-content\/plugins\/masterslider2\/public\/assets\/css\/blank.gif\" alt=\"\" title=\"\" data-src=\"https:\/\/somosorlando.com\/wp-content\/uploads\/2015\/09\/cancun-ocean-spa_35.jpg\" \/>\n\n\n\t<img class=\"ms-thumb\" src=\"https:\/\/somosorlando.com\/wp-content\/uploads\/2015\/09\/cancun-ocean-spa_35-127x90.jpg\" alt=\"\" \/>\n\t\t\t\t<\/div>\n\t\t\t\t<div  class=\"ms-slide\" data-delay=\"3\" data-fill-mode=\"fill\"  >\n\t\t\t\t\t<img src=\"https:\/\/somosorlando.com\/wp-content\/plugins\/masterslider2\/public\/assets\/css\/blank.gif\" alt=\"\" title=\"\" data-src=\"https:\/\/somosorlando.com\/wp-content\/uploads\/2015\/09\/cancun-ocean-spa_32.jpg\" \/>\n\n\n\t<img class=\"ms-thumb\" src=\"https:\/\/somosorlando.com\/wp-content\/uploads\/2015\/09\/cancun-ocean-spa_32-127x90.jpg\" alt=\"\" \/>\n\t\t\t\t<\/div>\n\t\t\t\t<div  class=\"ms-slide\" data-delay=\"3\" data-fill-mode=\"fill\"  >\n\t\t\t\t\t<img src=\"https:\/\/somosorlando.com\/wp-content\/plugins\/masterslider2\/public\/assets\/css\/blank.gif\" alt=\"\" title=\"\" data-src=\"https:\/\/somosorlando.com\/wp-content\/uploads\/2015\/09\/cancun-ocean-spa_34.jpg\" \/>\n\n\n\t<img class=\"ms-thumb\" src=\"https:\/\/somosorlando.com\/wp-content\/uploads\/2015\/09\/cancun-ocean-spa_34-127x90.jpg\" alt=\"\" \/>\n\t\t\t\t<\/div>\n\t\t\t\t<div  class=\"ms-slide\" data-delay=\"3\" data-fill-mode=\"fill\"  >\n\t\t\t\t\t<img src=\"https:\/\/somosorlando.com\/wp-content\/plugins\/masterslider2\/public\/assets\/css\/blank.gif\" alt=\"\" title=\"\" data-src=\"https:\/\/somosorlando.com\/wp-content\/uploads\/2015\/09\/cancun-ocean-spa_15.jpg\" \/>\n\n\n\t<img class=\"ms-thumb\" src=\"https:\/\/somosorlando.com\/wp-content\/uploads\/2015\/09\/cancun-ocean-spa_15-127x90.jpg\" alt=\"\" \/>\n\t\t\t\t<\/div>\n\t\t\t\t<div  class=\"ms-slide\" data-delay=\"3\" data-fill-mode=\"fill\"  >\n\t\t\t\t\t<img src=\"https:\/\/somosorlando.com\/wp-content\/plugins\/masterslider2\/public\/assets\/css\/blank.gif\" alt=\"\" title=\"\" data-src=\"https:\/\/somosorlando.com\/wp-content\/uploads\/2015\/09\/cancun-ocean-spa_211.jpg\" \/>\n\n\n\t<img class=\"ms-thumb\" src=\"https:\/\/somosorlando.com\/wp-content\/uploads\/2015\/09\/cancun-ocean-spa_211-127x90.jpg\" alt=\"\" \/>\n\t\t\t\t<\/div>\n\t\t\t\t<div  class=\"ms-slide\" data-delay=\"3\" data-fill-mode=\"fill\"  >\n\t\t\t\t\t<img src=\"https:\/\/somosorlando.com\/wp-content\/plugins\/masterslider2\/public\/assets\/css\/blank.gif\" alt=\"\" title=\"\" data-src=\"https:\/\/somosorlando.com\/wp-content\/uploads\/2015\/09\/cancun-ocean-spa_25.jpg\" \/>\n\n\n\t<img class=\"ms-thumb\" src=\"https:\/\/somosorlando.com\/wp-content\/uploads\/2015\/09\/cancun-ocean-spa_25-127x90.jpg\" alt=\"\" \/>\n\t\t\t\t<\/div>\n\t\t\t\t<div  class=\"ms-slide\" data-delay=\"3\" data-fill-mode=\"fill\"  >\n\t\t\t\t\t<img src=\"https:\/\/somosorlando.com\/wp-content\/plugins\/masterslider2\/public\/assets\/css\/blank.gif\" alt=\"\" title=\"\" data-src=\"https:\/\/somosorlando.com\/wp-content\/uploads\/2015\/09\/cancun-ocean-spa_23.jpg\" \/>\n\n\n\t<img class=\"ms-thumb\" src=\"https:\/\/somosorlando.com\/wp-content\/uploads\/2015\/09\/cancun-ocean-spa_23-127x90.jpg\" alt=\"\" \/>\n\t\t\t\t<\/div>\n\t\t\t\t<div  class=\"ms-slide\" data-delay=\"3\" data-fill-mode=\"fill\"  >\n\t\t\t\t\t<img src=\"https:\/\/somosorlando.com\/wp-content\/plugins\/masterslider2\/public\/assets\/css\/blank.gif\" alt=\"\" title=\"\" data-src=\"https:\/\/somosorlando.com\/wp-content\/uploads\/2015\/09\/cancun-ocean-spa_18.jpg\" \/>\n\n\n\t<img class=\"ms-thumb\" src=\"https:\/\/somosorlando.com\/wp-content\/uploads\/2015\/09\/cancun-ocean-spa_18-127x90.jpg\" alt=\"\" \/>\n\t\t\t\t<\/div>\n\t\t\t\t<div  class=\"ms-slide\" data-delay=\"3\" data-fill-mode=\"fill\"  >\n\t\t\t\t\t<img src=\"https:\/\/somosorlando.com\/wp-content\/plugins\/masterslider2\/public\/assets\/css\/blank.gif\" alt=\"\" title=\"\" data-src=\"https:\/\/somosorlando.com\/wp-content\/uploads\/2015\/09\/cancun-ocean-spa_29.jpg\" \/>\n\n\n\t<img class=\"ms-thumb\" src=\"https:\/\/somosorlando.com\/wp-content\/uploads\/2015\/09\/cancun-ocean-spa_29-127x90.jpg\" alt=\"\" \/>\n\t\t\t\t<\/div>\n\t\t\t\t<div  class=\"ms-slide\" data-delay=\"3\" data-fill-mode=\"fill\"  >\n\t\t\t\t\t<img src=\"https:\/\/somosorlando.com\/wp-content\/plugins\/masterslider2\/public\/assets\/css\/blank.gif\" alt=\"\" title=\"\" data-src=\"https:\/\/somosorlando.com\/wp-content\/uploads\/2015\/09\/cancun-ocean-spa_26.jpg\" \/>\n\n\n\t<img class=\"ms-thumb\" src=\"https:\/\/somosorlando.com\/wp-content\/uploads\/2015\/09\/cancun-ocean-spa_26-127x90.jpg\" alt=\"\" \/>\n\t\t\t\t<\/div>\n\t\t\t\t<div  class=\"ms-slide\" data-delay=\"3\" data-fill-mode=\"fill\"  >\n\t\t\t\t\t<img src=\"https:\/\/somosorlando.com\/wp-content\/plugins\/masterslider2\/public\/assets\/css\/blank.gif\" alt=\"\" title=\"\" data-src=\"https:\/\/somosorlando.com\/wp-content\/uploads\/2015\/09\/cancun-ocean-spa_27.jpg\" \/>\n\n\n\t<img class=\"ms-thumb\" src=\"https:\/\/somosorlando.com\/wp-content\/uploads\/2015\/09\/cancun-ocean-spa_27-127x90.jpg\" alt=\"\" \/>\n\t\t\t\t<\/div>\n\t\t\t\t<div  class=\"ms-slide\" data-delay=\"3\" data-fill-mode=\"fill\"  >\n\t\t\t\t\t<img src=\"https:\/\/somosorlando.com\/wp-content\/plugins\/masterslider2\/public\/assets\/css\/blank.gif\" alt=\"\" title=\"\" data-src=\"https:\/\/somosorlando.com\/wp-content\/uploads\/2015\/09\/cancun-ocean-spa_30.jpg\" \/>\n\n\n\t<img class=\"ms-thumb\" src=\"https:\/\/somosorlando.com\/wp-content\/uploads\/2015\/09\/cancun-ocean-spa_30-127x90.jpg\" alt=\"\" \/>\n\t\t\t\t<\/div>\n\n\t\t\t<\/div>\n\t\t\t<!-- END MasterSlider Main -->\n\n\t\t\t \n\t\t<\/div>\n\t\t<!-- END MasterSlider --> \n\t\t\n\t\t<script>\n\t\t(function ( $ ) {\n\t\t\t\"use strict\";\n\n\t\t\t$(function () {\n\t\t\t\tvar masterslider_0ed0 = new MasterSlider();\n\n\t\t\t\t\/\/ slider controls\n\t\t\t\tmasterslider_0ed0.control('arrows'     ,{ autohide:true, overVideo:true  });                    \n\t\t\t\tmasterslider_0ed0.control('thumblist'  ,{ autohide:false, overVideo:true, dir:'h', speed:17, inset:false, align:'bottom',type:'thumbs', margin:5, width:127, height:90, space:5, fillMode:'fill'  });\n\t\t\t\tmasterslider_0ed0.control('scrollbar'  ,{ autohide:false, overVideo:true, dir:'h', inset:true, align:'top', color:'#3D3D3D' , margin:10  , width:4 });\n\t\t\t\t\/\/ slider setup\n\t\t\t\tmasterslider_0ed0.setup(\"MS69e48d66a0ed0\", {\n\t\t\t\t\t\twidth           : 1000,\n\t\t\t\t\t\theight          : 500,\n\t\t\t\t\t\tspace           : 0,\n\t\t\t\t\t\tstart           : 1,\n\t\t\t\t\t\tgrabCursor      : true,\n\t\t\t\t\t\tswipe           : true,\n\t\t\t\t\t\tmouse           : true,\n\t\t\t\t\t\tkeyboard        : false,\n\t\t\t\t\t\tlayout          : \"boxed\", \n\t\t\t\t\t\twheel           : false,\n\t\t\t\t\t\tautoplay        : true,\n\t\t\t\t\t\tinstantStartLayers:false,\n\t\t\t\t\t\tloop            : false,\n\t\t\t\t\t\tshuffle         : false,\n\t\t\t\t\t\tpreload         : 4,\n\t\t\t\t\t\theightLimit     : true,\n\t\t\t\t\t\tautoHeight      : false,\n\t\t\t\t\t\tsmoothHeight    : true,\n\t\t\t\t\t\tendPause        : false,\n\t\t\t\t\t\toverPause       : false,\n\t\t\t\t\t\tfillMode        : \"fill\", \n\t\t\t\t\t\tcenterControls  : false,\n\t\t\t\t\t\tstartOnAppear   : false,\n\t\t\t\t\t\tlayersMode      : \"center\", \n\t\t\t\t\t\thideLayers      : false, \n\t\t\t\t\t\tfullscreenMargin: 0,\n\t\t\t\t\t\tspeed           : 20, \n\t\t\t\t\t\tdir             : \"h\", \n\t\t\t\t\t\tparallaxMode    : 'swipe',\n\t\t\t\t\t\tview            : \"parallaxMask\"\n\t\t\t\t});\n\t\t\t\t\n\n\t\t\t\t\n\t\t\t\twindow.masterslider_instances = window.masterslider_instances || [];\n\t\t\t\twindow.masterslider_instances.push( masterslider_0ed0 );\n\t\t\t });\n\t\t\t\n\t\t})(jQuery);\n\t\t<\/script> \n\t\t\n<\/div><\/div><\/div><\/div><div class=\"wpb_column vc_column_container vc_col-sm-4\"><div class=\"vc_column-inner \"><div class=\"wpb_wrapper\">\n\t<div class=\"wpb_text_column wpb_content_element \" >\n\t\t<div class=\"wpb_wrapper\">\n\t\t\t<h2 style=\"text-align: center;\">Porque Ocean Spa Hotel?<\/h2>\n\n\t\t<\/div>\n\t<\/div>\n<div class=\"vc_row wpb_row vc_inner vc_row-fluid vc_custom_1424495938716\"><div class=\"wpb_column vc_column_container vc_col-sm-4\"><div class=\"vc_column-inner \"><div class=\"wpb_wrapper\"><div id=\"ts-vcsc-icon-title-parent-2703109\" class=\"ts-vcsc-icon-title-parent    ts-icon-title-background clearFixMe \" style=\"height: auto; margin-top:0px; margin-bottom:20px; \"><div class=\" ts-icon-title-background\" style=\"height: 100%; background-color: #ffffff;\"><div style=\"height: 100%; ; padding: 10px; font-size: 15px; text-align: center; color: #3d3d3d; font-weight:normal; \" class=\"ts-vcsc-icon-title ts-shortcode  ts-icon-title  simple-style\"><div style=\"width: 100%; display: block;\"><i style=\"color:#8c8c8c;padding: 0px; background-color:; width: 60px; height: 60px; font-size: 60px; line-height: 60px;  text-align: center; display: inline-block !important; margin-bottom: 10px;\" class=\"ts-font-icon ts-title-icon-top ts-icomoon-food   \"><\/i><\/div><div class=\"ts-icon-title-text \" style=\"width: auto !important; text-align: center;\">Todo Incluido<\/div><\/div><\/div><\/div><div class=\"clearboth\"><\/div><\/div><\/div><\/div><div class=\"wpb_column vc_column_container vc_col-sm-4\"><div class=\"vc_column-inner \"><div class=\"wpb_wrapper\"><div id=\"ts-vcsc-icon-title-parent-7832320\" class=\"ts-vcsc-icon-title-parent    ts-icon-title-background clearFixMe \" style=\"height: auto; margin-top:0px; margin-bottom:20px; \"><div class=\" ts-icon-title-background\" style=\"height: 100%; background-color: #ffffff;\"><div style=\"height: 100%; ; padding: 10px; font-size: 15px; text-align: center; color: #3d3d3d; font-weight:normal; \" class=\"ts-vcsc-icon-title ts-shortcode  ts-icon-title  simple-style\"><div style=\"width: 100%; display: block;\"><i style=\"color:#8c8c8c;padding: 0px; background-color:; width: 60px; height: 60px; font-size: 60px; line-height: 60px;  text-align: center; display: inline-block !important; margin-bottom: 10px;\" class=\"ts-font-icon ts-title-icon-top ts-icomoon-accessibility   \"><\/i><\/div><div class=\"ts-icon-title-text \" style=\"width: auto !important; text-align: center;\">Spa<\/div><\/div><\/div><\/div><div class=\"clearboth\"><\/div><\/div><\/div><\/div><div class=\"wpb_column vc_column_container vc_col-sm-4\"><div class=\"vc_column-inner \"><div class=\"wpb_wrapper\"><div id=\"ts-vcsc-icon-title-parent-8327612\" class=\"ts-vcsc-icon-title-parent    ts-icon-title-background clearFixMe \" style=\"height: auto; margin-top:0px; margin-bottom:20px; \"><div class=\" ts-icon-title-background\" style=\"height: 100%; background-color: #ffffff;\"><div style=\"height: 100%; ; padding: 10px; font-size: 15px; text-align: center; color: #3d3d3d; font-weight:normal; \" class=\"ts-vcsc-icon-title ts-shortcode  ts-icon-title  simple-style\"><div style=\"width: 100%; display: block;\"><i style=\"color:#8c8c8c;padding: 0px; background-color:; width: 60px; height: 60px; font-size: 60px; line-height: 60px;  text-align: center; display: inline-block !important; margin-bottom: 10px;\" class=\"ts-font-icon ts-title-icon-top ts-entypo-air   \"><\/i><\/div><div class=\"ts-icon-title-text \" style=\"width: auto !important; text-align: center;\">Playas<\/div><\/div><\/div><\/div><div class=\"clearboth\"><\/div><\/div><\/div><\/div><\/div><div class=\"vc_row wpb_row vc_inner vc_row-fluid\"><div class=\"wpb_column vc_column_container vc_col-sm-12\"><div class=\"vc_column-inner \"><div class=\"wpb_wrapper\">\n\t<div class=\"wpb_text_column wpb_content_element \" >\n\t\t<div class=\"wpb_wrapper\">\n\t\t\t<div id=\"page_content\">\n<p>Ocean Spa Hotel All Inclusive tiene r\u00e9gimen de todo incluido. Las tarifas de las habitaciones en este complejo tur\u00edstico incluyen las comidas y bebidas en los restaurantes y bares de las instalaciones. Otros servicios y comodidades, como los impuestos, las propinas, las actividades de ocio y esparcimiento, tambi\u00e9n pueden estar incluidas.<\/p>\n<\/div>\n\n\t\t<\/div>\n\t<\/div>\n<\/div><\/div><\/div><\/div><div class=\"vc_separator wpb_content_element vc_separator_align_center vc_sep_width_100 vc_sep_pos_align_center vc_separator_no_text vc_sep_color_grey\" ><span class=\"vc_sep_holder vc_sep_holder_l\"><span  class=\"vc_sep_line\"><\/span><\/span><span class=\"vc_sep_holder vc_sep_holder_r\"><span  class=\"vc_sep_line\"><\/span><\/span>\n<\/div><\/div><\/div><\/div><\/div><div class=\"vc_row wpb_row vc_row-fluid\"><div class=\"wpb_column vc_column_container vc_col-sm-8\"><div class=\"vc_column-inner \"><div class=\"wpb_wrapper\">\n\t<div class=\"wpb_text_column wpb_content_element \" >\n\t\t<div class=\"wpb_wrapper\">\n\t\t\t<h2>Caracter\u00edsticas del complejo tur\u00edstico<\/h2>\n<p>Disfruta del sol en la playa o rel\u00e1jate en el spa de Ocean Spa Hotel All Inclusive. Despu\u00e9s podr\u00e1s saciar el apetito en uno de los 5 restaurantes de este complejo tur\u00edstico.<\/p>\n\n\t\t<\/div>\n\t<\/div>\n\n\t<div class=\"wpb_text_column wpb_content_element \" >\n\t\t<div class=\"wpb_wrapper\">\n\t\t\t<h2>Ubicaci\u00f3n<\/h2>\n<p>En la playa, este complejo tur\u00edstico de Canc\u00fan se encuentra a cinco minutos a pie de Playa Linda y Museo de Arte Popular Mexicano. Playa Langosta y Playa Las Perlas tambi\u00e9n est\u00e1n a menos de 2 kil\u00f3metros.<\/p>\n\n\t\t<\/div>\n\t<\/div>\n\n\t<div class=\"wpb_text_column wpb_content_element \" >\n\t\t<div class=\"wpb_wrapper\">\n\t\t\t<h2>Servicios y comodidades de las habitaciones<\/h2>\n<p>Las 152 habitaciones incluyen balc\u00f3n, wifi y televisi\u00f3n por cable. Tendr\u00e1s tambi\u00e9n secador de pelo, caja fuerte (con capacidad para un port\u00e1til) y ducha a tu disposici\u00f3n.<\/p>\n\n\t\t<\/div>\n\t<\/div>\n<\/div><\/div><\/div><div class=\"wpb_column vc_column_container vc_col-sm-4\"><div class=\"vc_column-inner \"><div class=\"wpb_wrapper\">\n\t<div class=\"wpb_text_column wpb_content_element \" >\n\t\t<div class=\"wpb_wrapper\">\n\t\t\t<h3>Amenidades del hotel<\/h3>\n<ul>\n<li>Servicio de recepci\u00f3n 24 horas<\/li>\n<li>Cajero autom\u00e1tico\/banco<\/li>\n<li>Servicio de canguro o guarder\u00eda (de pago)<\/li>\n<li>Bar o sal\u00f3n\/lounge<\/li>\n<li>Tumbonas de playa<\/li>\n<li>Toallas de playa<\/li>\n<li>Sombrillas de playa<\/li>\n<li>Sombrillas de piscina<\/li>\n<li>Piscina infantil<\/li>\n<li>T\u00e9 o caf\u00e9 en el vest\u00edbulo<\/li>\n<li>Servicios de conserjer\u00eda<\/li>\n<li>Servicio de tintorer\u00eda<\/li>\n<li>Servicio de celebraci\u00f3n de bodas<\/li>\n<\/ul>\n\n\t\t<\/div>\n\t<\/div>\n<\/div><\/div><\/div><\/div>\n","protected":false},"excerpt":{"rendered":"Ocean Spa HotelCancun, Mexico (function ( $ ) { \"use strict\"; $(function () { var masterslider_7972 = new MasterSlider(); \/\/ slider controls masterslider_7972.control('arrows' ,{ autohide:true, overVideo:true }); masterslider_7972.control('thumblist' ,{ autohide:false, overVideo:true, dir:'h', speed:17, inset:false, align:'bottom',type:'thumbs', margin:5, width:127, height:90, space:5, fillMode:'fill' }); masterslider_7972.control('scrollbar' ,{ autohide:false, overVideo:true, dir:'h', inset:true, align:'top', color:'#3D3D3D' , margin:10 , width:4 }); \/\/ slider setup masterslider_7972.setup(\"MS69e48d66b7972\", { width : 1000, height : 500, space : 0, start : 1, grabCursor : true, swipe : true, mouse : true, keyboard : false, layout : \"boxed\", wheel : false, autoplay : true, instantStartLayers:false, loop : false, shuffle : false, preload [...]","protected":false},"author":1,"featured_media":0,"parent":9546,"menu_order":2,"comment_status":"open","ping_status":"closed","template":"template-full-width-tb.php","meta":[],"_links":{"self":[{"href":"https:\/\/somosorlando.com\/es\/wp-json\/wp\/v2\/pages\/15061"}],"collection":[{"href":"https:\/\/somosorlando.com\/es\/wp-json\/wp\/v2\/pages"}],"about":[{"href":"https:\/\/somosorlando.com\/es\/wp-json\/wp\/v2\/types\/page"}],"author":[{"embeddable":true,"href":"https:\/\/somosorlando.com\/es\/wp-json\/wp\/v2\/users\/1"}],"replies":[{"embeddable":true,"href":"https:\/\/somosorlando.com\/es\/wp-json\/wp\/v2\/comments?post=15061"}],"version-history":[{"count":12,"href":"https:\/\/somosorlando.com\/es\/wp-json\/wp\/v2\/pages\/15061\/revisions"}],"predecessor-version":[{"id":20904,"href":"https:\/\/somosorlando.com\/es\/wp-json\/wp\/v2\/pages\/15061\/revisions\/20904"}],"up":[{"embeddable":true,"href":"https:\/\/somosorlando.com\/es\/wp-json\/wp\/v2\/pages\/9546"}],"wp:attachment":[{"href":"https:\/\/somosorlando.com\/es\/wp-json\/wp\/v2\/media?parent=15061"}],"curies":[{"name":"wp","href":"https:\/\/api.w.org\/{rel}","templated":true}]}}