{"id":15317,"date":"2015-10-16T15:47:26","date_gmt":"2015-10-16T19:47:26","guid":{"rendered":"http:\/\/www.goorlandovacations.com\/getaways\/las-vegas-stratosphere\/"},"modified":"2018-12-19T12:37:19","modified_gmt":"2018-12-19T17:37:19","slug":"las-vegas-stratosphere","status":"publish","type":"page","link":"https:\/\/somosorlando.com\/es\/getaways\/las-vegas-stratosphere\/","title":{"rendered":"Stratosphere Las Vegas"},"content":{"rendered":"<div class=\"vc_row wpb_row vc_row-fluid\"><div class=\"wpb_column vc_column_container vc_col-sm-12\"><div class=\"vc_column-inner \"><div class=\"wpb_wrapper\"><div id=\"ultimate-heading-603369d8dd107c40c\" class=\"uvc-heading ult-adjust-bottom-margin ultimate-heading-603369d8dd107c40c uvc-8646 \" data-hspacer=\"no_spacer\"  data-halign=\"left\" style=\"text-align:left\"><div class=\"uvc-heading-spacer no_spacer\" style=\"top\"><\/div><div class=\"uvc-main-heading ult-responsive\"  data-ultimate-target='.uvc-heading.ultimate-heading-603369d8dd107c40c h2'  data-responsive-json-new='{\"font-size\":\"\",\"line-height\":\"\"}' ><h2 style=\"font-weight:normal;\">Stratosphere<\/h2><\/div><div class=\"uvc-sub-heading ult-responsive\"  data-ultimate-target='.uvc-heading.ultimate-heading-603369d8dd107c40c .uvc-sub-heading '  data-responsive-json-new='{\"font-size\":\"\",\"line-height\":\"\"}'  style=\"font-weight:normal;margin-bottom:40px;\">Las Vegas, Nevada<\/div><\/div><\/div><\/div><\/div><div class=\"wpb_column vc_column_container vc_col-sm-8\"><div class=\"vc_column-inner \"><div class=\"wpb_wrapper\"><div class=\"avt_masterslider_el \" >\n\t\t<!-- MasterSlider -->\n\t\t<div id=\"P_MS69d8dd107f5dd\" class=\"master-slider-parent ms-thumbs-template ms-parent-id-53\" style=\"max-width:1000px;\"  >\n\t\t\t\t\n\t\t\t\n\t\t\t<!-- MasterSlider Main -->\n\t\t\t<div id=\"MS69d8dd107f5dd\" class=\"master-slider ms-skin-light-3\" >\n\t\t\t\t \t\t\t\t \n\t\t\t\t<div  class=\"ms-slide\" data-delay=\"3\" data-fill-mode=\"fill\"  >\n\t\t\t\t\t<img src=\"https:\/\/somosorlando.com\/wp-content\/plugins\/masterslider2\/public\/assets\/css\/blank.gif\" alt=\"\" title=\"\" data-src=\"https:\/\/somosorlando.com\/wp-content\/uploads\/2015\/10\/stratosphere-casino-4.jpg\" \/>\n\n\n\t<img class=\"ms-thumb\" src=\"https:\/\/somosorlando.com\/wp-content\/uploads\/2015\/10\/stratosphere-casino-4-127x90.jpg\" alt=\"\" \/>\n\t\t\t\t<\/div>\n\t\t\t\t<div  class=\"ms-slide\" data-delay=\"3\" data-fill-mode=\"fill\"  >\n\t\t\t\t\t<img src=\"https:\/\/somosorlando.com\/wp-content\/plugins\/masterslider2\/public\/assets\/css\/blank.gif\" alt=\"\" title=\"\" data-src=\"https:\/\/somosorlando.com\/wp-content\/uploads\/2015\/10\/stratosphere-casino-slot-2.jpg\" \/>\n\n\n\t<img class=\"ms-thumb\" src=\"https:\/\/somosorlando.com\/wp-content\/uploads\/2015\/10\/stratosphere-casino-slot-2-127x90.jpg\" alt=\"\" \/>\n\t\t\t\t<\/div>\n\t\t\t\t<div  class=\"ms-slide\" data-delay=\"3\" data-fill-mode=\"fill\"  >\n\t\t\t\t\t<img src=\"https:\/\/somosorlando.com\/wp-content\/plugins\/masterslider2\/public\/assets\/css\/blank.gif\" alt=\"\" title=\"\" data-src=\"https:\/\/somosorlando.com\/wp-content\/uploads\/2015\/10\/stratosphere-casino-slot-3.jpg\" \/>\n\n\n\t<img class=\"ms-thumb\" src=\"https:\/\/somosorlando.com\/wp-content\/uploads\/2015\/10\/stratosphere-casino-slot-3-127x90.jpg\" alt=\"\" \/>\n\t\t\t\t<\/div>\n\t\t\t\t<div  class=\"ms-slide\" data-delay=\"3\" data-fill-mode=\"fill\"  >\n\t\t\t\t\t<img src=\"https:\/\/somosorlando.com\/wp-content\/plugins\/masterslider2\/public\/assets\/css\/blank.gif\" alt=\"\" title=\"\" data-src=\"https:\/\/somosorlando.com\/wp-content\/uploads\/2015\/10\/stratosphere-casino-slot.jpg\" \/>\n\n\n\t<img class=\"ms-thumb\" src=\"https:\/\/somosorlando.com\/wp-content\/uploads\/2015\/10\/stratosphere-casino-slot-127x90.jpg\" alt=\"\" \/>\n\t\t\t\t<\/div>\n\t\t\t\t<div  class=\"ms-slide\" data-delay=\"3\" data-fill-mode=\"fill\"  >\n\t\t\t\t\t<img src=\"https:\/\/somosorlando.com\/wp-content\/plugins\/masterslider2\/public\/assets\/css\/blank.gif\" alt=\"\" title=\"\" data-src=\"https:\/\/somosorlando.com\/wp-content\/uploads\/2015\/10\/stratosphere-casino-table-games.jpg\" \/>\n\n\n\t<img class=\"ms-thumb\" src=\"https:\/\/somosorlando.com\/wp-content\/uploads\/2015\/10\/stratosphere-casino-table-games-127x90.jpg\" alt=\"\" \/>\n\t\t\t\t<\/div>\n\t\t\t\t<div  class=\"ms-slide\" data-delay=\"3\" data-fill-mode=\"fill\"  >\n\t\t\t\t\t<img src=\"https:\/\/somosorlando.com\/wp-content\/plugins\/masterslider2\/public\/assets\/css\/blank.gif\" alt=\"\" title=\"\" data-src=\"https:\/\/somosorlando.com\/wp-content\/uploads\/2015\/10\/stratosphere-corridor.jpg\" \/>\n\n\n\t<img class=\"ms-thumb\" src=\"https:\/\/somosorlando.com\/wp-content\/uploads\/2015\/10\/stratosphere-corridor-127x90.jpg\" alt=\"\" \/>\n\t\t\t\t<\/div>\n\t\t\t\t<div  class=\"ms-slide\" data-delay=\"3\" data-fill-mode=\"fill\"  >\n\t\t\t\t\t<img src=\"https:\/\/somosorlando.com\/wp-content\/plugins\/masterslider2\/public\/assets\/css\/blank.gif\" alt=\"\" title=\"\" data-src=\"https:\/\/somosorlando.com\/wp-content\/uploads\/2015\/10\/stratosphere-front-desk1.jpg\" \/>\n\n\n\t<img class=\"ms-thumb\" src=\"https:\/\/somosorlando.com\/wp-content\/uploads\/2015\/10\/stratosphere-front-desk1-127x90.jpg\" alt=\"\" \/>\n\t\t\t\t<\/div>\n\t\t\t\t<div  class=\"ms-slide\" data-delay=\"3\" data-fill-mode=\"fill\"  >\n\t\t\t\t\t<img src=\"https:\/\/somosorlando.com\/wp-content\/plugins\/masterslider2\/public\/assets\/css\/blank.gif\" alt=\"\" title=\"\" data-src=\"https:\/\/somosorlando.com\/wp-content\/uploads\/2015\/10\/stratosphere-hotel-casino-1.jpg\" \/>\n\n\n\t<img class=\"ms-thumb\" src=\"https:\/\/somosorlando.com\/wp-content\/uploads\/2015\/10\/stratosphere-hotel-casino-1-127x90.jpg\" alt=\"\" \/>\n\t\t\t\t<\/div>\n\t\t\t\t<div  class=\"ms-slide\" data-delay=\"3\" data-fill-mode=\"fill\"  >\n\t\t\t\t\t<img src=\"https:\/\/somosorlando.com\/wp-content\/plugins\/masterslider2\/public\/assets\/css\/blank.gif\" alt=\"\" title=\"\" data-src=\"https:\/\/somosorlando.com\/wp-content\/uploads\/2015\/10\/stratosphere-hotel-casino-2.jpg\" \/>\n\n\n\t<img class=\"ms-thumb\" src=\"https:\/\/somosorlando.com\/wp-content\/uploads\/2015\/10\/stratosphere-hotel-casino-2-127x90.jpg\" alt=\"\" \/>\n\t\t\t\t<\/div>\n\t\t\t\t<div  class=\"ms-slide\" data-delay=\"3\" data-fill-mode=\"fill\"  >\n\t\t\t\t\t<img src=\"https:\/\/somosorlando.com\/wp-content\/plugins\/masterslider2\/public\/assets\/css\/blank.gif\" alt=\"\" title=\"\" data-src=\"https:\/\/somosorlando.com\/wp-content\/uploads\/2015\/10\/stratosphere-hotel-casino-3.jpg\" \/>\n\n\n\t<img class=\"ms-thumb\" src=\"https:\/\/somosorlando.com\/wp-content\/uploads\/2015\/10\/stratosphere-hotel-casino-3-127x90.jpg\" alt=\"\" \/>\n\t\t\t\t<\/div>\n\t\t\t\t<div  class=\"ms-slide\" data-delay=\"3\" data-fill-mode=\"fill\"  >\n\t\t\t\t\t<img src=\"https:\/\/somosorlando.com\/wp-content\/plugins\/masterslider2\/public\/assets\/css\/blank.gif\" alt=\"\" title=\"\" data-src=\"https:\/\/somosorlando.com\/wp-content\/uploads\/2015\/10\/stratosphere-hotel-casino.jpg\" \/>\n\n\n\t<img class=\"ms-thumb\" src=\"https:\/\/somosorlando.com\/wp-content\/uploads\/2015\/10\/stratosphere-hotel-casino-127x90.jpg\" alt=\"\" \/>\n\t\t\t\t<\/div>\n\t\t\t\t<div  class=\"ms-slide\" data-delay=\"3\" data-fill-mode=\"fill\"  >\n\t\t\t\t\t<img src=\"https:\/\/somosorlando.com\/wp-content\/plugins\/masterslider2\/public\/assets\/css\/blank.gif\" alt=\"\" title=\"\" data-src=\"https:\/\/somosorlando.com\/wp-content\/uploads\/2015\/10\/stratosphere-room.jpg\" \/>\n\n\n\t<img class=\"ms-thumb\" src=\"https:\/\/somosorlando.com\/wp-content\/uploads\/2015\/10\/stratosphere-room-127x90.jpg\" alt=\"\" \/>\n\t\t\t\t<\/div>\n\t\t\t\t<div  class=\"ms-slide\" data-delay=\"3\" data-fill-mode=\"fill\"  >\n\t\t\t\t\t<img src=\"https:\/\/somosorlando.com\/wp-content\/plugins\/masterslider2\/public\/assets\/css\/blank.gif\" alt=\"\" title=\"\" data-src=\"https:\/\/somosorlando.com\/wp-content\/uploads\/2015\/10\/Stratosphere-Select-Hotel-Rooms_top_image_gallery.jpg\" \/>\n\n\n\t<img class=\"ms-thumb\" src=\"https:\/\/somosorlando.com\/wp-content\/uploads\/2015\/10\/Stratosphere-Select-Hotel-Rooms_top_image_gallery-127x90.jpg\" alt=\"\" \/>\n\t\t\t\t<\/div>\n\t\t\t\t<div  class=\"ms-slide\" data-delay=\"3\" data-fill-mode=\"fill\"  >\n\t\t\t\t\t<img src=\"https:\/\/somosorlando.com\/wp-content\/plugins\/masterslider2\/public\/assets\/css\/blank.gif\" alt=\"\" title=\"\" data-src=\"https:\/\/somosorlando.com\/wp-content\/uploads\/2015\/10\/stratosphere-suite.jpg\" \/>\n\n\n\t<img class=\"ms-thumb\" src=\"https:\/\/somosorlando.com\/wp-content\/uploads\/2015\/10\/stratosphere-suite-127x90.jpg\" alt=\"\" \/>\n\t\t\t\t<\/div>\n\n\t\t\t<\/div>\n\t\t\t<!-- END MasterSlider Main -->\n\n\t\t\t \n\t\t<\/div>\n\t\t<!-- END MasterSlider --> \n\t\t\n\t\t<script>\n\t\t(function ( $ ) {\n\t\t\t\"use strict\";\n\n\t\t\t$(function () {\n\t\t\t\tvar masterslider_f5dd = new MasterSlider();\n\n\t\t\t\t\/\/ slider controls\n\t\t\t\tmasterslider_f5dd.control('arrows'     ,{ autohide:true, overVideo:true  });                    \n\t\t\t\tmasterslider_f5dd.control('thumblist'  ,{ autohide:false, overVideo:true, dir:'h', speed:17, inset:false, align:'bottom',type:'thumbs', margin:5, width:127, height:90, space:5, fillMode:'fill'  });\n\t\t\t\tmasterslider_f5dd.control('scrollbar'  ,{ autohide:false, overVideo:true, dir:'h', inset:true, align:'top', color:'#3D3D3D' , margin:10  , width:4 });\n\t\t\t\t\/\/ slider setup\n\t\t\t\tmasterslider_f5dd.setup(\"MS69d8dd107f5dd\", {\n\t\t\t\t\t\twidth           : 1000,\n\t\t\t\t\t\theight          : 500,\n\t\t\t\t\t\tspace           : 0,\n\t\t\t\t\t\tstart           : 1,\n\t\t\t\t\t\tgrabCursor      : true,\n\t\t\t\t\t\tswipe           : true,\n\t\t\t\t\t\tmouse           : true,\n\t\t\t\t\t\tkeyboard        : false,\n\t\t\t\t\t\tlayout          : \"boxed\", \n\t\t\t\t\t\twheel           : false,\n\t\t\t\t\t\tautoplay        : true,\n\t\t\t\t\t\tinstantStartLayers:false,\n\t\t\t\t\t\tloop            : false,\n\t\t\t\t\t\tshuffle         : false,\n\t\t\t\t\t\tpreload         : 4,\n\t\t\t\t\t\theightLimit     : true,\n\t\t\t\t\t\tautoHeight      : false,\n\t\t\t\t\t\tsmoothHeight    : true,\n\t\t\t\t\t\tendPause        : false,\n\t\t\t\t\t\toverPause       : false,\n\t\t\t\t\t\tfillMode        : \"fill\", \n\t\t\t\t\t\tcenterControls  : false,\n\t\t\t\t\t\tstartOnAppear   : false,\n\t\t\t\t\t\tlayersMode      : \"center\", \n\t\t\t\t\t\thideLayers      : false, \n\t\t\t\t\t\tfullscreenMargin: 0,\n\t\t\t\t\t\tspeed           : 20, \n\t\t\t\t\t\tdir             : \"h\", \n\t\t\t\t\t\tparallaxMode    : 'swipe',\n\t\t\t\t\t\tview            : \"parallaxMask\"\n\t\t\t\t});\n\t\t\t\t\n\n\t\t\t\t\n\t\t\t\twindow.masterslider_instances = window.masterslider_instances || [];\n\t\t\t\twindow.masterslider_instances.push( masterslider_f5dd );\n\t\t\t });\n\t\t\t\n\t\t})(jQuery);\n\t\t<\/script> \n\t\t\n<\/div><\/div><\/div><\/div><div class=\"wpb_column vc_column_container vc_col-sm-4\"><div class=\"vc_column-inner \"><div class=\"wpb_wrapper\">\n\t<div class=\"wpb_text_column wpb_content_element \" >\n\t\t<div class=\"wpb_wrapper\">\n\t\t\t<h2 style=\"text-align: center;\">\u00bfPor qu\u00e9 Stratosphere?<\/h2>\n\n\t\t<\/div>\n\t<\/div>\n<div class=\"vc_row wpb_row vc_inner vc_row-fluid vc_custom_1424495938716\"><div class=\"wpb_column vc_column_container vc_col-sm-4\"><div class=\"vc_column-inner \"><div class=\"wpb_wrapper\"><div id=\"ultimate-heading-136969d8dd1083a28\" class=\"uvc-heading ult-adjust-bottom-margin ultimate-heading-136969d8dd1083a28 uvc-7681 \" data-hspacer=\"icon_only\"  data-halign=\"center\" style=\"text-align:center\"><div class=\"uvc-heading-spacer icon_only\" style=\"top\"><div class=\"ult-just-icon-wrapper  \"><div class=\"align-icon\" style=\"text-align:center;\">\n<div class=\"aio-icon-img \" style=\"font-size:48px;display:inline-block;\" >\n\t<img class=\"img-icon\" alt=\"\" src=\"https:\/\/somosorlando.com\/wp-content\/uploads\/2016\/02\/icon-header-03.png\"\/>\n<\/div><\/div><\/div><\/div><div class=\"uvc-main-heading ult-responsive\"  data-ultimate-target='.uvc-heading.ultimate-heading-136969d8dd1083a28 h5'  data-responsive-json-new='{\"font-size\":\"\",\"line-height\":\"\"}' ><h5 style=\"font-weight:normal;margin-top:10px;margin-bottom:10px;\">Actividades<\/h5><\/div><\/div><\/div><\/div><\/div><div class=\"wpb_column vc_column_container vc_col-sm-4\"><div class=\"vc_column-inner \"><div class=\"wpb_wrapper\"><div id=\"ultimate-heading-694969d8dd10843d5\" class=\"uvc-heading ult-adjust-bottom-margin ultimate-heading-694969d8dd10843d5 uvc-8085 \" data-hspacer=\"icon_only\"  data-halign=\"center\" style=\"text-align:center\"><div class=\"uvc-heading-spacer icon_only\" style=\"top\"><div class=\"ult-just-icon-wrapper  \"><div class=\"align-icon\" style=\"text-align:center;\">\n<div class=\"aio-icon-img \" style=\"font-size:48px;display:inline-block;\" >\n\t<img class=\"img-icon\" alt=\"\" src=\"https:\/\/somosorlando.com\/wp-content\/uploads\/2015\/02\/sep-element-02-1-01.png\"\/>\n<\/div><\/div><\/div><\/div><div class=\"uvc-main-heading ult-responsive\"  data-ultimate-target='.uvc-heading.ultimate-heading-694969d8dd10843d5 h5'  data-responsive-json-new='{\"font-size\":\"\",\"line-height\":\"\"}' ><h5 style=\"font-weight:normal;\">Ejercicio<\/h5><\/div><\/div><\/div><\/div><\/div><div class=\"wpb_column vc_column_container vc_col-sm-4\"><div class=\"vc_column-inner \"><div class=\"wpb_wrapper\"><div id=\"ultimate-heading-133569d8dd1084e72\" class=\"uvc-heading ult-adjust-bottom-margin ultimate-heading-133569d8dd1084e72 uvc-2746 \" data-hspacer=\"icon_only\"  data-halign=\"center\" style=\"text-align:center\"><div class=\"uvc-heading-spacer icon_only\" style=\"top\"><div class=\"ult-just-icon-wrapper  \"><div class=\"align-icon\" style=\"text-align:center;\">\n<div class=\"aio-icon-img \" style=\"font-size:48px;display:inline-block;\" >\n\t<img class=\"img-icon\" alt=\"\" src=\"https:\/\/somosorlando.com\/wp-content\/uploads\/2015\/02\/info-box-20-2.png\"\/>\n<\/div><\/div><\/div><\/div><div class=\"uvc-main-heading ult-responsive\"  data-ultimate-target='.uvc-heading.ultimate-heading-133569d8dd1084e72 h5'  data-responsive-json-new='{\"font-size\":\"\",\"line-height\":\"\"}' ><h5 style=\"font-weight:normal;margin-top:10px;margin-bottom:10px;\">6 Restaurantes<\/h5><\/div><\/div><\/div><\/div><\/div><\/div><div class=\"vc_row wpb_row vc_inner vc_row-fluid\"><div class=\"wpb_column vc_column_container vc_col-sm-12\"><div class=\"vc_column-inner \"><div class=\"wpb_wrapper\">\n\t<div class=\"wpb_text_column wpb_content_element \" >\n\t\t<div class=\"wpb_wrapper\">\n\t\t\t<div id=\"page_content\">El Stratosphere Casino, Hotel &amp; Tower ofrece algunos de los mejores servicios de la Franja de Las Vegas. Muchos vienen por la vista espectaculares de las montanas. Habitaciones disponibles para fumadores y no fumadores.<\/div>\n\n\t\t<\/div>\n\t<\/div>\n<\/div><\/div><\/div><\/div><div class=\"vc_separator wpb_content_element vc_separator_align_center vc_sep_width_100 vc_sep_pos_align_center vc_separator_no_text vc_sep_color_grey\" ><span class=\"vc_sep_holder vc_sep_holder_l\"><span  class=\"vc_sep_line\"><\/span><\/span><span class=\"vc_sep_holder vc_sep_holder_r\"><span  class=\"vc_sep_line\"><\/span><\/span>\n<\/div><\/div><\/div><\/div><\/div><div class=\"vc_row wpb_row vc_row-fluid\"><div class=\"wpb_column vc_column_container vc_col-sm-8\"><div class=\"vc_column-inner \"><div class=\"wpb_wrapper\">\n\t<div class=\"wpb_text_column wpb_content_element \" >\n\t\t<div class=\"wpb_wrapper\">\n\t\t\t<h2>Caracter\u00edsticas del Complejo Tur\u00edstico<\/h2>\n<p>Este complejo ofrece 6 restaurantes, un spa y un casino. El aparcamiento con asistencia es gratis. Encontrar\u00e1s tambi\u00e9n una piscina al aire libre, una discoteca y un gimnasio.<\/p>\n\n\t\t<\/div>\n\t<\/div>\n\n\t<div class=\"wpb_text_column wpb_content_element \" >\n\t\t<div class=\"wpb_wrapper\">\n\t\t\t<h2>Ubicaci\u00f3n del Hotel<\/h2>\n<p>Este complejo de Las Vegas para familias se encuentra en el \u00e1rea principal, a menos de 2 kil\u00f3metros de Peque\u00f1a capilla blanca para bodas y Centro de convenciones Las Vegas. Centro comercial outlet Las Vegas Premium Outlets y Centro comercial Fashion Show tambi\u00e9n est\u00e1n a menos de 3 kil\u00f3metros.<\/p>\n\n\t\t<\/div>\n\t<\/div>\n\n\t<div class=\"wpb_text_column wpb_content_element \" >\n\t\t<div class=\"wpb_wrapper\">\n\t\t\t<h2>Servicios y Comodidades de las Habitaciones<\/h2>\n<p>Las 2427 habitaciones ofrecen wifi gratis, servicio de habitaciones las 24 horas y televisor de plasma con canales por cable. Tambi\u00e9n encontrar\u00e1s ropa de cama de alta calidad, masajes en la habitaci\u00f3n y secador de pelo.<\/p>\n\n\t\t<\/div>\n\t<\/div>\n<\/div><\/div><\/div><div class=\"wpb_column vc_column_container vc_col-sm-4\"><div class=\"vc_column-inner \"><div class=\"wpb_wrapper\">\n\t<div class=\"wpb_text_column wpb_content_element \" >\n\t\t<div class=\"wpb_wrapper\">\n\t\t\t<h3>Amenidades<\/h3>\n<ul>\n<li>Servicio de recepci\u00f3n 24 horas<\/li>\n<li>Sala de juegos electr\u00f3nicos\/de mesa<\/li>\n<li>Cajero autom\u00e1tico\/banco<\/li>\n<li>Bar o sal\u00f3n\/lounge<\/li>\n<li>Desayuno disponible (de pago)<\/li>\n<li>Casino<\/li>\n<li>Cafeter\u00eda<\/li>\n<li>Sala de ordenadores<\/li>\n<li>Espacio para conferencias<\/li>\n<li>Servicio de tintorer\u00eda<\/li>\n<li>Ascensor<\/li>\n<li>Check-out r\u00e1pido<\/li>\n<li>Aparcamiento gratuito por aparcacoches<\/li>\n<li>Spa completo<\/li>\n<li>Tienda de recuerdos o quiosco<\/li>\n<li>Peluquer\u00eda<\/li>\n<li>Servicio de limusina<\/li>\n<li>Personal multiling\u00fce<\/li>\n<li>Discoteca<\/li>\n<li>Aparcamiento sin asistencia gratuito<\/li>\n<\/ul>\n\n\t\t<\/div>\n\t<\/div>\n<\/div><\/div><\/div><\/div>\n","protected":false},"excerpt":{"rendered":"StratosphereLas Vegas, Nevada (function ( $ ) { \"use strict\"; $(function () { var masterslider_fa0c = new MasterSlider(); \/\/ slider controls masterslider_fa0c.control('arrows' ,{ autohide:true, overVideo:true }); masterslider_fa0c.control('thumblist' ,{ autohide:false, overVideo:true, dir:'h', speed:17, inset:false, align:'bottom',type:'thumbs', margin:5, width:127, height:90, space:5, fillMode:'fill' }); masterslider_fa0c.control('scrollbar' ,{ autohide:false, overVideo:true, dir:'h', inset:true, align:'top', color:'#3D3D3D' , margin:10 , width:4 }); \/\/ slider setup masterslider_fa0c.setup(\"MS69d8dd108fa0c\", { width : 1000, height : 500, space : 0, start : 1, grabCursor : true, swipe : true, mouse : true, keyboard : false, layout : \"boxed\", wheel : false, autoplay : true, instantStartLayers:false, loop : false, shuffle : false, preload : [...]","protected":false},"author":1,"featured_media":0,"parent":9546,"menu_order":1,"comment_status":"open","ping_status":"closed","template":"template-full-width-tb.php","meta":[],"_links":{"self":[{"href":"https:\/\/somosorlando.com\/es\/wp-json\/wp\/v2\/pages\/15317"}],"collection":[{"href":"https:\/\/somosorlando.com\/es\/wp-json\/wp\/v2\/pages"}],"about":[{"href":"https:\/\/somosorlando.com\/es\/wp-json\/wp\/v2\/types\/page"}],"author":[{"embeddable":true,"href":"https:\/\/somosorlando.com\/es\/wp-json\/wp\/v2\/users\/1"}],"replies":[{"embeddable":true,"href":"https:\/\/somosorlando.com\/es\/wp-json\/wp\/v2\/comments?post=15317"}],"version-history":[{"count":8,"href":"https:\/\/somosorlando.com\/es\/wp-json\/wp\/v2\/pages\/15317\/revisions"}],"predecessor-version":[{"id":20889,"href":"https:\/\/somosorlando.com\/es\/wp-json\/wp\/v2\/pages\/15317\/revisions\/20889"}],"up":[{"embeddable":true,"href":"https:\/\/somosorlando.com\/es\/wp-json\/wp\/v2\/pages\/9546"}],"wp:attachment":[{"href":"https:\/\/somosorlando.com\/es\/wp-json\/wp\/v2\/media?parent=15317"}],"curies":[{"name":"wp","href":"https:\/\/api.w.org\/{rel}","templated":true}]}}