{"id":15347,"date":"2015-10-27T18:19:20","date_gmt":"2015-10-27T22:19:20","guid":{"rendered":"http:\/\/www.goorlandovacations.com\/?page_id=15347"},"modified":"2018-11-05T23:26:30","modified_gmt":"2018-11-06T04:26:30","slug":"lake-tahoe-forest-suites-resort","status":"publish","type":"page","link":"https:\/\/somosorlando.com\/es\/getaways\/lake-tahoe-forest-suites-resort\/","title":{"rendered":"Forest Suites Resort Lake Tahoe"},"content":{"rendered":"<div class=\"vc_row wpb_row vc_row-fluid\"><div class=\"wpb_column vc_column_container vc_col-sm-12\"><div class=\"vc_column-inner \"><div class=\"wpb_wrapper\"><div id=\"ultimate-heading-248369dd196fe0cde\" class=\"uvc-heading ult-adjust-bottom-margin ultimate-heading-248369dd196fe0cde uvc-8448 \" data-hspacer=\"no_spacer\"  data-halign=\"left\" style=\"text-align:left\"><div class=\"uvc-heading-spacer no_spacer\" style=\"top\"><\/div><div class=\"uvc-main-heading ult-responsive\"  data-ultimate-target='.uvc-heading.ultimate-heading-248369dd196fe0cde h2'  data-responsive-json-new='{\"font-size\":\"\",\"line-height\":\"\"}' ><h2 style=\"font-weight:normal;\">Forest Suites Resort<\/h2><\/div><div class=\"uvc-sub-heading ult-responsive\"  data-ultimate-target='.uvc-heading.ultimate-heading-248369dd196fe0cde .uvc-sub-heading '  data-responsive-json-new='{\"font-size\":\"\",\"line-height\":\"\"}'  style=\"font-weight:normal;margin-bottom:40px;\">Lake Tahoe, California<\/div><\/div><\/div><\/div><\/div><div class=\"wpb_column vc_column_container vc_col-sm-8\"><div class=\"vc_column-inner \"><div class=\"wpb_wrapper\"><div class=\"avt_masterslider_el \" >\n\t\t<!-- MasterSlider -->\n\t\t<div id=\"P_MS69dd196fe476b\" class=\"master-slider-parent ms-thumbs-template ms-parent-id-61\" style=\"max-width:1000px;\"  >\n\t\t\t\t\n\t\t\t\n\t\t\t<!-- MasterSlider Main -->\n\t\t\t<div id=\"MS69dd196fe476b\" class=\"master-slider ms-skin-light-3\" >\n\t\t\t\t \t\t\t\t \n\t\t\t\t<div  class=\"ms-slide\" data-delay=\"3\" data-fill-mode=\"fill\"  >\n\t\t\t\t\t<img src=\"https:\/\/somosorlando.com\/wp-content\/plugins\/masterslider2\/public\/assets\/css\/blank.gif\" alt=\"\" title=\"\" data-src=\"https:\/\/somosorlando.com\/wp-content\/uploads\/2015\/10\/Forest-Suites-Resort-activity-2.jpg\" \/>\n\n\n\t<img class=\"ms-thumb\" src=\"https:\/\/somosorlando.com\/wp-content\/uploads\/2015\/10\/Forest-Suites-Resort-activity-2-127x90.jpg\" alt=\"\" \/>\n\t\t\t\t<\/div>\n\t\t\t\t<div  class=\"ms-slide\" data-delay=\"3\" data-fill-mode=\"fill\"  >\n\t\t\t\t\t<img src=\"https:\/\/somosorlando.com\/wp-content\/plugins\/masterslider2\/public\/assets\/css\/blank.gif\" alt=\"\" title=\"\" data-src=\"https:\/\/somosorlando.com\/wp-content\/uploads\/2015\/10\/Forest-Suites-Resort-activity-3.jpg\" \/>\n\n\n\t<img class=\"ms-thumb\" src=\"https:\/\/somosorlando.com\/wp-content\/uploads\/2015\/10\/Forest-Suites-Resort-activity-3-127x90.jpg\" alt=\"\" \/>\n\t\t\t\t<\/div>\n\t\t\t\t<div  class=\"ms-slide\" data-delay=\"3\" data-fill-mode=\"fill\"  >\n\t\t\t\t\t<img src=\"https:\/\/somosorlando.com\/wp-content\/plugins\/masterslider2\/public\/assets\/css\/blank.gif\" alt=\"\" title=\"\" data-src=\"https:\/\/somosorlando.com\/wp-content\/uploads\/2015\/10\/Forest-Suites-Resort-activity.jpg\" \/>\n\n\n\t<img class=\"ms-thumb\" src=\"https:\/\/somosorlando.com\/wp-content\/uploads\/2015\/10\/Forest-Suites-Resort-activity-127x90.jpg\" alt=\"\" \/>\n\t\t\t\t<\/div>\n\t\t\t\t<div  class=\"ms-slide\" data-delay=\"3\" data-fill-mode=\"fill\"  >\n\t\t\t\t\t<img src=\"https:\/\/somosorlando.com\/wp-content\/plugins\/masterslider2\/public\/assets\/css\/blank.gif\" alt=\"\" title=\"\" data-src=\"https:\/\/somosorlando.com\/wp-content\/uploads\/2015\/10\/Forest-Suites-Resort-kitchen.jpg\" \/>\n\n\n\t<img class=\"ms-thumb\" src=\"https:\/\/somosorlando.com\/wp-content\/uploads\/2015\/10\/Forest-Suites-Resort-kitchen-127x90.jpg\" alt=\"\" \/>\n\t\t\t\t<\/div>\n\t\t\t\t<div  class=\"ms-slide\" data-delay=\"3\" data-fill-mode=\"fill\"  >\n\t\t\t\t\t<img src=\"https:\/\/somosorlando.com\/wp-content\/plugins\/masterslider2\/public\/assets\/css\/blank.gif\" alt=\"\" title=\"\" data-src=\"https:\/\/somosorlando.com\/wp-content\/uploads\/2015\/10\/Forest-Suites-Resort-lobby-2.jpg\" \/>\n\n\n\t<img class=\"ms-thumb\" src=\"https:\/\/somosorlando.com\/wp-content\/uploads\/2015\/10\/Forest-Suites-Resort-lobby-2-127x90.jpg\" alt=\"\" \/>\n\t\t\t\t<\/div>\n\t\t\t\t<div  class=\"ms-slide\" data-delay=\"3\" data-fill-mode=\"fill\"  >\n\t\t\t\t\t<img src=\"https:\/\/somosorlando.com\/wp-content\/plugins\/masterslider2\/public\/assets\/css\/blank.gif\" alt=\"\" title=\"\" data-src=\"https:\/\/somosorlando.com\/wp-content\/uploads\/2015\/10\/Forest-Suites-Resort-lobby-3.jpg\" \/>\n\n\n\t<img class=\"ms-thumb\" src=\"https:\/\/somosorlando.com\/wp-content\/uploads\/2015\/10\/Forest-Suites-Resort-lobby-3-127x90.jpg\" alt=\"\" \/>\n\t\t\t\t<\/div>\n\t\t\t\t<div  class=\"ms-slide\" data-delay=\"3\" data-fill-mode=\"fill\"  >\n\t\t\t\t\t<img src=\"https:\/\/somosorlando.com\/wp-content\/plugins\/masterslider2\/public\/assets\/css\/blank.gif\" alt=\"\" title=\"\" data-src=\"https:\/\/somosorlando.com\/wp-content\/uploads\/2015\/10\/Forest-Suites-Resort-lobby.jpg\" \/>\n\n\n\t<img class=\"ms-thumb\" src=\"https:\/\/somosorlando.com\/wp-content\/uploads\/2015\/10\/Forest-Suites-Resort-lobby-127x90.jpg\" alt=\"\" \/>\n\t\t\t\t<\/div>\n\t\t\t\t<div  class=\"ms-slide\" data-delay=\"3\" data-fill-mode=\"fill\"  >\n\t\t\t\t\t<img src=\"https:\/\/somosorlando.com\/wp-content\/plugins\/masterslider2\/public\/assets\/css\/blank.gif\" alt=\"\" title=\"\" data-src=\"https:\/\/somosorlando.com\/wp-content\/uploads\/2015\/10\/Forest-Suites-Resort-pool.jpg\" \/>\n\n\n\t<img class=\"ms-thumb\" src=\"https:\/\/somosorlando.com\/wp-content\/uploads\/2015\/10\/Forest-Suites-Resort-pool-127x90.jpg\" alt=\"\" \/>\n\t\t\t\t<\/div>\n\t\t\t\t<div  class=\"ms-slide\" data-delay=\"3\" data-fill-mode=\"fill\"  >\n\t\t\t\t\t<img src=\"https:\/\/somosorlando.com\/wp-content\/plugins\/masterslider2\/public\/assets\/css\/blank.gif\" alt=\"\" title=\"\" data-src=\"https:\/\/somosorlando.com\/wp-content\/uploads\/2015\/10\/Forest-Suites-Resort-room-2.jpg\" \/>\n\n\n\t<img class=\"ms-thumb\" src=\"https:\/\/somosorlando.com\/wp-content\/uploads\/2015\/10\/Forest-Suites-Resort-room-2-127x90.jpg\" alt=\"\" \/>\n\t\t\t\t<\/div>\n\t\t\t\t<div  class=\"ms-slide\" data-delay=\"3\" data-fill-mode=\"fill\"  >\n\t\t\t\t\t<img src=\"https:\/\/somosorlando.com\/wp-content\/plugins\/masterslider2\/public\/assets\/css\/blank.gif\" alt=\"\" title=\"\" data-src=\"https:\/\/somosorlando.com\/wp-content\/uploads\/2015\/10\/Forest-Suites-Resort-room-3.jpg\" \/>\n\n\n\t<img class=\"ms-thumb\" src=\"https:\/\/somosorlando.com\/wp-content\/uploads\/2015\/10\/Forest-Suites-Resort-room-3-127x90.jpg\" alt=\"\" \/>\n\t\t\t\t<\/div>\n\t\t\t\t<div  class=\"ms-slide\" data-delay=\"3\" data-fill-mode=\"fill\"  >\n\t\t\t\t\t<img src=\"https:\/\/somosorlando.com\/wp-content\/plugins\/masterslider2\/public\/assets\/css\/blank.gif\" alt=\"\" title=\"\" data-src=\"https:\/\/somosorlando.com\/wp-content\/uploads\/2015\/10\/Forest-Suites-Resort-room.jpg\" \/>\n\n\n\t<img class=\"ms-thumb\" src=\"https:\/\/somosorlando.com\/wp-content\/uploads\/2015\/10\/Forest-Suites-Resort-room-127x90.jpg\" alt=\"\" \/>\n\t\t\t\t<\/div>\n\t\t\t\t<div  class=\"ms-slide\" data-delay=\"3\" data-fill-mode=\"fill\"  >\n\t\t\t\t\t<img src=\"https:\/\/somosorlando.com\/wp-content\/plugins\/masterslider2\/public\/assets\/css\/blank.gif\" alt=\"\" title=\"\" data-src=\"https:\/\/somosorlando.com\/wp-content\/uploads\/2015\/10\/Forest-Suites-Resort-skiing.jpg\" \/>\n\n\n\t<img class=\"ms-thumb\" src=\"https:\/\/somosorlando.com\/wp-content\/uploads\/2015\/10\/Forest-Suites-Resort-skiing-127x90.jpg\" alt=\"\" \/>\n\t\t\t\t<\/div>\n\t\t\t\t<div  class=\"ms-slide\" data-delay=\"3\" data-fill-mode=\"fill\"  >\n\t\t\t\t\t<img src=\"https:\/\/somosorlando.com\/wp-content\/plugins\/masterslider2\/public\/assets\/css\/blank.gif\" alt=\"\" title=\"\" data-src=\"https:\/\/somosorlando.com\/wp-content\/uploads\/2015\/10\/Forest-Suites-Resort.jpg\" \/>\n\n\n\t<img class=\"ms-thumb\" src=\"https:\/\/somosorlando.com\/wp-content\/uploads\/2015\/10\/Forest-Suites-Resort-127x90.jpg\" alt=\"\" \/>\n\t\t\t\t<\/div>\n\t\t\t\t<div  class=\"ms-slide\" data-delay=\"3\" data-fill-mode=\"fill\"  >\n\t\t\t\t\t<img src=\"https:\/\/somosorlando.com\/wp-content\/plugins\/masterslider2\/public\/assets\/css\/blank.gif\" alt=\"\" title=\"\" data-src=\"https:\/\/somosorlando.com\/wp-content\/uploads\/2015\/10\/Forest-Suites-Resortoutside.jpg\" \/>\n\n\n\t<img class=\"ms-thumb\" src=\"https:\/\/somosorlando.com\/wp-content\/uploads\/2015\/10\/Forest-Suites-Resortoutside-127x90.jpg\" alt=\"\" \/>\n\t\t\t\t<\/div>\n\n\t\t\t<\/div>\n\t\t\t<!-- END MasterSlider Main -->\n\n\t\t\t \n\t\t<\/div>\n\t\t<!-- END MasterSlider --> \n\t\t\n\t\t<script>\n\t\t(function ( $ ) {\n\t\t\t\"use strict\";\n\n\t\t\t$(function () {\n\t\t\t\tvar masterslider_476b = new MasterSlider();\n\n\t\t\t\t\/\/ slider controls\n\t\t\t\tmasterslider_476b.control('arrows'     ,{ autohide:true, overVideo:true  });                    \n\t\t\t\tmasterslider_476b.control('thumblist'  ,{ autohide:false, overVideo:true, dir:'h', speed:17, inset:false, align:'bottom',type:'thumbs', margin:5, width:127, height:90, space:5, fillMode:'fill'  });\n\t\t\t\tmasterslider_476b.control('scrollbar'  ,{ autohide:false, overVideo:true, dir:'h', inset:true, align:'top', color:'#3D3D3D' , margin:10  , width:4 });\n\t\t\t\t\/\/ slider setup\n\t\t\t\tmasterslider_476b.setup(\"MS69dd196fe476b\", {\n\t\t\t\t\t\twidth           : 1000,\n\t\t\t\t\t\theight          : 500,\n\t\t\t\t\t\tspace           : 0,\n\t\t\t\t\t\tstart           : 1,\n\t\t\t\t\t\tgrabCursor      : true,\n\t\t\t\t\t\tswipe           : true,\n\t\t\t\t\t\tmouse           : true,\n\t\t\t\t\t\tkeyboard        : false,\n\t\t\t\t\t\tlayout          : \"boxed\", \n\t\t\t\t\t\twheel           : false,\n\t\t\t\t\t\tautoplay        : true,\n\t\t\t\t\t\tinstantStartLayers:false,\n\t\t\t\t\t\tloop            : false,\n\t\t\t\t\t\tshuffle         : false,\n\t\t\t\t\t\tpreload         : 4,\n\t\t\t\t\t\theightLimit     : true,\n\t\t\t\t\t\tautoHeight      : false,\n\t\t\t\t\t\tsmoothHeight    : true,\n\t\t\t\t\t\tendPause        : false,\n\t\t\t\t\t\toverPause       : false,\n\t\t\t\t\t\tfillMode        : \"fill\", \n\t\t\t\t\t\tcenterControls  : false,\n\t\t\t\t\t\tstartOnAppear   : false,\n\t\t\t\t\t\tlayersMode      : \"center\", \n\t\t\t\t\t\thideLayers      : false, \n\t\t\t\t\t\tfullscreenMargin: 0,\n\t\t\t\t\t\tspeed           : 20, \n\t\t\t\t\t\tdir             : \"h\", \n\t\t\t\t\t\tparallaxMode    : 'swipe',\n\t\t\t\t\t\tview            : \"parallaxMask\"\n\t\t\t\t});\n\t\t\t\t\n\n\t\t\t\t\n\t\t\t\twindow.masterslider_instances = window.masterslider_instances || [];\n\t\t\t\twindow.masterslider_instances.push( masterslider_476b );\n\t\t\t });\n\t\t\t\n\t\t})(jQuery);\n\t\t<\/script> \n\t\t\n<\/div><\/div><\/div><\/div><div class=\"wpb_column vc_column_container vc_col-sm-4\"><div class=\"vc_column-inner \"><div class=\"wpb_wrapper\">\n\t<div class=\"wpb_text_column wpb_content_element \" >\n\t\t<div class=\"wpb_wrapper\">\n\t\t\t<h2 style=\"text-align: center;\">\u00bfPor qu\u00e9 Forest Suites Resort?<\/h2>\n\n\t\t<\/div>\n\t<\/div>\n<div class=\"vc_row wpb_row vc_inner vc_row-fluid vc_custom_1424495938716\"><div class=\"wpb_column vc_column_container vc_col-sm-4\"><div class=\"vc_column-inner \"><div class=\"wpb_wrapper\"><div id=\"ts-vcsc-icon-title-parent-6862552\" class=\"ts-vcsc-icon-title-parent    ts-icon-title-background clearFixMe \" style=\"height: auto; margin-top:0px; margin-bottom:20px; \"><div class=\" ts-icon-title-background\" style=\"height: 100%; background-color: #ffffff;\"><div style=\"height: 100%; ; padding: 10px; font-size: 15px; text-align: center; color: #3d3d3d; font-weight:normal; \" class=\"ts-vcsc-icon-title ts-shortcode  ts-icon-title  simple-style\"><div style=\"width: 100%; display: block;\"><i style=\"color:#8c8c8c;padding: 0px; background-color:; width: 60px; height: 60px; font-size: 60px; line-height: 60px;  text-align: center; display: inline-block !important; margin-bottom: 10px;\" class=\"ts-font-icon ts-title-icon-top ts-icomoon-food   \"><\/i><\/div><div class=\"ts-icon-title-text \" style=\"width: auto !important; text-align: center;\">Desayuno<\/div><\/div><\/div><\/div><div class=\"clearboth\"><\/div><\/div><\/div><\/div><div class=\"wpb_column vc_column_container vc_col-sm-4\"><div class=\"vc_column-inner \"><div class=\"wpb_wrapper\"><div id=\"ts-vcsc-icon-title-parent-1611224\" class=\"ts-vcsc-icon-title-parent    ts-icon-title-background clearFixMe \" style=\"height: auto; margin-top:0px; margin-bottom:20px; \"><div class=\" ts-icon-title-background\" style=\"height: 100%; background-color: #ffffff;\"><div style=\"height: 100%; ; padding: 10px; font-size: 15px; text-align: center; color: #3d3d3d; font-weight:normal; \" class=\"ts-vcsc-icon-title ts-shortcode  ts-icon-title  simple-style\"><div style=\"width: 100%; display: block;\"><i style=\"color:#8c8c8c;padding: 0px; background-color:; width: 60px; height: 60px; font-size: 60px; line-height: 60px;  text-align: center; display: inline-block !important; margin-bottom: 10px;\" class=\"ts-font-icon ts-title-icon-top ts-foundation-trees   \"><\/i><\/div><div class=\"ts-icon-title-text \" style=\"width: auto !important; text-align: center;\">Naturaleza<\/div><\/div><\/div><\/div><div class=\"clearboth\"><\/div><\/div><\/div><\/div><div class=\"wpb_column vc_column_container vc_col-sm-4\"><div class=\"vc_column-inner \"><div class=\"wpb_wrapper\"><div id=\"ts-vcsc-icon-title-parent-2397735\" class=\"ts-vcsc-icon-title-parent    ts-icon-title-background clearFixMe \" style=\"height: auto; margin-top:0px; margin-bottom:20px; \"><div class=\" ts-icon-title-background\" style=\"height: 100%; background-color: #ffffff;\"><div style=\"height: 100%; ; padding: 10px; font-size: 15px; text-align: center; color: #3d3d3d; font-weight:normal; \" class=\"ts-vcsc-icon-title ts-shortcode  ts-icon-title  simple-style\"><div style=\"width: 100%; display: block;\"><i style=\"color:#8c8c8c;padding: 0px; background-color:; width: 60px; height: 60px; font-size: 60px; line-height: 60px;  text-align: center; display: inline-block !important; margin-bottom: 10px;\" class=\"ts-font-icon ts-title-icon-top ts-icomoon-location   \"><\/i><\/div><div class=\"ts-icon-title-text \" style=\"width: auto !important; text-align: center;\">Localidad<\/div><\/div><\/div><\/div><div class=\"clearboth\"><\/div><\/div><\/div><\/div><\/div><div class=\"vc_row wpb_row vc_inner vc_row-fluid\"><div class=\"wpb_column vc_column_container vc_col-sm-12\"><div class=\"vc_column-inner \"><div class=\"wpb_wrapper\">\n\t<div class=\"wpb_text_column wpb_content_element \" >\n\t\t<div class=\"wpb_wrapper\">\n\t\t\t<div id=\"page_content\"><span id=\"result_box\" class=\"\" lang=\"es\"><span class=\"hps\">Con acceso<\/span> <span class=\"hps\">directo a las pistas<\/span>, <span class=\"hps\">Forest Suites<\/span> <span class=\"hps\">Resort en<\/span> <span class=\"hps\">Heavenly Village<\/span> <span class=\"hps\">hace que los hu\u00e9spedes<\/span> <span class=\"hps\">se sientan como en<\/span> <span class=\"hps\">casa con<\/span> <span class=\"hps\">servicios como<\/span> <span class=\"hps\">masajes \/ salas<\/span> <span class=\"hps\">de tratamiento<\/span> <span class=\"hps\">y una piscina<\/span> <span class=\"hps\">al aire libre.<\/span><\/span><\/div>\n\n\t\t<\/div>\n\t<\/div>\n<\/div><\/div><\/div><\/div><div class=\"vc_separator wpb_content_element vc_separator_align_center vc_sep_width_100 vc_sep_pos_align_center vc_separator_no_text vc_sep_color_grey\" ><span class=\"vc_sep_holder vc_sep_holder_l\"><span  class=\"vc_sep_line\"><\/span><\/span><span class=\"vc_sep_holder vc_sep_holder_r\"><span  class=\"vc_sep_line\"><\/span><\/span>\n<\/div><\/div><\/div><\/div><\/div><div class=\"vc_row wpb_row vc_row-fluid\"><div class=\"wpb_column vc_column_container vc_col-sm-8\"><div class=\"vc_column-inner \"><div class=\"wpb_wrapper\">\n\t<div class=\"wpb_text_column wpb_content_element \" >\n\t\t<div class=\"wpb_wrapper\">\n\t\t\t<h2>Caracteristicas del Hotel<\/h2>\n<p>Todas las habitaciones est\u00e1n equipadas con Internet de alta velocidad inal\u00e1mbrica. Se ofrece un desayuno americano completo tipo buf\u00e9 gratuito todas las ma\u00f1anas para ayudar a comenzar un buen d\u00eda. Ofrecemos\u00a0una amplia variedad de experiencias y actividades, para que usted y su familia se entretengan desde el amanecer hasta la puesta del sol. El South Lake Tahoe tiene mucho que ofrecer y el Forest Suites Resort en Heavenly Village ofrece un lugar tranquilo, un\u00a0refugio para recargar.<\/p>\n\n\t\t<\/div>\n\t<\/div>\n\n\t<div class=\"wpb_text_column wpb_content_element \" >\n\t\t<div class=\"wpb_wrapper\">\n\t\t\t<h2>Accesibilidad del Hotel<\/h2>\n<p>La\u00a0ubicaci\u00f3n de South Lake Tahoe es lo que realmente hace Forest Suites Resort en Heavenly Village \u00fanico. Escondido en un entorno alpino \u00edntimo, nuestro hotel South Lake Tahoe se encuentra a s\u00f3lo 100 yardas de la Ski Gondola y de\u00a0Heavenly Village, a pocos minutos caminando\u00a0de los casinos, y s\u00f3lo unas pocas cuadras de las aguas cristalinas del lago Tahoe. Visitar South Lake Tahoe es \u00a0relajarse y disfrutar de la belleza pr\u00edstina del medio ambiente y del Forest Suites Resort en Heavenly Village que est\u00e1 perfectamente situado para ser su base de operaciones durante su pr\u00f3xima aventura.<\/p>\n\n\t\t<\/div>\n\t<\/div>\n\n\t<div class=\"wpb_text_column wpb_content_element \" >\n\t\t<div class=\"wpb_wrapper\">\n\t\t\t<h2>Hospitalidad del Hotel<\/h2>\n<p>Si usted no est\u00e1 haciendo\u00a0snowboard o esqu\u00edando en Lake Tahoe Ski Resorts o pasando\u00a0el rato en la playa del lago Tahoe, o de excursi\u00f3n cerca de Lake Tahoe, o visitantando\u00a0Van Sickle State Park, o jugando\u00a0en los casinos de\u00a0Lake Tahoe, usted puede aprovechar\u00a0de las muchas actividades que se ofrecen aqu\u00ed en nuestro resort <strong>South Lake Tahoe<\/strong>. Todos nuestros hu\u00e9spedes que se alojen en el Forest Suites Resort experimentar\u00e1n las mejores comodidades y actividades divertidas como se ve a continuaci\u00f3n.<\/p>\n\n\t\t<\/div>\n\t<\/div>\n<\/div><\/div><\/div><div class=\"wpb_column vc_column_container vc_col-sm-4\"><div class=\"vc_column-inner \"><div class=\"wpb_wrapper\">\n\t<div class=\"wpb_text_column wpb_content_element \" >\n\t\t<div class=\"wpb_wrapper\">\n\t\t\t<h3>Amenidades<\/h3>\n<ul>\n<li>Acceso para discapacitados Ski-In<\/li>\n<li>Hotel Ski-Out (salga a esquiar desde su habitaci\u00f3n).<\/li>\n<li>Centro para hacer\u00a0ejercicios\u00a0con piscina y\u00a0gimnasio<\/li>\n<li>Barra en el centro de ejercicios<\/li>\n<li>Ba\u00f1era grande\u00a0hidromasaje<\/li>\n<li>Habitaciones con cocina para no fumadores<\/li>\n<li>Aire acondicionado, microondas y nevera en la habitaci\u00f3n<\/li>\n<li>Internet gratuito de alta velocidad (Wi-Fi)<\/li>\n<li>Wi-Fi P\u00fablico<\/li>\n<li>Estacionamiento gratuito<\/li>\n<li>Desayuno gratuito<\/li>\n<li>Actividades para ni\u00f1os y toda la familia<\/li>\n<li>Centro de negocios con acceso a Internet<\/li>\n<li>Salas de reuniones<\/li>\n<li>Servicio de lavander\u00eda<\/li>\n<li>Conserje<\/li>\n<li>Sala de Banquetes<\/li>\n<li>Personal multiling\u00fce<\/li>\n<li>Lavanderia autoservicio<\/li>\n<\/ul>\n\n\t\t<\/div>\n\t<\/div>\n<\/div><\/div><\/div><\/div>\n","protected":false},"excerpt":{"rendered":"Forest Suites ResortLake Tahoe, California (function ( $ ) { \"use strict\"; $(function () { var masterslider_1d5d = new MasterSlider(); \/\/ slider controls masterslider_1d5d.control('arrows' ,{ autohide:true, overVideo:true }); masterslider_1d5d.control('thumblist' ,{ autohide:false, overVideo:true, dir:'h', speed:17, inset:false, align:'bottom',type:'thumbs', margin:5, width:127, height:90, space:5, fillMode:'fill' }); masterslider_1d5d.control('scrollbar' ,{ autohide:false, overVideo:true, dir:'h', inset:true, align:'top', color:'#3D3D3D' , margin:10 , width:4 }); \/\/ slider setup masterslider_1d5d.setup(\"MS69dd197001d5d\", { width : 1000, height : 500, space : 0, start : 1, grabCursor : true, swipe : true, mouse : true, keyboard : false, layout : \"boxed\", wheel : false, autoplay : true, instantStartLayers:false, loop : false, shuffle : false, [...]","protected":false},"author":1,"featured_media":0,"parent":9546,"menu_order":27,"comment_status":"open","ping_status":"closed","template":"template-full-width-tb.php","meta":[],"_links":{"self":[{"href":"https:\/\/somosorlando.com\/es\/wp-json\/wp\/v2\/pages\/15347"}],"collection":[{"href":"https:\/\/somosorlando.com\/es\/wp-json\/wp\/v2\/pages"}],"about":[{"href":"https:\/\/somosorlando.com\/es\/wp-json\/wp\/v2\/types\/page"}],"author":[{"embeddable":true,"href":"https:\/\/somosorlando.com\/es\/wp-json\/wp\/v2\/users\/1"}],"replies":[{"embeddable":true,"href":"https:\/\/somosorlando.com\/es\/wp-json\/wp\/v2\/comments?post=15347"}],"version-history":[{"count":11,"href":"https:\/\/somosorlando.com\/es\/wp-json\/wp\/v2\/pages\/15347\/revisions"}],"predecessor-version":[{"id":20827,"href":"https:\/\/somosorlando.com\/es\/wp-json\/wp\/v2\/pages\/15347\/revisions\/20827"}],"up":[{"embeddable":true,"href":"https:\/\/somosorlando.com\/es\/wp-json\/wp\/v2\/pages\/9546"}],"wp:attachment":[{"href":"https:\/\/somosorlando.com\/es\/wp-json\/wp\/v2\/media?parent=15347"}],"curies":[{"name":"wp","href":"https:\/\/api.w.org\/{rel}","templated":true}]}}