{"id":15355,"date":"2015-10-28T12:32:02","date_gmt":"2015-10-28T16:32:02","guid":{"rendered":"http:\/\/www.goorlandovacations.com\/?page_id=15355"},"modified":"2018-12-19T14:10:56","modified_gmt":"2018-12-19T19:10:56","slug":"lake-tahoe-tahoe-seasons-resort","status":"publish","type":"page","link":"https:\/\/somosorlando.com\/es\/getaways\/lake-tahoe-tahoe-seasons-resort\/","title":{"rendered":"Tahoe Seasons Resort Lake Tahoe"},"content":{"rendered":"<div class=\"vc_row wpb_row vc_row-fluid\"><div class=\"wpb_column vc_column_container vc_col-sm-12\"><div class=\"vc_column-inner \"><div class=\"wpb_wrapper\"><div id=\"ultimate-heading-669d742b0c7e81\" class=\"uvc-heading ult-adjust-bottom-margin ultimate-heading-669d742b0c7e81 uvc-5622 \" data-hspacer=\"no_spacer\"  data-halign=\"left\" style=\"text-align:left\"><div class=\"uvc-heading-spacer no_spacer\" style=\"top\"><\/div><div class=\"uvc-main-heading ult-responsive\"  data-ultimate-target='.uvc-heading.ultimate-heading-669d742b0c7e81 h2'  data-responsive-json-new='{\"font-size\":\"\",\"line-height\":\"\"}' ><h2 style=\"font-weight:normal;\">Tahoe Seasons Resort<\/h2><\/div><div class=\"uvc-sub-heading ult-responsive\"  data-ultimate-target='.uvc-heading.ultimate-heading-669d742b0c7e81 .uvc-sub-heading '  data-responsive-json-new='{\"font-size\":\"\",\"line-height\":\"\"}'  style=\"font-weight:normal;margin-bottom:40px;\">Lake Tahoe, California<\/div><\/div><\/div><\/div><\/div><div class=\"wpb_column vc_column_container vc_col-sm-8\"><div class=\"vc_column-inner \"><div class=\"wpb_wrapper\"><div class=\"avt_masterslider_el \" >\n\t\t<!-- MasterSlider -->\n\t\t<div id=\"P_MS69d742b0ca4ac\" class=\"master-slider-parent ms-thumbs-template ms-parent-id-60\" style=\"max-width:1000px;\"  >\n\t\t\t\t\n\t\t\t\n\t\t\t<!-- MasterSlider Main -->\n\t\t\t<div id=\"MS69d742b0ca4ac\" class=\"master-slider ms-skin-light-3\" >\n\t\t\t\t \t\t\t\t \n\t\t\t\t<div  class=\"ms-slide\" data-delay=\"3\" data-fill-mode=\"fill\"  >\n\t\t\t\t\t<img src=\"https:\/\/somosorlando.com\/wp-content\/plugins\/masterslider2\/public\/assets\/css\/blank.gif\" alt=\"\" title=\"\" data-src=\"https:\/\/somosorlando.com\/wp-content\/uploads\/2015\/10\/Tahoe-Seasons-Resort-Game1.jpg\" \/>\n\n\n\t<img class=\"ms-thumb\" src=\"https:\/\/somosorlando.com\/wp-content\/uploads\/2015\/10\/Tahoe-Seasons-Resort-Game1-127x90.jpg\" alt=\"\" \/>\n\t\t\t\t<\/div>\n\t\t\t\t<div  class=\"ms-slide\" data-delay=\"3\" data-fill-mode=\"fill\"  >\n\t\t\t\t\t<img src=\"https:\/\/somosorlando.com\/wp-content\/plugins\/masterslider2\/public\/assets\/css\/blank.gif\" alt=\"\" title=\"\" data-src=\"https:\/\/somosorlando.com\/wp-content\/uploads\/2015\/10\/Tahoe-Seasons-Resort-lounge1.jpg\" \/>\n\n\n\t<img class=\"ms-thumb\" src=\"https:\/\/somosorlando.com\/wp-content\/uploads\/2015\/10\/Tahoe-Seasons-Resort-lounge1-127x90.jpg\" alt=\"\" \/>\n\t\t\t\t<\/div>\n\t\t\t\t<div  class=\"ms-slide\" data-delay=\"3\" data-fill-mode=\"fill\"  >\n\t\t\t\t\t<img src=\"https:\/\/somosorlando.com\/wp-content\/plugins\/masterslider2\/public\/assets\/css\/blank.gif\" alt=\"\" title=\"\" data-src=\"https:\/\/somosorlando.com\/wp-content\/uploads\/2015\/10\/Tahoe-Seasons-Resort-outside1.jpg\" \/>\n\n\n\t<img class=\"ms-thumb\" src=\"https:\/\/somosorlando.com\/wp-content\/uploads\/2015\/10\/Tahoe-Seasons-Resort-outside1-127x90.jpg\" alt=\"\" \/>\n\t\t\t\t<\/div>\n\t\t\t\t<div  class=\"ms-slide\" data-delay=\"3\" data-fill-mode=\"fill\"  >\n\t\t\t\t\t<img src=\"https:\/\/somosorlando.com\/wp-content\/plugins\/masterslider2\/public\/assets\/css\/blank.gif\" alt=\"\" title=\"\" data-src=\"https:\/\/somosorlando.com\/wp-content\/uploads\/2015\/10\/Tahoe-Seasons-Resort-Pool1.jpg\" \/>\n\n\n\t<img class=\"ms-thumb\" src=\"https:\/\/somosorlando.com\/wp-content\/uploads\/2015\/10\/Tahoe-Seasons-Resort-Pool1-127x90.jpg\" alt=\"\" \/>\n\t\t\t\t<\/div>\n\t\t\t\t<div  class=\"ms-slide\" data-delay=\"3\" data-fill-mode=\"fill\"  >\n\t\t\t\t\t<img src=\"https:\/\/somosorlando.com\/wp-content\/plugins\/masterslider2\/public\/assets\/css\/blank.gif\" alt=\"\" title=\"\" data-src=\"https:\/\/somosorlando.com\/wp-content\/uploads\/2015\/10\/Tahoe-Seasons-Resort-pool1.png\" \/>\n\n\n\t<img class=\"ms-thumb\" src=\"https:\/\/somosorlando.com\/wp-content\/uploads\/2015\/10\/Tahoe-Seasons-Resort-pool1-127x90.png\" alt=\"\" \/>\n\t\t\t\t<\/div>\n\t\t\t\t<div  class=\"ms-slide\" data-delay=\"3\" data-fill-mode=\"fill\"  >\n\t\t\t\t\t<img src=\"https:\/\/somosorlando.com\/wp-content\/plugins\/masterslider2\/public\/assets\/css\/blank.gif\" alt=\"\" title=\"\" data-src=\"https:\/\/somosorlando.com\/wp-content\/uploads\/2015\/10\/Tahoe-Seasons-Resort-Room1.jpg\" \/>\n\n\n\t<img class=\"ms-thumb\" src=\"https:\/\/somosorlando.com\/wp-content\/uploads\/2015\/10\/Tahoe-Seasons-Resort-Room1-127x90.jpg\" alt=\"\" \/>\n\t\t\t\t<\/div>\n\t\t\t\t<div  class=\"ms-slide\" data-delay=\"3\" data-fill-mode=\"fill\"  >\n\t\t\t\t\t<img src=\"https:\/\/somosorlando.com\/wp-content\/plugins\/masterslider2\/public\/assets\/css\/blank.gif\" alt=\"\" title=\"\" data-src=\"https:\/\/somosorlando.com\/wp-content\/uploads\/2015\/10\/Tahoe-Seasons-Resort2.jpg\" \/>\n\n\n\t<img class=\"ms-thumb\" src=\"https:\/\/somosorlando.com\/wp-content\/uploads\/2015\/10\/Tahoe-Seasons-Resort2-127x90.jpg\" alt=\"\" \/>\n\t\t\t\t<\/div>\n\n\t\t\t<\/div>\n\t\t\t<!-- END MasterSlider Main -->\n\n\t\t\t \n\t\t<\/div>\n\t\t<!-- END MasterSlider --> \n\t\t\n\t\t<script>\n\t\t(function ( $ ) {\n\t\t\t\"use strict\";\n\n\t\t\t$(function () {\n\t\t\t\tvar masterslider_a4ac = new MasterSlider();\n\n\t\t\t\t\/\/ slider controls\n\t\t\t\tmasterslider_a4ac.control('arrows'     ,{ autohide:true, overVideo:true  });                    \n\t\t\t\tmasterslider_a4ac.control('thumblist'  ,{ autohide:false, overVideo:true, dir:'h', speed:17, inset:false, align:'bottom',type:'thumbs', margin:5, width:127, height:90, space:5, fillMode:'fill'  });\n\t\t\t\tmasterslider_a4ac.control('scrollbar'  ,{ autohide:false, overVideo:true, dir:'h', inset:true, align:'top', color:'#3D3D3D' , margin:10  , width:4 });\n\t\t\t\t\/\/ slider setup\n\t\t\t\tmasterslider_a4ac.setup(\"MS69d742b0ca4ac\", {\n\t\t\t\t\t\twidth           : 1000,\n\t\t\t\t\t\theight          : 500,\n\t\t\t\t\t\tspace           : 0,\n\t\t\t\t\t\tstart           : 1,\n\t\t\t\t\t\tgrabCursor      : true,\n\t\t\t\t\t\tswipe           : true,\n\t\t\t\t\t\tmouse           : true,\n\t\t\t\t\t\tkeyboard        : false,\n\t\t\t\t\t\tlayout          : \"boxed\", \n\t\t\t\t\t\twheel           : false,\n\t\t\t\t\t\tautoplay        : true,\n\t\t\t\t\t\tinstantStartLayers:false,\n\t\t\t\t\t\tloop            : false,\n\t\t\t\t\t\tshuffle         : false,\n\t\t\t\t\t\tpreload         : 4,\n\t\t\t\t\t\theightLimit     : true,\n\t\t\t\t\t\tautoHeight      : false,\n\t\t\t\t\t\tsmoothHeight    : true,\n\t\t\t\t\t\tendPause        : false,\n\t\t\t\t\t\toverPause       : false,\n\t\t\t\t\t\tfillMode        : \"fill\", \n\t\t\t\t\t\tcenterControls  : false,\n\t\t\t\t\t\tstartOnAppear   : false,\n\t\t\t\t\t\tlayersMode      : \"center\", \n\t\t\t\t\t\thideLayers      : false, \n\t\t\t\t\t\tfullscreenMargin: 0,\n\t\t\t\t\t\tspeed           : 20, \n\t\t\t\t\t\tdir             : \"h\", \n\t\t\t\t\t\tparallaxMode    : 'swipe',\n\t\t\t\t\t\tview            : \"parallaxMask\"\n\t\t\t\t});\n\t\t\t\t\n\n\t\t\t\t\n\t\t\t\twindow.masterslider_instances = window.masterslider_instances || [];\n\t\t\t\twindow.masterslider_instances.push( masterslider_a4ac );\n\t\t\t });\n\t\t\t\n\t\t})(jQuery);\n\t\t<\/script> \n\t\t\n<\/div><\/div><\/div><\/div><div class=\"wpb_column vc_column_container vc_col-sm-4\"><div class=\"vc_column-inner \"><div class=\"wpb_wrapper\">\n\t<div class=\"wpb_text_column wpb_content_element \" >\n\t\t<div class=\"wpb_wrapper\">\n\t\t\t<h2 style=\"text-align: center;\">\u00bfPor qu\u00e9 Tahoe Seasons Resort?<\/h2>\n\n\t\t<\/div>\n\t<\/div>\n<div class=\"vc_row wpb_row vc_inner vc_row-fluid vc_custom_1424495938716\"><div class=\"wpb_column vc_column_container vc_col-sm-6\"><div class=\"vc_column-inner \"><div class=\"wpb_wrapper\"><div id=\"ts-vcsc-icon-title-parent-8581647\" class=\"ts-vcsc-icon-title-parent    ts-icon-title-background clearFixMe \" style=\"height: auto; margin-top:0px; margin-bottom:20px; \"><div class=\" ts-icon-title-background\" style=\"height: 100%; background-color: #ffffff;\"><div style=\"height: 100%; ; padding: 10px; font-size: 15px; text-align: center; color: #3d3d3d; font-weight:normal; \" class=\"ts-vcsc-icon-title ts-shortcode  ts-icon-title  simple-style\"><div style=\"width: 100%; display: block;\"><i style=\"color:#8c8c8c;padding: 0px; background-color:; width: 60px; height: 60px; font-size: 60px; line-height: 60px;  text-align: center; display: inline-block !important; margin-bottom: 10px;\" class=\"ts-font-icon ts-title-icon-top ts-elegant-icon-pin   \"><\/i><\/div><div class=\"ts-icon-title-text \" style=\"width: auto !important; text-align: center;\">Localidad<\/div><\/div><\/div><\/div><div class=\"clearboth\"><\/div><\/div><\/div><\/div><div class=\"wpb_column vc_column_container vc_col-sm-6\"><div class=\"vc_column-inner \"><div class=\"wpb_wrapper\"><div id=\"ts-vcsc-icon-title-parent-9510018\" class=\"ts-vcsc-icon-title-parent    ts-icon-title-background clearFixMe \" style=\"height: auto; margin-top:0px; margin-bottom:20px; \"><div class=\" ts-icon-title-background\" style=\"height: 100%; background-color: #ffffff;\"><div style=\"height: 100%; ; padding: 10px; font-size: 15px; text-align: center; color: #3d3d3d; font-weight:normal; \" class=\"ts-vcsc-icon-title ts-shortcode  ts-icon-title  simple-style\"><div style=\"width: 100%; display: block;\"><i style=\"color:#8c8c8c;padding: 0px; background-color:; width: 60px; height: 60px; font-size: 60px; line-height: 60px;  text-align: center; display: inline-block !important; margin-bottom: 10px;\" class=\"ts-font-icon ts-title-icon-top ts-foundation-trees   \"><\/i><\/div><div class=\"ts-icon-title-text \" style=\"width: auto !important; text-align: center;\">Naturaleza<\/div><\/div><\/div><\/div><div class=\"clearboth\"><\/div><\/div><\/div><\/div><\/div><div class=\"vc_row wpb_row vc_inner vc_row-fluid\"><div class=\"wpb_column vc_column_container vc_col-sm-12\"><div class=\"vc_column-inner \"><div class=\"wpb_wrapper\">\n\t<div class=\"wpb_text_column wpb_content_element \" >\n\t\t<div class=\"wpb_wrapper\">\n\t\t\t<div id=\"page_content\">Este resort estilo suites\u00a0en South Lake Tahoe tiene habitaciones con conexi\u00f3n Wi-Fi gratuita y durante todo el a\u00f1o piscina exterior climatizada con\u00a0jacuzzi.<\/div>\n\n\t\t<\/div>\n\t<\/div>\n<\/div><\/div><\/div><\/div><div class=\"vc_separator wpb_content_element vc_separator_align_center vc_sep_width_100 vc_sep_pos_align_center vc_separator_no_text vc_sep_color_grey\" ><span class=\"vc_sep_holder vc_sep_holder_l\"><span  class=\"vc_sep_line\"><\/span><\/span><span class=\"vc_sep_holder vc_sep_holder_r\"><span  class=\"vc_sep_line\"><\/span><\/span>\n<\/div><\/div><\/div><\/div><\/div><div class=\"vc_row wpb_row vc_row-fluid\"><div class=\"wpb_column vc_column_container vc_col-sm-8\"><div class=\"vc_column-inner \"><div class=\"wpb_wrapper\">\n\t<div class=\"wpb_text_column wpb_content_element \" >\n\t\t<div class=\"wpb_wrapper\">\n\t\t\t<h2>Caracter\u00edsticas del Hotel<\/h2>\n<p>Nuestras 183 habitaciones de hotel concepto incluyen una zona\u00a0independiente para ver\u00a0TV, combinaci\u00f3n ba\u00f1era grande \/ ducha, dos televisores de pantalla plana, TV por cable gratis, Wi-Fi gratis, radio reloj con soporte\u00a0MP3, mini nevera, microondas, mini bar, cafetera y muchas\u00a0con chimenea. Actividades en el hotel incluyen piscina al aire libre climatizada y jacuzzi abierto los 365 d\u00edas, sala de juegos con mesa de billar y tenis en la azotea cuando es temporada, tejo, sol\u00e1rium y parrillas de gas con mesas con sombrillas y sillas.<\/p>\n\n\t\t<\/div>\n\t<\/div>\n\n\t<div class=\"wpb_text_column wpb_content_element \" >\n\t\t<div class=\"wpb_wrapper\">\n\t\t\t<h2>Accesibilidad del Hotel<\/h2>\n<p>Situado a s\u00f3lo 150 yardas de Gunbarrel, la famosa carrera de ski Heavenly&#8217;s\u00ae. A una milla de la monta\u00f1a esta Ski Run Marina en Lake\u00a0Tahoe y del campo de golf de campeonato Lake Tahoe Golf Course. En temporada, abrimos\u00a0nuestra tienda\u00a0Needle Peak Snow Ski\u00a0para rentar skis, asi como nuestras tiendas al por menor.<\/p>\n\n\t\t<\/div>\n\t<\/div>\n\n\t<div class=\"wpb_text_column wpb_content_element \" >\n\t\t<div class=\"wpb_wrapper\">\n\t\t\t<h2>Hospitalidad del Hotel<\/h2>\n<p>En respuesta a la continua sequ\u00eda en\u00a0California el desperdicio de agua esta estrictamente limitado. TSR Conservaci\u00f3n del Agua 6.24.15. Adem\u00e1s nuestra ubicaci\u00f3n en la cima de la monta\u00f1a nos obliga a cumplir\u00a0regulaciones ambientales dise\u00f1adas para asegurar las futuras generaciones la misma experiencia. Desperdicio de agua\u00a0est\u00e1 estrictamente limitado aqu\u00ed. En la \u00a0cocina\u00a0usamos\u00a0solo\u00a0horno\u00a0microondas y utensilios desechables que eliminan las aguas residuales generadas desde la cocina y tambi\u00e9n la limpieza posterior.\u00a0Opciones de comida incluyen el caf\u00e9 para el desayuno todos los d\u00edas y almuerzos para llevar de 08 a.m.-11 a.m., bar los fines de semana viernes, s\u00e1bado, domingo y lunes de 17:00-22:00, tienda de regalos, snacks; \u00a0y en temporada nuestra barbacoa de gas en la azotea junto a la piscina.<\/p>\n\n\t\t<\/div>\n\t<\/div>\n<\/div><\/div><\/div><div class=\"wpb_column vc_column_container vc_col-sm-4\"><div class=\"vc_column-inner \"><div class=\"wpb_wrapper\">\n\t<div class=\"wpb_text_column wpb_content_element \" >\n\t\t<div class=\"wpb_wrapper\">\n\t\t\t<h3>Amenidades<\/h3>\n<ul>\n<li>24 Horas Servicio Valet<\/li>\n<li>Coolers bienvenidos<\/li>\n<li>TV, DVD, Radio Reloj \/ entrada MP3<\/li>\n<li>Wifi<\/li>\n<li>Tienda<\/li>\n<li>Barra en los pinos<\/li>\n<li>Heavenly View Caf\u00e9<\/li>\n<li>Golf &amp; Guarda esqu\u00eds<\/li>\n<li>Recepci\u00f3n las 24 horas<\/li>\n<li>Pool &amp; Spa<\/li>\n<li>BBQ &amp; Picnic<\/li>\n<li>Tienda Needle Peak Snow Ski<\/li>\n<li>Tejo en la azotea<\/li>\n<li>Sundeck<\/li>\n<li>Cuarto de juegos<\/li>\n<li>Conserje<\/li>\n<li>24 Horas recepci\u00f3n<\/li>\n<li>Tenis en la azotea<\/li>\n<\/ul>\n\n\t\t<\/div>\n\t<\/div>\n<\/div><\/div><\/div><\/div>\n","protected":false},"excerpt":{"rendered":"Tahoe Seasons ResortLake Tahoe, California (function ( $ ) { \"use strict\"; $(function () { var masterslider_8306 = new MasterSlider(); \/\/ slider controls masterslider_8306.control('arrows' ,{ autohide:true, overVideo:true }); masterslider_8306.control('thumblist' ,{ autohide:false, overVideo:true, dir:'h', speed:17, inset:false, align:'bottom',type:'thumbs', margin:5, width:127, height:90, space:5, fillMode:'fill' }); masterslider_8306.control('scrollbar' ,{ autohide:false, overVideo:true, dir:'h', inset:true, align:'top', color:'#3D3D3D' , margin:10 , width:4 }); \/\/ slider setup masterslider_8306.setup(\"MS69d742b0d8306\", { width : 1000, height : 500, space : 0, start : 1, grabCursor : true, swipe : true, mouse : true, keyboard : false, layout : \"boxed\", wheel : false, autoplay : true, instantStartLayers:false, loop : false, shuffle : false, [...]","protected":false},"author":1,"featured_media":0,"parent":9546,"menu_order":24,"comment_status":"open","ping_status":"closed","template":"template-full-width-tb.php","meta":[],"_links":{"self":[{"href":"https:\/\/somosorlando.com\/es\/wp-json\/wp\/v2\/pages\/15355"}],"collection":[{"href":"https:\/\/somosorlando.com\/es\/wp-json\/wp\/v2\/pages"}],"about":[{"href":"https:\/\/somosorlando.com\/es\/wp-json\/wp\/v2\/types\/page"}],"author":[{"embeddable":true,"href":"https:\/\/somosorlando.com\/es\/wp-json\/wp\/v2\/users\/1"}],"replies":[{"embeddable":true,"href":"https:\/\/somosorlando.com\/es\/wp-json\/wp\/v2\/comments?post=15355"}],"version-history":[{"count":11,"href":"https:\/\/somosorlando.com\/es\/wp-json\/wp\/v2\/pages\/15355\/revisions"}],"predecessor-version":[{"id":20893,"href":"https:\/\/somosorlando.com\/es\/wp-json\/wp\/v2\/pages\/15355\/revisions\/20893"}],"up":[{"embeddable":true,"href":"https:\/\/somosorlando.com\/es\/wp-json\/wp\/v2\/pages\/9546"}],"wp:attachment":[{"href":"https:\/\/somosorlando.com\/es\/wp-json\/wp\/v2\/media?parent=15355"}],"curies":[{"name":"wp","href":"https:\/\/api.w.org\/{rel}","templated":true}]}}