{"id":15467,"date":"2015-10-28T18:27:37","date_gmt":"2015-10-28T22:27:37","guid":{"rendered":"http:\/\/www.goorlandovacations.com\/getaways\/san-clemente-best-western-plus-casablanca-inn\/"},"modified":"2018-12-19T14:28:40","modified_gmt":"2018-12-19T19:28:40","slug":"san-clemente-best-western-plus-casablanca-inn","status":"publish","type":"page","link":"https:\/\/somosorlando.com\/es\/getaways\/san-clemente-best-western-plus-casablanca-inn\/","title":{"rendered":"Best Western Plus Casablanca Inn San Clemente"},"content":{"rendered":"<div class=\"vc_row wpb_row vc_row-fluid\"><div class=\"wpb_column vc_column_container vc_col-sm-12\"><div class=\"vc_column-inner \"><div class=\"wpb_wrapper\"><div id=\"ultimate-heading-979969d92930f1ff0\" class=\"uvc-heading ult-adjust-bottom-margin ultimate-heading-979969d92930f1ff0 uvc-2473 \" data-hspacer=\"no_spacer\"  data-halign=\"left\" style=\"text-align:left\"><div class=\"uvc-heading-spacer no_spacer\" style=\"top\"><\/div><div class=\"uvc-main-heading ult-responsive\"  data-ultimate-target='.uvc-heading.ultimate-heading-979969d92930f1ff0 h2'  data-responsive-json-new='{\"font-size\":\"\",\"line-height\":\"\"}' ><h2 style=\"font-weight:normal;\">Best Western Plus Casablanca Inn<\/h2><\/div><div class=\"uvc-sub-heading ult-responsive\"  data-ultimate-target='.uvc-heading.ultimate-heading-979969d92930f1ff0 .uvc-sub-heading '  data-responsive-json-new='{\"font-size\":\"\",\"line-height\":\"\"}'  style=\"font-weight:normal;margin-bottom:40px;\">San Clemente,\u00a0California<\/div><\/div><\/div><\/div><\/div><div class=\"wpb_column vc_column_container vc_col-sm-8\"><div class=\"vc_column-inner \"><div class=\"wpb_wrapper\"><div class=\"avt_masterslider_el \" >\n\t\t<!-- MasterSlider -->\n\t\t<div id=\"P_MS69d9293100916\" class=\"master-slider-parent ms-thumbs-template ms-parent-id-65\" style=\"max-width:1000px;\"  >\n\t\t\t\t\n\t\t\t\n\t\t\t<!-- MasterSlider Main -->\n\t\t\t<div id=\"MS69d9293100916\" class=\"master-slider ms-skin-light-3\" >\n\t\t\t\t \t\t\t\t \n\t\t\t\t<div  class=\"ms-slide\" data-delay=\"3\" data-fill-mode=\"fill\"  >\n\t\t\t\t\t<img src=\"https:\/\/somosorlando.com\/wp-content\/plugins\/masterslider2\/public\/assets\/css\/blank.gif\" alt=\"\" title=\"\" data-src=\"https:\/\/somosorlando.com\/wp-content\/uploads\/2015\/10\/Flowered_Courtyard_P.jpg\" \/>\n\n\n\t<img class=\"ms-thumb\" src=\"https:\/\/somosorlando.com\/wp-content\/uploads\/2015\/10\/Flowered_Courtyard_P-127x90.jpg\" alt=\"\" \/>\n\t\t\t\t<\/div>\n\t\t\t\t<div  class=\"ms-slide\" data-delay=\"3\" data-fill-mode=\"fill\"  >\n\t\t\t\t\t<img src=\"https:\/\/somosorlando.com\/wp-content\/plugins\/masterslider2\/public\/assets\/css\/blank.gif\" alt=\"\" title=\"\" data-src=\"https:\/\/somosorlando.com\/wp-content\/uploads\/2015\/10\/IMG_0121_HDR_R.jpg\" \/>\n\n\n\t<img class=\"ms-thumb\" src=\"https:\/\/somosorlando.com\/wp-content\/uploads\/2015\/10\/IMG_0121_HDR_R-127x90.jpg\" alt=\"\" \/>\n\t\t\t\t<\/div>\n\t\t\t\t<div  class=\"ms-slide\" data-delay=\"3\" data-fill-mode=\"fill\"  >\n\t\t\t\t\t<img src=\"https:\/\/somosorlando.com\/wp-content\/plugins\/masterslider2\/public\/assets\/css\/blank.gif\" alt=\"\" title=\"\" data-src=\"https:\/\/somosorlando.com\/wp-content\/uploads\/2015\/10\/IMG_0156_HDR_R.jpg\" \/>\n\n\n\t<img class=\"ms-thumb\" src=\"https:\/\/somosorlando.com\/wp-content\/uploads\/2015\/10\/IMG_0156_HDR_R-127x90.jpg\" alt=\"\" \/>\n\t\t\t\t<\/div>\n\t\t\t\t<div  class=\"ms-slide\" data-delay=\"3\" data-fill-mode=\"fill\"  >\n\t\t\t\t\t<img src=\"https:\/\/somosorlando.com\/wp-content\/plugins\/masterslider2\/public\/assets\/css\/blank.gif\" alt=\"\" title=\"\" data-src=\"https:\/\/somosorlando.com\/wp-content\/uploads\/2015\/10\/IMG_0196_HDR_R.jpg\" \/>\n\n\n\t<img class=\"ms-thumb\" src=\"https:\/\/somosorlando.com\/wp-content\/uploads\/2015\/10\/IMG_0196_HDR_R-127x90.jpg\" alt=\"\" \/>\n\t\t\t\t<\/div>\n\t\t\t\t<div  class=\"ms-slide\" data-delay=\"3\" data-fill-mode=\"fill\"  >\n\t\t\t\t\t<img src=\"https:\/\/somosorlando.com\/wp-content\/plugins\/masterslider2\/public\/assets\/css\/blank.gif\" alt=\"\" title=\"\" data-src=\"https:\/\/somosorlando.com\/wp-content\/uploads\/2015\/10\/img-neighbourhood-b.jpg\" \/>\n\n\n\t<img class=\"ms-thumb\" src=\"https:\/\/somosorlando.com\/wp-content\/uploads\/2015\/10\/img-neighbourhood-b-127x90.jpg\" alt=\"\" \/>\n\t\t\t\t<\/div>\n\t\t\t\t<div  class=\"ms-slide\" data-delay=\"3\" data-fill-mode=\"fill\"  >\n\t\t\t\t\t<img src=\"https:\/\/somosorlando.com\/wp-content\/plugins\/masterslider2\/public\/assets\/css\/blank.gif\" alt=\"\" title=\"\" data-src=\"https:\/\/somosorlando.com\/wp-content\/uploads\/2015\/10\/san_clemente_attractions-b.jpg\" \/>\n\n\n\t<img class=\"ms-thumb\" src=\"https:\/\/somosorlando.com\/wp-content\/uploads\/2015\/10\/san_clemente_attractions-b-127x90.jpg\" alt=\"\" \/>\n\t\t\t\t<\/div>\n\t\t\t\t<div  class=\"ms-slide\" data-delay=\"3\" data-fill-mode=\"fill\"  >\n\t\t\t\t\t<img src=\"https:\/\/somosorlando.com\/wp-content\/plugins\/masterslider2\/public\/assets\/css\/blank.gif\" alt=\"\" title=\"\" data-src=\"https:\/\/somosorlando.com\/wp-content\/uploads\/2015\/10\/san_clemente_beach-b.jpg\" \/>\n\n\n\t<img class=\"ms-thumb\" src=\"https:\/\/somosorlando.com\/wp-content\/uploads\/2015\/10\/san_clemente_beach-b-127x90.jpg\" alt=\"\" \/>\n\t\t\t\t<\/div>\n\t\t\t\t<div  class=\"ms-slide\" data-delay=\"3\" data-fill-mode=\"fill\"  >\n\t\t\t\t\t<img src=\"https:\/\/somosorlando.com\/wp-content\/plugins\/masterslider2\/public\/assets\/css\/blank.gif\" alt=\"\" title=\"\" data-src=\"https:\/\/somosorlando.com\/wp-content\/uploads\/2015\/10\/san_clemente_city-b.jpg\" \/>\n\n\n\t<img class=\"ms-thumb\" src=\"https:\/\/somosorlando.com\/wp-content\/uploads\/2015\/10\/san_clemente_city-b-127x90.jpg\" alt=\"\" \/>\n\t\t\t\t<\/div>\n\n\t\t\t<\/div>\n\t\t\t<!-- END MasterSlider Main -->\n\n\t\t\t \n\t\t<\/div>\n\t\t<!-- END MasterSlider --> \n\t\t\n\t\t<script>\n\t\t(function ( $ ) {\n\t\t\t\"use strict\";\n\n\t\t\t$(function () {\n\t\t\t\tvar masterslider_0916 = new MasterSlider();\n\n\t\t\t\t\/\/ slider controls\n\t\t\t\tmasterslider_0916.control('arrows'     ,{ autohide:true, overVideo:true  });                    \n\t\t\t\tmasterslider_0916.control('thumblist'  ,{ autohide:false, overVideo:true, dir:'h', speed:17, inset:false, align:'bottom',type:'thumbs', margin:5, width:127, height:90, space:5, fillMode:'fill'  });\n\t\t\t\tmasterslider_0916.control('scrollbar'  ,{ autohide:false, overVideo:true, dir:'h', inset:true, align:'top', color:'#3D3D3D' , margin:10  , width:4 });\n\t\t\t\t\/\/ slider setup\n\t\t\t\tmasterslider_0916.setup(\"MS69d9293100916\", {\n\t\t\t\t\t\twidth           : 1000,\n\t\t\t\t\t\theight          : 500,\n\t\t\t\t\t\tspace           : 0,\n\t\t\t\t\t\tstart           : 1,\n\t\t\t\t\t\tgrabCursor      : true,\n\t\t\t\t\t\tswipe           : true,\n\t\t\t\t\t\tmouse           : true,\n\t\t\t\t\t\tkeyboard        : false,\n\t\t\t\t\t\tlayout          : \"boxed\", \n\t\t\t\t\t\twheel           : false,\n\t\t\t\t\t\tautoplay        : true,\n\t\t\t\t\t\tinstantStartLayers:false,\n\t\t\t\t\t\tloop            : false,\n\t\t\t\t\t\tshuffle         : false,\n\t\t\t\t\t\tpreload         : 4,\n\t\t\t\t\t\theightLimit     : true,\n\t\t\t\t\t\tautoHeight      : false,\n\t\t\t\t\t\tsmoothHeight    : true,\n\t\t\t\t\t\tendPause        : false,\n\t\t\t\t\t\toverPause       : false,\n\t\t\t\t\t\tfillMode        : \"fill\", \n\t\t\t\t\t\tcenterControls  : false,\n\t\t\t\t\t\tstartOnAppear   : false,\n\t\t\t\t\t\tlayersMode      : \"center\", \n\t\t\t\t\t\thideLayers      : false, \n\t\t\t\t\t\tfullscreenMargin: 0,\n\t\t\t\t\t\tspeed           : 20, \n\t\t\t\t\t\tdir             : \"h\", \n\t\t\t\t\t\tparallaxMode    : 'swipe',\n\t\t\t\t\t\tview            : \"parallaxMask\"\n\t\t\t\t});\n\t\t\t\t\n\n\t\t\t\t\n\t\t\t\twindow.masterslider_instances = window.masterslider_instances || [];\n\t\t\t\twindow.masterslider_instances.push( masterslider_0916 );\n\t\t\t });\n\t\t\t\n\t\t})(jQuery);\n\t\t<\/script> \n\t\t\n<\/div><\/div><\/div><\/div><div class=\"wpb_column vc_column_container vc_col-sm-4\"><div class=\"vc_column-inner \"><div class=\"wpb_wrapper\">\n\t<div class=\"wpb_text_column wpb_content_element \" >\n\t\t<div class=\"wpb_wrapper\">\n\t\t\t<h2 style=\"text-align: center;\">Porque Best Western Plus Casablanca Inn?<\/h2>\n\n\t\t<\/div>\n\t<\/div>\n<div class=\"vc_row wpb_row vc_inner vc_row-fluid vc_custom_1424495938716\"><div class=\"wpb_column vc_column_container vc_col-sm-4\"><div class=\"vc_column-inner \"><div class=\"wpb_wrapper\"><div id=\"ts-vcsc-icon-title-parent-1220483\" class=\"ts-vcsc-icon-title-parent    ts-icon-title-background clearFixMe \" style=\"height: auto; margin-top:0px; margin-bottom:20px; \"><div class=\" ts-icon-title-background\" style=\"height: 100%; background-color: #ffffff;\"><div style=\"height: 100%; ; padding: 10px; font-size: 15px; text-align: center; color: #3d3d3d; font-weight:normal; \" class=\"ts-vcsc-icon-title ts-shortcode  ts-icon-title  simple-style\"><div style=\"width: 100%; display: block;\"><i style=\"color:#8c8c8c;padding: 0px; background-color:; width: 60px; height: 60px; font-size: 60px; line-height: 60px;  text-align: center; display: inline-block !important; margin-bottom: 10px;\" class=\"ts-font-icon ts-title-icon-top ts-typicons-waves   \"><\/i><\/div><div class=\"ts-icon-title-text \" style=\"width: auto !important; text-align: center;\">Playas<\/div><\/div><\/div><\/div><div class=\"clearboth\"><\/div><\/div><\/div><\/div><div class=\"wpb_column vc_column_container vc_col-sm-4\"><div class=\"vc_column-inner \"><div class=\"wpb_wrapper\"><div id=\"ts-vcsc-icon-title-parent-6378903\" class=\"ts-vcsc-icon-title-parent    ts-icon-title-background clearFixMe \" style=\"height: auto; margin-top:0px; margin-bottom:20px; \"><div class=\" ts-icon-title-background\" style=\"height: 100%; background-color: #ffffff;\"><div style=\"height: 100%; ; padding: 10px; font-size: 15px; text-align: center; color: #3d3d3d; font-weight:normal; \" class=\"ts-vcsc-icon-title ts-shortcode  ts-icon-title  simple-style\"><div style=\"width: 100%; display: block;\"><i style=\"color:#8c8c8c;padding: 0px; background-color:; width: 60px; height: 60px; font-size: 60px; line-height: 60px;  text-align: center; display: inline-block !important; margin-bottom: 10px;\" class=\"ts-font-icon ts-title-icon-top ts-awesome-adn   \"><\/i><\/div><div class=\"ts-icon-title-text \" style=\"width: auto !important; text-align: center;\">Atraciones<\/div><\/div><\/div><\/div><div class=\"clearboth\"><\/div><\/div><\/div><\/div><div class=\"wpb_column vc_column_container vc_col-sm-4\"><div class=\"vc_column-inner \"><div class=\"wpb_wrapper\"><div id=\"ts-vcsc-icon-title-parent-5445023\" class=\"ts-vcsc-icon-title-parent    ts-icon-title-background clearFixMe \" style=\"height: auto; margin-top:0px; margin-bottom:20px; \"><div class=\" ts-icon-title-background\" style=\"height: 100%; background-color: #ffffff;\"><div style=\"height: 100%; ; padding: 10px; font-size: 15px; text-align: center; color: #3d3d3d; font-weight:normal; \" class=\"ts-vcsc-icon-title ts-shortcode  ts-icon-title  simple-style\"><div style=\"width: 100%; display: block;\"><i style=\"color:#8c8c8c;padding: 0px; background-color:; width: 60px; height: 60px; font-size: 60px; line-height: 60px;  text-align: center; display: inline-block !important; margin-bottom: 10px;\" class=\"ts-font-icon ts-title-icon-top ts-foundation-social-myspace   \"><\/i><\/div><div class=\"ts-icon-title-text \" style=\"width: auto !important; text-align: center;\">Reuniones<\/div><\/div><\/div><\/div><div class=\"clearboth\"><\/div><\/div><\/div><\/div><\/div><div class=\"vc_row wpb_row vc_inner vc_row-fluid\"><div class=\"wpb_column vc_column_container vc_col-sm-12\"><div class=\"vc_column-inner \"><div class=\"wpb_wrapper\">\n\t<div class=\"wpb_text_column wpb_content_element \" >\n\t\t<div class=\"wpb_wrapper\">\n\t\t\t<div id=\"page_content\">Amid the white sandy beaches and azure skies of beautiful San Clemente, the BEST WESTERN PLUS Casablanca Inn offers elegant, affordable accommodations just minutes from countless major attractions.<\/div>\n<div>Stay with us and enjoy some of the finest amenities you&#8217;ll find at a San Clemente hotel, with breakfast , HDTV, heated outdoor pool and a number of business services.\u00a0Enjoy free wireless Internet, relax in our gorgeous courtyard or squeeze in workout at out our fully-equipped fitness centre. It&#8217;s all part of the great value offered by our San Clemente, California hotel.<\/div>\n\n\t\t<\/div>\n\t<\/div>\n<\/div><\/div><\/div><\/div><div class=\"vc_separator wpb_content_element vc_separator_align_center vc_sep_width_100 vc_sep_pos_align_center vc_separator_no_text vc_sep_color_grey\" ><span class=\"vc_sep_holder vc_sep_holder_l\"><span  class=\"vc_sep_line\"><\/span><\/span><span class=\"vc_sep_holder vc_sep_holder_r\"><span  class=\"vc_sep_line\"><\/span><\/span>\n<\/div><\/div><\/div><\/div><\/div><div class=\"vc_row wpb_row vc_row-fluid\"><div class=\"wpb_column vc_column_container vc_col-sm-8\"><div class=\"vc_column-inner \"><div class=\"wpb_wrapper\">\n\t<div class=\"wpb_text_column wpb_content_element \" >\n\t\t<div class=\"wpb_wrapper\">\n\t\t\t<h2>Caracter\u00edsticas del Hotel<\/h2>\n<p>Adem\u00e1s de una piscina al aire libre, este hotel para no fumadores cuenta con un gimnasio y caf\u00e9 o t\u00e9 en el vest\u00edbulo. Podr\u00e1s disfrutar de un desayuno gratuito, wifi gratis en las zonas comunes y aparcamiento sin asistencia gratuito. Encontrar\u00e1s tambi\u00e9n, un centro de negocios, salas de conferencias y salas de reuniones.<\/p>\n<p>.<\/p>\n\n\t\t<\/div>\n\t<\/div>\n\n\t<div class=\"wpb_text_column wpb_content_element \" >\n\t\t<div class=\"wpb_wrapper\">\n\t\t\t<h2>Ubicaci\u00f3n<\/h2>\n<p>Este hotel de San Clemente para familias se encuentra en el distrito financiero, a menos de 3 kil\u00f3metros de Casa Rom\u00e1ntica, Muelle de San Clemente y Playa T-Street. Club de golf Shorecliffs y Campo de golf municipal de San Clemente tambi\u00e9n est\u00e1n a menos de 5 kil\u00f3metros.<\/p>\n\n\t\t<\/div>\n\t<\/div>\n\n\t<div class=\"wpb_text_column wpb_content_element \" >\n\t\t<div class=\"wpb_wrapper\">\n\t\t\t<h2>Servicios y Comodidades del Hotel<\/h2>\n<p>Las 63 habitaciones incluyen frigor\u00edfico y microondas, adem\u00e1s de wifi gratis y televisor LCD con canales por cable. Tambi\u00e9n podr\u00e1s disfrutar de estaci\u00f3n de conexi\u00f3n para iPod, cafetera y tetera y peri\u00f3dicos gratuitos.<\/p>\n\n\t\t<\/div>\n\t<\/div>\n<\/div><\/div><\/div><div class=\"wpb_column vc_column_container vc_col-sm-4\"><div class=\"vc_column-inner \"><div class=\"wpb_wrapper\">\n\t<div class=\"wpb_text_column wpb_content_element \" >\n\t\t<div class=\"wpb_wrapper\">\n\t\t\t<h3>Amenidades<\/h3>\n<ul>\n<li>Servicio de recepci\u00f3n 24 horas<\/li>\n<li>Parrilla\/s<\/li>\n<li>Centro empresarial<\/li>\n<li>T\u00e9 o caf\u00e9 en el vest\u00edbulo<\/li>\n<li>Peri\u00f3dicos gratis en el vest\u00edbulo<\/li>\n<li>Sala de ordenadores<\/li>\n<li>Espacio para conferencias<\/li>\n<li>Tama\u00f1o del espacio para conferencias (en pies): 1750<\/li>\n<li>Tama\u00f1o del espacio para conferencias (en metros): 158<\/li>\n<li>Servicio de tintorer\u00eda<\/li>\n<li>Ascensor<\/li>\n<li>Check-out r\u00e1pido<\/li>\n<li>Gimnasio<\/li>\n<li>Desayuno gratuito<\/li>\n<li>Aparcamiento sin asistencia gratuito<\/li>\n<li>Wifi gratuita<\/li>\n<li>Lavander\u00eda<\/li>\n<li>Consigna de equipaje<\/li>\n<li>Salas de reuniones<\/li>\n<li>Personal multiling\u00fce<\/li>\n<li>N\u00famero de edificios\/torres &#8211; 2<\/li>\n<li>N\u00famero de plantas &#8211; 3<\/li>\n<li>N\u00famero de salas de reuniones &#8211; 2<\/li>\n<li>Piscina al aire libre<\/li>\n<li>Caja fuerte en la recepci\u00f3n<\/li>\n<li>No se permite fumar en el alojamiento<\/li>\n<li>N\u00famero total de habitaciones &#8211; 63<\/li>\n<li>A\u00f1o de construcci\u00f3n 1988<\/li>\n<\/ul>\n\n\t\t<\/div>\n\t<\/div>\n<\/div><\/div><\/div><\/div>\n","protected":false},"excerpt":{"rendered":"Best Western Plus Casablanca InnSan Clemente,\u00a0California (function ( $ ) { \"use strict\"; $(function () { var masterslider_0dbe = new MasterSlider(); \/\/ slider controls masterslider_0dbe.control('arrows' ,{ autohide:true, overVideo:true }); masterslider_0dbe.control('thumblist' ,{ autohide:false, overVideo:true, dir:'h', speed:17, inset:false, align:'bottom',type:'thumbs', margin:5, width:127, height:90, space:5, fillMode:'fill' }); masterslider_0dbe.control('scrollbar' ,{ autohide:false, overVideo:true, dir:'h', inset:true, align:'top', color:'#3D3D3D' , margin:10 , width:4 }); \/\/ slider setup masterslider_0dbe.setup(\"MS69d9293110dbe\", { width : 1000, height : 500, space : 0, start : 1, grabCursor : true, swipe : true, mouse : true, keyboard : false, layout : \"boxed\", wheel : false, autoplay : true, instantStartLayers:false, loop : false, shuffle : [...]","protected":false},"author":1,"featured_media":0,"parent":9546,"menu_order":14,"comment_status":"open","ping_status":"closed","template":"template-full-width-tb.php","meta":[],"_links":{"self":[{"href":"https:\/\/somosorlando.com\/es\/wp-json\/wp\/v2\/pages\/15467"}],"collection":[{"href":"https:\/\/somosorlando.com\/es\/wp-json\/wp\/v2\/pages"}],"about":[{"href":"https:\/\/somosorlando.com\/es\/wp-json\/wp\/v2\/types\/page"}],"author":[{"embeddable":true,"href":"https:\/\/somosorlando.com\/es\/wp-json\/wp\/v2\/users\/1"}],"replies":[{"embeddable":true,"href":"https:\/\/somosorlando.com\/es\/wp-json\/wp\/v2\/comments?post=15467"}],"version-history":[{"count":7,"href":"https:\/\/somosorlando.com\/es\/wp-json\/wp\/v2\/pages\/15467\/revisions"}],"predecessor-version":[{"id":20900,"href":"https:\/\/somosorlando.com\/es\/wp-json\/wp\/v2\/pages\/15467\/revisions\/20900"}],"up":[{"embeddable":true,"href":"https:\/\/somosorlando.com\/es\/wp-json\/wp\/v2\/pages\/9546"}],"wp:attachment":[{"href":"https:\/\/somosorlando.com\/es\/wp-json\/wp\/v2\/media?parent=15467"}],"curies":[{"name":"wp","href":"https:\/\/api.w.org\/{rel}","templated":true}]}}