{"id":15599,"date":"2015-10-30T10:57:20","date_gmt":"2015-10-30T14:57:20","guid":{"rendered":"http:\/\/www.goorlandovacations.com\/destinos\/lake-tahoe-california\/"},"modified":"2016-04-13T17:00:56","modified_gmt":"2016-04-13T21:00:56","slug":"lake-tahoe-california","status":"publish","type":"page","link":"https:\/\/somosorlando.com\/es\/destinations\/lake-tahoe-california\/","title":{"rendered":"Lake Tahoe, California"},"content":{"rendered":"<div class=\"vc_row wpb_row vc_row-fluid facts vc_custom_1423733779336\"><div class=\"wpb_column vc_column_container vc_col-sm-12\"><div class=\"vc_column-inner vc_custom_1423732760542\"><div class=\"wpb_wrapper\"><div class=\"vc_empty_space\"   style=\"height: 1.5em\" ><span class=\"vc_empty_space_inner\"><\/span><\/div>\n<\/div><\/div><\/div><\/div><div class=\"vc_row wpb_row vc_row-fluid\"><div class=\"wpb_column vc_column_container vc_col-sm-8\"><div class=\"vc_column-inner \"><div class=\"wpb_wrapper\">\n\t<div class=\"wpb_text_column wpb_content_element \" >\n\t\t<div class=\"wpb_wrapper\">\n\t\t\t<p>Lake Tahoe es una importante atracci\u00f3n tur\u00edstica, tanto en Nevada como en California. Es el lugar de una serie de resorts de esqu\u00ed, recreaci\u00f3n de verano al aire libre, y atracciones tur\u00edsticas. La nieve y el esqu\u00ed son una parte importante de la econom\u00eda y la reputaci\u00f3n de la zona. Paisaje de monta\u00f1a y lago son atracciones durante todo el a\u00f1o. Carreteras rapidas proporcionan acceso a la zona durante todo el a\u00f1o. \u00bfSab\u00edas que Lake Tahoe es uno de los diez lagos m\u00e1s profundos del mundo? Lake Tahoe es una visita obligada. La ciudad de South Lake Tahoe se encuentra dentro de El Condado de El Dorado, California.<\/p>\n<h3><\/h3>\n<h3><div class=\"templatera_shortcode\"><div class=\"vc_row wpb_row vc_row-fluid\"><div class=\"wpb_column vc_column_container vc_col-sm-12\"><div class=\"vc_column-inner \"><div class=\"wpb_wrapper\"><div class=\"vc_empty_space\"   style=\"height: 32px\" ><span class=\"vc_empty_space_inner\"><\/span><\/div>\n<\/div><\/div><\/div><\/div><div class=\"vc_row wpb_row vc_row-fluid wrapper-weekly-special vc_custom_1458941606091 vc_row-has-fill\"><div class=\"wpb_column vc_column_container vc_col-sm-4\"><div class=\"vc_column-inner vc_custom_1458926234837\"><div class=\"wpb_wrapper\"><div class=\"vc_row wpb_row vc_inner vc_row-fluid vc_custom_1457563191918 vc_row-has-fill\"><div class=\"wpb_column vc_column_container vc_col-sm-12\"><div class=\"vc_column-inner vc_custom_1458926007122\"><div class=\"wpb_wrapper\">\n\t<div  class=\"wpb_single_image wpb_content_element vc_align_left  vc_custom_1458926015972  week-special-background\">\n\t\t\n\t\t<figure class=\"wpb_wrapper vc_figure\">\n\t\t\t<div class=\"vc_single_image-wrapper   vc_box_border_grey\"><img class=\"vc_single_image-img \" src=\"https:\/\/somosorlando.com\/wp-content\/uploads\/2015\/11\/backgroundORL-06-400x250.png\" width=\"400\" height=\"250\" alt=\"backgroundORL-06\" title=\"backgroundORL-06\" \/><\/div>\n\t\t<\/figure>\n\t<\/div>\n<\/div><\/div><\/div><\/div><\/div><\/div><\/div><div class=\"wpb_column vc_column_container vc_col-sm-8\"><div class=\"vc_column-inner \"><div class=\"wpb_wrapper\"><div class=\"vc_row wpb_row vc_inner vc_row-fluid block-header vc_custom_1458936350673 vc_row-has-fill\"><div class=\"wpb_column vc_column_container vc_col-sm-8\"><div class=\"vc_column-inner \"><div class=\"wpb_wrapper\"><h1 style=\"line-height: 1em;text-align: center;font-family:Raleway;font-weight:700;font-style:normal\" class=\"vc_custom_heading\" >OFERTA - ORLANDO<\/h1><\/div><\/div><\/div><div class=\"wpb_column vc_column_container vc_col-sm-4\"><div class=\"vc_column-inner \"><div class=\"wpb_wrapper\"><h5 style=\"line-height: 1em;text-align: right;font-family:Raleway;font-weight:400;font-style:normal\" class=\"vc_custom_heading\" >PRECIO<\/h5><h4 style=\"color: #e8a635;line-height: 1em;text-align: right;font-family:Raleway;font-weight:700;font-style:normal\" class=\"vc_custom_heading\" >$1399 \/ Family<\/h4><\/div><\/div><\/div><\/div><div class=\"vc_row wpb_row vc_inner vc_row-fluid block-footer vc_custom_1457563009434\"><div class=\"wpb_column vc_column_container vc_col-sm-3\"><div class=\"vc_column-inner \"><div class=\"wpb_wrapper\"><div class=\"ts-list-item  icon-font-deal  \"  style=\"margin-top: 0px; margin-bottom: 10px; text-align:left;font-size:15px;line-height:15px;color: #000000;\" data-viewport=\"\" data-delay=\"0\" data-animation=\"\" data-opacity=\"1\"><i class=\"ts-list-item-icon ts-font-icon typcn typcn-location \" style=\"color: #7dbd21; width: 30px; height: 30px; font-size: 30px; line-height: 30px;\"><\/i><div class=\"ts-list-item-content \"  style=\"color: #000000; padding-left: 10px;\">5 D\u00edas en Orlando<\/div><\/div><\/div><\/div><\/div><div class=\"wpb_column vc_column_container vc_col-sm-3\"><div class=\"vc_column-inner \"><div class=\"wpb_wrapper\"><div class=\"ts-list-item  icon-font-deal  \"  style=\"margin-top: 0px; margin-bottom: 10px; text-align:left;font-size:15px;line-height:15px;color: #000000;\" data-viewport=\"\" data-delay=\"0\" data-animation=\"\" data-opacity=\"1\"><i class=\"ts-list-item-icon ts-font-icon typcn typcn-location \" style=\"color: #7dbd21; width: 30px; height: 30px; font-size: 30px; line-height: 30px;\"><\/i><div class=\"ts-list-item-content \"  style=\"color: #000000; padding-left: 10px;\">3 D\u00edas en Miami<\/div><\/div><\/div><\/div><\/div><div class=\"wpb_column vc_column_container vc_col-sm-3\"><div class=\"vc_column-inner \"><div class=\"wpb_wrapper\"><div class=\"ts-list-item  icon-font-deal  \"  style=\"margin-top: 0px; margin-bottom: 10px; text-align:left;font-size:15px;line-height:15px;color: #000000;\" data-viewport=\"\" data-delay=\"0\" data-animation=\"\" data-opacity=\"1\"><i class=\"ts-list-item-icon ts-font-icon ts-icomoon-gift \" style=\"color: #af25dd; width: 30px; height: 30px; font-size: 30px; line-height: 30px;\"><\/i><div class=\"ts-list-item-content \"  style=\"color: #000000; padding-left: 10px;\">$150 de Voucher<\/div><\/div><\/div><\/div><\/div><div class=\"wpb_column vc_column_container vc_col-sm-3\"><div class=\"vc_column-inner \"><div class=\"wpb_wrapper\"><div class=\"ts-list-item  icon-font-deal  \"  style=\"margin-top: 0px; margin-bottom: 10px; text-align:left;font-size:15px;line-height:15px;color: #000000;\" data-viewport=\"\" data-delay=\"0\" data-animation=\"\" data-opacity=\"1\"><i class=\"ts-list-item-icon ts-font-icon ts-mapicons-boat-tour \" style=\"color: #1e73be; width: 30px; height: 30px; font-size: 30px; line-height: 30px;\"><\/i><div class=\"ts-list-item-content \"  style=\"color: #000000; padding-left: 10px;\">Crucero hacia Las Bahamas<\/div><\/div><\/div><\/div><\/div><\/div><\/div><\/div><\/div><\/div><div class=\"vc_row wpb_row vc_row-fluid\"><div class=\"wpb_column vc_column_container vc_col-sm-12\"><div class=\"vc_column-inner \"><div class=\"wpb_wrapper\"><div class=\"vc_empty_space\"   style=\"height: 32px\" ><span class=\"vc_empty_space_inner\"><\/span><\/div>\n<\/div><\/div><\/div><\/div>\n<\/div><\/h3>\n<h3><\/h3>\n<h3>Geograf\u00eda<\/h3>\n<p>Lake Tahoe es el segundo lago m\u00e1s profundo en los EE.UU., con una profundidad m\u00e1xima de 1.645 pies (501 m), s\u00f3lo por detr\u00e1s de Oregon Crater Lake en 1.949 ft. (594 m). Tahoe es tambi\u00e9n el lago m\u00e1s profundo 16 en el mundo, y el quinto m\u00e1s profundo de profundidad media. Es aproximadamente 22 millas (35 kil\u00f3metros) de largo y 12 millas (19 km) de ancho y tiene 72 millas (116 km) de la costa y una superficie de 191 millas cuadradas (490 km2).<br \/>\nEl lago se form\u00f3 hace unos 2 millones de a\u00f1os y es una parte de la cuenca del lago Tahoe con el lago moderno se forma durante la edad de hielo. Es conocido por la claridad de sus aguas y el panorama de las monta\u00f1as circundantes en todos los lados. La zona que rodea el lago tambi\u00e9n se conoce como el Lago Tahoe, o simplemente Tahoe. M\u00e1s del 75% de la cuenca del lago es terreno forestal nacional, que comprende la Unidad de Gesti\u00f3n de la Cuenca del Lago Tahoe del Servicio Forestal de los Estados Unidos.<\/p>\n<p>Aproximadamente dos terceras partes de la costa se encuentra en California. La costa sur est\u00e1 dominado por la mayor ciudad del lago, South Lake Tahoe, California, que linda con la ciudad de Stateline, Nevada, mientras que la ciudad de Tahoe, California, se encuentra en la orilla noroeste del lago. Aunque las carreteras corren a la vista de la orilla del lago durante gran parte del per\u00edmetro de Tahoe, muchas partes importantes de la mentira de la costa dentro de los parques estatales o est\u00e1n protegidos por el Servicio Forestal de los Estados Unidos. El lago Tahoe de Cuencas de 505 sq. Millas (1.310 km2) incluye el \u00e1rea de tierra que drena hacia el lago y el drenaje brecha Lake Tahoe atraviesa la misma \u00e1rea general como el Tahoe Rim Trail.<\/p>\n<h3>Clima<\/h3>\n<p>La media de los rangos de precipitaci\u00f3n anual de m\u00e1s de 55 pulgadas (1440 mm) para las cuencas hidrogr\u00e1ficas en el lado oeste de la cuenca de aproximadamente 26 pulgadas (660 mm) cerca del lago en el lado este de la cuenca. La mayor parte de la precipitaci\u00f3n cae en forma de nieve entre noviembre y abril, aunque las tormentas combinan con cuenta de deshielo r\u00e1pido de las inundaciones m\u00e1s grandes. Hay una corriente anual pronunciada de deshielo a finales de primavera y principios del verano, el momento en que var\u00eda de a\u00f1o en a\u00f1o. En algunos a\u00f1os, las tormentas del monz\u00f3n de verano de la Gran Cuenca traer lluvias intensas, especialmente a altas elevaciones en el lado noreste de la cuenca.<\/p>\n<p>Agosto suele ser el mes m\u00e1s c\u00e1lido en el Tahoe Aeropuerto Lago (elevaci\u00f3n 6.254 pies (1.906 m)), con una m\u00e1xima promedio de 78.7 \u00b0 F (25.9 \u00b0 C) y una m\u00ednima media de 39,8 \u00b0 F (4.3 \u00b0 C). Enero es el mes m\u00e1s fr\u00edo con una m\u00e1xima promedio de 41,0 \u00b0 F (5,0 \u00b0 C) y una media m\u00ednima de 15.1 \u00b0 F (-9,4 \u00b0 C). El m\u00e1ximo hist\u00f3rico de 99 \u00b0 F (37.2 \u00b0 C) se registr\u00f3 el 22 de julio de 1988. El m\u00ednimo de todos los tiempos de se registr\u00f3 el 09 de diciembre 1972 -29 \u00b0 F (-33.9 \u00b0 C), y 7 de febrero, 1989. Las temperaturas superan los 90 \u00b0 F (32,2 \u00b0 C) en un promedio de 2,0 d\u00edas al a\u00f1o. Las temperaturas m\u00ednimas de 32 \u00b0 F (0 \u00b0 C) o menos ocurren en un promedio de 231,8 d\u00edas al a\u00f1o, y las temperaturas m\u00ednimas de 0 \u00b0 F (-17.8 \u00b0 C) o se producen m\u00e1s bajo en un promedio de 7,6 d\u00edas al a\u00f1o. Las temperaturas de congelaci\u00f3n se han producido en todos los meses del a\u00f1o.<\/p>\n<h3>Las actividades tur\u00edsticas<\/h3>\n<p>Gran parte de la zona que rodea el lago Tahoe est\u00e1 dedicada a la industria del turismo y hay muchos restaurantes, pistas de esqu\u00ed, campos de golf y casinos que atienden a los visitantes.<\/p>\n<h4>Lake Tahoe Paseo en g\u00f3ndola<\/h4>\n<p>Durante la temporada de esqu\u00ed, miles de personas de todas partes de Nevada y California, incluyendo Reno, Las Vegas, Los \u00c1ngeles, San Diego, San Francisco y Sacramento, acuden a las pistas de esqu\u00ed alpino. Lake Tahoe, adem\u00e1s de su belleza panor\u00e1mica, es bien conocido por sus tormentas de nieve.<\/p>\n<p>Algunas de las principales \u00e1reas de esqu\u00ed en Tahoe incluyen:<\/p>\n<p>Heavenly Mountain Resort: la zona de esqu\u00ed m\u00e1s grande de California y Nevada, situada cerca de Stateline.<br \/>\nSquaw Valley: la estaci\u00f3n de esqu\u00ed m\u00e1s grande de segundo, conocido por su celebraci\u00f3n de los Juegos Ol\u00edmpicos de Invierno de 1960, ubicado cerca de Tahoe City.<br \/>\nAlpine Meadows: una zona de esqu\u00ed de tama\u00f1o mediano en la costa norte s\u00f3lo unas pocas millas de Squaw Valley.<br \/>\nDiamond Peak: una peque\u00f1a zona de esqu\u00ed situada en Incline Village, Nevada.<br \/>\nNorthstar at Tahoe: una popular zona de esqu\u00ed costa norte.<br \/>\nKirkwood Mountain Resort: una zona de esqu\u00ed que recibe m\u00e1s nieve que en cualquier otra \u00e1rea de esqu\u00ed en la regi\u00f3n Tahoe.<br \/>\nSierra-at-Tahoe: una zona de esqu\u00ed costa sur de tama\u00f1o mediano.<br \/>\nBoreal Mountain Resort: una peque\u00f1a zona de esqu\u00ed en Donner Pass.<br \/>\nSugar Bowl Ski Resort: una zona de esqu\u00ed de tama\u00f1o mediano en Donner Pass.<br \/>\nDonner Ski Ranch: una peque\u00f1a zona de esqu\u00ed en Donner Pass.<br \/>\nHomewood Mountain Resort: una zona de esqu\u00ed de tama\u00f1o mediano en la costa oeste.<br \/>\nMount Rose Ski Resort: una zona de esqu\u00ed de tama\u00f1o mediano noreste del lago, en Slide Mountain.<\/p>\n<h3>Transportaci\u00f3n<\/h3>\n<p>A Lake Tahoe se puede llegar directamente en coche, e indirectamente en tren o aire. El servicio de tren de pasajeros m\u00e1s cercana es la estaci\u00f3n de Amtrak en Truckee, y es servido por trenes de Amtrak, el California Zephyr, que circula diariamente entre Chicago y el \u00e1rea de la bah\u00eda de San Francisco.<\/p>\n<h4>Carreteras<\/h4>\n<p>US\u00a0Ruta 50 en South Lake Tahoe<br \/>\nLos visitantes pueden llegar a Lake Tahoe en dos horas desde el \u00e1rea de Sacramento, a una hora de Reno o treinta minutos de Carson City. En los meses de invierno, cadenas o neum\u00e1ticos de nieve a menudo son necesarias para llegar a Tahoe desde cualquier direcci\u00f3n. El tr\u00e1fico puede ser pesado en los fines de semana debido a los turistas, sino tambi\u00e9n por la intemperie.<br \/>\nLas rutas primarias a Lake Tahoe est\u00e1n en la carretera interestatal 80 a trav\u00e9s de Truckee, EE.UU. Ruta 50, y la Ruta Estatal de Nevada 431 a trav\u00e9s de Reno.<\/p>\n<p>La mayor\u00eda de las carreteras que acceden y que rodean el lago Tahoe son pavimentadas carreteras de monta\u00f1a de dos carriles. EEUU 50 es una autopista de cuatro carriles (desde el ca\u00f1\u00f3n del r\u00edo Sur Tenedor estadounidense en Riverton, sobre la Sierra Nevada en la Cumbre de Echo, y dentro de la Cuenca del Lago Tahoe, es un todo camino de dos carriles) que pasa al sur del lago y a lo largo de parte de la costa oriental.<\/p>\n<p>Ruta 89 del estado de California sigue la orilla occidental del lago por el pintoresco desierto y conecta lugares de camping, pesca y senderismo como los que en el Emerald Bay State Park, DL Bliss State Park y Camp Richardson. M\u00e1s adelante son comunidades como Meeks Bay y la ciudad de Tahoe. Por \u00faltimo, la carretera se aleja del lago y se dirige al noroeste hacia Truckee.<\/p>\n<p>California State Route 28 completa el circuito de la ciudad de Tahoe alrededor de la costa norte de comunidades como Kings Beach, Crystal Bay, y en Incline Village, Nevada, donde la carretera se convierte en Estado de Nevada Ruta 28. Ruta 28 regresa a lo largo de la costa oriental de Estados Unidos a 50 cerca Lago Spooner.<\/p>\n<h4>Aeropuertos<\/h4>\n<p>Reno-Tahoe International Aeropuerto \/ KRNO (Reno, Nevada)<br \/>\nSacramento International Aeropuerto \/ KSMF (Sacramento, California)<br \/>\nLake Tahoe Airport \/ KTVL (South Lake Tahoe, California)<br \/>\nTruckee-Tahoe Aeropuerto \/ KTRK (Truckee, California)<br \/>\nMinden-Tahoe Aeropuerto \/ KMEV (Minden, Nevada)<\/p>\n\n\t\t<\/div>\n\t<\/div>\n<\/div><\/div><\/div><div class=\"wpb_column vc_column_container vc_col-sm-4\"><div class=\"vc_column-inner \"><div class=\"wpb_wrapper\"><h2 style=\"text-align: center\" class=\"vc_custom_heading\" >\u00bfPor qu\u00e9 Lake Tahoe?<\/h2><div class=\"vc_row wpb_row vc_inner vc_row-fluid\"><div class=\"wpb_column vc_column_container vc_col-sm-4\"><div class=\"vc_column-inner \"><div class=\"wpb_wrapper\"><div id=\"ultimate-heading-967269dd18dc73d7e\" class=\"uvc-heading ult-adjust-bottom-margin ultimate-heading-967269dd18dc73d7e uvc-1316 fact\" data-hspacer=\"icon_only\"  data-halign=\"center\" style=\"text-align:center\"><div class=\"uvc-heading-spacer icon_only\" style=\"margin-bottom:10px;\"><div class=\"ult-just-icon-wrapper  \"><div class=\"align-icon\" style=\"text-align:center;\">\n<div class=\"aio-icon-img \" style=\"font-size:48px;display:inline-block;\" >\n\t<img class=\"img-icon\" alt=\"\" src=\"https:\/\/somosorlando.com\/wp-content\/uploads\/2015\/02\/icon-box-02-1.png\"\/>\n<\/div><\/div><\/div><\/div><div class=\"uvc-main-heading ult-responsive\"  data-ultimate-target='.uvc-heading.ultimate-heading-967269dd18dc73d7e h4'  data-responsive-json-new='{\"font-size\":\"\",\"line-height\":\"\"}' ><h4 style=\"font-weight:normal;margin-top:10px;margin-bottom:10px;\">Alojamiento<\/h4><\/div><\/div><\/div><\/div><\/div><div class=\"wpb_column vc_column_container vc_col-sm-4\"><div class=\"vc_column-inner \"><div class=\"wpb_wrapper\"><div id=\"ultimate-heading-431269dd18dc748e3\" class=\"uvc-heading ult-adjust-bottom-margin ultimate-heading-431269dd18dc748e3 uvc-6140 fact\" data-hspacer=\"icon_only\"  data-halign=\"center\" style=\"text-align:center\"><div class=\"uvc-heading-spacer icon_only\" style=\"margin-bottom:10px;\"><div class=\"ult-just-icon-wrapper  \"><div class=\"align-icon\" style=\"text-align:center;\">\n<div class=\"aio-icon-img \" style=\"font-size:48px;display:inline-block;\" >\n\t<img class=\"img-icon\" alt=\"\" src=\"https:\/\/somosorlando.com\/wp-content\/uploads\/2015\/02\/sep-element-02-1-01.png\"\/>\n<\/div><\/div><\/div><\/div><div class=\"uvc-main-heading ult-responsive\"  data-ultimate-target='.uvc-heading.ultimate-heading-431269dd18dc748e3 h4'  data-responsive-json-new='{\"font-size\":\"\",\"line-height\":\"\"}' ><h4 style=\"font-weight:normal;margin-top:10px;margin-bottom:10px;\">Actividades<\/h4><\/div><\/div><\/div><\/div><\/div><div class=\"wpb_column vc_column_container vc_col-sm-4\"><div class=\"vc_column-inner \"><div class=\"wpb_wrapper\"><div id=\"ultimate-heading-341869dd18dc753fb\" class=\"uvc-heading ult-adjust-bottom-margin ultimate-heading-341869dd18dc753fb uvc-5629 fact\" data-hspacer=\"icon_only\"  data-halign=\"center\" style=\"text-align:center\"><div class=\"uvc-heading-spacer icon_only\" style=\"margin-bottom:10px;\"><div class=\"ult-just-icon-wrapper  \"><div class=\"align-icon\" style=\"text-align:center;\">\n<div class=\"aio-icon-img \" style=\"font-size:48px;display:inline-block;\" >\n\t<img class=\"img-icon\" alt=\"\" src=\"https:\/\/somosorlando.com\/wp-content\/uploads\/2015\/02\/icon-header-08-2-1.png\"\/>\n<\/div><\/div><\/div><\/div><div class=\"uvc-main-heading ult-responsive\"  data-ultimate-target='.uvc-heading.ultimate-heading-341869dd18dc753fb h4'  data-responsive-json-new='{\"font-size\":\"\",\"line-height\":\"\"}' ><h4 style=\"font-weight:normal;margin-top:10px;margin-bottom:10px;\">Transporte<\/h4><\/div><\/div><\/div><\/div><\/div><\/div><div class=\"vc_row wpb_row vc_inner vc_row-fluid\"><div class=\"wpb_column vc_column_container vc_col-sm-12\"><div class=\"vc_column-inner \"><div class=\"wpb_wrapper\">\n\t<div class=\"wpb_text_column wpb_content_element \" >\n\t\t<div class=\"wpb_wrapper\">\n\t\t\t<p>En South Lake Tahoe usted encontrar\u00e1 una amplia gama de actividades al interior y al aire libre. Explore Tahoe y Urban Trailhead es una experiencia \u00fanica para todas las edades. Situado en Heavenly Village, junto a la g\u00f3ndola. Lake Tahoe, el lago alpino m\u00e1s grande en Am\u00e9rica del Norte. Sab\u00edas que Lake Tahoe es uno de los diez lagos m\u00e1s profundos del mundo? Lake Tahoe es una visita obligada.<\/p>\n<p>No hay mejor raz\u00f3n para venir a South Lake Tahoe que salir al aire libre. El Rim Trial Tahoe ofrece m\u00e1s opciones de excursion que usted ser\u00e1 capaz de completar en uno, dos o incluso cinco viajes a South Lake Tahoe (as\u00ed que aseg\u00farese de planificar su pr\u00f3ximo viaje de vuelta). Ciclismo alrededor del Lago Tahoe y en sus cadenas de monta\u00f1as, ofrece impresionantes vistas a lo largo de un gran paseo.<\/p>\n<p>Lake Tahoe es un apenas 3,5 horas en coche desde la zona de la bah\u00eda, o una hora en coche desde el aeropuerto internacional de Reno-Tahoe, con m\u00e1s de 120 vuelos diarios sin escalas. Conveniente servicio expreso desde Reno es disponibles varias veces al d\u00eda desde el South Tahoe Airporter.<br \/>\nOtra opci\u00f3n para los viajeros es el aeropuerto internacional de Sacramento; un viaje de dos horas, que ofrece 145 vuelos sin escalas.<\/p>\n\n\t\t<\/div>\n\t<\/div>\n<\/div><\/div><\/div><\/div><div class=\"vc_empty_space\"   style=\"height: 1.5em\" ><span class=\"vc_empty_space_inner\"><\/span><\/div>\n<div id=\"ultimate-heading-156869dd18dc76450\" class=\"uvc-heading ult-adjust-bottom-margin ultimate-heading-156869dd18dc76450 uvc-6029 \" data-hspacer=\"no_spacer\"  data-halign=\"center\" style=\"text-align:center\"><div class=\"uvc-heading-spacer no_spacer\" style=\"top\"><\/div><div class=\"uvc-main-heading ult-responsive\"  data-ultimate-target='.uvc-heading.ultimate-heading-156869dd18dc76450 h2'  data-responsive-json-new='{\"font-size\":\"\",\"line-height\":\"\"}' ><h2 style=\"font-weight:normal;margin-top:15px;\">Ofertas de Hoy<\/h2><\/div><div class=\"uvc-sub-heading ult-responsive\"  data-ultimate-target='.uvc-heading.ultimate-heading-156869dd18dc76450 .uvc-sub-heading '  data-responsive-json-new='{\"font-size\":\"\",\"line-height\":\"\"}'  style=\"font-weight:normal;margin-bottom:10px;\">Cupos Limitados<\/div><\/div><div class=\"vc_separator wpb_content_element vc_separator_align_center vc_sep_width_100 vc_sep_pos_align_center vc_separator_no_text vc_sep_color_grey\" ><span class=\"vc_sep_holder vc_sep_holder_l\"><span  class=\"vc_sep_line\"><\/span><\/span><span class=\"vc_sep_holder vc_sep_holder_r\"><span  class=\"vc_sep_line\"><\/span><\/span>\n<\/div><div id=\"ts-vcsc-image-hover-9850357\" class=\"ts-image-hover-frame ts-imagefloat-center  destinations-page-hover  ts-trigger-hover-adjust\"  style=\"width: 100%; margin-top: 0px; margin-bottom: 20px;\"><div id=\"ts-vcsc-image-hover-9850357-counter\" class=\"ts-fluid-wrapper \" style=\"width: 100%; height: auto;\"><div id=\"ts-vcsc-image-hover-9850357-mask\" class=\"ts-imagehover ts-imagehover-static ts-imagehover-style1 ts-trigger-hover \" data-trigger=\"ts-trigger-hover\" data-closer=\"ts-vcsc-image-hover-9850357-closer\" style=\"width: 100%; height: auto; \"><img src=\"https:\/\/somosorlando.com\/wp-content\/uploads\/2015\/10\/Lake-Suite-Resort-display.jpg\" data-no-lazy=\"1\" alt=\"Lake-Suite-Resort-display\" style=\"width: 100%; height: auto;\"\/><div class=\"mask\" style=\" width: 100%; height: 100%; display: block;\"><h2 class=\"ts-image-hover-title\" style=\"   \">Forest Suites Resort<\/h2><div id=\"ts-vcsc-image-hover-9850357-maskcontent\" class=\"maskcontent\" style=\" \">With direct access to the slopes, Forest Suites Resort at Heavenly Village makes guests feel at home with amenities like massage\/treatment rooms and an outdoor pool.<\/div><a id=\"ts-vcsc-image-hover-9850357-readmore\" style=\"   \" href=\"http:\/\/somosorlando.com\/getaways\/lake-tahoe-forest-suites-resort\/\" class=\"info ts-image-hover-button\" target=\"_parent\">Read More<\/a><\/div><\/div><\/div><\/div><div id=\"ts-vcsc-image-hover-7286324\" class=\"ts-image-hover-frame ts-imagefloat-center  destinations-page-hover  ts-trigger-hover-adjust\"  style=\"width: 100%; margin-top: 0px; margin-bottom: 20px;\"><div id=\"ts-vcsc-image-hover-7286324-counter\" class=\"ts-fluid-wrapper \" style=\"width: 100%; height: auto;\"><div id=\"ts-vcsc-image-hover-7286324-mask\" class=\"ts-imagehover ts-imagehover-static ts-imagehover-style1 ts-trigger-hover \" data-trigger=\"ts-trigger-hover\" data-closer=\"ts-vcsc-image-hover-7286324-closer\" style=\"width: 100%; height: auto; \"><img src=\"https:\/\/somosorlando.com\/wp-content\/uploads\/2015\/10\/Tahoe-Seasons-display.jpg\" data-no-lazy=\"1\" alt=\"Tahoe-Seasons-display\" style=\"width: 100%; height: auto;\"\/><div class=\"mask\" style=\" width: 100%; height: 100%; display: block;\"><h2 class=\"ts-image-hover-title\" style=\"   \">Tahoe Seasons Resort<\/h2><div id=\"ts-vcsc-image-hover-7286324-maskcontent\" class=\"maskcontent\" style=\" \">This suite-style resort in South Lake Tahoe has guest rooms with free Wi-Fi and a year-round, heated outdoor pool and hot tub.<\/div><a id=\"ts-vcsc-image-hover-7286324-readmore\" style=\"   \" href=\"http:\/\/somosorlando.com\/getaways\/lake-tahoe-tahoe-seasons-resort\/\" class=\"info ts-image-hover-button\" target=\"_parent\">Read More<\/a><\/div><\/div><\/div><\/div><\/div><\/div><\/div><\/div>\n","protected":false},"excerpt":{"rendered":"Lake Tahoe es una importante atracci\u00f3n tur\u00edstica, tanto en Nevada como en California. Es el lugar de una serie de resorts de esqu\u00ed, recreaci\u00f3n de verano al aire libre, y atracciones tur\u00edsticas. La nieve y el esqu\u00ed son una parte importante de la econom\u00eda y la reputaci\u00f3n de la zona. Paisaje de monta\u00f1a y lago son atracciones durante todo el a\u00f1o. Carreteras rapidas proporcionan acceso a la zona durante todo el a\u00f1o. \u00bfSab\u00edas que Lake Tahoe es uno de los diez lagos m\u00e1s profundos del mundo? Lake Tahoe es una visita obligada. La ciudad de South Lake Tahoe se encuentra [...]","protected":false},"author":1,"featured_media":0,"parent":2139,"menu_order":14,"comment_status":"open","ping_status":"closed","template":"template-full-width-tb.php","meta":[],"_links":{"self":[{"href":"https:\/\/somosorlando.com\/es\/wp-json\/wp\/v2\/pages\/15599"}],"collection":[{"href":"https:\/\/somosorlando.com\/es\/wp-json\/wp\/v2\/pages"}],"about":[{"href":"https:\/\/somosorlando.com\/es\/wp-json\/wp\/v2\/types\/page"}],"author":[{"embeddable":true,"href":"https:\/\/somosorlando.com\/es\/wp-json\/wp\/v2\/users\/1"}],"replies":[{"embeddable":true,"href":"https:\/\/somosorlando.com\/es\/wp-json\/wp\/v2\/comments?post=15599"}],"version-history":[{"count":25,"href":"https:\/\/somosorlando.com\/es\/wp-json\/wp\/v2\/pages\/15599\/revisions"}],"predecessor-version":[{"id":17818,"href":"https:\/\/somosorlando.com\/es\/wp-json\/wp\/v2\/pages\/15599\/revisions\/17818"}],"up":[{"embeddable":true,"href":"https:\/\/somosorlando.com\/es\/wp-json\/wp\/v2\/pages\/2139"}],"wp:attachment":[{"href":"https:\/\/somosorlando.com\/es\/wp-json\/wp\/v2\/media?parent=15599"}],"curies":[{"name":"wp","href":"https:\/\/api.w.org\/{rel}","templated":true}]}}