{"id":15702,"date":"2015-11-02T13:22:27","date_gmt":"2015-11-02T18:22:27","guid":{"rendered":"http:\/\/www.goorlandovacations.com\/?page_id=15702"},"modified":"2016-04-08T13:39:20","modified_gmt":"2016-04-08T17:39:20","slug":"sedona-arizona","status":"publish","type":"page","link":"https:\/\/somosorlando.com\/es\/destinations\/sedona-arizona\/","title":{"rendered":"Sedona, Arizona"},"content":{"rendered":"<div class=\"vc_row wpb_row vc_row-fluid\"><div class=\"wpb_column vc_column_container vc_col-sm-12\"><div class=\"vc_column-inner \"><div class=\"wpb_wrapper\"><div class=\"vc_empty_space\"   style=\"height: 2em\" ><span class=\"vc_empty_space_inner\"><\/span><\/div>\n<\/div><\/div><\/div><\/div><div class=\"vc_row wpb_row vc_row-fluid\"><div class=\"wpb_column vc_column_container vc_col-sm-8\"><div class=\"vc_column-inner \"><div class=\"wpb_wrapper\">\n\t<div class=\"wpb_text_column wpb_content_element \" >\n\t\t<div class=\"wpb_wrapper\">\n\t\t\t<h2><\/h2>\n<p>Sedona es sensacional e intensamente espiritual, hasta algunos dicen sagrada. Ubicado entre formaciones de arenisca roja en el extremo sur del valle de 16 millas que es Oak Creek Canyon. Formaciones de piedra multicolores sobresalen hacia arriba desde el piso alto del desierto creando un entorno vivo, fascinante que cambia cada hora con la luz.<\/p>\n<p>Rodeado de 1,8 millones de acres de tierras forestales nacionales, los visitantes tienen acceso instant\u00e1neo a las actividades recreativas. Senderos para caminatas y ciclismo, junto con pistas jeep hinchables, tejen entre el bosque erizada de pin\u00e1culos, agujas, motas y c\u00fapulas. Sin embargo, nunca estar\u00e1 lejos de las indulgencias de la ciudad.<\/p>\n<p>La atracci\u00f3n principal de Sedona es su variedad de formaciones de arenisca roja. Las formaciones aparecen brillar en naranja brillante y rojo cuando se ilumina por la naciente o poniente sol. Las rocas rojas forman un tel\u00f3n de fondo popular para muchas actividades, que van desde la b\u00fasqueda espiritual al senderismo y ciclismo de monta\u00f1a.<\/p>\n<h3><div class=\"templatera_shortcode\"><div class=\"vc_row wpb_row vc_row-fluid\"><div class=\"wpb_column vc_column_container vc_col-sm-12\"><div class=\"vc_column-inner \"><div class=\"wpb_wrapper\"><div class=\"vc_empty_space\"   style=\"height: 32px\" ><span class=\"vc_empty_space_inner\"><\/span><\/div>\n<\/div><\/div><\/div><\/div><div class=\"vc_row wpb_row vc_row-fluid wrapper-weekly-special vc_custom_1458941606091 vc_row-has-fill\"><div class=\"wpb_column vc_column_container vc_col-sm-4\"><div class=\"vc_column-inner vc_custom_1458926234837\"><div class=\"wpb_wrapper\"><div class=\"vc_row wpb_row vc_inner vc_row-fluid vc_custom_1457563191918 vc_row-has-fill\"><div class=\"wpb_column vc_column_container vc_col-sm-12\"><div class=\"vc_column-inner vc_custom_1458926007122\"><div class=\"wpb_wrapper\">\n\t<div  class=\"wpb_single_image wpb_content_element vc_align_left  vc_custom_1458926015972  week-special-background\">\n\t\t\n\t\t<figure class=\"wpb_wrapper vc_figure\">\n\t\t\t<div class=\"vc_single_image-wrapper   vc_box_border_grey\"><img class=\"vc_single_image-img \" src=\"https:\/\/somosorlando.com\/wp-content\/uploads\/2015\/11\/backgroundORL-06-400x250.png\" width=\"400\" height=\"250\" alt=\"backgroundORL-06\" title=\"backgroundORL-06\" \/><\/div>\n\t\t<\/figure>\n\t<\/div>\n<\/div><\/div><\/div><\/div><\/div><\/div><\/div><div class=\"wpb_column vc_column_container vc_col-sm-8\"><div class=\"vc_column-inner \"><div class=\"wpb_wrapper\"><div class=\"vc_row wpb_row vc_inner vc_row-fluid block-header vc_custom_1458936350673 vc_row-has-fill\"><div class=\"wpb_column vc_column_container vc_col-sm-8\"><div class=\"vc_column-inner \"><div class=\"wpb_wrapper\"><h1 style=\"line-height: 1em;text-align: center;font-family:Raleway;font-weight:700;font-style:normal\" class=\"vc_custom_heading\" >OFERTA - ORLANDO<\/h1><\/div><\/div><\/div><div class=\"wpb_column vc_column_container vc_col-sm-4\"><div class=\"vc_column-inner \"><div class=\"wpb_wrapper\"><h5 style=\"line-height: 1em;text-align: right;font-family:Raleway;font-weight:400;font-style:normal\" class=\"vc_custom_heading\" >PRECIO<\/h5><h4 style=\"color: #e8a635;line-height: 1em;text-align: right;font-family:Raleway;font-weight:700;font-style:normal\" class=\"vc_custom_heading\" >$1399 \/ Family<\/h4><\/div><\/div><\/div><\/div><div class=\"vc_row wpb_row vc_inner vc_row-fluid block-footer vc_custom_1457563009434\"><div class=\"wpb_column vc_column_container vc_col-sm-3\"><div class=\"vc_column-inner \"><div class=\"wpb_wrapper\"><div class=\"ts-list-item  icon-font-deal  \"  style=\"margin-top: 0px; margin-bottom: 10px; text-align:left;font-size:15px;line-height:15px;color: #000000;\" data-viewport=\"\" data-delay=\"0\" data-animation=\"\" data-opacity=\"1\"><i class=\"ts-list-item-icon ts-font-icon typcn typcn-location \" style=\"color: #7dbd21; width: 30px; height: 30px; font-size: 30px; line-height: 30px;\"><\/i><div class=\"ts-list-item-content \"  style=\"color: #000000; padding-left: 10px;\">5 D\u00edas en Orlando<\/div><\/div><\/div><\/div><\/div><div class=\"wpb_column vc_column_container vc_col-sm-3\"><div class=\"vc_column-inner \"><div class=\"wpb_wrapper\"><div class=\"ts-list-item  icon-font-deal  \"  style=\"margin-top: 0px; margin-bottom: 10px; text-align:left;font-size:15px;line-height:15px;color: #000000;\" data-viewport=\"\" data-delay=\"0\" data-animation=\"\" data-opacity=\"1\"><i class=\"ts-list-item-icon ts-font-icon typcn typcn-location \" style=\"color: #7dbd21; width: 30px; height: 30px; font-size: 30px; line-height: 30px;\"><\/i><div class=\"ts-list-item-content \"  style=\"color: #000000; padding-left: 10px;\">3 D\u00edas en Miami<\/div><\/div><\/div><\/div><\/div><div class=\"wpb_column vc_column_container vc_col-sm-3\"><div class=\"vc_column-inner \"><div class=\"wpb_wrapper\"><div class=\"ts-list-item  icon-font-deal  \"  style=\"margin-top: 0px; margin-bottom: 10px; text-align:left;font-size:15px;line-height:15px;color: #000000;\" data-viewport=\"\" data-delay=\"0\" data-animation=\"\" data-opacity=\"1\"><i class=\"ts-list-item-icon ts-font-icon ts-icomoon-gift \" style=\"color: #af25dd; width: 30px; height: 30px; font-size: 30px; line-height: 30px;\"><\/i><div class=\"ts-list-item-content \"  style=\"color: #000000; padding-left: 10px;\">$150 de Voucher<\/div><\/div><\/div><\/div><\/div><div class=\"wpb_column vc_column_container vc_col-sm-3\"><div class=\"vc_column-inner \"><div class=\"wpb_wrapper\"><div class=\"ts-list-item  icon-font-deal  \"  style=\"margin-top: 0px; margin-bottom: 10px; text-align:left;font-size:15px;line-height:15px;color: #000000;\" data-viewport=\"\" data-delay=\"0\" data-animation=\"\" data-opacity=\"1\"><i class=\"ts-list-item-icon ts-font-icon ts-mapicons-boat-tour \" style=\"color: #1e73be; width: 30px; height: 30px; font-size: 30px; line-height: 30px;\"><\/i><div class=\"ts-list-item-content \"  style=\"color: #000000; padding-left: 10px;\">Crucero hacia Las Bahamas<\/div><\/div><\/div><\/div><\/div><\/div><\/div><\/div><\/div><\/div><div class=\"vc_row wpb_row vc_row-fluid\"><div class=\"wpb_column vc_column_container vc_col-sm-12\"><div class=\"vc_column-inner \"><div class=\"wpb_wrapper\"><div class=\"vc_empty_space\"   style=\"height: 32px\" ><span class=\"vc_empty_space_inner\"><\/span><\/div>\n<\/div><\/div><\/div><\/div>\n<\/div><\/h3>\n<h3>Geograf\u00eda<\/h3>\n<p>Sedona est\u00e1 situado en 34 \u00b0 51&#8217;36 \u00abN 111 \u00b0 47&#8217;21\u00bb W, que est\u00e1 en la parte alta del desierto de Sonora en el norte de Arizona. A una altura de 4.500 pies (1.372 miles), Sedona tiene inviernos suaves y veranos calientes. Tiene una superficie total de 19,2 millas cuadradas (49,7 km2), de los cuales 0,04 millas cuadradas (0,1 km2), o 0.22%, es agua .<\/p>\n<p>Las famosas rocas rojas de Sedona est\u00e1n formados por una capa de roca conocida como la formaci\u00f3n Schnebly Hill. La formaci\u00f3n Schnebly Hill es una gruesa capa de rojo a anaranjado de piedra arenisca que s\u00f3lo se encuentra en las cercan\u00edas de Sedona. La piedra arenisca, miembro del grupo Supai, se deposit\u00f3 durante el Per\u00edodo P\u00e9rmico.<\/p>\n<h3>Clima<\/h3>\n<p>Sedona tiene un clima semi\u00e1rido templado. En enero, la temperatura m\u00e1xima promedio es de 57 \u00b0 F (14 \u00b0 C) con un m\u00ednimo de 31 \u00b0 F (-1 \u00b0 C). En julio, la temperatura m\u00e1xima promedio es de 97 \u00b0 F (34 \u00b0 C) con un m\u00ednimo de 64 \u00b0 F (17 \u00b0 C). La precipitaci\u00f3n anual es de poco m\u00e1s de 19 pulgadas (480 mm).<\/p>\n<h3>Cultura<\/h3>\n<p>Numerosos eventos se alojan anualmente en la zona de Sedona, incluyendo:<\/p>\n<p>Festival Internacional de Cine de Sedona<br \/>\nSedona Jazz on the Rocks Festival<br \/>\nSedona Marathon<br \/>\nEl Sedona Miracle Annual Charity Fundraiser<br \/>\nFestival Internacional de Yoga Sedona<br \/>\nIlumine Festival de Cine<br \/>\nSedona Festival Bluegrass<br \/>\nSedona es el hogar de varias organizaciones art\u00edsticas notables en el norte de Arizona.<br \/>\nChamber Music Sedona patrocina un programa de m\u00fasica de c\u00e1mara a\u00f1o de octubre a mayo. Tambi\u00e9n patrocinan el MET: transmisiones HD en vivo de \u00f3pera en Sedona.<br \/>\nEl Centro de Sedona Artes, es el centro de arte m\u00e1s antigua en el norte de Arizona.<\/p>\n<p>Festival Internacional de Cine de Sedona y Taller fue establecido en 1995. El festival anual de una semana tiene lugar a finales de febrero y principios de marzo en Harkins Theatres mientras que los eventos complementarios tienen lugar en estaciones de la zona y restaurantes. El festival tambi\u00e9n organiza eventos mensuales.<\/p>\n<p>Gumption Fest, es uno de los mayores festivales de m\u00fasica libre y las artes en el norte de Arizona, de acuerdo con el Sedona Red Rock News.<br \/>\nHay una industria especializada de turismo de la Nueva Era en Sedona, donde la \u00abConvergencia Arm\u00f3nica\u00bb. Algunos pretenden que los \u00abv\u00f3rtices espirituales\u00bb se concentran en la zona de Sedona de Bell Rock, Aeropuerto Mesa, roca de la catedral, y Boynton Canyon.<\/p>\n\n\t\t<\/div>\n\t<\/div>\n<\/div><\/div><\/div><div class=\"wpb_column vc_column_container vc_col-sm-4\"><div class=\"vc_column-inner \"><div class=\"wpb_wrapper\"><h2 style=\"text-align: center\" class=\"vc_custom_heading\" >\u00bfPor qu\u00e9 Sedona?<\/h2><div class=\"vc_row wpb_row vc_inner vc_row-fluid\"><div class=\"wpb_column vc_column_container vc_col-sm-4\"><div class=\"vc_column-inner \"><div class=\"wpb_wrapper\"><div id=\"ultimate-heading-504569dd177ae516c\" class=\"uvc-heading ult-adjust-bottom-margin ultimate-heading-504569dd177ae516c uvc-3951 fact\" data-hspacer=\"icon_only\"  data-halign=\"center\" style=\"text-align:center\"><div class=\"uvc-heading-spacer icon_only\" style=\"margin-bottom:10px;\"><div class=\"ult-just-icon-wrapper  \"><div class=\"align-icon\" style=\"text-align:center;\">\n<div class=\"aio-icon-img \" style=\"font-size:48px;display:inline-block;\" >\n\t<img class=\"img-icon\" alt=\"\" src=\"https:\/\/somosorlando.com\/wp-content\/uploads\/2015\/02\/icon-box-02-1.png\"\/>\n<\/div><\/div><\/div><\/div><div class=\"uvc-main-heading ult-responsive\"  data-ultimate-target='.uvc-heading.ultimate-heading-504569dd177ae516c h4'  data-responsive-json-new='{\"font-size\":\"\",\"line-height\":\"\"}' ><h4 style=\"font-weight:normal;margin-top:10px;margin-bottom:10px;\">Alojamiento<\/h4><\/div><\/div><\/div><\/div><\/div><div class=\"wpb_column vc_column_container vc_col-sm-4\"><div class=\"vc_column-inner \"><div class=\"wpb_wrapper\"><div id=\"ultimate-heading-47869dd177ae5cab\" class=\"uvc-heading ult-adjust-bottom-margin ultimate-heading-47869dd177ae5cab uvc-8937 fact\" data-hspacer=\"icon_only\"  data-halign=\"center\" style=\"text-align:center\"><div class=\"uvc-heading-spacer icon_only\" style=\"margin-bottom:10px;\"><div class=\"ult-just-icon-wrapper  \"><div class=\"align-icon\" style=\"text-align:center;\">\n<div class=\"aio-icon-img \" style=\"font-size:48px;display:inline-block;\" >\n\t<img class=\"img-icon\" alt=\"\" src=\"https:\/\/somosorlando.com\/wp-content\/uploads\/2015\/02\/sep-element-02-1-01.png\"\/>\n<\/div><\/div><\/div><\/div><div class=\"uvc-main-heading ult-responsive\"  data-ultimate-target='.uvc-heading.ultimate-heading-47869dd177ae5cab h4'  data-responsive-json-new='{\"font-size\":\"\",\"line-height\":\"\"}' ><h4 style=\"font-weight:normal;margin-top:10px;margin-bottom:10px;\">Actividades<\/h4><\/div><\/div><\/div><\/div><\/div><div class=\"wpb_column vc_column_container vc_col-sm-4\"><div class=\"vc_column-inner \"><div class=\"wpb_wrapper\"><div id=\"ultimate-heading-313669dd177ae6799\" class=\"uvc-heading ult-adjust-bottom-margin ultimate-heading-313669dd177ae6799 uvc-6845 fact\" data-hspacer=\"icon_only\"  data-halign=\"center\" style=\"text-align:center\"><div class=\"uvc-heading-spacer icon_only\" style=\"margin-bottom:10px;\"><div class=\"ult-just-icon-wrapper  \"><div class=\"align-icon\" style=\"text-align:center;\">\n<div class=\"aio-icon-img \" style=\"font-size:48px;display:inline-block;\" >\n\t<img class=\"img-icon\" alt=\"\" src=\"https:\/\/somosorlando.com\/wp-content\/uploads\/2015\/02\/icon-header-08-2-1.png\"\/>\n<\/div><\/div><\/div><\/div><div class=\"uvc-main-heading ult-responsive\"  data-ultimate-target='.uvc-heading.ultimate-heading-313669dd177ae6799 h4'  data-responsive-json-new='{\"font-size\":\"\",\"line-height\":\"\"}' ><h4 style=\"font-weight:normal;margin-top:10px;margin-bottom:10px;\">Transporte<\/h4><\/div><\/div><\/div><\/div><\/div><\/div>\n\t<div class=\"wpb_text_column wpb_content_element \" >\n\t\t<div class=\"wpb_wrapper\">\n\t\t\t<p>Como uno de los destinos m\u00e1s populares en el suroeste, Sedona ha desarrollado una infraestructura amplia de opciones de alojamiento. Son tan variadas como las propias formaciones de roca roja. Tratamientos de spa, atenci\u00f3n de invitados orientada y exquisitos restaurantes est\u00e1n dise\u00f1ados para obtener el m\u00e1ximo cuidado del cuerpo. Los estilos van desde haciendas tipo Suroeste a pueblos nativos americanos a una posada de campo franc\u00e9s.<\/p>\n<p>No importa la cantidad de tiempo que tiene en Sedona, no se puede ver todo. Con grupos de maravillas naturales en todas las direcciones, es dif\u00edcil precisar una lista espec\u00edfica de las atracciones. \u00bfTe has preguntado por qu\u00e9 Sedona es la meca de la sanaci\u00f3n espiritual? Actividades en Sedona tambi\u00e9n incluyen la fotograf\u00eda o la pintura talleres, catas de vino, nadando en Oak Creek, en kayak por el r\u00edo Verde o alquilar un jeep para ir a explorar.<\/p>\n<p>Si viaja en coche, considere la opcion de la Ruta Estatal (SR) 179 que est\u00e1 nominado como un All American Road por la FHWA, en base a sus cualidades naturales, recreativas y paisajes. El Programa Nacional de Caminos Panor\u00e1micos reconoce, preserva y realza las carreteras de los Estados Unidos que ha seleccionado. Considere tomar un vuelo a Sedona y aterrizar en uno de los aeropuertos m\u00e1s pintorescos del pa\u00eds.<\/p>\n\n\t\t<\/div>\n\t<\/div>\n<div class=\"vc_empty_space\"   style=\"height: 1.5em\" ><span class=\"vc_empty_space_inner\"><\/span><\/div>\n<div id=\"ultimate-heading-941569dd177ae6dee\" class=\"uvc-heading ult-adjust-bottom-margin ultimate-heading-941569dd177ae6dee uvc-7852 \" data-hspacer=\"no_spacer\"  data-halign=\"center\" style=\"text-align:center\"><div class=\"uvc-heading-spacer no_spacer\" style=\"top\"><\/div><div class=\"uvc-main-heading ult-responsive\"  data-ultimate-target='.uvc-heading.ultimate-heading-941569dd177ae6dee h2'  data-responsive-json-new='{\"font-size\":\"\",\"line-height\":\"\"}' ><h2 style=\"font-weight:normal;margin-top:15px;\">Today's Deals<\/h2><\/div><div class=\"uvc-sub-heading ult-responsive\"  data-ultimate-target='.uvc-heading.ultimate-heading-941569dd177ae6dee .uvc-sub-heading '  data-responsive-json-new='{\"font-size\":\"\",\"line-height\":\"\"}'  style=\"font-weight:normal;margin-bottom:10px;\">Availability is Limited<\/div><\/div><div class=\"vc_separator wpb_content_element vc_separator_align_center vc_sep_width_100 vc_sep_pos_align_center vc_separator_no_text vc_sep_color_grey\" ><span class=\"vc_sep_holder vc_sep_holder_l\"><span  class=\"vc_sep_line\"><\/span><\/span><span class=\"vc_sep_holder vc_sep_holder_r\"><span  class=\"vc_sep_line\"><\/span><\/span>\n<\/div><div id=\"ts-vcsc-image-hover-6251966\" class=\"ts-image-hover-frame ts-imagefloat-center  destinations-page-hover  ts-trigger-hover-adjust\"  style=\"width: 100%; margin-top: 0px; margin-bottom: 20px;\"><div id=\"ts-vcsc-image-hover-6251966-counter\" class=\"ts-fluid-wrapper \" style=\"width: 100%; height: auto;\"><div id=\"ts-vcsc-image-hover-6251966-mask\" class=\"ts-imagehover ts-imagehover-static ts-imagehover-style1 ts-trigger-hover \" data-trigger=\"ts-trigger-hover\" data-closer=\"ts-vcsc-image-hover-6251966-closer\" style=\"width: 100%; height: auto; \"><img src=\"https:\/\/somosorlando.com\/wp-content\/uploads\/2015\/10\/Days-Inn-display.jpg\" data-no-lazy=\"1\" alt=\"Days-Inn-display\" style=\"width: 100%; height: auto;\"\/><div class=\"mask\" style=\" width: 100%; height: 100%; display: block;\"><h2 class=\"ts-image-hover-title\" style=\"   \">Days Inn<\/h2><div id=\"ts-vcsc-image-hover-6251966-maskcontent\" class=\"maskcontent\" style=\" \">Guests of Days Inn Sedona enjoy warmly welcoming accommodations and a host of all-inclusive amenities.<\/div><a id=\"ts-vcsc-image-hover-6251966-readmore\" style=\"   \" href=\"http:\/\/somosorlando.com\/getaways\/sedona-days-inn\/\" class=\"info ts-image-hover-button\" target=\"_parent\">Read More<\/a><\/div><\/div><\/div><\/div><div id=\"ts-vcsc-image-hover-9967611\" class=\"ts-image-hover-frame ts-imagefloat-center  destinations-page-hover  ts-trigger-hover-adjust\"  style=\"width: 100%; margin-top: 0px; margin-bottom: 20px;\"><div id=\"ts-vcsc-image-hover-9967611-counter\" class=\"ts-fluid-wrapper \" style=\"width: 100%; height: auto;\"><div id=\"ts-vcsc-image-hover-9967611-mask\" class=\"ts-imagehover ts-imagehover-static ts-imagehover-style1 ts-trigger-hover \" data-trigger=\"ts-trigger-hover\" data-closer=\"ts-vcsc-image-hover-9967611-closer\" style=\"width: 100%; height: auto; \"><img src=\"https:\/\/somosorlando.com\/wp-content\/uploads\/2015\/10\/Arabella-Hotel-display.jpg\" data-no-lazy=\"1\" alt=\"Arabella-Hotel-display\" style=\"width: 100%; height: auto;\"\/><div class=\"mask\" style=\" width: 100%; height: 100%; display: block;\"><h2 class=\"ts-image-hover-title\" style=\"   \">Arabella Hotel<\/h2><div id=\"ts-vcsc-image-hover-9967611-maskcontent\" class=\"maskcontent\" style=\" \">Relax, renew, explore in one of the most beautiful places in the world!<\/div><a id=\"ts-vcsc-image-hover-9967611-readmore\" style=\"   \" href=\"http:\/\/somosorlando.com\/getaways\/sedona-arabella-hotel\/\" class=\"info ts-image-hover-button\" target=\"_parent\">Read More<\/a><\/div><\/div><\/div><\/div><\/div><\/div><\/div><\/div>\n","protected":false},"excerpt":{"rendered":"Sedona es sensacional e intensamente espiritual, hasta algunos dicen sagrada. Ubicado entre formaciones de arenisca roja en el extremo sur del valle de 16 millas que es Oak Creek Canyon. Formaciones de piedra multicolores sobresalen hacia arriba desde el piso alto del desierto creando un entorno vivo, fascinante que cambia cada hora con la luz. Rodeado de 1,8 millones de acres de tierras forestales nacionales, los visitantes tienen acceso instant\u00e1neo a las actividades recreativas. Senderos para caminatas y ciclismo, junto con pistas jeep hinchables, tejen entre el bosque erizada de pin\u00e1culos, agujas, motas y c\u00fapulas. Sin embargo, nunca estar\u00e1 lejos [...]","protected":false},"author":1,"featured_media":0,"parent":2139,"menu_order":8,"comment_status":"open","ping_status":"closed","template":"template-full-width-tb.php","meta":[],"_links":{"self":[{"href":"https:\/\/somosorlando.com\/es\/wp-json\/wp\/v2\/pages\/15702"}],"collection":[{"href":"https:\/\/somosorlando.com\/es\/wp-json\/wp\/v2\/pages"}],"about":[{"href":"https:\/\/somosorlando.com\/es\/wp-json\/wp\/v2\/types\/page"}],"author":[{"embeddable":true,"href":"https:\/\/somosorlando.com\/es\/wp-json\/wp\/v2\/users\/1"}],"replies":[{"embeddable":true,"href":"https:\/\/somosorlando.com\/es\/wp-json\/wp\/v2\/comments?post=15702"}],"version-history":[{"count":11,"href":"https:\/\/somosorlando.com\/es\/wp-json\/wp\/v2\/pages\/15702\/revisions"}],"predecessor-version":[{"id":16009,"href":"https:\/\/somosorlando.com\/es\/wp-json\/wp\/v2\/pages\/15702\/revisions\/16009"}],"up":[{"embeddable":true,"href":"https:\/\/somosorlando.com\/es\/wp-json\/wp\/v2\/pages\/2139"}],"wp:attachment":[{"href":"https:\/\/somosorlando.com\/es\/wp-json\/wp\/v2\/media?parent=15702"}],"curies":[{"name":"wp","href":"https:\/\/api.w.org\/{rel}","templated":true}]}}