{"id":15722,"date":"2015-11-02T16:25:52","date_gmt":"2015-11-02T21:25:52","guid":{"rendered":"http:\/\/www.goorlandovacations.com\/?page_id=15722"},"modified":"2016-04-13T17:05:20","modified_gmt":"2016-04-13T21:05:20","slug":"san-clemente-california","status":"publish","type":"page","link":"https:\/\/somosorlando.com\/es\/destinations\/san-clemente-california\/","title":{"rendered":"San Clemente, California"},"content":{"rendered":"<div class=\"vc_row wpb_row vc_row-fluid facts vc_custom_1423733779336\"><div class=\"wpb_column vc_column_container vc_col-sm-12\"><div class=\"vc_column-inner vc_custom_1423732760542\"><div class=\"wpb_wrapper\"><div class=\"vc_empty_space\"   style=\"height: 2em\" ><span class=\"vc_empty_space_inner\"><\/span><\/div>\n<\/div><\/div><\/div><\/div><div class=\"vc_row wpb_row vc_row-fluid\"><div class=\"wpb_column vc_column_container vc_col-sm-8\"><div class=\"vc_column-inner \"><div class=\"wpb_wrapper\">\n\t<div class=\"wpb_text_column wpb_content_element \" >\n\t\t<div class=\"wpb_wrapper\">\n\t\t\t<h2><\/h2>\n<p>Situado en la parte m\u00e1s meridional del condado de Orange, San Clemente es m\u00e1s o menos a mitad de camino entre San Diego y Los Angeles. La entrada norte a la Base del Cuerpo de Marines de Camp Pendleton se encuentra en el extremo sur de San Clemente.<\/p>\n<p>La ciudad de San Clemente ofrece una magn\u00edfica costa y hermosas playas. Con su perpetuo clima soleado y olas perfectas, San Clemente es el para\u00edso de los surfistas con sus playas tambi\u00e9n ideales para la nataci\u00f3n, bodyboard, senderismo, voleibol, avistamiento de ballenas, pesca, surf y buceo.<\/p>\n<p>Un lugar perfecto para una escapada de fin de semana con encanto de pueblo peque\u00f1o, San Clemente ofrece mucho para los visitantes y lugare\u00f1os por igual que disfrutan de las compras locales en la Avenida Del Mar, muchos restaurantes y caf\u00e9s de la ciudad, galer\u00edas de arte, parques y el hist\u00f3rico muelle de pesca de madera que no es lejos del centro de la ciudad.<\/p>\n<h3><div class=\"templatera_shortcode\"><div class=\"vc_row wpb_row vc_row-fluid\"><div class=\"wpb_column vc_column_container vc_col-sm-12\"><div class=\"vc_column-inner \"><div class=\"wpb_wrapper\"><div class=\"vc_empty_space\"   style=\"height: 32px\" ><span class=\"vc_empty_space_inner\"><\/span><\/div>\n<\/div><\/div><\/div><\/div><div class=\"vc_row wpb_row vc_row-fluid wrapper-weekly-special vc_custom_1458941606091 vc_row-has-fill\"><div class=\"wpb_column vc_column_container vc_col-sm-4\"><div class=\"vc_column-inner vc_custom_1458926234837\"><div class=\"wpb_wrapper\"><div class=\"vc_row wpb_row vc_inner vc_row-fluid vc_custom_1457563191918 vc_row-has-fill\"><div class=\"wpb_column vc_column_container vc_col-sm-12\"><div class=\"vc_column-inner vc_custom_1458926007122\"><div class=\"wpb_wrapper\">\n\t<div  class=\"wpb_single_image wpb_content_element vc_align_left  vc_custom_1458926015972  week-special-background\">\n\t\t\n\t\t<figure class=\"wpb_wrapper vc_figure\">\n\t\t\t<div class=\"vc_single_image-wrapper   vc_box_border_grey\"><img class=\"vc_single_image-img \" src=\"https:\/\/somosorlando.com\/wp-content\/uploads\/2015\/11\/backgroundORL-06-400x250.png\" width=\"400\" height=\"250\" alt=\"backgroundORL-06\" title=\"backgroundORL-06\" \/><\/div>\n\t\t<\/figure>\n\t<\/div>\n<\/div><\/div><\/div><\/div><\/div><\/div><\/div><div class=\"wpb_column vc_column_container vc_col-sm-8\"><div class=\"vc_column-inner \"><div class=\"wpb_wrapper\"><div class=\"vc_row wpb_row vc_inner vc_row-fluid block-header vc_custom_1458936350673 vc_row-has-fill\"><div class=\"wpb_column vc_column_container vc_col-sm-8\"><div class=\"vc_column-inner \"><div class=\"wpb_wrapper\"><h1 style=\"line-height: 1em;text-align: center;font-family:Raleway;font-weight:700;font-style:normal\" class=\"vc_custom_heading\" >OFERTA - ORLANDO<\/h1><\/div><\/div><\/div><div class=\"wpb_column vc_column_container vc_col-sm-4\"><div class=\"vc_column-inner \"><div class=\"wpb_wrapper\"><h5 style=\"line-height: 1em;text-align: right;font-family:Raleway;font-weight:400;font-style:normal\" class=\"vc_custom_heading\" >PRECIO<\/h5><h4 style=\"color: #e8a635;line-height: 1em;text-align: right;font-family:Raleway;font-weight:700;font-style:normal\" class=\"vc_custom_heading\" >$1399 \/ Family<\/h4><\/div><\/div><\/div><\/div><div class=\"vc_row wpb_row vc_inner vc_row-fluid block-footer vc_custom_1457563009434\"><div class=\"wpb_column vc_column_container vc_col-sm-3\"><div class=\"vc_column-inner \"><div class=\"wpb_wrapper\"><div class=\"ts-list-item  icon-font-deal  \"  style=\"margin-top: 0px; margin-bottom: 10px; text-align:left;font-size:15px;line-height:15px;color: #000000;\" data-viewport=\"\" data-delay=\"0\" data-animation=\"\" data-opacity=\"1\"><i class=\"ts-list-item-icon ts-font-icon typcn typcn-location \" style=\"color: #7dbd21; width: 30px; height: 30px; font-size: 30px; line-height: 30px;\"><\/i><div class=\"ts-list-item-content \"  style=\"color: #000000; padding-left: 10px;\">5 D\u00edas en Orlando<\/div><\/div><\/div><\/div><\/div><div class=\"wpb_column vc_column_container vc_col-sm-3\"><div class=\"vc_column-inner \"><div class=\"wpb_wrapper\"><div class=\"ts-list-item  icon-font-deal  \"  style=\"margin-top: 0px; margin-bottom: 10px; text-align:left;font-size:15px;line-height:15px;color: #000000;\" data-viewport=\"\" data-delay=\"0\" data-animation=\"\" data-opacity=\"1\"><i class=\"ts-list-item-icon ts-font-icon typcn typcn-location \" style=\"color: #7dbd21; width: 30px; height: 30px; font-size: 30px; line-height: 30px;\"><\/i><div class=\"ts-list-item-content \"  style=\"color: #000000; padding-left: 10px;\">3 D\u00edas en Miami<\/div><\/div><\/div><\/div><\/div><div class=\"wpb_column vc_column_container vc_col-sm-3\"><div class=\"vc_column-inner \"><div class=\"wpb_wrapper\"><div class=\"ts-list-item  icon-font-deal  \"  style=\"margin-top: 0px; margin-bottom: 10px; text-align:left;font-size:15px;line-height:15px;color: #000000;\" data-viewport=\"\" data-delay=\"0\" data-animation=\"\" data-opacity=\"1\"><i class=\"ts-list-item-icon ts-font-icon ts-icomoon-gift \" style=\"color: #af25dd; width: 30px; height: 30px; font-size: 30px; line-height: 30px;\"><\/i><div class=\"ts-list-item-content \"  style=\"color: #000000; padding-left: 10px;\">$150 de Voucher<\/div><\/div><\/div><\/div><\/div><div class=\"wpb_column vc_column_container vc_col-sm-3\"><div class=\"vc_column-inner \"><div class=\"wpb_wrapper\"><div class=\"ts-list-item  icon-font-deal  \"  style=\"margin-top: 0px; margin-bottom: 10px; text-align:left;font-size:15px;line-height:15px;color: #000000;\" data-viewport=\"\" data-delay=\"0\" data-animation=\"\" data-opacity=\"1\"><i class=\"ts-list-item-icon ts-font-icon ts-mapicons-boat-tour \" style=\"color: #1e73be; width: 30px; height: 30px; font-size: 30px; line-height: 30px;\"><\/i><div class=\"ts-list-item-content \"  style=\"color: #000000; padding-left: 10px;\">Crucero hacia Las Bahamas<\/div><\/div><\/div><\/div><\/div><\/div><\/div><\/div><\/div><\/div><div class=\"vc_row wpb_row vc_row-fluid\"><div class=\"wpb_column vc_column_container vc_col-sm-12\"><div class=\"vc_column-inner \"><div class=\"wpb_wrapper\"><div class=\"vc_empty_space\"   style=\"height: 32px\" ><span class=\"vc_empty_space_inner\"><\/span><\/div>\n<\/div><\/div><\/div><\/div>\n<\/div><\/h3>\n<h3>Geograf\u00eda<\/h3>\n<p>San Clemente est\u00e1 situado en 33 \u00b0 26&#8217;16 \u00abN 117 \u00b0 37&#8217;13\u00bb W (33.437828, -117.620397).<\/p>\n<p>La ciudad tiene un \u00e1rea total de 19.5 millas cuadradas (51 km2). 18.7 millas cuadradas (48 km2) de \u00e9l es tierra y 0.8 millas cuadradas (2,1 km2) de \u00e9l (3,89%) es el agua.<\/p>\n<h3>Clima<\/h3>\n<p>San Clemente goza de un clima mediterr\u00e1neo, donde las temperaturas tienden a promediar alrededor de los a\u00f1os 70. El mes m\u00e1s caluroso del a\u00f1o es agosto con una temperatura promedio de 79 \u00b0 F (26 \u00b0 C). El mes m\u00e1s fr\u00edo es diciembre, con una temperatura promedio de 64 \u00b0 F (18 \u00b0 C). La precipitaci\u00f3n anual en 2010 fue de 10,5 pulgadas (270 mm) y los d\u00edas de sol al a\u00f1o fue de 310.<\/p>\n<h3>Transportaci\u00f3n<\/h3>\n<p>Interestatal 5 atraviesa San Clemente.<br \/>\nEn el extremo sur de la ciudad se encuentra Camp Pendleton y Trestles Surf Beach. Adem\u00e1s, la ciudad es servida por numerosos trenes diarios operados por Amtrak y Metrolink entre Los \u00c1ngeles y San Diego. San Clemente tiene junto a la playa servicio de Amtrak y Metrolink.<\/p>\n<p>Viajando hacia el norte por la carretera interestatal 5, San Clemente es la \u00faltima ciudad que est\u00e1 m\u00e1s cerca de San Diego de lo que es Los \u00c1ngeles.<\/p>\n<h3>Surf<\/h3>\n<p>San Clemente atrae surfistas todo el a\u00f1o. Camino de sur a norte, incluyen Trestles, Lowers, Middles y las Uppers, Calafia, Riviera, Lasuens, The Hole, T-Street, The Pier, Linda Lane, 204, North Beach y Poche Beach.<br \/>\nSan Clemente es la capital de surf en el mundo, as\u00ed como un destino de surf. Es el hogar de Surfing Magazine, Diario del Surfer, Longboard Magazine, y Surfer Magazine justo arriba de la autopista en San Juan Capistrano.<\/p>\n<p>La ciudad cuenta con una gran concentraci\u00f3n de formadores de tablas de surf y fabricantes como Noll tablas de surf, tablas de surf Perdidos, Stewart Surfboards, Cole, Paul Carter, Timmy Patterson Surfboards, Terry Senado y Dewey Weber Surfboards. Adem\u00e1s, numerosos surfistas de renombre mundial empezaron en San Clemente o tomaron la residencia a largo plazo en la ciudad, incluyendo Shane Beschen, Mike Parsons, y muchos otros.<br \/>\nSan Clemente High School ha ganado 6 de los 7 m\u00e1s recientes t\u00edtulos de surf nacional NSSA. Un t\u00edtulo fue ganado por Capistrano Connections Academy.<\/p>\n\n\t\t<\/div>\n\t<\/div>\n<\/div><\/div><\/div><div class=\"wpb_column vc_column_container vc_col-sm-4\"><div class=\"vc_column-inner \"><div class=\"wpb_wrapper\"><h2 style=\"text-align: center\" class=\"vc_custom_heading\" >\u00bfPor qu\u00e9 San Clemente?<\/h2><div class=\"vc_row wpb_row vc_inner vc_row-fluid\"><div class=\"wpb_column vc_column_container vc_col-sm-4\"><div class=\"vc_column-inner \"><div class=\"wpb_wrapper\"><div id=\"ultimate-heading-663669e340198ff4b\" class=\"uvc-heading ult-adjust-bottom-margin ultimate-heading-663669e340198ff4b uvc-17 fact\" data-hspacer=\"icon_only\"  data-halign=\"center\" style=\"text-align:center\"><div class=\"uvc-heading-spacer icon_only\" style=\"margin-bottom:10px;\"><div class=\"ult-just-icon-wrapper  \"><div class=\"align-icon\" style=\"text-align:center;\">\n<div class=\"aio-icon-img \" style=\"font-size:48px;display:inline-block;\" >\n\t<img class=\"img-icon\" alt=\"\" src=\"https:\/\/somosorlando.com\/wp-content\/uploads\/2015\/02\/icon-box-02-1.png\"\/>\n<\/div><\/div><\/div><\/div><div class=\"uvc-main-heading ult-responsive\"  data-ultimate-target='.uvc-heading.ultimate-heading-663669e340198ff4b h4'  data-responsive-json-new='{\"font-size\":\"\",\"line-height\":\"\"}' ><h4 style=\"font-weight:normal;margin-top:10px;margin-bottom:10px;\">Alojamiento<\/h4><\/div><\/div><\/div><\/div><\/div><div class=\"wpb_column vc_column_container vc_col-sm-4\"><div class=\"vc_column-inner \"><div class=\"wpb_wrapper\"><div id=\"ultimate-heading-562769e3401990a0c\" class=\"uvc-heading ult-adjust-bottom-margin ultimate-heading-562769e3401990a0c uvc-329 fact\" data-hspacer=\"icon_only\"  data-halign=\"center\" style=\"text-align:center\"><div class=\"uvc-heading-spacer icon_only\" style=\"margin-bottom:10px;\"><div class=\"ult-just-icon-wrapper  \"><div class=\"align-icon\" style=\"text-align:center;\">\n<div class=\"aio-icon-img \" style=\"font-size:48px;display:inline-block;\" >\n\t<img class=\"img-icon\" alt=\"\" src=\"https:\/\/somosorlando.com\/wp-content\/uploads\/2015\/02\/sep-element-02-1-01.png\"\/>\n<\/div><\/div><\/div><\/div><div class=\"uvc-main-heading ult-responsive\"  data-ultimate-target='.uvc-heading.ultimate-heading-562769e3401990a0c h4'  data-responsive-json-new='{\"font-size\":\"\",\"line-height\":\"\"}' ><h4 style=\"font-weight:normal;margin-top:10px;margin-bottom:10px;\">Actividades<\/h4><\/div><\/div><\/div><\/div><\/div><div class=\"wpb_column vc_column_container vc_col-sm-4\"><div class=\"vc_column-inner \"><div class=\"wpb_wrapper\"><div id=\"ultimate-heading-121069e34019914ea\" class=\"uvc-heading ult-adjust-bottom-margin ultimate-heading-121069e34019914ea uvc-2886 fact\" data-hspacer=\"icon_only\"  data-halign=\"center\" style=\"text-align:center\"><div class=\"uvc-heading-spacer icon_only\" style=\"margin-bottom:10px;\"><div class=\"ult-just-icon-wrapper  \"><div class=\"align-icon\" style=\"text-align:center;\">\n<div class=\"aio-icon-img \" style=\"font-size:48px;display:inline-block;\" >\n\t<img class=\"img-icon\" alt=\"\" src=\"https:\/\/somosorlando.com\/wp-content\/uploads\/2015\/02\/icon-header-08-2-1.png\"\/>\n<\/div><\/div><\/div><\/div><div class=\"uvc-main-heading ult-responsive\"  data-ultimate-target='.uvc-heading.ultimate-heading-121069e34019914ea h4'  data-responsive-json-new='{\"font-size\":\"\",\"line-height\":\"\"}' ><h4 style=\"font-weight:normal;margin-top:10px;margin-bottom:10px;\">Transporte<\/h4><\/div><\/div><\/div><\/div><\/div><\/div>\n\t<div class=\"wpb_text_column wpb_content_element \" >\n\t\t<div class=\"wpb_wrapper\">\n\t\t\t<p>El coraz\u00f3n de la comunidad es la Avenida Del Mar, un corto paseo desde el muelle en el centro de la ciudad. El hist\u00f3rico tramo arbolado es el hogar de una gran abundancia de caf\u00e9s y restaurantes, que van de lo casual a sofoisticado, y una selecci\u00f3n de boutiques y tiendas exclusivas. Aqu\u00ed usted puede comprar casi cualquier cosa, desde la moda de lujo y decoraci\u00f3n para el hogar, hasta las antig\u00fcedades, ropa de playa y peculiares productos.<\/p>\n<p>Si no est\u00e1 seguro de d\u00f3nde cenar o tomar una copa en San Clemente, la mejor recomendaci\u00f3n es que parquear en Del Mar Street y caminar hasta encontrar algo que se adapte a su inter\u00e9s. Hay mucho para elegir, incluyendo buenos restaurantes con un ambiente sofisticado a lugares m\u00e1s relajados e informales para cenar. Del Mar Street tiene una gran selecci\u00f3n de bares y bares de vinos, si usted est\u00e1 buscando solamente para ir a tomar una copa.<\/p>\n<p>Interestatal 5 atraviesa San Clemente. En el extremo sur de la ciudad se encuentran las playas de surf Camp Pendleton y Trestles. Adem\u00e1s, la ciudad es servida por numerosos trenes diarios operados por Amtrak y Metrolink entre Los \u00c1ngeles y San Diego. San Clemente tiene junto a la playa servicio de Amtrak y Metrolink. Viajando hacia el norte por la carretera interestatal 5 San Clemente es la \u00faltima ciudad que est\u00e1 m\u00e1s cerca de San Diego que Los \u00c1ngeles.<\/p>\n\n\t\t<\/div>\n\t<\/div>\n<div class=\"vc_empty_space\"   style=\"height: 1.5em\" ><span class=\"vc_empty_space_inner\"><\/span><\/div>\n<div id=\"ultimate-heading-558269e3401991b19\" class=\"uvc-heading ult-adjust-bottom-margin ultimate-heading-558269e3401991b19 uvc-2389 \" data-hspacer=\"no_spacer\"  data-halign=\"center\" style=\"text-align:center\"><div class=\"uvc-heading-spacer no_spacer\" style=\"top\"><\/div><div class=\"uvc-main-heading ult-responsive\"  data-ultimate-target='.uvc-heading.ultimate-heading-558269e3401991b19 h2'  data-responsive-json-new='{\"font-size\":\"\",\"line-height\":\"\"}' ><h2 style=\"font-weight:normal;margin-top:15px;\">Ofertas de Hoy<\/h2><\/div><div class=\"uvc-sub-heading ult-responsive\"  data-ultimate-target='.uvc-heading.ultimate-heading-558269e3401991b19 .uvc-sub-heading '  data-responsive-json-new='{\"font-size\":\"\",\"line-height\":\"\"}'  style=\"font-weight:normal;margin-bottom:10px;\">Cupos Limitados<\/div><\/div><div class=\"vc_separator wpb_content_element vc_separator_align_center vc_sep_width_100 vc_sep_pos_align_center vc_separator_no_text vc_sep_color_grey\" ><span class=\"vc_sep_holder vc_sep_holder_l\"><span  class=\"vc_sep_line\"><\/span><\/span><span class=\"vc_sep_holder vc_sep_holder_r\"><span  class=\"vc_sep_line\"><\/span><\/span>\n<\/div><div id=\"ts-vcsc-image-hover-2831925\" class=\"ts-image-hover-frame ts-imagefloat-center  destinations-page-hover  ts-trigger-hover-adjust\"  style=\"width: 100%; margin-top: 0px; margin-bottom: 20px;\"><div id=\"ts-vcsc-image-hover-2831925-counter\" class=\"ts-fluid-wrapper \" style=\"width: 100%; height: auto;\"><div id=\"ts-vcsc-image-hover-2831925-mask\" class=\"ts-imagehover ts-imagehover-static ts-imagehover-style1 ts-trigger-hover \" data-trigger=\"ts-trigger-hover\" data-closer=\"ts-vcsc-image-hover-2831925-closer\" style=\"width: 100%; height: auto; \"><img src=\"https:\/\/somosorlando.com\/wp-content\/uploads\/2015\/10\/Best-Western-Plus-display.jpg\" data-no-lazy=\"1\" alt=\"Best-Western-Plus-display\" style=\"width: 100%; height: auto;\"\/><div class=\"mask\" style=\" width: 100%; height: 100%; display: block;\"><h2 class=\"ts-image-hover-title\" style=\"   \">Best Western Plus Casa Blanca Inn<\/h2><div id=\"ts-vcsc-image-hover-2831925-maskcontent\" class=\"maskcontent\" style=\" \">Amid the white sandy beaches and azure skies of beautiful San Clemente that offers elegant, affordable accommodations just minutes from countless major attractions.<\/div><a id=\"ts-vcsc-image-hover-2831925-readmore\" style=\"   \" href=\"http:\/\/somosorlando.com\/getaways\/san-clemente-best-western-plus-casablanca-inn\/\" class=\"info ts-image-hover-button\" target=\"_parent\">Read More<\/a><\/div><\/div><\/div><\/div><\/div><\/div><\/div><\/div>\n","protected":false},"excerpt":{"rendered":"Situado en la parte m\u00e1s meridional del condado de Orange, San Clemente es m\u00e1s o menos a mitad de camino entre San Diego y Los Angeles. La entrada norte a la Base del Cuerpo de Marines de Camp Pendleton se encuentra en el extremo sur de San Clemente. La ciudad de San Clemente ofrece una magn\u00edfica costa y hermosas playas. Con su perpetuo clima soleado y olas perfectas, San Clemente es el para\u00edso de los surfistas con sus playas tambi\u00e9n ideales para la nataci\u00f3n, bodyboard, senderismo, voleibol, avistamiento de ballenas, pesca, surf y buceo. Un lugar perfecto para una escapada [...]","protected":false},"author":1,"featured_media":0,"parent":2139,"menu_order":2,"comment_status":"open","ping_status":"closed","template":"template-full-width-tb.php","meta":[],"_links":{"self":[{"href":"https:\/\/somosorlando.com\/es\/wp-json\/wp\/v2\/pages\/15722"}],"collection":[{"href":"https:\/\/somosorlando.com\/es\/wp-json\/wp\/v2\/pages"}],"about":[{"href":"https:\/\/somosorlando.com\/es\/wp-json\/wp\/v2\/types\/page"}],"author":[{"embeddable":true,"href":"https:\/\/somosorlando.com\/es\/wp-json\/wp\/v2\/users\/1"}],"replies":[{"embeddable":true,"href":"https:\/\/somosorlando.com\/es\/wp-json\/wp\/v2\/comments?post=15722"}],"version-history":[{"count":18,"href":"https:\/\/somosorlando.com\/es\/wp-json\/wp\/v2\/pages\/15722\/revisions"}],"predecessor-version":[{"id":17819,"href":"https:\/\/somosorlando.com\/es\/wp-json\/wp\/v2\/pages\/15722\/revisions\/17819"}],"up":[{"embeddable":true,"href":"https:\/\/somosorlando.com\/es\/wp-json\/wp\/v2\/pages\/2139"}],"wp:attachment":[{"href":"https:\/\/somosorlando.com\/es\/wp-json\/wp\/v2\/media?parent=15722"}],"curies":[{"name":"wp","href":"https:\/\/api.w.org\/{rel}","templated":true}]}}