{"id":15731,"date":"2015-10-30T15:58:55","date_gmt":"2015-10-30T19:58:55","guid":{"rendered":"http:\/\/www.goorlandovacations.com\/destinos\/palm-springs-california\/"},"modified":"2016-04-13T16:58:06","modified_gmt":"2016-04-13T20:58:06","slug":"palm-springs-california","status":"publish","type":"page","link":"https:\/\/somosorlando.com\/es\/destinations\/palm-springs-california\/","title":{"rendered":"Palm Springs, California"},"content":{"rendered":"<div class=\"vc_row wpb_row vc_row-fluid facts vc_custom_1423733779336\"><div class=\"wpb_column vc_column_container vc_col-sm-12\"><div class=\"vc_column-inner vc_custom_1423732760542\"><div class=\"wpb_wrapper\"><div class=\"vc_empty_space\"   style=\"height: 2em\" ><span class=\"vc_empty_space_inner\"><\/span><\/div>\n<\/div><\/div><\/div><\/div><div class=\"vc_row wpb_row vc_row-fluid\"><div class=\"wpb_column vc_column_container vc_col-sm-8\"><div class=\"vc_column-inner \"><div class=\"wpb_wrapper\">\n\t<div class=\"wpb_text_column wpb_content_element \" >\n\t\t<div class=\"wpb_wrapper\">\n\t\t\t<p>Palm Springs es el destino tur\u00edstico m\u00e1s conocido en el interior del sur de California. Palm Springs est\u00e1 protegida por las peque\u00f1as monta\u00f1as de San Bernardino al norte, las monta\u00f1as de Santa Rosa del Sur, y las monta\u00f1as de San Jacinto a Occidente con el imponente 10.831 pies Monte San Jacinto. Con la protecci\u00f3n de nuestras monta\u00f1as, Palm Springs ofrece m\u00e1s de 350 d\u00edas de sol y menos de 5.2 pulgadas de lluvia. En el invierno las temperaturas diurnas promedian los 70 grados con noches promedio 40. El calor seco del desierto del verano empuja las temperaturas diurnas hasta los 100s, y es exactamente lo que los amantes del sol buscan. Cuando hay sombra en la playa, hace sol en Palm Springs, esto hace que la planificaci\u00f3n de una aventura a Palm Springs virtualmente sea libre de riesgos, porque el sol es casi seguro.<\/p>\n<p>Palm Springs es un centro tur\u00edstico de la ciudad del desierto en el condado de Riverside, California, en el Valle de Coachella. Se encuentra aproximadamente a 55 millas (89 kil\u00f3metros) al este de San Bernardino, 107 millas (172 kil\u00f3metros) al este de Los \u00c1ngeles, 123 millas (198 km) al noreste de San Diego, y 268 millas (431 kil\u00f3metros) al oeste de Phoenix, Arizona. Palm Springs cubre aproximadamente 94 millas cuadradas (240 km2), por lo que es la ciudad m\u00e1s grande del condado por la superficie terrestre.<\/p>\n<p>Ir en bicicleta, golf, senderismo, paseos a caballo, nataci\u00f3n y tenis en las zonas des\u00e9rticas y monta\u00f1osas cercanas son las principales formas de recreaci\u00f3n en Palm Springs.<\/p>\n<h3><\/h3>\n<h3><div class=\"templatera_shortcode\"><div class=\"vc_row wpb_row vc_row-fluid\"><div class=\"wpb_column vc_column_container vc_col-sm-12\"><div class=\"vc_column-inner \"><div class=\"wpb_wrapper\"><div class=\"vc_empty_space\"   style=\"height: 32px\" ><span class=\"vc_empty_space_inner\"><\/span><\/div>\n<\/div><\/div><\/div><\/div><div class=\"vc_row wpb_row vc_row-fluid wrapper-weekly-special vc_custom_1458941606091 vc_row-has-fill\"><div class=\"wpb_column vc_column_container vc_col-sm-4\"><div class=\"vc_column-inner vc_custom_1458926234837\"><div class=\"wpb_wrapper\"><div class=\"vc_row wpb_row vc_inner vc_row-fluid vc_custom_1457563191918 vc_row-has-fill\"><div class=\"wpb_column vc_column_container vc_col-sm-12\"><div class=\"vc_column-inner vc_custom_1458926007122\"><div class=\"wpb_wrapper\">\n\t<div  class=\"wpb_single_image wpb_content_element vc_align_left  vc_custom_1458926015972  week-special-background\">\n\t\t\n\t\t<figure class=\"wpb_wrapper vc_figure\">\n\t\t\t<div class=\"vc_single_image-wrapper   vc_box_border_grey\"><img class=\"vc_single_image-img \" src=\"https:\/\/somosorlando.com\/wp-content\/uploads\/2015\/11\/backgroundORL-06-400x250.png\" width=\"400\" height=\"250\" alt=\"backgroundORL-06\" title=\"backgroundORL-06\" \/><\/div>\n\t\t<\/figure>\n\t<\/div>\n<\/div><\/div><\/div><\/div><\/div><\/div><\/div><div class=\"wpb_column vc_column_container vc_col-sm-8\"><div class=\"vc_column-inner \"><div class=\"wpb_wrapper\"><div class=\"vc_row wpb_row vc_inner vc_row-fluid block-header vc_custom_1458936350673 vc_row-has-fill\"><div class=\"wpb_column vc_column_container vc_col-sm-8\"><div class=\"vc_column-inner \"><div class=\"wpb_wrapper\"><h1 style=\"line-height: 1em;text-align: center;font-family:Raleway;font-weight:700;font-style:normal\" class=\"vc_custom_heading\" >OFERTA - ORLANDO<\/h1><\/div><\/div><\/div><div class=\"wpb_column vc_column_container vc_col-sm-4\"><div class=\"vc_column-inner \"><div class=\"wpb_wrapper\"><h5 style=\"line-height: 1em;text-align: right;font-family:Raleway;font-weight:400;font-style:normal\" class=\"vc_custom_heading\" >PRECIO<\/h5><h4 style=\"color: #e8a635;line-height: 1em;text-align: right;font-family:Raleway;font-weight:700;font-style:normal\" class=\"vc_custom_heading\" >$1399 \/ Family<\/h4><\/div><\/div><\/div><\/div><div class=\"vc_row wpb_row vc_inner vc_row-fluid block-footer vc_custom_1457563009434\"><div class=\"wpb_column vc_column_container vc_col-sm-3\"><div class=\"vc_column-inner \"><div class=\"wpb_wrapper\"><div class=\"ts-list-item  icon-font-deal  \"  style=\"margin-top: 0px; margin-bottom: 10px; text-align:left;font-size:15px;line-height:15px;color: #000000;\" data-viewport=\"\" data-delay=\"0\" data-animation=\"\" data-opacity=\"1\"><i class=\"ts-list-item-icon ts-font-icon typcn typcn-location \" style=\"color: #7dbd21; width: 30px; height: 30px; font-size: 30px; line-height: 30px;\"><\/i><div class=\"ts-list-item-content \"  style=\"color: #000000; padding-left: 10px;\">5 D\u00edas en Orlando<\/div><\/div><\/div><\/div><\/div><div class=\"wpb_column vc_column_container vc_col-sm-3\"><div class=\"vc_column-inner \"><div class=\"wpb_wrapper\"><div class=\"ts-list-item  icon-font-deal  \"  style=\"margin-top: 0px; margin-bottom: 10px; text-align:left;font-size:15px;line-height:15px;color: #000000;\" data-viewport=\"\" data-delay=\"0\" data-animation=\"\" data-opacity=\"1\"><i class=\"ts-list-item-icon ts-font-icon typcn typcn-location \" style=\"color: #7dbd21; width: 30px; height: 30px; font-size: 30px; line-height: 30px;\"><\/i><div class=\"ts-list-item-content \"  style=\"color: #000000; padding-left: 10px;\">3 D\u00edas en Miami<\/div><\/div><\/div><\/div><\/div><div class=\"wpb_column vc_column_container vc_col-sm-3\"><div class=\"vc_column-inner \"><div class=\"wpb_wrapper\"><div class=\"ts-list-item  icon-font-deal  \"  style=\"margin-top: 0px; margin-bottom: 10px; text-align:left;font-size:15px;line-height:15px;color: #000000;\" data-viewport=\"\" data-delay=\"0\" data-animation=\"\" data-opacity=\"1\"><i class=\"ts-list-item-icon ts-font-icon ts-icomoon-gift \" style=\"color: #af25dd; width: 30px; height: 30px; font-size: 30px; line-height: 30px;\"><\/i><div class=\"ts-list-item-content \"  style=\"color: #000000; padding-left: 10px;\">$150 de Voucher<\/div><\/div><\/div><\/div><\/div><div class=\"wpb_column vc_column_container vc_col-sm-3\"><div class=\"vc_column-inner \"><div class=\"wpb_wrapper\"><div class=\"ts-list-item  icon-font-deal  \"  style=\"margin-top: 0px; margin-bottom: 10px; text-align:left;font-size:15px;line-height:15px;color: #000000;\" data-viewport=\"\" data-delay=\"0\" data-animation=\"\" data-opacity=\"1\"><i class=\"ts-list-item-icon ts-font-icon ts-mapicons-boat-tour \" style=\"color: #1e73be; width: 30px; height: 30px; font-size: 30px; line-height: 30px;\"><\/i><div class=\"ts-list-item-content \"  style=\"color: #000000; padding-left: 10px;\">Crucero hacia Las Bahamas<\/div><\/div><\/div><\/div><\/div><\/div><\/div><\/div><\/div><\/div><div class=\"vc_row wpb_row vc_row-fluid\"><div class=\"wpb_column vc_column_container vc_col-sm-12\"><div class=\"vc_column-inner \"><div class=\"wpb_wrapper\"><div class=\"vc_empty_space\"   style=\"height: 32px\" ><span class=\"vc_empty_space_inner\"><\/span><\/div>\n<\/div><\/div><\/div><\/div>\n<\/div><\/h3>\n<h3><\/h3>\n<h3>Geograf\u00eda<\/h3>\n<p>Palm Springs est\u00e1 situado en 33 \u00b0 49&#8217;26 \u00abN 116 \u00b0 31&#8217;49\u00bb W (33.823990, -116.530339) en el desierto de Sonora. La ciudad tiene un \u00e1rea total de 95.0 millas cuadradas (246 km2), de los cuales 94,1 millas cuadradas (244 km2) es tierra y 0.9 millas cuadradas (2,3 km2) (1%) es el agua. Palm Springs est\u00e1 protegida por las monta\u00f1as de San Bernardino al norte, las monta\u00f1as de Santa Rosa, al sur, por las monta\u00f1as de San Jacinto al oeste y por las peque\u00f1as monta\u00f1as de San Bernardino, al este.<\/p>\n<h3>Clima<\/h3>\n<p>Palm Springs tiene un clima caliente del desierto, con m\u00e1s de 300 d\u00edas de sol y alrededor de 4,83 pulgadas (122,7 mm) de lluvia al a\u00f1o. Los meses de invierno son c\u00e1lidos, con una mayor\u00eda de d\u00edas que alcanzan los 70 \u00b0 F (21 \u00b0 C) y en enero y febrero d\u00eda a menudo ven a temperaturas de 80 \u00b0 F (27 \u00b0 C) y en ocasiones llegan a m\u00e1s de 90 \u00b0 F (32 \u00b0 C ), mientras que, en promedio, hay 17 noches al a\u00f1o de inmersi\u00f3n o por debajo de 40 \u00b0 F (4 \u00b0 C); temperaturas de congelaci\u00f3n se producen en menos de la mitad del a\u00f1o. La temperatura m\u00e1s baja registrada es de 19 \u00b0 F (-7 \u00b0 C), el 22 de enero de 1937. Verano menudo ve las temperaturas diurnas superiores a 110 \u00b0 F (43 \u00b0 C), junto con puntos bajos de noche calientes restante por encima de 80 \u00b0 F (27 \u00b0 C) . La temperatura media anual es de 74.6 \u00b0 F (23.7 \u00b0 C). Hay 180 d\u00edas con un alto alcanzando 90 \u00b0 F (32 \u00b0 C) y 100 \u00b0 F (38 \u00b0 C) se pueden ver en 116 d\u00edas. La temperatura m\u00e1s alta registrada en Palm Springs es de 123 \u00b0 F (51 \u00b0 C), alcanzado por \u00faltima vez el 28 de julio y 29 de 1995.<\/p>\n<h3>Las parejas del mismo sexo<\/h3>\n<p>Palm Springs tiene una de la m\u00e1s alta concentraci\u00f3n de parejas del mismo sexo de cualquier comunidad en los Estados Unidos. En la ciudad, el 7,2% de los hogares pertenecen a una pareja del mismo sexo en comparaci\u00f3n con la media nacional del 1%. Palm Springs tiene el quinto mayor porcentaje de hogares del mismo sexo en la naci\u00f3n. El ex alcalde Ron Oden estima que alrededor de un tercio de Palm Springs es gay. Durante varios eventos, la ciudad ha atendido a los turistas LGBT. Palm Springs es sede de la Fiesta Mayor de Palm Springs Pride. Esta celebraci\u00f3n, que se celebra cada a\u00f1o en noviembre, incluye eventos como el Palm Springs Pride Golf Classic, el Concierto de Stonewall Igualdad, y Broadway en Drag Pageant. La ciudad tambi\u00e9n celebrar\u00e1 mismas ceremonias de boda de sexo en el &#8216;Forever Marilyn&#8217; estatua ubicada en el centro ic\u00f3nico.<\/p>\n<h3>Transportaci\u00f3n<\/h3>\n<p>Una de las primeras rutas de transporte para Palm Springs fue Bradshaw Trail, una hist\u00f3rica ruta coche de la etapa de San Bernardino a La Paz, Arizona.<\/p>\n<p>Aeropuerto Internacional de Palm Springs sirve de Palm Springs y el Valle de Coachella. Nota hist\u00f3rica: durante la Segunda Guerra Mundial fue operado como el Palm Springs Army Airfield.<br \/>\nAgencia de Tr\u00e1nsito SunLine ofrece servicio de autob\u00fas en el Valle de Coachella.<br \/>\nAutoridad de Tr\u00e1nsito de Cuenca Morongo ofrece servicio de autob\u00fas desde y hacia las comunidades de la Cuenca del Morongo.<br \/>\nDe Amtrak Sunset Limited y Texas \u00e1guila forman un \u00fanico tren que se detiene tres veces por semana en la estaci\u00f3n de Palm Springs Amtrak. De Amtrak Thruway Motorcoach conecta Palm Springs a Bakersfield, Claremont, Indio, La Crescenta, Ontario, Pasadena, Riverside y San Bernardino.<br \/>\nGreyhound Bus Lines tiene una parada en la estaci\u00f3n de Palm Springs Amtrak.<\/p>\n\n\t\t<\/div>\n\t<\/div>\n<\/div><\/div><\/div><div class=\"wpb_column vc_column_container vc_col-sm-4\"><div class=\"vc_column-inner \"><div class=\"wpb_wrapper\"><h2 style=\"text-align: center\" class=\"vc_custom_heading\" >\u00bfPor qu\u00e9 Palm Springs?<\/h2><div class=\"vc_row wpb_row vc_inner vc_row-fluid\"><div class=\"wpb_column vc_column_container vc_col-sm-4\"><div class=\"vc_column-inner \"><div class=\"wpb_wrapper\"><div id=\"ultimate-heading-869e5f5a511008\" class=\"uvc-heading ult-adjust-bottom-margin ultimate-heading-869e5f5a511008 uvc-2603 fact\" data-hspacer=\"icon_only\"  data-halign=\"center\" style=\"text-align:center\"><div class=\"uvc-heading-spacer icon_only\" style=\"margin-bottom:10px;\"><div class=\"ult-just-icon-wrapper  \"><div class=\"align-icon\" style=\"text-align:center;\">\n<div class=\"aio-icon-img \" style=\"font-size:48px;display:inline-block;\" >\n\t<img class=\"img-icon\" alt=\"\" src=\"https:\/\/somosorlando.com\/wp-content\/uploads\/2015\/02\/icon-box-02-1.png\"\/>\n<\/div><\/div><\/div><\/div><div class=\"uvc-main-heading ult-responsive\"  data-ultimate-target='.uvc-heading.ultimate-heading-869e5f5a511008 h4'  data-responsive-json-new='{\"font-size\":\"\",\"line-height\":\"\"}' ><h4 style=\"font-weight:normal;margin-top:10px;margin-bottom:10px;\">Alojamiento<\/h4><\/div><\/div><\/div><\/div><\/div><div class=\"wpb_column vc_column_container vc_col-sm-4\"><div class=\"vc_column-inner \"><div class=\"wpb_wrapper\"><div id=\"ultimate-heading-30269e5f5a511b90\" class=\"uvc-heading ult-adjust-bottom-margin ultimate-heading-30269e5f5a511b90 uvc-4300 fact\" data-hspacer=\"icon_only\"  data-halign=\"center\" style=\"text-align:center\"><div class=\"uvc-heading-spacer icon_only\" style=\"margin-bottom:10px;\"><div class=\"ult-just-icon-wrapper  \"><div class=\"align-icon\" style=\"text-align:center;\">\n<div class=\"aio-icon-img \" style=\"font-size:48px;display:inline-block;\" >\n\t<img class=\"img-icon\" alt=\"\" src=\"https:\/\/somosorlando.com\/wp-content\/uploads\/2015\/02\/sep-element-02-1-01.png\"\/>\n<\/div><\/div><\/div><\/div><div class=\"uvc-main-heading ult-responsive\"  data-ultimate-target='.uvc-heading.ultimate-heading-30269e5f5a511b90 h4'  data-responsive-json-new='{\"font-size\":\"\",\"line-height\":\"\"}' ><h4 style=\"font-weight:normal;margin-top:10px;margin-bottom:10px;\">Actividades<\/h4><\/div><\/div><\/div><\/div><\/div><div class=\"wpb_column vc_column_container vc_col-sm-4\"><div class=\"vc_column-inner \"><div class=\"wpb_wrapper\"><div id=\"ultimate-heading-504869e5f5a51278c\" class=\"uvc-heading ult-adjust-bottom-margin ultimate-heading-504869e5f5a51278c uvc-86 fact\" data-hspacer=\"icon_only\"  data-halign=\"center\" style=\"text-align:center\"><div class=\"uvc-heading-spacer icon_only\" style=\"margin-bottom:10px;\"><div class=\"ult-just-icon-wrapper  \"><div class=\"align-icon\" style=\"text-align:center;\">\n<div class=\"aio-icon-img \" style=\"font-size:48px;display:inline-block;\" >\n\t<img class=\"img-icon\" alt=\"\" src=\"https:\/\/somosorlando.com\/wp-content\/uploads\/2015\/02\/icon-header-08-2-1.png\"\/>\n<\/div><\/div><\/div><\/div><div class=\"uvc-main-heading ult-responsive\"  data-ultimate-target='.uvc-heading.ultimate-heading-504869e5f5a51278c h4'  data-responsive-json-new='{\"font-size\":\"\",\"line-height\":\"\"}' ><h4 style=\"font-weight:normal;margin-top:10px;margin-bottom:10px;\">Transporte<\/h4><\/div><\/div><\/div><\/div><\/div><\/div>\n\t<div class=\"wpb_text_column wpb_content_element \" >\n\t\t<div class=\"wpb_wrapper\">\n\t\t\t<p>Palm Springs est\u00e1 situado en el interior sur de California, y es un viaje f\u00e1cil de dos horas en coche desde Los Angeles y San Diego. Una vez que llegue a Palm Springs, usted encontrar\u00e1 un pueblo vibrante, amigable para los peatones, y muchos de los hoteles ofrecen alquiler de bicicletas y servicio de transporte. A tan solo 2 horas de Los \u00c1ngeles y San Diego o 4 horas de Las Vegas y Phoenix, Palm Springs es una adici\u00f3n f\u00e1cil a itinerarios que incluyen m\u00faltiples lugares.<\/p>\n<p>Cielos claros azules y sol 350 d\u00edas al a\u00f1o. M\u00e1s de 150 hoteles ofrecen m\u00e1s de 6,000 habitaciones para una amplia gama de gustos exigentes. Palm Springs es m\u00e1gico, encantador, en el centro puede caminar, cenar al aire libre y ver entretenimiento en vivo. Para los amantes del golf, Palm Springs ofrece m\u00e1s de 100 campos de golf en el valle. Situado a s\u00f3lo 5 minutos del Aeropuerto Internacional de Palm Springs, a los visitantes les encanta lo f\u00e1cil que es llegar.<\/p>\n<p>Vuelos diarios disponibles desde el Aeropuerto Internacional de Palm Springs de todo los EE.UU. y Canad\u00e1 llegan al Palm Springs Internacional con viajeros de 500 lugares de todo el mundo. El aeropuerto de clase mundial da la bienvenida a m\u00e1s de 1,5 millones de pasajeros al a\u00f1o que experimentan una nueva forma de volar, l\u00edneas m\u00e1s cortas, personal amable, impresionantes vistas del desierto y las instalaciones aeroportuarias, incluyendo un patio al aire libre, comedor y tiendas.<\/p>\n\n\t\t<\/div>\n\t<\/div>\n<div class=\"vc_empty_space\"   style=\"height: 1.5em\" ><span class=\"vc_empty_space_inner\"><\/span><\/div>\n<div id=\"ultimate-heading-435169e5f5a512df4\" class=\"uvc-heading ult-adjust-bottom-margin ultimate-heading-435169e5f5a512df4 uvc-8603 \" data-hspacer=\"no_spacer\"  data-halign=\"center\" style=\"text-align:center\"><div class=\"uvc-heading-spacer no_spacer\" style=\"top\"><\/div><div class=\"uvc-main-heading ult-responsive\"  data-ultimate-target='.uvc-heading.ultimate-heading-435169e5f5a512df4 h2'  data-responsive-json-new='{\"font-size\":\"\",\"line-height\":\"\"}' ><h2 style=\"font-weight:normal;margin-top:15px;\">Ofertas de Hoy<\/h2><\/div><div class=\"uvc-sub-heading ult-responsive\"  data-ultimate-target='.uvc-heading.ultimate-heading-435169e5f5a512df4 .uvc-sub-heading '  data-responsive-json-new='{\"font-size\":\"\",\"line-height\":\"\"}'  style=\"font-weight:normal;margin-bottom:10px;\">Cupos limitados<\/div><\/div><div class=\"vc_separator wpb_content_element vc_separator_align_center vc_sep_width_100 vc_sep_pos_align_center vc_separator_no_text vc_sep_color_grey\" ><span class=\"vc_sep_holder vc_sep_holder_l\"><span  class=\"vc_sep_line\"><\/span><\/span><span class=\"vc_sep_holder vc_sep_holder_r\"><span  class=\"vc_sep_line\"><\/span><\/span>\n<\/div><div id=\"ts-vcsc-image-hover-2602690\" class=\"ts-image-hover-frame ts-imagefloat-center  destinations-page-hover  ts-trigger-hover-adjust\"  style=\"width: 100%; margin-top: 0px; margin-bottom: 20px;\"><div id=\"ts-vcsc-image-hover-2602690-counter\" class=\"ts-fluid-wrapper \" style=\"width: 100%; height: auto;\"><div id=\"ts-vcsc-image-hover-2602690-mask\" class=\"ts-imagehover ts-imagehover-static ts-imagehover-style1 ts-trigger-hover \" data-trigger=\"ts-trigger-hover\" data-closer=\"ts-vcsc-image-hover-2602690-closer\" style=\"width: 100%; height: auto; \"><img src=\"https:\/\/somosorlando.com\/wp-content\/uploads\/2015\/10\/Palm-Mountain-display.jpg\" data-no-lazy=\"1\" alt=\"Palm-Mountain-display\" style=\"width: 100%; height: auto;\"\/><div class=\"mask\" style=\" width: 100%; height: 100%; display: block;\"><h2 class=\"ts-image-hover-title\" style=\"   \">Palm Mountain<\/h2><div id=\"ts-vcsc-image-hover-2602690-maskcontent\" class=\"maskcontent\" style=\" \">There\u2019s an exciting change that has swept this California resort community \u2013 it\u2019s newly expanded. It\u2019s elegant.<\/div><a id=\"ts-vcsc-image-hover-2602690-readmore\" style=\"   \" href=\"http:\/\/somosorlando.com\/getaways\/palm-springs-palm-mountain\/\" class=\"info ts-image-hover-button\" target=\"_parent\">Read More<\/a><\/div><\/div><\/div><\/div><\/div><\/div><\/div><\/div>\n","protected":false},"excerpt":{"rendered":"Palm Springs es el destino tur\u00edstico m\u00e1s conocido en el interior del sur de California. Palm Springs est\u00e1 protegida por las peque\u00f1as monta\u00f1as de San Bernardino al norte, las monta\u00f1as de Santa Rosa del Sur, y las monta\u00f1as de San Jacinto a Occidente con el imponente 10.831 pies Monte San Jacinto. Con la protecci\u00f3n de nuestras monta\u00f1as, Palm Springs ofrece m\u00e1s de 350 d\u00edas de sol y menos de 5.2 pulgadas de lluvia. En el invierno las temperaturas diurnas promedian los 70 grados con noches promedio 40. El calor seco del desierto del verano empuja las temperaturas diurnas hasta los [...]","protected":false},"author":1,"featured_media":0,"parent":2139,"menu_order":0,"comment_status":"open","ping_status":"closed","template":"template-full-width-tb.php","meta":[],"_links":{"self":[{"href":"https:\/\/somosorlando.com\/es\/wp-json\/wp\/v2\/pages\/15731"}],"collection":[{"href":"https:\/\/somosorlando.com\/es\/wp-json\/wp\/v2\/pages"}],"about":[{"href":"https:\/\/somosorlando.com\/es\/wp-json\/wp\/v2\/types\/page"}],"author":[{"embeddable":true,"href":"https:\/\/somosorlando.com\/es\/wp-json\/wp\/v2\/users\/1"}],"replies":[{"embeddable":true,"href":"https:\/\/somosorlando.com\/es\/wp-json\/wp\/v2\/comments?post=15731"}],"version-history":[{"count":15,"href":"https:\/\/somosorlando.com\/es\/wp-json\/wp\/v2\/pages\/15731\/revisions"}],"predecessor-version":[{"id":17817,"href":"https:\/\/somosorlando.com\/es\/wp-json\/wp\/v2\/pages\/15731\/revisions\/17817"}],"up":[{"embeddable":true,"href":"https:\/\/somosorlando.com\/es\/wp-json\/wp\/v2\/pages\/2139"}],"wp:attachment":[{"href":"https:\/\/somosorlando.com\/es\/wp-json\/wp\/v2\/media?parent=15731"}],"curies":[{"name":"wp","href":"https:\/\/api.w.org\/{rel}","templated":true}]}}