{"id":15735,"date":"2015-11-02T16:58:48","date_gmt":"2015-11-02T21:58:48","guid":{"rendered":"http:\/\/www.goorlandovacations.com\/?page_id=15735"},"modified":"2016-04-13T17:07:42","modified_gmt":"2016-04-13T21:07:42","slug":"williamsburg-virginia","status":"publish","type":"page","link":"https:\/\/somosorlando.com\/es\/destinations\/williamsburg-virginia\/","title":{"rendered":"Williamsburg, Virginia"},"content":{"rendered":"<div class=\"vc_row wpb_row vc_row-fluid facts vc_custom_1423733779336\"><div class=\"wpb_column vc_column_container vc_col-sm-12\"><div class=\"vc_column-inner vc_custom_1423732760542\"><div class=\"wpb_wrapper\"><div class=\"vc_empty_space\"   style=\"height: 2em\" ><span class=\"vc_empty_space_inner\"><\/span><\/div>\n<\/div><\/div><\/div><\/div><div class=\"vc_row wpb_row vc_row-fluid\"><div class=\"wpb_column vc_column_container vc_col-sm-8\"><div class=\"vc_column-inner \"><div class=\"wpb_wrapper\">\n\t<div class=\"wpb_text_column wpb_content_element \" >\n\t\t<div class=\"wpb_wrapper\">\n\t\t\t<p>Una visita aqu\u00ed ofrece la oportunidad \u00fanica de viajar de regreso a trav\u00e9s de la historia de nuestro pa\u00eds, mientras que tambi\u00e9n ofrece parques tem\u00e1ticos galardonados, museos de clase mundial y galer\u00edas de arte, fabulosas tiendas y restaurantes, golf excepcional y algunos de los senderos m\u00e1s pintorescos y cursos de agua en el pa\u00eds. Estas y otras innumerables actividades emocionantes y divertidas que la zona de Williamsburg ofrecen las vacaciones perfectas para todos en la familia.<\/p>\n<p>Ya sea que sus planes sean una escapada de fin de semana o una semana de escape de su vida diaria, usted encontrar\u00e1 una comunidad acogedora de encanto genuino y la hospitalidad que le espera en el \u00e1rea de Williamsburg.<\/p>\n<p>Williamsburg es una ciudad independiente en el estado norteamericano de Virginia. Situado en la pen\u00ednsula de Virginia, Williamsburg se encuentra en la parte norte de los Hampton Roads \u00e1rea metropolitana. Est\u00e1 bordeada por James City County y el condado de York.<\/p>\n<p>La ciudad fue la capital de la colonia de Virginia 1699-1780 y fue el centro de los acontecimientos pol\u00edticos en Virginia que condujeron a la revoluci\u00f3n americana. El College of William &amp; Mary, establecida en 1693, es la segunda m\u00e1s antigua instituci\u00f3n de educaci\u00f3n superior en los Estados Unidos y el \u00fanico de los nueve colegios coloniales ubicadas en el Sur; sus ex alumnos incluyen tres presidentes de Estados Unidos, as\u00ed como muchas otras figuras importantes de la historia temprana de la naci\u00f3n.<\/p>\n<p>Econom\u00eda basada en el turismo de la ciudad se debe a Colonial Williamsburg, el \u00c1rea Hist\u00f3rico restaurado de la ciudad. Junto con la cercana Jamestown y Yorktown, Williamsburg forma parte del tri\u00e1ngulo hist\u00f3rico, que atrae a m\u00e1s de cuatro millones de turistas cada a\u00f1o. Williamsburg moderna es tambi\u00e9n una ciudad universitaria, habitado en gran parte por William &amp; Mary estudiantes y personal.<\/p>\n<h3><\/h3>\n<h3><div class=\"templatera_shortcode\"><div class=\"vc_row wpb_row vc_row-fluid\"><div class=\"wpb_column vc_column_container vc_col-sm-12\"><div class=\"vc_column-inner \"><div class=\"wpb_wrapper\"><div class=\"vc_empty_space\"   style=\"height: 32px\" ><span class=\"vc_empty_space_inner\"><\/span><\/div>\n<\/div><\/div><\/div><\/div><div class=\"vc_row wpb_row vc_row-fluid wrapper-weekly-special vc_custom_1458941606091 vc_row-has-fill\"><div class=\"wpb_column vc_column_container vc_col-sm-4\"><div class=\"vc_column-inner vc_custom_1458926234837\"><div class=\"wpb_wrapper\"><div class=\"vc_row wpb_row vc_inner vc_row-fluid vc_custom_1457563191918 vc_row-has-fill\"><div class=\"wpb_column vc_column_container vc_col-sm-12\"><div class=\"vc_column-inner vc_custom_1458926007122\"><div class=\"wpb_wrapper\">\n\t<div  class=\"wpb_single_image wpb_content_element vc_align_left  vc_custom_1458926015972  week-special-background\">\n\t\t\n\t\t<figure class=\"wpb_wrapper vc_figure\">\n\t\t\t<div class=\"vc_single_image-wrapper   vc_box_border_grey\"><img class=\"vc_single_image-img \" src=\"https:\/\/somosorlando.com\/wp-content\/uploads\/2015\/11\/backgroundORL-06-400x250.png\" width=\"400\" height=\"250\" alt=\"backgroundORL-06\" title=\"backgroundORL-06\" \/><\/div>\n\t\t<\/figure>\n\t<\/div>\n<\/div><\/div><\/div><\/div><\/div><\/div><\/div><div class=\"wpb_column vc_column_container vc_col-sm-8\"><div class=\"vc_column-inner \"><div class=\"wpb_wrapper\"><div class=\"vc_row wpb_row vc_inner vc_row-fluid block-header vc_custom_1458936350673 vc_row-has-fill\"><div class=\"wpb_column vc_column_container vc_col-sm-8\"><div class=\"vc_column-inner \"><div class=\"wpb_wrapper\"><h1 style=\"line-height: 1em;text-align: center;font-family:Raleway;font-weight:700;font-style:normal\" class=\"vc_custom_heading\" >OFERTA - ORLANDO<\/h1><\/div><\/div><\/div><div class=\"wpb_column vc_column_container vc_col-sm-4\"><div class=\"vc_column-inner \"><div class=\"wpb_wrapper\"><h5 style=\"line-height: 1em;text-align: right;font-family:Raleway;font-weight:400;font-style:normal\" class=\"vc_custom_heading\" >PRECIO<\/h5><h4 style=\"color: #e8a635;line-height: 1em;text-align: right;font-family:Raleway;font-weight:700;font-style:normal\" class=\"vc_custom_heading\" >$1399 \/ Family<\/h4><\/div><\/div><\/div><\/div><div class=\"vc_row wpb_row vc_inner vc_row-fluid block-footer vc_custom_1457563009434\"><div class=\"wpb_column vc_column_container vc_col-sm-3\"><div class=\"vc_column-inner \"><div class=\"wpb_wrapper\"><div class=\"ts-list-item  icon-font-deal  \"  style=\"margin-top: 0px; margin-bottom: 10px; text-align:left;font-size:15px;line-height:15px;color: #000000;\" data-viewport=\"\" data-delay=\"0\" data-animation=\"\" data-opacity=\"1\"><i class=\"ts-list-item-icon ts-font-icon typcn typcn-location \" style=\"color: #7dbd21; width: 30px; height: 30px; font-size: 30px; line-height: 30px;\"><\/i><div class=\"ts-list-item-content \"  style=\"color: #000000; padding-left: 10px;\">5 D\u00edas en Orlando<\/div><\/div><\/div><\/div><\/div><div class=\"wpb_column vc_column_container vc_col-sm-3\"><div class=\"vc_column-inner \"><div class=\"wpb_wrapper\"><div class=\"ts-list-item  icon-font-deal  \"  style=\"margin-top: 0px; margin-bottom: 10px; text-align:left;font-size:15px;line-height:15px;color: #000000;\" data-viewport=\"\" data-delay=\"0\" data-animation=\"\" data-opacity=\"1\"><i class=\"ts-list-item-icon ts-font-icon typcn typcn-location \" style=\"color: #7dbd21; width: 30px; height: 30px; font-size: 30px; line-height: 30px;\"><\/i><div class=\"ts-list-item-content \"  style=\"color: #000000; padding-left: 10px;\">3 D\u00edas en Miami<\/div><\/div><\/div><\/div><\/div><div class=\"wpb_column vc_column_container vc_col-sm-3\"><div class=\"vc_column-inner \"><div class=\"wpb_wrapper\"><div class=\"ts-list-item  icon-font-deal  \"  style=\"margin-top: 0px; margin-bottom: 10px; text-align:left;font-size:15px;line-height:15px;color: #000000;\" data-viewport=\"\" data-delay=\"0\" data-animation=\"\" data-opacity=\"1\"><i class=\"ts-list-item-icon ts-font-icon ts-icomoon-gift \" style=\"color: #af25dd; width: 30px; height: 30px; font-size: 30px; line-height: 30px;\"><\/i><div class=\"ts-list-item-content \"  style=\"color: #000000; padding-left: 10px;\">$150 de Voucher<\/div><\/div><\/div><\/div><\/div><div class=\"wpb_column vc_column_container vc_col-sm-3\"><div class=\"vc_column-inner \"><div class=\"wpb_wrapper\"><div class=\"ts-list-item  icon-font-deal  \"  style=\"margin-top: 0px; margin-bottom: 10px; text-align:left;font-size:15px;line-height:15px;color: #000000;\" data-viewport=\"\" data-delay=\"0\" data-animation=\"\" data-opacity=\"1\"><i class=\"ts-list-item-icon ts-font-icon ts-mapicons-boat-tour \" style=\"color: #1e73be; width: 30px; height: 30px; font-size: 30px; line-height: 30px;\"><\/i><div class=\"ts-list-item-content \"  style=\"color: #000000; padding-left: 10px;\">Crucero hacia Las Bahamas<\/div><\/div><\/div><\/div><\/div><\/div><\/div><\/div><\/div><\/div><div class=\"vc_row wpb_row vc_row-fluid\"><div class=\"wpb_column vc_column_container vc_col-sm-12\"><div class=\"vc_column-inner \"><div class=\"wpb_wrapper\"><div class=\"vc_empty_space\"   style=\"height: 32px\" ><span class=\"vc_empty_space_inner\"><\/span><\/div>\n<\/div><\/div><\/div><\/div>\n<\/div><\/h3>\n<h3><\/h3>\n<h3>Geograf\u00eda<\/h3>\n<p>La ciudad tiene un \u00e1rea total de 9.1 millas cuadradas (23,6 km2), de los cuales 8.9 millas cuadradas (23.1 km2) es tierra y 0.2 millas cuadradas (0,5 km2) (1,8%) es el agua. Williamsburg se extiende sobre una cresta en la pen\u00ednsula de Virginia entre el James y York R\u00edos. Queen Creek y cala de la universidad en parte rodean la ciudad.<\/p>\n<p>La ciudad se encuentra en el corredor de la I-64, a 45 millas (72 kil\u00f3metros) al sureste de Richmond y aproximadamente 37 millas (60 km) al noroeste de Norfolk. Es en la esquina noroeste de Hampton Roads, que es la 34\u00aa \u00e1rea metropolitana m\u00e1s grande en los Estados Unidos con una poblaci\u00f3n total de 1.576.370. Dentro de Hampton Roads, la ciudad de Norfolk es reconocida como el distrito central de negocios, mientras que el distrito balneario de Virginia Beach y Williamsburg son principalmente centros de turismo.<\/p>\n<h3>Clima<\/h3>\n<p>Williamsburg se encuentra en la zona de clima subtropical h\u00famedo, con fr\u00edo para inviernos suaves y veranos calientes, h\u00famedos. Debido a la ubicaci\u00f3n en el interior, los inviernos son ligeramente m\u00e1s fr\u00edas y los d\u00edas de primavera un poco m\u00e1s caliente que en Norfolk, aunque m\u00ednimos promedio de 3.2 \u00b0 F (1.8 \u00b0 C) m\u00e1s fr\u00edo aqu\u00ed debido a la sustancial urbana acumulaci\u00f3n hacia el sureste. Promedios Nevadas 5.1 pulgadas (13 cm) por temporada, y los meses de verano tienden a ser ligeramente m\u00e1s h\u00famedo.<\/p>\n<h3>Turismo<\/h3>\n<p>El volumen tur\u00edstico de Williamsburg Colonial ha atra\u00eddo a muchos otros negocios relacionados a la zona. Notable entre ellos fue Anheuser-Busch, que estableci\u00f3 grandes operaciones en el condado de James City y el condado de York a las afueras de la ciudad. La compa\u00f1\u00eda opera una gran f\u00e1brica de cerveza all\u00ed. La compa\u00f1\u00eda tambi\u00e9n se utiliza para operar dos parques tem\u00e1ticos cerca de la f\u00e1brica de cerveza, Busch Gardens Williamsburg y Water Country EE.UU.; sin embargo, ambas propiedades fueron vendidas a inversionistas privados despu\u00e9s de la adquisici\u00f3n de Anheuser-Busch por la cervecera extranjera InBev. Anheuser-Busch tambi\u00e9n anteriormente operaba un parque comercial, C\u00edrculo de McLaw y Kingsmill en el James una zona residencial cerrada que contiene un complejo del mismo nombre.<\/p>\n<p>Williamsburg contiene un centro comercial, Williamsburg Premium Outlets. Un segundo centro comercial, Williamsburg Outlet Mall. Williamsburg Pottery Factory tambi\u00e9n contiene tiendas outlet.<\/p>\n<h3>Transportaci\u00f3n<\/h3>\n<p>Williamsburg est\u00e1 situado junto a la Interestatal 64 y la Ruta 60, que conecta la ciudad con Richmond al noroeste y Norfolk al sureste. Sistema de autobuses p\u00fablicos de la comunidad, de Williamsburg<\/p>\n<p>Transporte en la zona (WAT), tiene su eje central en el centro de transporte. Una red de acceso para discapacitados rutas de autob\u00fas de tr\u00e1nsito servir a la ciudad, el condado de James City, y la mayor\u00eda de las porciones del Condado de York junto a la zona de Williamsburg, con servicio cada hora seis d\u00edas a la semana durante el d\u00eda y de noche horas. Las rutas operadas por WAT incluyen un lazo alrededor del campus de William &amp; Mary, mientras que las clases est\u00e1n en sesi\u00f3n. El sistema tambi\u00e9n proporciona servicios de transporte informal y opera los trolebuses de r\u00e9plica en la atracci\u00f3n Yorktown Riverfront. WAT conecta con el Hampton Roads sistema de autobuses de tr\u00e1nsito mucho m\u00e1s grande (TRH) a Lee Hall en el noroeste de Newport News y en el Centro de Transporte de Williamsburg.<\/p>\n<p>Caminar es un importante medio de transporte en Williamsburg, la ciudad es \u00abmuy accesible\u00bb. Con pocas excepciones, el tr\u00e1fico motorizado no se permite en Duque de Gloucester Street, que pasa a trav\u00e9s de Colonial Williamsburg y el distrito comercial de la Plaza de Merchant. La ciudad es tambi\u00e9n cada vez m\u00e1s amistosa al uso de la bicicleta, de haber construido 48 millas de instalaciones para bicicletas en la zona desde 1992. Al finalizar, la capital de Virginia Trail proporcionar\u00e1 una ruta pavimentada fuera de la carretera a Richmond para los ciclistas y peatones a trav\u00e9s de la avenida Colonial.<\/p>\n<p>El aeropuerto principal de la pen\u00ednsula de Virginia es el Aeropuerto de Newport News \/ Williamsburg Internacional en Newport News, a veinte minutos en coche de Williamsburg. Aeropuerto Internacional de Norfolk y Richmond International Airport tambi\u00e9n sirven a los pasajeros de la ciudad. Amtrak sirve Williamsburg con tres trenes al d\u00eda con parada en la estaci\u00f3n de Amtrak. La l\u00ednea funciona al oeste a lo largo de la pen\u00ednsula de Virginia a Richmond y apunta m\u00e1s all\u00e1. Una conexi\u00f3n ferroviaria de alta velocidad en el Richmond tanto el Corredor Noreste y el Corredor Ferroviario del Sudeste de alta velocidad tambi\u00e9n son objeto de estudio. Servicios de autobuses interurbanos son proporcionados por Greyhound.<\/p>\n\n\t\t<\/div>\n\t<\/div>\n<\/div><\/div><\/div><div class=\"wpb_column vc_column_container vc_col-sm-4\"><div class=\"vc_column-inner \"><div class=\"wpb_wrapper\"><h2 style=\"text-align: center\" class=\"vc_custom_heading\" >\u00bfPor qu\u00e9 Williamsburg?<\/h2><div class=\"vc_row wpb_row vc_inner vc_row-fluid\"><div class=\"wpb_column vc_column_container vc_col-sm-4\"><div class=\"vc_column-inner \"><div class=\"wpb_wrapper\"><div id=\"ultimate-heading-214169e36aa226ff1\" class=\"uvc-heading ult-adjust-bottom-margin ultimate-heading-214169e36aa226ff1 uvc-6367 fact\" data-hspacer=\"icon_only\"  data-halign=\"center\" style=\"text-align:center\"><div class=\"uvc-heading-spacer icon_only\" style=\"margin-bottom:10px;\"><div class=\"ult-just-icon-wrapper  \"><div class=\"align-icon\" style=\"text-align:center;\">\n<div class=\"aio-icon-img \" style=\"font-size:48px;display:inline-block;\" >\n\t<img class=\"img-icon\" alt=\"\" src=\"https:\/\/somosorlando.com\/wp-content\/uploads\/2015\/02\/icon-box-02-1.png\"\/>\n<\/div><\/div><\/div><\/div><div class=\"uvc-main-heading ult-responsive\"  data-ultimate-target='.uvc-heading.ultimate-heading-214169e36aa226ff1 h4'  data-responsive-json-new='{\"font-size\":\"\",\"line-height\":\"\"}' ><h4 style=\"font-weight:normal;margin-top:10px;margin-bottom:10px;\">Alojamiento<\/h4><\/div><\/div><\/div><\/div><\/div><div class=\"wpb_column vc_column_container vc_col-sm-4\"><div class=\"vc_column-inner \"><div class=\"wpb_wrapper\"><div id=\"ultimate-heading-384269e36aa227a34\" class=\"uvc-heading ult-adjust-bottom-margin ultimate-heading-384269e36aa227a34 uvc-247 fact\" data-hspacer=\"icon_only\"  data-halign=\"center\" style=\"text-align:center\"><div class=\"uvc-heading-spacer icon_only\" style=\"margin-bottom:10px;\"><div class=\"ult-just-icon-wrapper  \"><div class=\"align-icon\" style=\"text-align:center;\">\n<div class=\"aio-icon-img \" style=\"font-size:48px;display:inline-block;\" >\n\t<img class=\"img-icon\" alt=\"\" src=\"https:\/\/somosorlando.com\/wp-content\/uploads\/2015\/02\/sep-element-02-1-01.png\"\/>\n<\/div><\/div><\/div><\/div><div class=\"uvc-main-heading ult-responsive\"  data-ultimate-target='.uvc-heading.ultimate-heading-384269e36aa227a34 h4'  data-responsive-json-new='{\"font-size\":\"\",\"line-height\":\"\"}' ><h4 style=\"font-weight:normal;margin-top:10px;margin-bottom:10px;\">Actividades<\/h4><\/div><\/div><\/div><\/div><\/div><div class=\"wpb_column vc_column_container vc_col-sm-4\"><div class=\"vc_column-inner \"><div class=\"wpb_wrapper\"><div id=\"ultimate-heading-24969e36aa22843d\" class=\"uvc-heading ult-adjust-bottom-margin ultimate-heading-24969e36aa22843d uvc-3535 fact\" data-hspacer=\"icon_only\"  data-halign=\"center\" style=\"text-align:center\"><div class=\"uvc-heading-spacer icon_only\" style=\"margin-bottom:10px;\"><div class=\"ult-just-icon-wrapper  \"><div class=\"align-icon\" style=\"text-align:center;\">\n<div class=\"aio-icon-img \" style=\"font-size:48px;display:inline-block;\" >\n\t<img class=\"img-icon\" alt=\"\" src=\"https:\/\/somosorlando.com\/wp-content\/uploads\/2015\/02\/icon-header-08-2-1.png\"\/>\n<\/div><\/div><\/div><\/div><div class=\"uvc-main-heading ult-responsive\"  data-ultimate-target='.uvc-heading.ultimate-heading-24969e36aa22843d h4'  data-responsive-json-new='{\"font-size\":\"\",\"line-height\":\"\"}' ><h4 style=\"font-weight:normal;margin-top:10px;margin-bottom:10px;\">Transporte<\/h4><\/div><\/div><\/div><\/div><\/div><\/div>\n\t<div class=\"wpb_text_column wpb_content_element \" >\n\t\t<div class=\"wpb_wrapper\">\n\t\t\t<p>Ya sea que usted est\u00e1 pensando en un hotel familiar, hotel de cuatro estrellas. Williamsburg tiene todas las opciones de alojamiento para que su visita sea excepcional. Planee su aventura a Williamsburg donde se puede explorar una aventura entre \u00e1rboles. Hay monta\u00f1as rusas de clase mundial, shows en vivo estilo Broadway y un viaje al atardecer en un barco pirata. Caminar por la playa pasear en bicicleta millas de senderos a lo largo de la avenida Colonial. Levante su vaso en un vi\u00f1edo real, y brinde por las comodidades de hoy en museos del siglo 18.<\/p>\n<p>S\u00f3lo en Williamsburg se puede caminar tras las huellas de los padres fundadores de nuestra naci\u00f3n, la zona hist\u00f3rica de Colonial Williamsburg. Y a s\u00f3lo unas pocas millas de distancia experimentar la emoci\u00f3n de Busch Gardens Williamsburg y Water Country EE.UU. Si el golf es su juego, Virginia Golf Package cuenta con 15 campos de golf, incluyendo The Golden Horseshoe, y Kingsmill Resort. Y si a\u00f1ade vi\u00f1edos, tiendas y restaurantes de fama mundial, ser\u00e1n sus perfectas vacaciones!<\/p>\n<p>La ciudad de Williamsburg, Virginia tiene una gama completa de servicios de transporte. Williamsburg es servida por el Aeropuerto Internacional de Newport News Williamsburg, y por dos aeropuertos m\u00e1s grandes pero m\u00e1s distantes. La ciudad est\u00e1 conectada a varias carreteras interestatales y estatales. Un centro de transporte, el Williamsburg Transportation Center, sirve a los pasajeros de autob\u00fas y ferrocarril. La circulaci\u00f3n de autom\u00f3viles est\u00e1 restringida en la zona hist\u00f3rica, y la ciudad en su conjunto es m\u00e1s \u00abcaminable\u00bb que la norma estadounidense. Tambi\u00e9n se proporcionan rutas de ciclismo.<\/p>\n\n\t\t<\/div>\n\t<\/div>\n<div class=\"vc_empty_space\"   style=\"height: 1.5em\" ><span class=\"vc_empty_space_inner\"><\/span><\/div>\n<div id=\"ultimate-heading-8869e36aa2289ea\" class=\"uvc-heading ult-adjust-bottom-margin ultimate-heading-8869e36aa2289ea uvc-1044 \" data-hspacer=\"no_spacer\"  data-halign=\"center\" style=\"text-align:center\"><div class=\"uvc-heading-spacer no_spacer\" style=\"top\"><\/div><div class=\"uvc-main-heading ult-responsive\"  data-ultimate-target='.uvc-heading.ultimate-heading-8869e36aa2289ea h2'  data-responsive-json-new='{\"font-size\":\"\",\"line-height\":\"\"}' ><h2 style=\"font-weight:normal;margin-top:15px;\">Ofertas de Hoy<\/h2><\/div><div class=\"uvc-sub-heading ult-responsive\"  data-ultimate-target='.uvc-heading.ultimate-heading-8869e36aa2289ea .uvc-sub-heading '  data-responsive-json-new='{\"font-size\":\"\",\"line-height\":\"\"}'  style=\"font-weight:normal;margin-bottom:10px;\">Cupos Limitados<\/div><\/div><div class=\"vc_separator wpb_content_element vc_separator_align_center vc_sep_width_100 vc_sep_pos_align_center vc_separator_no_text vc_sep_color_grey\" ><span class=\"vc_sep_holder vc_sep_holder_l\"><span  class=\"vc_sep_line\"><\/span><\/span><span class=\"vc_sep_holder vc_sep_holder_r\"><span  class=\"vc_sep_line\"><\/span><\/span>\n<\/div><div id=\"ts-vcsc-image-hover-8653148\" class=\"ts-image-hover-frame ts-imagefloat-center  destinations-page-hover  ts-trigger-hover-adjust\"  style=\"width: 100%; margin-top: 0px; margin-bottom: 20px;\"><div id=\"ts-vcsc-image-hover-8653148-counter\" class=\"ts-fluid-wrapper \" style=\"width: 100%; height: auto;\"><div id=\"ts-vcsc-image-hover-8653148-mask\" class=\"ts-imagehover ts-imagehover-static ts-imagehover-style1 ts-trigger-hover \" data-trigger=\"ts-trigger-hover\" data-closer=\"ts-vcsc-image-hover-8653148-closer\" style=\"width: 100%; height: auto; \"><img src=\"https:\/\/somosorlando.com\/wp-content\/uploads\/2015\/10\/wyndham-hotel-busch-gardens-display.jpg\" data-no-lazy=\"1\" alt=\"wyndham-hotel-busch-gardens-display\" style=\"width: 100%; height: auto;\"\/><div class=\"mask\" style=\" width: 100%; height: 100%; display: block;\"><h2 class=\"ts-image-hover-title\" style=\"   \">Wyndham Hotel Busch Gardens<\/h2><div id=\"ts-vcsc-image-hover-8653148-maskcontent\" class=\"maskcontent\" style=\" \">Embrace the rich history and thrilling adventure that surround our conveniently located Wyndham Garden Williamsburg Busch Gardens Area hotel.<\/div><a id=\"ts-vcsc-image-hover-8653148-readmore\" style=\"   \" href=\"http:\/\/somosorlando.com\/getaways\/williamsburg-wyndham-hotel-busch-gardens\/\" class=\"info ts-image-hover-button\" target=\"_parent\">Read More<\/a><\/div><\/div><\/div><\/div><\/div><\/div><\/div><\/div><div class=\"vc_row wpb_row vc_row-fluid week-offer vc_custom_1459273021214\"><div class=\"wpb_column vc_column_container vc_col-sm-12\"><div class=\"vc_column-inner \"><div class=\"wpb_wrapper\">\n\t<div class=\"wpb_text_column wpb_content_element  vc_custom_1423736565808 title\" >\n\t\t<div class=\"wpb_wrapper\">\n\t\t\t<h2>WEEK SPECIAL OFFER<\/h2>\n\n\t\t<\/div>\n\t<\/div>\n\n\t<div class=\"wpb_raw_code wpb_content_element wpb_raw_html\" >\n\t\t<div class=\"wpb_wrapper\">\n\t\t\t<ul class=\"icon-list list-inline-block mb0 last-minute-rating\">\n  <li><i class=\"fa fa-star\"><\/i><\/li>\n  <li><i class=\"fa fa-star\"><\/i><\/li>\n  <li><i class=\"fa fa-star\"><\/i><\/li>\n  <li><i class=\"fa fa-star\"><\/i><\/li>\n  <li><i class=\"fa fa-star\"><\/i><\/li>\n<\/ul>\n\t\t<\/div>\n\t<\/div>\n\n\t<div class=\"wpb_text_column wpb_content_element  vc_custom_1446231527751 offer-title\" >\n\t\t<div class=\"wpb_wrapper\">\n\t\t\t<h5 style=\"text-align: center;\">Williamsburg,\u00a0Virginia<\/h5>\n\n\t\t<\/div>\n\t<\/div>\n\n\t<div class=\"wpb_text_column wpb_content_element  vc_custom_1423737456358 offer-dates\" >\n\t\t<div class=\"wpb_wrapper\">\n\t\t\t<p style=\"text-align: center;\">Save now &#8211; Decide dates later<\/p>\n\n\t\t<\/div>\n\t<\/div>\n\n\t<div class=\"wpb_text_column wpb_content_element  vc_custom_1423738496756 offer-price\" >\n\t\t<div class=\"wpb_wrapper\">\n\t\t\t<p style=\"text-align: center;\"><strong>$199<\/strong>\u00a0\/ person<\/p>\n\n\t\t<\/div>\n\t<\/div>\n\n\t<div class=\"wpb_text_column wpb_content_element  vc_custom_1424990918735 offer-book\" >\n\t\t<div class=\"wpb_wrapper\">\n\t\t\t<p style=\"text-align: center;\"><a title=\"Cancun Vacaciones &#091;USA&#093;\" href=\"http:\/\/promos.visitaorlandoflorida.com\/cancun-vacations-usa\/\" target=\"_blank\">Book Now &gt;<\/a><\/p>\n\n\t\t<\/div>\n\t<\/div>\n<\/div><\/div><\/div><\/div><!-- Row Backgrounds --><\/p>\n","protected":false},"excerpt":{"rendered":"Una visita aqu\u00ed ofrece la oportunidad \u00fanica de viajar de regreso a trav\u00e9s de la historia de nuestro pa\u00eds, mientras que tambi\u00e9n ofrece parques tem\u00e1ticos galardonados, museos de clase mundial y galer\u00edas de arte, fabulosas tiendas y restaurantes, golf excepcional y algunos de los senderos m\u00e1s pintorescos y cursos de agua en el pa\u00eds. Estas y otras innumerables actividades emocionantes y divertidas que la zona de Williamsburg ofrecen las vacaciones perfectas para todos en la familia. Ya sea que sus planes sean una escapada de fin de semana o una semana de escape de su vida diaria, usted encontrar\u00e1 una [...]","protected":false},"author":1,"featured_media":0,"parent":2139,"menu_order":15,"comment_status":"open","ping_status":"closed","template":"template-full-width-tb.php","meta":[],"_links":{"self":[{"href":"https:\/\/somosorlando.com\/es\/wp-json\/wp\/v2\/pages\/15735"}],"collection":[{"href":"https:\/\/somosorlando.com\/es\/wp-json\/wp\/v2\/pages"}],"about":[{"href":"https:\/\/somosorlando.com\/es\/wp-json\/wp\/v2\/types\/page"}],"author":[{"embeddable":true,"href":"https:\/\/somosorlando.com\/es\/wp-json\/wp\/v2\/users\/1"}],"replies":[{"embeddable":true,"href":"https:\/\/somosorlando.com\/es\/wp-json\/wp\/v2\/comments?post=15735"}],"version-history":[{"count":9,"href":"https:\/\/somosorlando.com\/es\/wp-json\/wp\/v2\/pages\/15735\/revisions"}],"predecessor-version":[{"id":17820,"href":"https:\/\/somosorlando.com\/es\/wp-json\/wp\/v2\/pages\/15735\/revisions\/17820"}],"up":[{"embeddable":true,"href":"https:\/\/somosorlando.com\/es\/wp-json\/wp\/v2\/pages\/2139"}],"wp:attachment":[{"href":"https:\/\/somosorlando.com\/es\/wp-json\/wp\/v2\/media?parent=15735"}],"curies":[{"name":"wp","href":"https:\/\/api.w.org\/{rel}","templated":true}]}}