{"id":15746,"date":"2015-11-02T17:19:25","date_gmt":"2015-11-02T22:19:25","guid":{"rendered":"http:\/\/www.goorlandovacations.com\/?page_id=15746"},"modified":"2016-04-14T17:14:09","modified_gmt":"2016-04-14T21:14:09","slug":"scottsdale-arizona","status":"publish","type":"page","link":"https:\/\/somosorlando.com\/es\/destinations\/scottsdale-arizona\/","title":{"rendered":"Scottsdale, Arizona"},"content":{"rendered":"<div class=\"vc_row wpb_row vc_row-fluid\"><div class=\"wpb_column vc_column_container vc_col-sm-8\"><div class=\"vc_column-inner \"><div class=\"wpb_wrapper\">\n\t<div class=\"wpb_text_column wpb_content_element \" >\n\t\t<div class=\"wpb_wrapper\">\n\t\t\t<h2><\/h2>\n<p>Desde el momento en que el sol se levanta sobre el desierto de Sonora hasta mucho despu\u00e9s de que se pone, Scottsdale ofrece opciones emocionantes para cosas que ver y hacer. De aventuras al aire libre y campeonato de golf hasta tratamientos de spa de lujo y compras, los d\u00edas en Scottsdale pueden ser tan activos o relajados como se desee. Y por la noche, cada hora es la hora feliz, sobre todo en el centro, donde m\u00e1s de 80 restaurantes, clubes y salones lo esperan.<\/p>\n<p>Scottsdale es una ciudad en la parte oriental del condado de Maricopa, Arizona, al lado del \u00e1rea metropolitana de Phoenix. El New York Times describi\u00f3 el centro de Scottsdale como \u00abla versi\u00f3n desierto del South Beach Miami\u00bb y que tiene \u00abmuch\u00edsimas fiestas hasta tarde y bastante movimiento en los hoteles\u00bb. Su lema es \u00abla ciudad m\u00e1s occidental de Occidente\u00bb.<\/p>\n<h3><div class=\"templatera_shortcode\"><div class=\"vc_row wpb_row vc_row-fluid\"><div class=\"wpb_column vc_column_container vc_col-sm-12\"><div class=\"vc_column-inner \"><div class=\"wpb_wrapper\"><div class=\"vc_empty_space\"   style=\"height: 32px\" ><span class=\"vc_empty_space_inner\"><\/span><\/div>\n<\/div><\/div><\/div><\/div><div class=\"vc_row wpb_row vc_row-fluid wrapper-weekly-special vc_custom_1458941606091 vc_row-has-fill\"><div class=\"wpb_column vc_column_container vc_col-sm-4\"><div class=\"vc_column-inner vc_custom_1458926234837\"><div class=\"wpb_wrapper\"><div class=\"vc_row wpb_row vc_inner vc_row-fluid vc_custom_1457563191918 vc_row-has-fill\"><div class=\"wpb_column vc_column_container vc_col-sm-12\"><div class=\"vc_column-inner vc_custom_1458926007122\"><div class=\"wpb_wrapper\">\n\t<div  class=\"wpb_single_image wpb_content_element vc_align_left  vc_custom_1458926015972  week-special-background\">\n\t\t\n\t\t<figure class=\"wpb_wrapper vc_figure\">\n\t\t\t<div class=\"vc_single_image-wrapper   vc_box_border_grey\"><img class=\"vc_single_image-img \" src=\"https:\/\/somosorlando.com\/wp-content\/uploads\/2015\/11\/backgroundORL-06-400x250.png\" width=\"400\" height=\"250\" alt=\"backgroundORL-06\" title=\"backgroundORL-06\" \/><\/div>\n\t\t<\/figure>\n\t<\/div>\n<\/div><\/div><\/div><\/div><\/div><\/div><\/div><div class=\"wpb_column vc_column_container vc_col-sm-8\"><div class=\"vc_column-inner \"><div class=\"wpb_wrapper\"><div class=\"vc_row wpb_row vc_inner vc_row-fluid block-header vc_custom_1458936350673 vc_row-has-fill\"><div class=\"wpb_column vc_column_container vc_col-sm-8\"><div class=\"vc_column-inner \"><div class=\"wpb_wrapper\"><h1 style=\"line-height: 1em;text-align: center;font-family:Raleway;font-weight:700;font-style:normal\" class=\"vc_custom_heading\" >OFERTA - ORLANDO<\/h1><\/div><\/div><\/div><div class=\"wpb_column vc_column_container vc_col-sm-4\"><div class=\"vc_column-inner \"><div class=\"wpb_wrapper\"><h5 style=\"line-height: 1em;text-align: right;font-family:Raleway;font-weight:400;font-style:normal\" class=\"vc_custom_heading\" >PRECIO<\/h5><h4 style=\"color: #e8a635;line-height: 1em;text-align: right;font-family:Raleway;font-weight:700;font-style:normal\" class=\"vc_custom_heading\" >$1399 \/ Family<\/h4><\/div><\/div><\/div><\/div><div class=\"vc_row wpb_row vc_inner vc_row-fluid block-footer vc_custom_1457563009434\"><div class=\"wpb_column vc_column_container vc_col-sm-3\"><div class=\"vc_column-inner \"><div class=\"wpb_wrapper\"><div class=\"ts-list-item  icon-font-deal  \"  style=\"margin-top: 0px; margin-bottom: 10px; text-align:left;font-size:15px;line-height:15px;color: #000000;\" data-viewport=\"\" data-delay=\"0\" data-animation=\"\" data-opacity=\"1\"><i class=\"ts-list-item-icon ts-font-icon typcn typcn-location \" style=\"color: #7dbd21; width: 30px; height: 30px; font-size: 30px; line-height: 30px;\"><\/i><div class=\"ts-list-item-content \"  style=\"color: #000000; padding-left: 10px;\">5 D\u00edas en Orlando<\/div><\/div><\/div><\/div><\/div><div class=\"wpb_column vc_column_container vc_col-sm-3\"><div class=\"vc_column-inner \"><div class=\"wpb_wrapper\"><div class=\"ts-list-item  icon-font-deal  \"  style=\"margin-top: 0px; margin-bottom: 10px; text-align:left;font-size:15px;line-height:15px;color: #000000;\" data-viewport=\"\" data-delay=\"0\" data-animation=\"\" data-opacity=\"1\"><i class=\"ts-list-item-icon ts-font-icon typcn typcn-location \" style=\"color: #7dbd21; width: 30px; height: 30px; font-size: 30px; line-height: 30px;\"><\/i><div class=\"ts-list-item-content \"  style=\"color: #000000; padding-left: 10px;\">3 D\u00edas en Miami<\/div><\/div><\/div><\/div><\/div><div class=\"wpb_column vc_column_container vc_col-sm-3\"><div class=\"vc_column-inner \"><div class=\"wpb_wrapper\"><div class=\"ts-list-item  icon-font-deal  \"  style=\"margin-top: 0px; margin-bottom: 10px; text-align:left;font-size:15px;line-height:15px;color: #000000;\" data-viewport=\"\" data-delay=\"0\" data-animation=\"\" data-opacity=\"1\"><i class=\"ts-list-item-icon ts-font-icon ts-icomoon-gift \" style=\"color: #af25dd; width: 30px; height: 30px; font-size: 30px; line-height: 30px;\"><\/i><div class=\"ts-list-item-content \"  style=\"color: #000000; padding-left: 10px;\">$150 de Voucher<\/div><\/div><\/div><\/div><\/div><div class=\"wpb_column vc_column_container vc_col-sm-3\"><div class=\"vc_column-inner \"><div class=\"wpb_wrapper\"><div class=\"ts-list-item  icon-font-deal  \"  style=\"margin-top: 0px; margin-bottom: 10px; text-align:left;font-size:15px;line-height:15px;color: #000000;\" data-viewport=\"\" data-delay=\"0\" data-animation=\"\" data-opacity=\"1\"><i class=\"ts-list-item-icon ts-font-icon ts-mapicons-boat-tour \" style=\"color: #1e73be; width: 30px; height: 30px; font-size: 30px; line-height: 30px;\"><\/i><div class=\"ts-list-item-content \"  style=\"color: #000000; padding-left: 10px;\">Crucero hacia Las Bahamas<\/div><\/div><\/div><\/div><\/div><\/div><\/div><\/div><\/div><\/div><div class=\"vc_row wpb_row vc_row-fluid\"><div class=\"wpb_column vc_column_container vc_col-sm-12\"><div class=\"vc_column-inner \"><div class=\"wpb_wrapper\"><div class=\"vc_empty_space\"   style=\"height: 32px\" ><span class=\"vc_empty_space_inner\"><\/span><\/div>\n<\/div><\/div><\/div><\/div>\n<\/div><\/h3>\n<h3>Geograf\u00eda<\/h3>\n<p>La ciudad est\u00e1 situada en el Salt River Valley o en el \u00abValle del Sol\u00bb, en el extremo norte del desierto de Sonora. Scottsdale, 31 millas de largo y 11,4 millas de ancho en su punto m\u00e1s ancho, comparte fronteras con muchos otros municipios.<\/p>\n<p>En el oeste, Scottsdale est\u00e1 bordeado por Phoenix, Paradise Valley, y el condado de Maricopa. Carefree tambi\u00e9n se encuentra a lo largo de la frontera oriental, tambi\u00e9n comparte l\u00edmite norte de Scottsdale con el Tonto National Forest.<\/p>\n<p>Al sur limita con Scottsdale Tempe. El l\u00edmite sur tambi\u00e9n est\u00e1 ocupado por el Pima-Maricopa Comunidad India del R\u00edo Salado, que tambi\u00e9n se extiende a lo largo de la frontera oriental, que tambi\u00e9n limita con Fountain Hills, el Parque Regional de McDowell Mountain y m\u00e1s tierra no incorporada del Condado de Maricopa.<\/p>\n<p>La ciudad tiene un \u00e1rea total de 184.4 millas cuadradas (478 km2). 184,2 millas cuadradas (477 km2) de \u00e9l es tierra y 0.2 millas cuadradas (0,52 km2) de \u00e9l (0,12%) es el agua.<\/p>\n<h3>Clima<\/h3>\n<p>El clima de Scottsdale es \u00e1rido. Los inviernos son suaves y los veranos son extremadamente calientes. La temperatura m\u00e1s baja jam\u00e1s registrada en la ciudad fue de 19.0 \u00b0 F (-7,2 \u00b0 C), el 20 de febrero de 1955, y la temperatura m\u00e1s alta jam\u00e1s registrada fue de 119 \u00b0 F (48 \u00b0 C), el 26 de junio., 1972<\/p>\n<h3>Compras<\/h3>\n<p>Hay muchas \u00e1reas comerciales dentro de la ciudad de Scottsdale, que van desde los distritos peque\u00f1os a los grandes centros. Los centros comerciales m\u00e1s notables incluyen los Kierland Commons en el norte de Scottsdale, y el Scottsdale Fashion Square en el centro de Scottsdale, un importante destino para los minoristas de alto nivel. Estos centros comerciales en Scottsdale ofrecen decenas de marcas de que son \u00fanicas para tanto Phoenix y la regi\u00f3n del sudoeste.<\/p>\n<p>El Scottsdale Fashion Square tiene casi 2 millones de pies cuadrados, est\u00e1 en el ranking como uno de los centros comerciales m\u00e1s rentables por pie cuadrado en el suroeste de Estados Unidos. En el centro est\u00e1 Nordstrom, Macy, Neiman Marcus, Dillard, y los grandes almacenes Barneys New York. El centro tambi\u00e9n es el hogar de los minoristas Armani Exchange, Burberry, Hugo Boss, Kate Spade, Gucci, Louis Vuitton, L&#8217;Occitane en Provence, Tourneau, Swarovski, Juicy Couture, GUESS, Tiffany and Co., Ferragamo, Michael Kors, Jimmy Choo , Cartier, Abercrombie y Fitch, Lucky Brand Jeans, Ed Hardy, Prada, Steve Madden, Marciano, Carolina Herrera, Bvlgari, Bottega Veneta, Lacoste y Kenneth Cole, entre otros cientos de personas.<\/p>\n<p>Tienda de Tiffany y Co. del centro, en particular, inform\u00f3 que en los \u00faltimos a\u00f1os este lugar se gan\u00f3 una de las cifras de ventas m\u00e1s altos de la compa\u00f1\u00eda por pie cuadrado en los Estados Unidos.<br \/>\nLa ciudad tambi\u00e9n es sede de la Semana anual de Scottsdale Fashion cada mes de noviembre. El evento cuenta con rutinariamente desfiles de dise\u00f1adores locales, nacionales e internacionales influyentes, la m\u00e1s reciente y sobre todo, Kate Spade, San Juan, Betsey Johnson, y Fa\u00e7onnable.<\/p>\n<h3>La vida nocturna<\/h3>\n<p>El Hotel Valley Ho atiende tanto de d\u00eda como de noche.<br \/>\nNombrado por el New York Times como uno de los lugares \u00abm\u00e1s de moda y m\u00e1s animado\u00bb en el pa\u00eds, Scottsdale es el hogar de una variedad de alta gama de clubes nocturnos, restaurantes, hoteles, salones y bares. Durante la \u00faltima d\u00e9cada, en particular, estos establecimientos han crecido en gran n\u00famero, muchos de catering a una clientela m\u00e1s \u00abjoven, gente consciente de la moda.\u00bb<\/p>\n<p>Esto es evidente por el creciente n\u00famero de hoteles de moda, preocupados por el estilo que se han abierto en todo el centro de Scottsdale susceptibles de atender a las multitudes de la vida nocturna. En particular, Mondrian Hotel del Morgan Hotel Group, el FireSky Resort &amp; Spa, el independiente de mitad del siglo Hotel Valley Ho y el W Hotel.<\/p>\n<p>La mayor\u00eda de la vida nocturna se concentra en el centro de Scottsdale, entre las carreteras Camelback y Osborn. Este es el destino de la vida nocturna m\u00e1s activa y popular en el \u00e1rea metropolitana de Phoenix. Distritos similares a conocidos clubes nocturnos en otras grandes ciudades, al igual que el distrito de Buckhead de Atlanta y South Beach de Miami, la mayor\u00eda de los principales bares y clubes del centro de Scottsdale se encuentran generalmente a poca distancia, proporcionando a menudo una escena vibrante y animada durante la mayor\u00eda de las noches. De jueves a domingos de ser la m\u00e1s activa, como una multitud de m\u00e1s de 40.000 personas se sabe que se congregan en esta \u00e1rea.<\/p>\n<p>Para elevar su perfil nacional nocturno m\u00e1s, Scottsdale recientemente comenz\u00f3 a recibir el \u00faltimo partido anual de Scottsdale Ultimate Block Party en la v\u00edspera de A\u00f1o Nuevo. La creciente fiesta de fin de a\u00f1o atrae habitualmente a m\u00e1s de 25.000 personas.<\/p>\n\n\t\t<\/div>\n\t<\/div>\n<\/div><\/div><\/div><div class=\"wpb_column vc_column_container vc_col-sm-4\"><div class=\"vc_column-inner \"><div class=\"wpb_wrapper\"><h2 style=\"text-align: center\" class=\"vc_custom_heading\" >\u00bfPor qu\u00e9 Scottsdale?<\/h2><div class=\"vc_row wpb_row vc_inner vc_row-fluid\"><div class=\"wpb_column vc_column_container vc_col-sm-4\"><div class=\"vc_column-inner \"><div class=\"wpb_wrapper\"><div id=\"ultimate-heading-111169d119903a8db\" class=\"uvc-heading ult-adjust-bottom-margin ultimate-heading-111169d119903a8db uvc-9745 fact\" data-hspacer=\"icon_only\"  data-halign=\"center\" style=\"text-align:center\"><div class=\"uvc-heading-spacer icon_only\" style=\"margin-bottom:10px;\"><div class=\"ult-just-icon-wrapper  \"><div class=\"align-icon\" style=\"text-align:center;\">\n<div class=\"aio-icon-img \" style=\"font-size:48px;display:inline-block;\" >\n\t<img class=\"img-icon\" alt=\"\" src=\"https:\/\/somosorlando.com\/wp-content\/uploads\/2015\/02\/icon-box-02-1.png\"\/>\n<\/div><\/div><\/div><\/div><div class=\"uvc-main-heading ult-responsive\"  data-ultimate-target='.uvc-heading.ultimate-heading-111169d119903a8db h5'  data-responsive-json-new='{\"font-size\":\"\",\"line-height\":\"\"}' ><h5 style=\"font-weight:normal;margin-top:10px;margin-bottom:10px;\">Acomodaciones<\/h5><\/div><\/div><\/div><\/div><\/div><div class=\"wpb_column vc_column_container vc_col-sm-4\"><div class=\"vc_column-inner \"><div class=\"wpb_wrapper\"><div id=\"ultimate-heading-944069d119903b402\" class=\"uvc-heading ult-adjust-bottom-margin ultimate-heading-944069d119903b402 uvc-1175 fact\" data-hspacer=\"icon_only\"  data-halign=\"center\" style=\"text-align:center\"><div class=\"uvc-heading-spacer icon_only\" style=\"margin-bottom:10px;\"><div class=\"ult-just-icon-wrapper  \"><div class=\"align-icon\" style=\"text-align:center;\">\n<div class=\"aio-icon-img \" style=\"font-size:48px;display:inline-block;\" >\n\t<img class=\"img-icon\" alt=\"\" src=\"https:\/\/somosorlando.com\/wp-content\/uploads\/2015\/02\/sep-element-02-1-01.png\"\/>\n<\/div><\/div><\/div><\/div><div class=\"uvc-main-heading ult-responsive\"  data-ultimate-target='.uvc-heading.ultimate-heading-944069d119903b402 h5'  data-responsive-json-new='{\"font-size\":\"\",\"line-height\":\"\"}' ><h5 style=\"font-weight:normal;margin-top:10px;margin-bottom:10px;\">Actividades<\/h5><\/div><\/div><\/div><\/div><\/div><div class=\"wpb_column vc_column_container vc_col-sm-4\"><div class=\"vc_column-inner \"><div class=\"wpb_wrapper\"><div id=\"ultimate-heading-656769d119903c01e\" class=\"uvc-heading ult-adjust-bottom-margin ultimate-heading-656769d119903c01e uvc-7903 fact\" data-hspacer=\"icon_only\"  data-halign=\"center\" style=\"text-align:center\"><div class=\"uvc-heading-spacer icon_only\" style=\"margin-bottom:10px;\"><div class=\"ult-just-icon-wrapper  \"><div class=\"align-icon\" style=\"text-align:center;\">\n<div class=\"aio-icon-img \" style=\"font-size:48px;display:inline-block;\" >\n\t<img class=\"img-icon\" alt=\"\" src=\"https:\/\/somosorlando.com\/wp-content\/uploads\/2015\/02\/icon-header-08-2-1.png\"\/>\n<\/div><\/div><\/div><\/div><div class=\"uvc-main-heading ult-responsive\"  data-ultimate-target='.uvc-heading.ultimate-heading-656769d119903c01e h5'  data-responsive-json-new='{\"font-size\":\"\",\"line-height\":\"\"}' ><h5 style=\"font-weight:normal;margin-top:10px;margin-bottom:10px;\">Transporte<\/h5><\/div><\/div><\/div><\/div><\/div><\/div><div class=\"vc_empty_space\"   style=\"height: 1.5em\" ><span class=\"vc_empty_space_inner\"><\/span><\/div>\n\n\t<div class=\"wpb_text_column wpb_content_element \" >\n\t\t<div class=\"wpb_wrapper\">\n\t\t\t<p>Desde cl\u00e1sico a espiritual, hist\u00f3rico a contempor\u00e1neo y urbano fuera del camino, los hoteles y resorts de Scottsdale le dan la bienvenida con alojamientos que son tan individuales como usted. Se siente un aventurero? Excursiones al desierto, excursiones guiadas y campeonatos de golf son de f\u00e1cil acceso desde cualquier localidad. Y para los ni\u00f1os, parques acu\u00e1ticos, buceo, pel\u00edculas y campos.<\/p>\n<p>Cuando se trata de experiencias \u00fanicas, Scottsdale lo tiene todo, con opciones que van desde museos de clase mundial a un reconocido jard\u00edn bot\u00e1nico en el desierto m\u00e1s grande del pa\u00eds. Parques de atracciones, un zool\u00f3gico galardonado y un atractivo museo del ferrocarril para todas las edades. Y si piensa en el viejo oeste, piense en la r\u00e9plica m\u00e1s grande de una ciudad de 1880 del estado, est\u00e1 a s\u00f3lo minutos de distancia.<\/p>\n<p>Llegar a Scottsdale nunca fue tan f\u00e1cil! Aeropuerto Internacional Sky Harbor de Phoenix, la instalaci\u00f3n principal que sirve Scottsdale, se encuentra a menos de 10 millas del centro y ofrece cerca de 1.200 vuelos diarios desde y hacia las ciudades de todo el mundo. Lo mejor de todo, maneje 10 a 20 minutos desde el aeropuerto para poder llegar a los balnearios y hoteles m\u00e1s populares de Scottsdale.<\/p>\n\n\t\t<\/div>\n\t<\/div>\n<div id=\"ultimate-heading-946769d119903c664\" class=\"uvc-heading ult-adjust-bottom-margin ultimate-heading-946769d119903c664 uvc-2430 \" data-hspacer=\"no_spacer\"  data-halign=\"center\" style=\"text-align:center\"><div class=\"uvc-heading-spacer no_spacer\" style=\"top\"><\/div><div class=\"uvc-main-heading ult-responsive\"  data-ultimate-target='.uvc-heading.ultimate-heading-946769d119903c664 h2'  data-responsive-json-new='{\"font-size\":\"\",\"line-height\":\"\"}' ><h2 style=\"font-weight:normal;margin-top:15px;\">Today's Deals<\/h2><\/div><div class=\"uvc-sub-heading ult-responsive\"  data-ultimate-target='.uvc-heading.ultimate-heading-946769d119903c664 .uvc-sub-heading '  data-responsive-json-new='{\"font-size\":\"\",\"line-height\":\"\"}'  style=\"font-weight:normal;margin-bottom:10px;\">Availability is Limited<\/div><\/div><div class=\"vc_separator wpb_content_element vc_separator_align_center vc_sep_width_100 vc_sep_pos_align_center vc_separator_no_text vc_sep_color_grey\" ><span class=\"vc_sep_holder vc_sep_holder_l\"><span  class=\"vc_sep_line\"><\/span><\/span><span class=\"vc_sep_holder vc_sep_holder_r\"><span  class=\"vc_sep_line\"><\/span><\/span>\n<\/div><div id=\"ts-vcsc-image-hover-5409446\" class=\"ts-image-hover-frame ts-imagefloat-center  destinations-page-hover  ts-trigger-hover-adjust\"  style=\"width: 100%; margin-top: 0px; margin-bottom: 20px;\"><div id=\"ts-vcsc-image-hover-5409446-counter\" class=\"ts-fluid-wrapper \" style=\"width: 100%; height: auto;\"><div id=\"ts-vcsc-image-hover-5409446-mask\" class=\"ts-imagehover ts-imagehover-static ts-imagehover-style1 ts-trigger-hover \" data-trigger=\"ts-trigger-hover\" data-closer=\"ts-vcsc-image-hover-5409446-closer\" style=\"width: 100%; height: auto; \"><img src=\"https:\/\/somosorlando.com\/wp-content\/uploads\/2015\/10\/Holiday-Inn-Express-display.jpg\" data-no-lazy=\"1\" alt=\"Holiday-Inn-Express-display\" style=\"width: 100%; height: auto;\"\/><div class=\"mask\" style=\" width: 100%; height: 100%; display: block;\"><h2 class=\"ts-image-hover-title\" style=\"   \">Holiday Inn Express<\/h2><div id=\"ts-vcsc-image-hover-5409446-maskcontent\" class=\"maskcontent\" style=\" \">With an array of boutique shops, fabulous dining &amp; night life, world class golf, spas, and entertainment venues for sports and culture events, museums, theaters, and concerts. <\/div><a id=\"ts-vcsc-image-hover-5409446-readmore\" style=\"   \" href=\"http:\/\/somosorlando.com\/getaways\/scottsdale-holiday-inn-express\/\" class=\"info ts-image-hover-button\" target=\"_parent\">Read More<\/a><\/div><\/div><\/div><\/div><\/div><\/div><\/div><\/div>\n","protected":false},"excerpt":{"rendered":"Desde el momento en que el sol se levanta sobre el desierto de Sonora hasta mucho despu\u00e9s de que se pone, Scottsdale ofrece opciones emocionantes para cosas que ver y hacer. De aventuras al aire libre y campeonato de golf hasta tratamientos de spa de lujo y compras, los d\u00edas en Scottsdale pueden ser tan activos o relajados como se desee. Y por la noche, cada hora es la hora feliz, sobre todo en el centro, donde m\u00e1s de 80 restaurantes, clubes y salones lo esperan. Scottsdale es una ciudad en la parte oriental del condado de Maricopa, Arizona, al [...]","protected":false},"author":1,"featured_media":0,"parent":2139,"menu_order":12,"comment_status":"open","ping_status":"closed","template":"template-full-width-tb.php","meta":[],"_links":{"self":[{"href":"https:\/\/somosorlando.com\/es\/wp-json\/wp\/v2\/pages\/15746"}],"collection":[{"href":"https:\/\/somosorlando.com\/es\/wp-json\/wp\/v2\/pages"}],"about":[{"href":"https:\/\/somosorlando.com\/es\/wp-json\/wp\/v2\/types\/page"}],"author":[{"embeddable":true,"href":"https:\/\/somosorlando.com\/es\/wp-json\/wp\/v2\/users\/1"}],"replies":[{"embeddable":true,"href":"https:\/\/somosorlando.com\/es\/wp-json\/wp\/v2\/comments?post=15746"}],"version-history":[{"count":12,"href":"https:\/\/somosorlando.com\/es\/wp-json\/wp\/v2\/pages\/15746\/revisions"}],"predecessor-version":[{"id":17846,"href":"https:\/\/somosorlando.com\/es\/wp-json\/wp\/v2\/pages\/15746\/revisions\/17846"}],"up":[{"embeddable":true,"href":"https:\/\/somosorlando.com\/es\/wp-json\/wp\/v2\/pages\/2139"}],"wp:attachment":[{"href":"https:\/\/somosorlando.com\/es\/wp-json\/wp\/v2\/media?parent=15746"}],"curies":[{"name":"wp","href":"https:\/\/api.w.org\/{rel}","templated":true}]}}