{"id":17449,"date":"2016-03-31T13:16:21","date_gmt":"2016-03-31T17:16:21","guid":{"rendered":"https:\/\/somosorlando.com\/es\/?page_id=17449"},"modified":"2016-04-08T11:58:19","modified_gmt":"2016-04-08T15:58:19","slug":"puerto-plata","status":"publish","type":"page","link":"https:\/\/somosorlando.com\/es\/destinations\/puerto-plata\/","title":{"rendered":"Puerto Plata Rep. Dominicana"},"content":{"rendered":"<div class=\"vc_row wpb_row vc_row-fluid vc_custom_1458941535952\"><div class=\"wpb_column vc_column_container vc_col-sm-8\"><div class=\"vc_column-inner vc_custom_1458941368156\"><div class=\"wpb_wrapper\">\n\t<div class=\"wpb_text_column wpb_content_element \" >\n\t\t<div class=\"wpb_wrapper\">\n\t\t\t<p>La Provincia de Puerto Plata est\u00e1 ubicada al norte de la Isla de Santo Domingo. Al norte limita con el Oc\u00e9ano Atl\u00e1ntico al que le debe su nombre de \u00abLa Novia del Atl\u00e1ntico\u00bb.<\/p>\n<p>Puerto Plata incluye muchos sitios tur\u00edsticos, como la playa de Cabarete cual es muy bien conocida por sus deportes acu\u00e1ticos. Ha habido un gran cambio en la parte de Sos\u00faa y Cabarete en la provincia de Puerto Plata en los \u00faltimos a\u00f1os. Los dos sitios se han ampliado tremendamente y se han convertido en un sitio muy tur\u00edstico.<\/p>\n<h3><div class=\"templatera_shortcode\"><div class=\"vc_row wpb_row vc_row-fluid\"><div class=\"wpb_column vc_column_container vc_col-sm-12\"><div class=\"vc_column-inner \"><div class=\"wpb_wrapper\"><div class=\"vc_empty_space\"   style=\"height: 32px\" ><span class=\"vc_empty_space_inner\"><\/span><\/div>\n<\/div><\/div><\/div><\/div><div class=\"vc_row wpb_row vc_row-fluid wrapper-weekly-special vc_custom_1458941606091 vc_row-has-fill\"><div class=\"wpb_column vc_column_container vc_col-sm-4\"><div class=\"vc_column-inner vc_custom_1458926234837\"><div class=\"wpb_wrapper\"><div class=\"vc_row wpb_row vc_inner vc_row-fluid vc_custom_1457563191918 vc_row-has-fill\"><div class=\"wpb_column vc_column_container vc_col-sm-12\"><div class=\"vc_column-inner vc_custom_1458926007122\"><div class=\"wpb_wrapper\">\n\t<div  class=\"wpb_single_image wpb_content_element vc_align_left  vc_custom_1458926015972  week-special-background\">\n\t\t\n\t\t<figure class=\"wpb_wrapper vc_figure\">\n\t\t\t<div class=\"vc_single_image-wrapper   vc_box_border_grey\"><img class=\"vc_single_image-img \" src=\"https:\/\/somosorlando.com\/wp-content\/uploads\/2015\/11\/backgroundORL-06-400x250.png\" width=\"400\" height=\"250\" alt=\"backgroundORL-06\" title=\"backgroundORL-06\" \/><\/div>\n\t\t<\/figure>\n\t<\/div>\n<\/div><\/div><\/div><\/div><\/div><\/div><\/div><div class=\"wpb_column vc_column_container vc_col-sm-8\"><div class=\"vc_column-inner \"><div class=\"wpb_wrapper\"><div class=\"vc_row wpb_row vc_inner vc_row-fluid block-header vc_custom_1458936350673 vc_row-has-fill\"><div class=\"wpb_column vc_column_container vc_col-sm-8\"><div class=\"vc_column-inner \"><div class=\"wpb_wrapper\"><h1 style=\"line-height: 1em;text-align: center;font-family:Raleway;font-weight:700;font-style:normal\" class=\"vc_custom_heading\" >OFERTA - ORLANDO<\/h1><\/div><\/div><\/div><div class=\"wpb_column vc_column_container vc_col-sm-4\"><div class=\"vc_column-inner \"><div class=\"wpb_wrapper\"><h5 style=\"line-height: 1em;text-align: right;font-family:Raleway;font-weight:400;font-style:normal\" class=\"vc_custom_heading\" >PRECIO<\/h5><h4 style=\"color: #e8a635;line-height: 1em;text-align: right;font-family:Raleway;font-weight:700;font-style:normal\" class=\"vc_custom_heading\" >$1399 \/ Family<\/h4><\/div><\/div><\/div><\/div><div class=\"vc_row wpb_row vc_inner vc_row-fluid block-footer vc_custom_1457563009434\"><div class=\"wpb_column vc_column_container vc_col-sm-3\"><div class=\"vc_column-inner \"><div class=\"wpb_wrapper\"><div class=\"ts-list-item  icon-font-deal  \"  style=\"margin-top: 0px; margin-bottom: 10px; text-align:left;font-size:15px;line-height:15px;color: #000000;\" data-viewport=\"\" data-delay=\"0\" data-animation=\"\" data-opacity=\"1\"><i class=\"ts-list-item-icon ts-font-icon typcn typcn-location \" style=\"color: #7dbd21; width: 30px; height: 30px; font-size: 30px; line-height: 30px;\"><\/i><div class=\"ts-list-item-content \"  style=\"color: #000000; padding-left: 10px;\">5 D\u00edas en Orlando<\/div><\/div><\/div><\/div><\/div><div class=\"wpb_column vc_column_container vc_col-sm-3\"><div class=\"vc_column-inner \"><div class=\"wpb_wrapper\"><div class=\"ts-list-item  icon-font-deal  \"  style=\"margin-top: 0px; margin-bottom: 10px; text-align:left;font-size:15px;line-height:15px;color: #000000;\" data-viewport=\"\" data-delay=\"0\" data-animation=\"\" data-opacity=\"1\"><i class=\"ts-list-item-icon ts-font-icon typcn typcn-location \" style=\"color: #7dbd21; width: 30px; height: 30px; font-size: 30px; line-height: 30px;\"><\/i><div class=\"ts-list-item-content \"  style=\"color: #000000; padding-left: 10px;\">3 D\u00edas en Miami<\/div><\/div><\/div><\/div><\/div><div class=\"wpb_column vc_column_container vc_col-sm-3\"><div class=\"vc_column-inner \"><div class=\"wpb_wrapper\"><div class=\"ts-list-item  icon-font-deal  \"  style=\"margin-top: 0px; margin-bottom: 10px; text-align:left;font-size:15px;line-height:15px;color: #000000;\" data-viewport=\"\" data-delay=\"0\" data-animation=\"\" data-opacity=\"1\"><i class=\"ts-list-item-icon ts-font-icon ts-icomoon-gift \" style=\"color: #af25dd; width: 30px; height: 30px; font-size: 30px; line-height: 30px;\"><\/i><div class=\"ts-list-item-content \"  style=\"color: #000000; padding-left: 10px;\">$150 de Voucher<\/div><\/div><\/div><\/div><\/div><div class=\"wpb_column vc_column_container vc_col-sm-3\"><div class=\"vc_column-inner \"><div class=\"wpb_wrapper\"><div class=\"ts-list-item  icon-font-deal  \"  style=\"margin-top: 0px; margin-bottom: 10px; text-align:left;font-size:15px;line-height:15px;color: #000000;\" data-viewport=\"\" data-delay=\"0\" data-animation=\"\" data-opacity=\"1\"><i class=\"ts-list-item-icon ts-font-icon ts-mapicons-boat-tour \" style=\"color: #1e73be; width: 30px; height: 30px; font-size: 30px; line-height: 30px;\"><\/i><div class=\"ts-list-item-content \"  style=\"color: #000000; padding-left: 10px;\">Crucero hacia Las Bahamas<\/div><\/div><\/div><\/div><\/div><\/div><\/div><\/div><\/div><\/div><div class=\"vc_row wpb_row vc_row-fluid\"><div class=\"wpb_column vc_column_container vc_col-sm-12\"><div class=\"vc_column-inner \"><div class=\"wpb_wrapper\"><div class=\"vc_empty_space\"   style=\"height: 32px\" ><span class=\"vc_empty_space_inner\"><\/span><\/div>\n<\/div><\/div><\/div><\/div>\n<\/div><\/h3>\n<p><strong>Puerto Plata<\/strong> posee algunas de las mejores playas del pa\u00eds como son Sos\u00faa, Playa Dorada, Maim\u00f3n, Cafemba, Playa Grande (de Luper\u00f3n), Cabarete, Long Beach, Longbichito. En algunas, como en Playa Dorada, Cofres\u00ed, Long Beach o Cabarete, se practican diversos tipos de deportes como las carreras de moto acu\u00e1ticas, surf, windsurf, kite o el velerismo.<\/p>\n<p>En adici\u00f3n a playas y deportes acu\u00e1ticos, en Puerto Plata puede practicarse el senderismo, el ciclismo, turismo de aventura o visitar las reservas y parques naturales como la Monta\u00f1a Isabel de Torres, la Laguna de Cabarete o Los Ca\u00f1os de Estero Hondo. O profundizar en su historia a trav\u00e9s de su arquitectura victoriana, la Fortaleza colonial de San Felipe o el asentamiento jud\u00edo de Sos\u00faa cerca del a\u00f1o 1940.<\/p>\n<p>El turismo es tan importante en Puerto Plata, que el gobierno y las empresas hacen programas innovadores para el turismo y que la estancia del turista sea placentera e inolvidable. En Puerto Plata se pueden hacer un sinf\u00edn de actividades y conocer m\u00e1s a fondo toda la ciudad e ir a sitios como:<\/p>\n<ul>\n<li>Cable Car Tours (Telef\u00e9rico)<\/li>\n<li>Casa Museo General Gregorio Luper\u00f3n<\/li>\n<li>Outback Safari<\/li>\n<li>Observaci\u00f3n de las ballenas jorobadas<\/li>\n<li>La fortaleza de San Felipe<\/li>\n<li>Los Tours Ecol\u00f3gicos<\/li>\n<li>Los Tours de las Zonas<\/li>\n<\/ul>\n\n\t\t<\/div>\n\t<\/div>\n<\/div><\/div><\/div><div class=\"wpb_column vc_column_container vc_col-sm-4\"><div class=\"vc_column-inner \"><div class=\"wpb_wrapper\"><h2 style=\"text-align: center\" class=\"vc_custom_heading\" >Por qu\u00e9 Puerto Plata?<\/h2><div class=\"vc_row wpb_row vc_inner vc_row-fluid\"><div class=\"wpb_column vc_column_container vc_col-sm-4\"><div class=\"vc_column-inner \"><div class=\"wpb_wrapper\"><div id=\"ultimate-heading-9069d0d867c40a1\" class=\"uvc-heading ult-adjust-bottom-margin ultimate-heading-9069d0d867c40a1 uvc-7757 fact\" data-hspacer=\"icon_only\"  data-halign=\"center\" style=\"text-align:center\"><div class=\"uvc-heading-spacer icon_only\" style=\"margin-bottom:10px;\"><div class=\"ult-just-icon-wrapper  \"><div class=\"align-icon\" style=\"text-align:center;\">\n<div class=\"aio-icon-img \" style=\"font-size:42px;display:inline-block;\" >\n\t<img class=\"img-icon\" alt=\"\" src=\"https:\/\/somosorlando.com\/wp-content\/uploads\/2015\/02\/icon-box-02-1.png\"\/>\n<\/div><\/div><\/div><\/div><div class=\"uvc-main-heading ult-responsive\"  data-ultimate-target='.uvc-heading.ultimate-heading-9069d0d867c40a1 h4'  data-responsive-json-new='{\"font-size\":\"\",\"line-height\":\"\"}' ><h4 style=\"font-weight:normal;margin-top:10px;margin-bottom:10px;\">Alojamiento<\/h4><\/div><\/div><\/div><\/div><\/div><div class=\"wpb_column vc_column_container vc_col-sm-4\"><div class=\"vc_column-inner \"><div class=\"wpb_wrapper\"><div id=\"ultimate-heading-217369d0d867c4c37\" class=\"uvc-heading ult-adjust-bottom-margin ultimate-heading-217369d0d867c4c37 uvc-8912 fact\" data-hspacer=\"icon_only\"  data-halign=\"center\" style=\"text-align:center\"><div class=\"uvc-heading-spacer icon_only\" style=\"margin-bottom:10px;\"><div class=\"ult-just-icon-wrapper  \"><div class=\"align-icon\" style=\"text-align:center;\">\n<div class=\"aio-icon-img \" style=\"font-size:48px;display:inline-block;\" >\n\t<img class=\"img-icon\" alt=\"\" src=\"https:\/\/somosorlando.com\/wp-content\/uploads\/2015\/02\/sep-element-02-1-01.png\"\/>\n<\/div><\/div><\/div><\/div><div class=\"uvc-main-heading ult-responsive\"  data-ultimate-target='.uvc-heading.ultimate-heading-217369d0d867c4c37 h4'  data-responsive-json-new='{\"font-size\":\"\",\"line-height\":\"\"}' ><h4 style=\"font-weight:normal;margin-top:10px;margin-bottom:10px;\">Actividades<\/h4><\/div><\/div><\/div><\/div><\/div><div class=\"wpb_column vc_column_container vc_col-sm-4\"><div class=\"vc_column-inner \"><div class=\"wpb_wrapper\"><div id=\"ultimate-heading-46569d0d867c5772\" class=\"uvc-heading ult-adjust-bottom-margin ultimate-heading-46569d0d867c5772 uvc-6807 fact\" data-hspacer=\"icon_only\"  data-halign=\"center\" style=\"text-align:center\"><div class=\"uvc-heading-spacer icon_only\" style=\"margin-bottom:10px;\"><div class=\"ult-just-icon-wrapper  \"><div class=\"align-icon\" style=\"text-align:center;\">\n<div class=\"aio-icon-img \" style=\"font-size:48px;display:inline-block;\" >\n\t<img class=\"img-icon\" alt=\"\" src=\"https:\/\/somosorlando.com\/wp-content\/uploads\/2016\/02\/icon-header-04.png\"\/>\n<\/div><\/div><\/div><\/div><div class=\"uvc-main-heading ult-responsive\"  data-ultimate-target='.uvc-heading.ultimate-heading-46569d0d867c5772 h4'  data-responsive-json-new='{\"font-size\":\"\",\"line-height\":\"\"}' ><h4 style=\"font-weight:normal;margin-top:10px;margin-bottom:10px;\">Transporte<\/h4><\/div><\/div><\/div><\/div><\/div><\/div>\n\t<div class=\"wpb_text_column wpb_content_element  vc_custom_1459445147944\" >\n\t\t<div class=\"wpb_wrapper\">\n\t\t\t<p>Puerto Plata posee algunas de las mejores playas del pa\u00eds como son Sos\u00faa, Playa Dorada, Maim\u00f3n, Cafemba, Playa Grande (de Luper\u00f3n), Cabarete, Long Beach, Longbichito. En algunas, como en Playa Dorada, Cofres\u00ed, Long Beach o Cabarete, se practican diversos tipos de deportes como las carreras de moto acu\u00e1ticas, surf, windsurf, kite o el velerismo.<\/p>\n\n\t\t<\/div>\n\t<\/div>\n<div class=\"vc_empty_space\"   style=\"height: 32px\" ><span class=\"vc_empty_space_inner\"><\/span><\/div>\n<div id=\"ultimate-heading-212769d0d867c5d86\" class=\"uvc-heading ult-adjust-bottom-margin ultimate-heading-212769d0d867c5d86 uvc-241 \" data-hspacer=\"no_spacer\"  data-halign=\"center\" style=\"text-align:center\"><div class=\"uvc-heading-spacer no_spacer\" style=\"top\"><\/div><div class=\"uvc-main-heading ult-responsive\"  data-ultimate-target='.uvc-heading.ultimate-heading-212769d0d867c5d86 h2'  data-responsive-json-new='{\"font-size\":\"\",\"line-height\":\"\"}' ><h2 style=\"font-weight:normal;margin-top:15px;\">Today's Deals<\/h2><\/div><div class=\"uvc-sub-heading ult-responsive\"  data-ultimate-target='.uvc-heading.ultimate-heading-212769d0d867c5d86 .uvc-sub-heading '  data-responsive-json-new='{\"font-size\":\"\",\"line-height\":\"\"}'  style=\"font-weight:normal;margin-bottom:10px;\"><\/p>\n<p>Availability is Limited<\/p>\n<p><\/div><\/div><div class=\"vc_separator wpb_content_element vc_separator_align_center vc_sep_width_100 vc_sep_pos_align_center vc_separator_no_text vc_sep_color_grey\" ><span class=\"vc_sep_holder vc_sep_holder_l\"><span  class=\"vc_sep_line\"><\/span><\/span><span class=\"vc_sep_holder vc_sep_holder_r\"><span  class=\"vc_sep_line\"><\/span><\/span>\n<\/div><div id=\"ts-vcsc-image-hover-9704960\" class=\"ts-image-hover-frame ts-imagefloat-center  destinations-page-hover  ts-trigger-hover-adjust\"  style=\"width: 100%; margin-top: 0px; margin-bottom: 20px;\"><div id=\"ts-vcsc-image-hover-9704960-counter\" class=\"ts-fluid-wrapper \" style=\"width: 100%; height: auto;\"><div id=\"ts-vcsc-image-hover-9704960-mask\" class=\"ts-imagehover ts-imagehover-static ts-imagehover-style1 ts-trigger-hover \" data-trigger=\"ts-trigger-hover\" data-closer=\"ts-vcsc-image-hover-9704960-closer\" style=\"width: 100%; height: auto; \"><img src=\"https:\/\/somosorlando.com\/wp-content\/uploads\/2015\/02\/Island-Seas-display.jpg\" data-no-lazy=\"1\" alt=\"Island-Seas-display\" style=\"width: 100%; height: auto;\"\/><div class=\"mask\" style=\" width: 100%; height: 100%; display: block;\"><h2 class=\"ts-image-hover-title\" style=\"   \">Island Seas<\/h2><div id=\"ts-vcsc-image-hover-9704960-maskcontent\" class=\"maskcontent\" style=\" \">Lounge by the side of the outdoor pool or on the private beach, directly accessible from the property.<\/div><a id=\"ts-vcsc-image-hover-9704960-readmore\" style=\"   \" href=\"http:\/\/somosorlando.com\/cancun-laguna-suite\/\" class=\"info ts-image-hover-button\" target=\"_parent\">Read More<\/a><\/div><\/div><\/div><\/div><div id=\"ts-vcsc-image-hover-5373529\" class=\"ts-image-hover-frame ts-imagefloat-center  destinations-page-hover  ts-trigger-hover-adjust\"  style=\"width: 100%; margin-top: 0px; margin-bottom: 20px;\"><div id=\"ts-vcsc-image-hover-5373529-counter\" class=\"ts-fluid-wrapper \" style=\"width: 100%; height: auto;\"><div id=\"ts-vcsc-image-hover-5373529-mask\" class=\"ts-imagehover ts-imagehover-static ts-imagehover-style1 ts-trigger-hover \" data-trigger=\"ts-trigger-hover\" data-closer=\"ts-vcsc-image-hover-5373529-closer\" style=\"width: 100%; height: auto; \"><img src=\"https:\/\/somosorlando.com\/wp-content\/uploads\/2015\/02\/Island-Palm-display.jpg\" data-no-lazy=\"1\" alt=\"Island-Palm-display\" style=\"width: 100%; height: auto;\"\/><div class=\"mask\" style=\" width: 100%; height: 100%; display: block;\"><h2 class=\"ts-image-hover-title\" style=\"   \">Island Palm<\/h2><div id=\"ts-vcsc-image-hover-5373529-maskcontent\" class=\"maskcontent\" style=\" \">The condo offers a restaurant. Wired high-speed Internet access is complimentary. This beach condo also offers a seasonal outdoor pool, a spa tub, and a fitness center.<\/div><a id=\"ts-vcsc-image-hover-5373529-readmore\" style=\"   \" href=\"http:\/\/somosorlando.com\/getaways\/bahamas-island-palm\/\" class=\"info ts-image-hover-button\" target=\"_parent\">Read More<\/a><\/div><\/div><\/div><\/div><\/div><\/div><\/div><\/div>\n","protected":false},"excerpt":{"rendered":"La Provincia de Puerto Plata est\u00e1 ubicada al norte de la Isla de Santo Domingo. Al norte limita con el Oc\u00e9ano Atl\u00e1ntico al que le debe su nombre de \"La Novia del Atl\u00e1ntico\". Puerto Plata incluye muchos sitios tur\u00edsticos, como la playa de Cabarete cual es muy bien conocida por sus deportes acu\u00e1ticos. Ha habido un gran cambio en la parte de Sos\u00faa y Cabarete en la provincia de Puerto Plata en los \u00faltimos a\u00f1os. Los dos sitios se han ampliado tremendamente y se han convertido en un sitio muy tur\u00edstico. OFERTA - ORLANDOPRECIO$1399 \/ Family5 D\u00edas en Orlando3 D\u00edas [...]","protected":false},"author":1,"featured_media":0,"parent":2139,"menu_order":3,"comment_status":"open","ping_status":"closed","template":"template-full-width-tb.php","meta":[],"_links":{"self":[{"href":"https:\/\/somosorlando.com\/es\/wp-json\/wp\/v2\/pages\/17449"}],"collection":[{"href":"https:\/\/somosorlando.com\/es\/wp-json\/wp\/v2\/pages"}],"about":[{"href":"https:\/\/somosorlando.com\/es\/wp-json\/wp\/v2\/types\/page"}],"author":[{"embeddable":true,"href":"https:\/\/somosorlando.com\/es\/wp-json\/wp\/v2\/users\/1"}],"replies":[{"embeddable":true,"href":"https:\/\/somosorlando.com\/es\/wp-json\/wp\/v2\/comments?post=17449"}],"version-history":[{"count":7,"href":"https:\/\/somosorlando.com\/es\/wp-json\/wp\/v2\/pages\/17449\/revisions"}],"predecessor-version":[{"id":21214,"href":"https:\/\/somosorlando.com\/es\/wp-json\/wp\/v2\/pages\/17449\/revisions\/21214"}],"up":[{"embeddable":true,"href":"https:\/\/somosorlando.com\/es\/wp-json\/wp\/v2\/pages\/2139"}],"wp:attachment":[{"href":"https:\/\/somosorlando.com\/es\/wp-json\/wp\/v2\/media?parent=17449"}],"curies":[{"name":"wp","href":"https:\/\/api.w.org\/{rel}","templated":true}]}}