{"id":18462,"date":"2016-08-16T14:14:33","date_gmt":"2016-08-16T18:14:33","guid":{"rendered":"https:\/\/somosorlando.com\/es\/?page_id=18462"},"modified":"2016-08-16T14:14:33","modified_gmt":"2016-08-16T18:14:33","slug":"puerto-rico","status":"publish","type":"page","link":"https:\/\/somosorlando.com\/es\/destinations\/puerto-rico\/","title":{"rendered":"PUERTO RICO"},"content":{"rendered":"<div class=\"vc_row wpb_row vc_row-fluid vc_custom_1458941535952\"><div class=\"wpb_column vc_column_container vc_col-sm-8\"><div class=\"vc_column-inner vc_custom_1458941368156\"><div class=\"wpb_wrapper\">\n\t<div class=\"wpb_text_column wpb_content_element \" >\n\t\t<div class=\"wpb_wrapper\">\n\t\t\t<p>T\u00f3mese su tiempo y viajar a una isla tropical. Contratar a un reparto de miles de jugar agradable y acogedor personas m\u00e1s de los cuales hablan Ingl\u00e9s (adem\u00e1s de su espa\u00f1ol nativo). Cuando usted est\u00e1 buscando lugares ex\u00f3ticos, millas y millas de playas de arena blanca, adem\u00e1s de una selva incre\u00edble y monta\u00f1as, que vienen a Puerto Rico.<\/p>\n<p>Puerto Rico es un moderno lugar de vacaciones progresista y civilizada que mantiene el encanto y la hospitalidad de los d\u00edas pasados. Usted encontrar\u00e1 todo lo que el Caribe tiene que ofrecer en este todo alrededor de la familia de destino &#8211; y con ella es un pueblo cuyo calor es igualada solamente por la luz del sol que adorna sus costas.<\/p>\n<p>Antes de continuar su viaje a Puerto Rico, averiguar todo lo b\u00e1sico y todos los hechos.<\/p>\n\n\t\t<\/div>\n\t<\/div>\n<\/div><\/div><\/div><div class=\"wpb_column vc_column_container vc_col-sm-4\"><div class=\"vc_column-inner \"><div class=\"wpb_wrapper\"><h2 style=\"text-align: center\" class=\"vc_custom_heading\" >\u00bfPor qu\u00e9 Puerto Rico?<\/h2><div class=\"vc_row wpb_row vc_inner vc_row-fluid\"><div class=\"wpb_column vc_column_container vc_col-sm-4\"><div class=\"vc_column-inner \"><div class=\"wpb_wrapper\"><div id=\"ultimate-heading-343869e1b263b57de\" class=\"uvc-heading ult-adjust-bottom-margin ultimate-heading-343869e1b263b57de uvc-8168 fact\" data-hspacer=\"icon_only\"  data-halign=\"center\" style=\"text-align:center\"><div class=\"uvc-heading-spacer icon_only\" style=\"margin-bottom:10px;\"><div class=\"ult-just-icon-wrapper  \"><div class=\"align-icon\" style=\"text-align:center;\">\n<div class=\"aio-icon-img \" style=\"font-size:42px;display:inline-block;\" >\n\t<img class=\"img-icon\" alt=\"\" src=\"https:\/\/somosorlando.com\/wp-content\/uploads\/2015\/02\/icon-box-02-1.png\"\/>\n<\/div><\/div><\/div><\/div><div class=\"uvc-main-heading ult-responsive\"  data-ultimate-target='.uvc-heading.ultimate-heading-343869e1b263b57de h4'  data-responsive-json-new='{\"font-size\":\"\",\"line-height\":\"\"}' ><h4 style=\"font-weight:normal;margin-top:10px;margin-bottom:10px;\">Alojamientos<\/h4><\/div><\/div><\/div><\/div><\/div><div class=\"wpb_column vc_column_container vc_col-sm-4\"><div class=\"vc_column-inner \"><div class=\"wpb_wrapper\"><div id=\"ultimate-heading-671669e1b263b61be\" class=\"uvc-heading ult-adjust-bottom-margin ultimate-heading-671669e1b263b61be uvc-1453 fact\" data-hspacer=\"icon_only\"  data-halign=\"center\" style=\"text-align:center\"><div class=\"uvc-heading-spacer icon_only\" style=\"margin-bottom:10px;\"><div class=\"ult-just-icon-wrapper  \"><div class=\"align-icon\" style=\"text-align:center;\">\n<div class=\"aio-icon-img \" style=\"font-size:48px;display:inline-block;\" >\n\t<img class=\"img-icon\" alt=\"\" src=\"https:\/\/somosorlando.com\/wp-content\/uploads\/2015\/02\/sep-element-02-1-01.png\"\/>\n<\/div><\/div><\/div><\/div><div class=\"uvc-main-heading ult-responsive\"  data-ultimate-target='.uvc-heading.ultimate-heading-671669e1b263b61be h4'  data-responsive-json-new='{\"font-size\":\"\",\"line-height\":\"\"}' ><h4 style=\"font-weight:normal;margin-top:10px;margin-bottom:10px;\">Actividades<\/h4><\/div><\/div><\/div><\/div><\/div><div class=\"wpb_column vc_column_container vc_col-sm-4\"><div class=\"vc_column-inner \"><div class=\"wpb_wrapper\"><div id=\"ultimate-heading-45269e1b263b6b84\" class=\"uvc-heading ult-adjust-bottom-margin ultimate-heading-45269e1b263b6b84 uvc-2626 fact\" data-hspacer=\"icon_only\"  data-halign=\"center\" style=\"text-align:center\"><div class=\"uvc-heading-spacer icon_only\" style=\"margin-bottom:10px;\"><div class=\"ult-just-icon-wrapper  \"><div class=\"align-icon\" style=\"text-align:center;\">\n<div class=\"aio-icon-img \" style=\"font-size:48px;display:inline-block;\" >\n\t<img class=\"img-icon\" alt=\"\" src=\"https:\/\/somosorlando.com\/wp-content\/uploads\/2016\/02\/icon-header-04.png\"\/>\n<\/div><\/div><\/div><\/div><div class=\"uvc-main-heading ult-responsive\"  data-ultimate-target='.uvc-heading.ultimate-heading-45269e1b263b6b84 h4'  data-responsive-json-new='{\"font-size\":\"\",\"line-height\":\"\"}' ><h4 style=\"font-weight:normal;margin-top:10px;margin-bottom:10px;\">Transportaciones<\/h4><\/div><\/div><\/div><\/div><\/div><\/div>\n\t<div class=\"wpb_text_column wpb_content_element  vc_custom_1471371183093\" >\n\t\t<div class=\"wpb_wrapper\">\n\t\t\t<p>Puerto Rico es una isla del Caribe y el territorio no incorporado EE.UU. con un paisaje de verdes monta\u00f1as, cascadas y la selva tropical de El Yunque National Forest. Es conocido por sus playas de arena blanca y arrecifes de coral, popular para el buceo, el buceo, el surf y la vela. En San Juan, la capital y ciudad m\u00e1s grande, el \u00e1rea de Isla Verde es conocida por sus bares de playa, discotecas y casinos .<\/p>\n\n\t\t<\/div>\n\t<\/div>\n<div class=\"vc_empty_space\"   style=\"height: 32px\" ><span class=\"vc_empty_space_inner\"><\/span><\/div>\n<div class=\"vc_separator wpb_content_element vc_separator_align_center vc_sep_width_100 vc_sep_pos_align_center vc_separator_no_text vc_sep_color_grey\" ><span class=\"vc_sep_holder vc_sep_holder_l\"><span  class=\"vc_sep_line\"><\/span><\/span><span class=\"vc_sep_holder vc_sep_holder_r\"><span  class=\"vc_sep_line\"><\/span><\/span>\n<\/div><\/div><\/div><\/div><\/div>\n","protected":false},"excerpt":{"rendered":"T\u00f3mese su tiempo y viajar a una isla tropical. Contratar a un reparto de miles de jugar agradable y acogedor personas m\u00e1s de los cuales hablan Ingl\u00e9s (adem\u00e1s de su espa\u00f1ol nativo). Cuando usted est\u00e1 buscando lugares ex\u00f3ticos, millas y millas de playas de arena blanca, adem\u00e1s de una selva incre\u00edble y monta\u00f1as, que vienen a Puerto Rico. Puerto Rico es un moderno lugar de vacaciones progresista y civilizada que mantiene el encanto y la hospitalidad de los d\u00edas pasados. Usted encontrar\u00e1 todo lo que el Caribe tiene que ofrecer en este todo alrededor de la familia de destino - [...]","protected":false},"author":1,"featured_media":0,"parent":2139,"menu_order":3,"comment_status":"open","ping_status":"closed","template":"template-full-width-tb.php","meta":[],"_links":{"self":[{"href":"https:\/\/somosorlando.com\/es\/wp-json\/wp\/v2\/pages\/18462"}],"collection":[{"href":"https:\/\/somosorlando.com\/es\/wp-json\/wp\/v2\/pages"}],"about":[{"href":"https:\/\/somosorlando.com\/es\/wp-json\/wp\/v2\/types\/page"}],"author":[{"embeddable":true,"href":"https:\/\/somosorlando.com\/es\/wp-json\/wp\/v2\/users\/1"}],"replies":[{"embeddable":true,"href":"https:\/\/somosorlando.com\/es\/wp-json\/wp\/v2\/comments?post=18462"}],"version-history":[{"count":1,"href":"https:\/\/somosorlando.com\/es\/wp-json\/wp\/v2\/pages\/18462\/revisions"}],"predecessor-version":[{"id":18463,"href":"https:\/\/somosorlando.com\/es\/wp-json\/wp\/v2\/pages\/18462\/revisions\/18463"}],"up":[{"embeddable":true,"href":"https:\/\/somosorlando.com\/es\/wp-json\/wp\/v2\/pages\/2139"}],"wp:attachment":[{"href":"https:\/\/somosorlando.com\/es\/wp-json\/wp\/v2\/media?parent=18462"}],"curies":[{"name":"wp","href":"https:\/\/api.w.org\/{rel}","templated":true}]}}