{"id":19907,"date":"2017-07-21T18:39:04","date_gmt":"2017-07-21T22:39:04","guid":{"rendered":"https:\/\/somosorlando.com\/es\/?page_id=19907"},"modified":"2018-12-19T14:33:52","modified_gmt":"2018-12-19T19:33:52","slug":"alsol-del-mar","status":"publish","type":"page","link":"https:\/\/somosorlando.com\/es\/getaways\/alsol-del-mar\/","title":{"rendered":"AlSol Del Mar"},"content":{"rendered":"<div class=\"vc_row wpb_row vc_row-fluid\"><div class=\"wpb_column vc_column_container vc_col-sm-12\"><div class=\"vc_column-inner \"><div class=\"wpb_wrapper\"><div id=\"ultimate-heading-603569e01ce512708\" class=\"uvc-heading ult-adjust-bottom-margin ultimate-heading-603569e01ce512708 uvc-2271 \" data-hspacer=\"no_spacer\"  data-halign=\"left\" style=\"text-align:left\"><div class=\"uvc-heading-spacer no_spacer\" style=\"top\"><\/div><div class=\"uvc-main-heading ult-responsive\"  data-ultimate-target='.uvc-heading.ultimate-heading-603569e01ce512708 h2'  data-responsive-json-new='{\"font-size\":\"\",\"line-height\":\"\"}' ><h2 style=\"font-weight:normal;\">AlSol Del Mar<\/h2><\/div><div class=\"uvc-sub-heading ult-responsive\"  data-ultimate-target='.uvc-heading.ultimate-heading-603569e01ce512708 .uvc-sub-heading '  data-responsive-json-new='{\"font-size\":\"\",\"line-height\":\"\"}'  style=\"font-weight:normal;margin-bottom:40px;\">Punta Cana, Republica Dominicana<\/div><\/div><\/div><\/div><\/div><div class=\"wpb_column vc_column_container vc_col-sm-8\"><div class=\"vc_column-inner \"><div class=\"wpb_wrapper\"><div class=\"avt_masterslider_el \" >\n\t\t<!-- MasterSlider -->\n\t\t<div id=\"P_MS69e01ce514de0\" class=\"master-slider-parent ms-thumbs-template ms-parent-id-94\" style=\"max-width:1000px;\"  >\n\t\t\t\t\n\t\t\t\n\t\t\t<!-- MasterSlider Main -->\n\t\t\t<div id=\"MS69e01ce514de0\" class=\"master-slider ms-skin-light-3\" >\n\t\t\t\t \t\t\t\t \n\t\t\t\t<div  class=\"ms-slide\" data-delay=\"3\" data-fill-mode=\"fill\"  >\n\t\t\t\t\t<img src=\"https:\/\/somosorlando.com\/wp-content\/plugins\/masterslider2\/public\/assets\/css\/blank.gif\" alt=\"\" title=\"\" data-src=\"https:\/\/somosorlando.com\/wp-content\/uploads\/2016\/02\/AlSol-Del-Mar-property-photo.jpg\" \/>\n\n\n\t<img class=\"ms-thumb\" src=\"https:\/\/somosorlando.com\/wp-content\/uploads\/2016\/02\/AlSol-Del-Mar-property-photo-127x90.jpg\" alt=\"\" \/>\n\t\t\t\t<\/div>\n\t\t\t\t<div  class=\"ms-slide\" data-delay=\"3\" data-fill-mode=\"fill\"  >\n\t\t\t\t\t<img src=\"https:\/\/somosorlando.com\/wp-content\/plugins\/masterslider2\/public\/assets\/css\/blank.gif\" alt=\"\" title=\"\" data-src=\"https:\/\/somosorlando.com\/wp-content\/uploads\/2016\/02\/alsol-del-mar-1.jpg\" \/>\n\n\n\t<img class=\"ms-thumb\" src=\"https:\/\/somosorlando.com\/wp-content\/uploads\/2016\/02\/alsol-del-mar-1-127x90.jpg\" alt=\"\" \/>\n\t\t\t\t<\/div>\n\t\t\t\t<div  class=\"ms-slide\" data-delay=\"3\" data-fill-mode=\"fill\"  >\n\t\t\t\t\t<img src=\"https:\/\/somosorlando.com\/wp-content\/plugins\/masterslider2\/public\/assets\/css\/blank.gif\" alt=\"\" title=\"\" data-src=\"https:\/\/somosorlando.com\/wp-content\/uploads\/2016\/02\/AlSol-Del-Mar-photo1jpg.jpg\" \/>\n\n\n\t<img class=\"ms-thumb\" src=\"https:\/\/somosorlando.com\/wp-content\/uploads\/2016\/02\/AlSol-Del-Mar-photo1jpg-127x90.jpg\" alt=\"\" \/>\n\t\t\t\t<\/div>\n\t\t\t\t<div  class=\"ms-slide\" data-delay=\"3\" data-fill-mode=\"fill\"  >\n\t\t\t\t\t<img src=\"https:\/\/somosorlando.com\/wp-content\/plugins\/masterslider2\/public\/assets\/css\/blank.gif\" alt=\"\" title=\"\" data-src=\"https:\/\/somosorlando.com\/wp-content\/uploads\/2016\/02\/AlSol-Del-Mar-photo2jpg.jpg\" \/>\n\n\n\t<img class=\"ms-thumb\" src=\"https:\/\/somosorlando.com\/wp-content\/uploads\/2016\/02\/AlSol-Del-Mar-photo2jpg-127x90.jpg\" alt=\"\" \/>\n\t\t\t\t<\/div>\n\t\t\t\t<div  class=\"ms-slide\" data-delay=\"3\" data-fill-mode=\"fill\"  >\n\t\t\t\t\t<img src=\"https:\/\/somosorlando.com\/wp-content\/plugins\/masterslider2\/public\/assets\/css\/blank.gif\" alt=\"\" title=\"\" data-src=\"https:\/\/somosorlando.com\/wp-content\/uploads\/2016\/02\/AlSol-Del-Mar.jpg\" \/>\n\n\n\t<img class=\"ms-thumb\" src=\"https:\/\/somosorlando.com\/wp-content\/uploads\/2016\/02\/AlSol-Del-Mar-127x90.jpg\" alt=\"\" \/>\n\t\t\t\t<\/div>\n\n\t\t\t<\/div>\n\t\t\t<!-- END MasterSlider Main -->\n\n\t\t\t \n\t\t<\/div>\n\t\t<!-- END MasterSlider --> \n\t\t\n\t\t<script>\n\t\t(function ( $ ) {\n\t\t\t\"use strict\";\n\n\t\t\t$(function () {\n\t\t\t\tvar masterslider_4de0 = new MasterSlider();\n\n\t\t\t\t\/\/ slider controls\n\t\t\t\tmasterslider_4de0.control('arrows'     ,{ autohide:true, overVideo:true  });                    \n\t\t\t\tmasterslider_4de0.control('thumblist'  ,{ autohide:false, overVideo:true, dir:'h', speed:17, inset:false, align:'bottom',type:'thumbs', margin:5, width:127, height:90, space:5, fillMode:'fill'  });\n\t\t\t\tmasterslider_4de0.control('scrollbar'  ,{ autohide:false, overVideo:true, dir:'h', inset:true, align:'top', color:'#3D3D3D' , margin:10  , width:4 });\n\t\t\t\t\/\/ slider setup\n\t\t\t\tmasterslider_4de0.setup(\"MS69e01ce514de0\", {\n\t\t\t\t\t\twidth           : 1000,\n\t\t\t\t\t\theight          : 500,\n\t\t\t\t\t\tspace           : 0,\n\t\t\t\t\t\tstart           : 1,\n\t\t\t\t\t\tgrabCursor      : true,\n\t\t\t\t\t\tswipe           : true,\n\t\t\t\t\t\tmouse           : true,\n\t\t\t\t\t\tkeyboard        : false,\n\t\t\t\t\t\tlayout          : \"boxed\", \n\t\t\t\t\t\twheel           : false,\n\t\t\t\t\t\tautoplay        : true,\n\t\t\t\t\t\tinstantStartLayers:false,\n\t\t\t\t\t\tloop            : false,\n\t\t\t\t\t\tshuffle         : false,\n\t\t\t\t\t\tpreload         : 4,\n\t\t\t\t\t\theightLimit     : true,\n\t\t\t\t\t\tautoHeight      : false,\n\t\t\t\t\t\tsmoothHeight    : true,\n\t\t\t\t\t\tendPause        : false,\n\t\t\t\t\t\toverPause       : true,\n\t\t\t\t\t\tfillMode        : \"fill\", \n\t\t\t\t\t\tcenterControls  : false,\n\t\t\t\t\t\tstartOnAppear   : false,\n\t\t\t\t\t\tlayersMode      : \"center\", \n\t\t\t\t\t\thideLayers      : false, \n\t\t\t\t\t\tfullscreenMargin: 0,\n\t\t\t\t\t\tspeed           : 20, \n\t\t\t\t\t\tdir             : \"h\", \n\t\t\t\t\t\tparallaxMode    : 'swipe',\n\t\t\t\t\t\tview            : \"parallaxMask\"\n\t\t\t\t});\n\t\t\t\t\n\n\t\t\t\t\n\t\t\t\twindow.masterslider_instances = window.masterslider_instances || [];\n\t\t\t\twindow.masterslider_instances.push( masterslider_4de0 );\n\t\t\t });\n\t\t\t\n\t\t})(jQuery);\n\t\t<\/script> \n\t\t\n<\/div><\/div><\/div><\/div><div class=\"wpb_column vc_column_container vc_col-sm-4\"><div class=\"vc_column-inner \"><div class=\"wpb_wrapper\">\n\t<div class=\"wpb_text_column wpb_content_element \" >\n\t\t<div class=\"wpb_wrapper\">\n\t\t\t<h2 style=\"text-align: center;\">\u00bfPor qu\u00e9 AlSol Del Mar?<\/h2>\n\n\t\t<\/div>\n\t<\/div>\n<div class=\"vc_row wpb_row vc_inner vc_row-fluid vc_custom_1424495938716\"><div class=\"wpb_column vc_column_container vc_col-sm-6\"><div class=\"vc_column-inner \"><div class=\"wpb_wrapper\"><div id=\"ts-vcsc-icon-title-parent-2852397\" class=\"ts-vcsc-icon-title-parent    ts-icon-title-background clearFixMe \" style=\"height: auto; margin-top:0px; margin-bottom:20px; \"><div class=\" ts-icon-title-background\" style=\"height: 100%; background-color: #ffffff;\"><div style=\"height: 100%; ; padding: 10px; font-size: 15px; text-align: center; color: #3d3d3d; font-weight:normal; \" class=\"ts-vcsc-icon-title ts-shortcode  ts-icon-title  simple-style\"><div style=\"width: 100%; display: block;\"><i style=\"color:#8c8c8c;padding: 0px; background-color:; width: 60px; height: 60px; font-size: 60px; line-height: 60px;  text-align: center; display: inline-block !important; margin-bottom: 10px;\" class=\"ts-font-icon ts-title-icon-top ts-awesome-map-marker   \"><\/i><\/div><div class=\"ts-icon-title-text \" style=\"width: auto !important; text-align: center;\">Ubicaci\u00f3n<\/div><\/div><\/div><\/div><div class=\"clearboth\"><\/div><\/div><\/div><\/div><div class=\"wpb_column vc_column_container vc_col-sm-6\"><div class=\"vc_column-inner \"><div class=\"wpb_wrapper\"><div id=\"ts-vcsc-icon-title-parent-4673242\" class=\"ts-vcsc-icon-title-parent    ts-icon-title-background clearFixMe \" style=\"height: auto; margin-top:0px; margin-bottom:20px; \"><div class=\" ts-icon-title-background\" style=\"height: 100%; background-color: #ffffff;\"><div style=\"height: 100%; ; padding: 10px; font-size: 15px; text-align: center; color: #3d3d3d; font-weight:normal; \" class=\"ts-vcsc-icon-title ts-shortcode  ts-icon-title  simple-style\"><div style=\"width: 100%; display: block;\"><i style=\"color:#8c8c8c;padding: 0px; background-color:; width: 60px; height: 60px; font-size: 60px; line-height: 60px;  text-align: center; display: inline-block !important; margin-bottom: 10px;\" class=\"ts-font-icon ts-title-icon-top ts-awesome-hospital-o   \"><\/i><\/div><div class=\"ts-icon-title-text \" style=\"width: auto !important; text-align: center;\">Facilidades<\/div><\/div><\/div><\/div><div class=\"clearboth\"><\/div><\/div><\/div><\/div><\/div><div class=\"vc_row wpb_row vc_inner vc_row-fluid\"><div class=\"wpb_column vc_column_container vc_col-sm-12\"><div class=\"vc_column-inner \"><div class=\"wpb_wrapper\">\n\t<div class=\"wpb_text_column wpb_content_element \" >\n\t\t<div class=\"wpb_wrapper\">\n\t\t\t<p>Este complejo de Punta Cana, en primera l\u00ednea de playa y cerca de un campo de golf, te sit\u00faa a 1,9 km de Playa Juanillo y a menos de 10 kil\u00f3metros de Marina\/puerto deportivo de Cap Cana y Campo de golf Punta Espada. Hoyo Azul y Scape Park at Cap Cana tambi\u00e9n est\u00e1n a menos de 10 kil\u00f3metros.<\/p>\n\n\t\t<\/div>\n\t<\/div>\n<\/div><\/div><\/div><\/div><div class=\"vc_separator wpb_content_element vc_separator_align_center vc_sep_width_100 vc_sep_pos_align_center vc_separator_no_text vc_sep_color_grey\" ><span class=\"vc_sep_holder vc_sep_holder_l\"><span  class=\"vc_sep_line\"><\/span><\/span><span class=\"vc_sep_holder vc_sep_holder_r\"><span  class=\"vc_sep_line\"><\/span><\/span>\n<\/div><\/div><\/div><\/div><\/div><div class=\"vc_row wpb_row vc_row-fluid\"><div class=\"wpb_column vc_column_container vc_col-sm-8\"><div class=\"vc_column-inner \"><div class=\"wpb_wrapper\">\n\t<div class=\"wpb_text_column wpb_content_element \" >\n\t\t<div class=\"wpb_wrapper\">\n\t\t\t<h2>Caracter\u00edsticas del Hotel<\/h2>\n<p>Ven a AlSol Del Mar &#8211; Luxury Condo y divi\u00e9rtete jugando al v\u00f3leibol en la playa. Despu\u00e9s podr\u00e1s acercarte a uno de los 3 restaurantes de este complejo para saciar tu apetito.<\/p>\n\n\t\t<\/div>\n\t<\/div>\n\n\t<div class=\"wpb_text_column wpb_content_element \" >\n\t\t<div class=\"wpb_wrapper\">\n\t\t\t<h2>Accesibilidad<\/h2>\n<p>Las 122 habitaciones incluyen cocina b\u00e1sica con lavavajillas, adem\u00e1s de lavadora\/secadora y televisor de pantalla plana con canales por cable. Tendr\u00e1s tambi\u00e9n wifi gratis, balc\u00f3n o patio con mobiliario y minibar a tu disposici\u00f3n.<\/p>\n\n\t\t<\/div>\n\t<\/div>\n\n\t<div class=\"wpb_text_column wpb_content_element \" >\n\t\t<div class=\"wpb_wrapper\">\n\t\t\t<h2>Actividades<\/h2>\n<ul>\n<li>Ciclismo<\/li>\n<li>Clases de tenis<\/li>\n<li>Tirolina<\/li>\n<li>Aer\u00f3bic<\/li>\n<li>Baile<\/li>\n<li>Aquagym<\/li>\n<\/ul>\n\n\t\t<\/div>\n\t<\/div>\n<\/div><\/div><\/div><div class=\"wpb_column vc_column_container vc_col-sm-4\"><div class=\"vc_column-inner \"><div class=\"wpb_wrapper\">\n\t<div class=\"wpb_text_column wpb_content_element \" >\n\t\t<div class=\"wpb_wrapper\">\n\t\t\t<h3>Amenidades<\/h3>\n<ul>\n<li>Recepci\u00f3n abierta las 24 horas<\/li>\n<li>Guarder\u00eda\/actividades supervisadas (de pago)<\/li>\n<li>Transporte al aeropuerto (de pago)<\/li>\n<li>N\u00famero total de habitaciones: 122<\/li>\n<li>N\u00famero de plantas: 4<\/li>\n<li>N\u00famero de bares: 2<\/li>\n<li>Servicios de conserjer\u00eda<\/li>\n<li>Servicio de tintorer\u00eda\/lavander\u00eda<\/li>\n<li>Ascensor<\/li>\n<li>Asistencia tur\u00edstica y para la compra de entradas<\/li>\n<li>Wifi (gratis)<\/li>\n<li>Una sala de reuniones<\/li>\n<\/ul>\n\n\t\t<\/div>\n\t<\/div>\n<\/div><\/div><\/div><\/div>\n","protected":false},"excerpt":{"rendered":"AlSol Del MarPunta Cana, Republica Dominicana (function ( $ ) { \"use strict\"; $(function () { var masterslider_4786 = new MasterSlider(); \/\/ slider controls masterslider_4786.control('arrows' ,{ autohide:true, overVideo:true }); masterslider_4786.control('thumblist' ,{ autohide:false, overVideo:true, dir:'h', speed:17, inset:false, align:'bottom',type:'thumbs', margin:5, width:127, height:90, space:5, fillMode:'fill' }); masterslider_4786.control('scrollbar' ,{ autohide:false, overVideo:true, dir:'h', inset:true, align:'top', color:'#3D3D3D' , margin:10 , width:4 }); \/\/ slider setup masterslider_4786.setup(\"MS69e01ce524786\", { width : 1000, height : 500, space : 0, start : 1, grabCursor : true, swipe : true, mouse : true, keyboard : false, layout : \"boxed\", wheel : false, autoplay : true, instantStartLayers:false, loop : false, shuffle : [...]","protected":false},"author":1,"featured_media":0,"parent":9546,"menu_order":16,"comment_status":"open","ping_status":"closed","template":"template-full-width-tb.php","meta":[],"_links":{"self":[{"href":"https:\/\/somosorlando.com\/es\/wp-json\/wp\/v2\/pages\/19907"}],"collection":[{"href":"https:\/\/somosorlando.com\/es\/wp-json\/wp\/v2\/pages"}],"about":[{"href":"https:\/\/somosorlando.com\/es\/wp-json\/wp\/v2\/types\/page"}],"author":[{"embeddable":true,"href":"https:\/\/somosorlando.com\/es\/wp-json\/wp\/v2\/users\/1"}],"replies":[{"embeddable":true,"href":"https:\/\/somosorlando.com\/es\/wp-json\/wp\/v2\/comments?post=19907"}],"version-history":[{"count":4,"href":"https:\/\/somosorlando.com\/es\/wp-json\/wp\/v2\/pages\/19907\/revisions"}],"predecessor-version":[{"id":20907,"href":"https:\/\/somosorlando.com\/es\/wp-json\/wp\/v2\/pages\/19907\/revisions\/20907"}],"up":[{"embeddable":true,"href":"https:\/\/somosorlando.com\/es\/wp-json\/wp\/v2\/pages\/9546"}],"wp:attachment":[{"href":"https:\/\/somosorlando.com\/es\/wp-json\/wp\/v2\/media?parent=19907"}],"curies":[{"name":"wp","href":"https:\/\/api.w.org\/{rel}","templated":true}]}}