{"id":21036,"date":"2019-03-08T14:53:49","date_gmt":"2019-03-08T19:53:49","guid":{"rendered":"https:\/\/somosorlando.com\/?page_id=21036"},"modified":"2019-03-08T15:25:20","modified_gmt":"2019-03-08T20:25:20","slug":"saratoga-resort","status":"publish","type":"page","link":"https:\/\/somosorlando.com\/es\/getaways\/saratoga-resort\/","title":{"rendered":"Saratoga Resort"},"content":{"rendered":"<div class=\"vc_row wpb_row vc_row-fluid\"><div class=\"wpb_column vc_column_container vc_col-sm-12\"><div class=\"vc_column-inner \"><div class=\"wpb_wrapper\"><div id=\"ultimate-heading-790869e8ee71c66bf\" class=\"uvc-heading ult-adjust-bottom-margin ultimate-heading-790869e8ee71c66bf uvc-4222 \" data-hspacer=\"no_spacer\"  data-halign=\"left\" style=\"text-align:left\"><div class=\"uvc-heading-spacer no_spacer\" style=\"top\"><\/div><div class=\"uvc-main-heading ult-responsive\"  data-ultimate-target='.uvc-heading.ultimate-heading-790869e8ee71c66bf h2'  data-responsive-json-new='{\"font-size\":\"\",\"line-height\":\"\"}' ><h2 style=\"font-weight:normal;\">Saratoga Resort<\/h2><\/div><div class=\"uvc-sub-heading ult-responsive\"  data-ultimate-target='.uvc-heading.ultimate-heading-790869e8ee71c66bf .uvc-sub-heading '  data-responsive-json-new='{\"font-size\":\"\",\"line-height\":\"\"}'  style=\"font-weight:normal;margin-bottom:40px;\">Orlando, Florida<\/div><\/div><\/div><\/div><\/div><div class=\"wpb_column vc_column_container vc_col-sm-8\"><div class=\"vc_column-inner \"><div class=\"wpb_wrapper\"><div class=\"vc_add_shortcode\">\n\t\t<!-- MasterSlider -->\n\t\t<div id=\"P_MS69e8ee71c95ed\" class=\"master-slider-parent ms-thumbs-template ms-parent-id-110\" style=\"max-width:1006px;\"  >\n\t\t\t\t\n\t\t\t\n\t\t\t<!-- MasterSlider Main -->\n\t\t\t<div id=\"MS69e8ee71c95ed\" class=\"master-slider ms-skin-light-3\" >\n\t\t\t\t \t\t\t\t \n\t\t\t\t<div  class=\"ms-slide\" data-delay=\"3\" data-fill-mode=\"fill\"  >\n\t\t\t\t\t<img src=\"https:\/\/somosorlando.com\/wp-content\/plugins\/masterslider2\/public\/assets\/css\/blank.gif\" alt=\"\" title=\"\" data-src=\"https:\/\/somosorlando.com\/wp-content\/uploads\/2019\/03\/deal_3192_0.jpg\" \/>\n\n\n\t<img class=\"ms-thumb\" src=\"https:\/\/somosorlando.com\/wp-content\/uploads\/2019\/03\/deal_3192_0-127x137.jpg\" alt=\"\" \/>\n\t\t\t\t<\/div>\n\t\t\t\t<div  class=\"ms-slide\" data-delay=\"3\" data-fill-mode=\"fill\"  >\n\t\t\t\t\t<img src=\"https:\/\/somosorlando.com\/wp-content\/plugins\/masterslider2\/public\/assets\/css\/blank.gif\" alt=\"\" title=\"\" data-src=\"https:\/\/somosorlando.com\/wp-content\/uploads\/2016\/02\/165933176.jpg\" \/>\n\n\n\t<img class=\"ms-thumb\" src=\"https:\/\/somosorlando.com\/wp-content\/uploads\/2016\/02\/165933176-127x137.jpg\" alt=\"\" \/>\n\t\t\t\t<\/div>\n\t\t\t\t<div  class=\"ms-slide\" data-delay=\"3\" data-fill-mode=\"fill\"  >\n\t\t\t\t\t<img src=\"https:\/\/somosorlando.com\/wp-content\/plugins\/masterslider2\/public\/assets\/css\/blank.gif\" alt=\"\" title=\"\" data-src=\"https:\/\/somosorlando.com\/wp-content\/uploads\/2016\/02\/93448264.jpg\" \/>\n\n\n\t<img class=\"ms-thumb\" src=\"https:\/\/somosorlando.com\/wp-content\/uploads\/2016\/02\/93448264-127x137.jpg\" alt=\"\" \/>\n\t\t\t\t<\/div>\n\t\t\t\t<div  class=\"ms-slide\" data-delay=\"3\" data-fill-mode=\"fill\"  >\n\t\t\t\t\t<img src=\"https:\/\/somosorlando.com\/wp-content\/plugins\/masterslider2\/public\/assets\/css\/blank.gif\" alt=\"\" title=\"\" data-src=\"https:\/\/somosorlando.com\/wp-content\/uploads\/2016\/02\/saratoga-resort-villas.jpg\" \/>\n\n\n\t<img class=\"ms-thumb\" src=\"https:\/\/somosorlando.com\/wp-content\/uploads\/2016\/02\/saratoga-resort-villas-127x137.jpg\" alt=\"\" \/>\n\t\t\t\t<\/div>\n\t\t\t\t<div  class=\"ms-slide\" data-delay=\"3\" data-fill-mode=\"fill\"  >\n\t\t\t\t\t<img src=\"https:\/\/somosorlando.com\/wp-content\/plugins\/masterslider2\/public\/assets\/css\/blank.gif\" alt=\"\" title=\"\" data-src=\"https:\/\/somosorlando.com\/wp-content\/uploads\/2016\/02\/Gazebo.jpg\" \/>\n\n\n\t<img class=\"ms-thumb\" src=\"https:\/\/somosorlando.com\/wp-content\/uploads\/2016\/02\/Gazebo-127x137.jpg\" alt=\"\" \/>\n\t\t\t\t<\/div>\n\t\t\t\t<div  class=\"ms-slide\" data-delay=\"3\" data-fill-mode=\"fill\"  >\n\t\t\t\t\t<img src=\"https:\/\/somosorlando.com\/wp-content\/plugins\/masterslider2\/public\/assets\/css\/blank.gif\" alt=\"\" title=\"\" data-src=\"https:\/\/somosorlando.com\/wp-content\/uploads\/2016\/02\/93448126.jpg\" \/>\n\n\n\t<img class=\"ms-thumb\" src=\"https:\/\/somosorlando.com\/wp-content\/uploads\/2016\/02\/93448126-127x137.jpg\" alt=\"\" \/>\n\t\t\t\t<\/div>\n\n\t\t\t<\/div>\n\t\t\t<!-- END MasterSlider Main -->\n\n\t\t\t \n\t\t<\/div>\n\t\t<!-- END MasterSlider --> \n\t\t\n\t\t<script>\n\t\t(function ( $ ) {\n\t\t\t\"use strict\";\n\n\t\t\t$(function () {\n\t\t\t\tvar masterslider_95ed = new MasterSlider();\n\n\t\t\t\t\/\/ slider controls\n\t\t\t\tmasterslider_95ed.control('arrows'     ,{ autohide:true, overVideo:true  });                    \n\t\t\t\tmasterslider_95ed.control('thumblist'  ,{ autohide:false, overVideo:true, dir:'h', speed:17, inset:false, align:'bottom',type:'thumbs', margin:5, width:127, height:137, space:5, fillMode:'fill'  });\n\t\t\t\tmasterslider_95ed.control('scrollbar'  ,{ autohide:false, overVideo:true, dir:'h', inset:true, align:'top', color:'#3D3D3D' , margin:10  , width:4 });\n\t\t\t\t\/\/ slider setup\n\t\t\t\tmasterslider_95ed.setup(\"MS69e8ee71c95ed\", {\n\t\t\t\t\t\twidth           : 1000,\n\t\t\t\t\t\theight          : 500,\n\t\t\t\t\t\tspace           : 0,\n\t\t\t\t\t\tstart           : 1,\n\t\t\t\t\t\tgrabCursor      : true,\n\t\t\t\t\t\tswipe           : true,\n\t\t\t\t\t\tmouse           : true,\n\t\t\t\t\t\tkeyboard        : false,\n\t\t\t\t\t\tlayout          : \"boxed\", \n\t\t\t\t\t\twheel           : false,\n\t\t\t\t\t\tautoplay        : true,\n\t\t\t\t\t\tinstantStartLayers:false,\n\t\t\t\t\t\tloop            : false,\n\t\t\t\t\t\tshuffle         : false,\n\t\t\t\t\t\tpreload         : 0,\n\t\t\t\t\t\theightLimit     : true,\n\t\t\t\t\t\tautoHeight      : false,\n\t\t\t\t\t\tsmoothHeight    : true,\n\t\t\t\t\t\tendPause        : false,\n\t\t\t\t\t\toverPause       : true,\n\t\t\t\t\t\tfillMode        : \"fill\", \n\t\t\t\t\t\tcenterControls  : true,\n\t\t\t\t\t\tstartOnAppear   : false,\n\t\t\t\t\t\tlayersMode      : \"center\", \n\t\t\t\t\t\thideLayers      : false, \n\t\t\t\t\t\tfullscreenMargin: 0,\n\t\t\t\t\t\tspeed           : 20, \n\t\t\t\t\t\tdir             : \"h\", \n\t\t\t\t\t\tparallaxMode    : 'swipe',\n\t\t\t\t\t\tview            : \"parallaxMask\"\n\t\t\t\t});\n\t\t\t\t\n\n\t\t\t\t\n\t\t\t\twindow.masterslider_instances = window.masterslider_instances || [];\n\t\t\t\twindow.masterslider_instances.push( masterslider_95ed );\n\t\t\t });\n\t\t\t\n\t\t})(jQuery);\n\t\t<\/script> \n\t\t\n<\/div><\/div><\/div><\/div><div class=\"wpb_column vc_column_container vc_col-sm-4\"><div class=\"vc_column-inner \"><div class=\"wpb_wrapper\">\n\t<div class=\"wpb_text_column wpb_content_element \" >\n\t\t<div class=\"wpb_wrapper\">\n\t\t\t<h2 style=\"text-align: center;\">\u00bfPor qu\u00e9\u00a0Saratoga Resort?<\/h2>\n\n\t\t<\/div>\n\t<\/div>\n<div class=\"vc_row wpb_row vc_inner vc_row-fluid vc_custom_1424495938716\"><div class=\"wpb_column vc_column_container vc_col-sm-4\"><div class=\"vc_column-inner \"><div class=\"wpb_wrapper\"><div id=\"ts-vcsc-icon-title-parent-7313470\" class=\"ts-vcsc-icon-title-parent    ts-icon-title-background clearFixMe \" style=\"height: auto; margin-top:0px; margin-bottom:20px; \"><div class=\" ts-icon-title-background\" style=\"height: 100%; background-color: #ffffff;\"><div style=\"height: 100%; ; padding: 10px; font-size: 15px; text-align: center; color: #3d3d3d; font-weight:normal; \" class=\"ts-vcsc-icon-title ts-shortcode  ts-icon-title  simple-style\"><div style=\"width: 100%; display: block;\"><i style=\"color:#8c8c8c;padding: 0px; background-color:; width: 60px; height: 60px; font-size: 60px; line-height: 60px;  text-align: center; display: inline-block !important; margin-bottom: 10px;\" class=\"ts-font-icon ts-title-icon-top fa fa-map-marker   \"><\/i><\/div><div class=\"ts-icon-title-text \" style=\"width: auto !important; text-align: center;\">Ubicaci\u00f3n<\/div><\/div><\/div><\/div><div class=\"clearboth\"><\/div><\/div><\/div><\/div><div class=\"wpb_column vc_column_container vc_col-sm-4\"><div class=\"vc_column-inner \"><div class=\"wpb_wrapper\"><div id=\"ts-vcsc-icon-title-parent-1396005\" class=\"ts-vcsc-icon-title-parent    ts-icon-title-background clearFixMe \" style=\"height: auto; margin-top:0px; margin-bottom:20px; \"><div class=\" ts-icon-title-background\" style=\"height: 100%; background-color: #ffffff;\"><div style=\"height: 100%; ; padding: 10px; font-size: 15px; text-align: center; color: #3d3d3d; font-weight:normal; \" class=\"ts-vcsc-icon-title ts-shortcode  ts-icon-title  simple-style\"><div style=\"width: 100%; display: block;\"><i style=\"color:#8c8c8c;padding: 0px; background-color:; width: 60px; height: 60px; font-size: 60px; line-height: 60px;  text-align: center; display: inline-block !important; margin-bottom: 10px;\" class=\"ts-font-icon ts-title-icon-top fa fa-home   \"><\/i><\/div><div class=\"ts-icon-title-text \" style=\"width: auto !important; text-align: center;\">Alojamiento de Lujo<\/div><\/div><\/div><\/div><div class=\"clearboth\"><\/div><\/div><\/div><\/div><div class=\"wpb_column vc_column_container vc_col-sm-4\"><div class=\"vc_column-inner \"><div class=\"wpb_wrapper\"><div id=\"ts-vcsc-icon-title-parent-4515340\" class=\"ts-vcsc-icon-title-parent    ts-icon-title-background clearFixMe \" style=\"height: auto; margin-top:0px; margin-bottom:20px; \"><div class=\" ts-icon-title-background\" style=\"height: 100%; background-color: #ffffff;\"><div style=\"height: 100%; ; padding: 10px; font-size: 15px; text-align: center; color: #3d3d3d; font-weight:normal; \" class=\"ts-vcsc-icon-title ts-shortcode  ts-icon-title  simple-style\"><div style=\"width: 100%; display: block;\"><i style=\"color:#8c8c8c;padding: 0px; background-color:; width: 60px; height: 60px; font-size: 60px; line-height: 60px;  text-align: center; display: inline-block !important; margin-bottom: 10px;\" class=\"ts-font-icon ts-title-icon-top fa fa-glass   \"><\/i><\/div><div class=\"ts-icon-title-text \" style=\"width: auto !important; text-align: center;\">Servicio<\/div><\/div><\/div><\/div><div class=\"clearboth\"><\/div><\/div><\/div><\/div><\/div><div class=\"vc_row wpb_row vc_inner vc_row-fluid\"><div class=\"wpb_column vc_column_container vc_col-sm-12\"><div class=\"vc_column-inner \"><div class=\"wpb_wrapper\">\n\t<div class=\"wpb_text_column wpb_content_element \" >\n\t\t<div class=\"wpb_wrapper\">\n\t\t\t<p>Un complejo para todas las estaciones cerca de Walt Disney World\u00ae, ideal para parejas, familias, amigos, grupos y viajeros de negocios. Disfrute de nuestro restaurante y sala de estar, piscina al aire libre, gimnasio y 150 villas de dos y tres habitaciones libres de humo que cuentan con cocinas completas y todas las comodidades del hogar para sus vacaciones a largo plazo. Ubicado en el coraz\u00f3n de Kissimmee, Florida, el Saratoga Resort Villas ofrece f\u00e1cil acceso a tiendas, restaurantes, golf y lugares de entretenimiento. Para aquellos invitados que planean un evento o una boda, considere nuestros 3.500 pies cuadrados de espacio interior para reuniones junto con nuestras amplias opciones al aire libre.<\/p>\n\n\t\t<\/div>\n\t<\/div>\n<\/div><\/div><\/div><\/div><div class=\"vc_separator wpb_content_element vc_separator_align_center vc_sep_width_100 vc_sep_pos_align_center vc_separator_no_text vc_sep_color_grey\" ><span class=\"vc_sep_holder vc_sep_holder_l\"><span  class=\"vc_sep_line\"><\/span><\/span><span class=\"vc_sep_holder vc_sep_holder_r\"><span  class=\"vc_sep_line\"><\/span><\/span>\n<\/div><\/div><\/div><\/div><\/div><div class=\"vc_row wpb_row vc_row-fluid\"><div class=\"wpb_column vc_column_container vc_col-sm-8\"><div class=\"vc_column-inner \"><div class=\"wpb_wrapper\">\n\t<div class=\"wpb_text_column wpb_content_element \" >\n\t\t<div class=\"wpb_wrapper\">\n\t\t\t<h3>UN SERVICIO COMPLETO VACACIONES HOME RESORT<\/h3>\n<p>Las Saratoga Resort Villas est\u00e1n dedicadas a brindar un servicio excepcional a los hu\u00e9spedes, atenci\u00f3n al detalle y un compromiso inquebrantable con la calidad. Nuestro conjunto de servicios de cuatro estrellas ha elevado el nivel de expectativas de los hu\u00e9spedes en todo el mercado m\u00e1gico.<br \/>\nAlojamiento<\/p>\n<p>Un complejo 100% libre de humo que ofrece villas de lujo de 2 y 3 habitaciones con cocinas completas que var\u00edan en tama\u00f1o desde 856 a 921 pies cuadrados. Aprende m\u00e1s . . .<\/p>\n<h3>COMIDA<\/h3>\n<p>El Saratoga Bar &amp; Grill ofrece cocina cl\u00e1sica americana en un pub-pub y est\u00e1 abierto para el desayuno, el almuerzo y la cena o para algunos bocadillos r\u00e1pidos o un c\u00f3ctel refrescante. Aprende m\u00e1s . . .<\/p>\n<h3>SERVICIOS DE CONSERJER\u00cdA<\/h3>\n<p>Nuestro dedicado personal y equipo est\u00e1n aqu\u00ed para garantizar que cada detalle de sus vacaciones se maneje con el mayor cuidado y atenci\u00f3n. Los servicios de conserjer\u00eda en el lugar incluyen la compra de boletos Magic Your Way de Disney, reservas para cenas, coordinaci\u00f3n de servicios de compras y m\u00e1s. Aprende m\u00e1s . . .<\/p>\n<h3>PISCINA CLIMATIZADA Y TINA CALIENTE<\/h3>\n<p>Nuestra piscina climatizada al aire libre y nuestra ba\u00f1era de hidromasaje est\u00e1n abiertas todo el a\u00f1o y ofrecen lujosas hamacas, sombrillas y servicio junto a la piscina.<\/p>\n<h3>PISCINA NI\u00d1OS Y ZONA DE JUEGOS<\/h3>\n<p>Un \u00e1rea dedicada solo para ni\u00f1os, que incluye una piscina para ni\u00f1os y un \u00e1rea de juegos para ni\u00f1os.<\/p>\n<h3>GIMNASIO<\/h3>\n<p>Mant\u00e9ngase en forma incluso cuando est\u00e9 de vacaciones en nuestro gimnasio totalmente equipado. Nuestro gimnasio cuenta con pesas libres, gimnasio universal, m\u00e1quina de remo, escalera paso a paso, bicicleta est\u00e1tica y una cinta de correr. El gimnasio est\u00e1 abierto todos los d\u00edas de 7:00 a 23:00.<\/p>\n<h3>18 ACRES LUSH JARDINES TROPICALES<\/h3>\n<p>Explore 18 acres de exuberantes recompensas floridanas tropicales a lo largo de millas de senderos pr\u00edstinos. Descubra majestuosas fuentes de agua, v\u00edas de agua privadas, pasarelas elevadas y miradores ubicados en todo el resort.<\/p>\n<h3>SALA DE VIDEOJUEGO<\/h3>\n<p>Retrocede el tiempo con alg\u00fan videojuego de interior. Nuestra sala de videojuegos en el sitio es una actividad interior perfecta para ni\u00f1os (y adultos) de todas las edades.<\/p>\n<h3>CANCHA DE BASKETBALL<\/h3>\n<p>Practique su tiro libre o un swish de 3 puntos en nuestra \u00e1rea de baloncesto de media cancha al aire libre.<\/p>\n<h3>\u00c1REA DE PARRILLAS PICNICAS Y EXTERIORES<\/h3>\n<p>Aproveche los m\u00e1s de 230 d\u00edas de sol de Florida sin un \u00e1rea de p\u00edcnic y parrillas al aire libre.<\/p>\n<h3>INSTALACIONES PARA REUNIONES<\/h3>\n<p>Si eres un grupo de 5 o 100, Saratoga Resort Villas es el lugar ideal para organizar tu pr\u00f3ximo evento de negocios, social o de bodas.<\/p>\n<h3>CENTRO DE NEGOCIOS<\/h3>\n<p>Un centro de negocios de autoservicio abierto las 24 horas ubicado en el lugar para sus necesidades comerciales. Los servicios disponibles incluyen computadora, impresora, fax, fotocopia y puertos de datos.<\/p>\n<h3>LAVADO DE HU\u00c9SPEDES \/ LIMPIEZA EN SECO<\/h3>\n<p>Nuestra lavander\u00eda en el lugar est\u00e1 disponible a una tarifa nominal para los hu\u00e9spedes del hotel de 7:00 a.m. a 11:00 p.m. Servicio de limpieza en seco el mismo d\u00eda tambi\u00e9n est\u00e1n disponibles a trav\u00e9s de la recepci\u00f3n.<\/p>\n\n\t\t<\/div>\n\t<\/div>\n<\/div><\/div><\/div><div class=\"wpb_column vc_column_container vc_col-sm-4\"><div class=\"vc_column-inner \"><div class=\"wpb_wrapper\">\n\t<div class=\"wpb_text_column wpb_content_element \" >\n\t\t<div class=\"wpb_wrapper\">\n\t\t\t<h2>Comodidades<\/h2>\n<ul>\n<li>Piscina<\/li>\n<li>Internet gratis<\/li>\n<li>Estacionamiento gratis<\/li>\n<li>Restaurante<\/li>\n<li>Bar \/ Lounge<\/li>\n<li>Servicio de habitaciones<\/li>\n<li>Gimnasio con gimnasio \/ sala de entrenamiento<\/li>\n<li>Sala de banquetes<\/li>\n<li>Aire acondicionado<\/li>\n<li>Habitaciones familiares<\/li>\n<li>Cocina peque\u00f1a<\/li>\n<li>Microonda<\/li>\n<li>Habitaciones para no fumadores<\/li>\n<li>Refrigerador en habitaci\u00f3n<\/li>\n<li>Suites<\/li>\n<\/ul>\n\n\t\t<\/div>\n\t<\/div>\n<\/div><\/div><\/div><\/div>\n","protected":false},"excerpt":{"rendered":"Saratoga ResortOrlando, Florida (function ( $ ) { \"use strict\"; $(function () { var masterslider_9c81 = new MasterSlider(); \/\/ slider controls masterslider_9c81.control('arrows' ,{ autohide:true, overVideo:true }); masterslider_9c81.control('thumblist' ,{ autohide:false, overVideo:true, dir:'h', speed:17, inset:false, align:'bottom',type:'thumbs', margin:5, width:127, height:137, space:5, fillMode:'fill' }); masterslider_9c81.control('scrollbar' ,{ autohide:false, overVideo:true, dir:'h', inset:true, align:'top', color:'#3D3D3D' , margin:10 , width:4 }); \/\/ slider setup masterslider_9c81.setup(\"MS69e8ee71d9c81\", { width : 1000, height : 500, space : 0, start : 1, grabCursor : true, swipe : true, mouse : true, keyboard : false, layout : \"boxed\", wheel : false, autoplay : true, instantStartLayers:false, loop : false, shuffle : false, preload : [...]","protected":false},"author":9,"featured_media":0,"parent":9546,"menu_order":17,"comment_status":"open","ping_status":"closed","template":"template-full-width-tb.php","meta":[],"_links":{"self":[{"href":"https:\/\/somosorlando.com\/es\/wp-json\/wp\/v2\/pages\/21036"}],"collection":[{"href":"https:\/\/somosorlando.com\/es\/wp-json\/wp\/v2\/pages"}],"about":[{"href":"https:\/\/somosorlando.com\/es\/wp-json\/wp\/v2\/types\/page"}],"author":[{"embeddable":true,"href":"https:\/\/somosorlando.com\/es\/wp-json\/wp\/v2\/users\/9"}],"replies":[{"embeddable":true,"href":"https:\/\/somosorlando.com\/es\/wp-json\/wp\/v2\/comments?post=21036"}],"version-history":[{"count":6,"href":"https:\/\/somosorlando.com\/es\/wp-json\/wp\/v2\/pages\/21036\/revisions"}],"predecessor-version":[{"id":21051,"href":"https:\/\/somosorlando.com\/es\/wp-json\/wp\/v2\/pages\/21036\/revisions\/21051"}],"up":[{"embeddable":true,"href":"https:\/\/somosorlando.com\/es\/wp-json\/wp\/v2\/pages\/9546"}],"wp:attachment":[{"href":"https:\/\/somosorlando.com\/es\/wp-json\/wp\/v2\/media?parent=21036"}],"curies":[{"name":"wp","href":"https:\/\/api.w.org\/{rel}","templated":true}]}}