{"id":2752,"date":"2015-02-20T15:43:38","date_gmt":"2015-02-20T20:43:38","guid":{"rendered":"http:\/\/visitaorlandoflorida.info\/destinos\/las-vegas\/"},"modified":"2016-04-13T17:11:38","modified_gmt":"2016-04-13T21:11:38","slug":"las-vegas-nevada","status":"publish","type":"page","link":"https:\/\/somosorlando.com\/es\/destinations\/las-vegas-nevada\/","title":{"rendered":"Las Vegas, Nevada"},"content":{"rendered":"<div class=\"vc_row wpb_row vc_row-fluid facts vc_custom_1423733779336\"><div class=\"wpb_column vc_column_container vc_col-sm-12\"><div class=\"vc_column-inner vc_custom_1423732760542\"><div class=\"wpb_wrapper\"><div class=\"vc_empty_space\"   style=\"height: 2em\" ><span class=\"vc_empty_space_inner\"><\/span><\/div>\n<\/div><\/div><\/div><\/div><div class=\"vc_row wpb_row vc_row-fluid\"><div class=\"wpb_column vc_column_container vc_col-sm-8\"><div class=\"vc_column-inner \"><div class=\"wpb_wrapper\">\n\t<div class=\"wpb_text_column wpb_content_element \" >\n\t\t<div class=\"wpb_wrapper\">\n\t\t\t<p>Las Vegas es una ciudad que no necesita presentaci\u00f3n, por sus hoteles de cinco estrellas, restaurantes de clase mundial, boutiques, espectacular entretenimiento y vida nocturna. La ciudad m\u00e1s grande de Nevada ha superado de largo su connotaci\u00f3n de juegos para adultos. Sin duda se ha ganado un lugar como uno de los principales destinos tur\u00edsticos del mundo, y nadie puede acusar a Las Vegas de ser un pony de juego de un solo truco estos d\u00edas.<\/p>\n<p>El famoso Strip de Las Vegas todav\u00eda est\u00e1 lleno de llamativos mega-resorts, pero la aventura va m\u00e1s all\u00e1 del ne\u00f3n parpadeante, luces deslumbrantes y usted se sorprender\u00e1 por lo que encuentre. Cada gran edificio es un destino en s\u00ed mismo, lleno de magn\u00edficas comodidades y atracciones para todos.<\/p>\n<p>Tan espectacular como las estaciones son, los eventos que ofrecen casi todas las noches son igual de impresionante. Los espect\u00e1culos de Las Vegas son tan conocidos como la ciudad misma, y no defraudan. Bailes de m\u00e1scaras, espect\u00e1culos de magia, actos de comedia, conciertos principales, representaciones teatrales, sinfon\u00edas, la lista sigue y sigue. No importa cuando usted visite siempre hay un espect\u00e1culo para ver. Si un poco de educaci\u00f3n con vacaciones es atractivo, tenemos opciones para eso tambi\u00e9n. Springs Preserve es una forma divertida de aprender todo sobre el desierto que rodea Las Vegas y el Museo del Estado de Nevada tambi\u00e9n cuenta con muchas exposiciones informativas y pantallas.<\/p>\n<p>Las Vegas se utiliza generalmente para describir no s\u00f3lo la propia ciudad, pero las \u00e1reas m\u00e1s all\u00e1 de los l\u00edmites de la ciudad -especialmente las zonas tur\u00edsticas en y cerca del Strip de Las Vegas y el Valle de Las Vegas. Las 4,2 millas (6,8 km) del tramo de South Las Vegas Boulevard conocida como Las Vegas Strip es una de las comunidades no incorporadas del Paradise, Winchester, y Enterprise en el Condado de Clark.<\/p>\n<h3><\/h3>\n<h3><div class=\"templatera_shortcode\"><div class=\"vc_row wpb_row vc_row-fluid\"><div class=\"wpb_column vc_column_container vc_col-sm-12\"><div class=\"vc_column-inner \"><div class=\"wpb_wrapper\"><div class=\"vc_empty_space\"   style=\"height: 32px\" ><span class=\"vc_empty_space_inner\"><\/span><\/div>\n<\/div><\/div><\/div><\/div><div class=\"vc_row wpb_row vc_row-fluid wrapper-weekly-special vc_custom_1458941606091 vc_row-has-fill\"><div class=\"wpb_column vc_column_container vc_col-sm-4\"><div class=\"vc_column-inner vc_custom_1458926234837\"><div class=\"wpb_wrapper\"><div class=\"vc_row wpb_row vc_inner vc_row-fluid vc_custom_1457563191918 vc_row-has-fill\"><div class=\"wpb_column vc_column_container vc_col-sm-12\"><div class=\"vc_column-inner vc_custom_1458926007122\"><div class=\"wpb_wrapper\">\n\t<div  class=\"wpb_single_image wpb_content_element vc_align_left  vc_custom_1458926015972  week-special-background\">\n\t\t\n\t\t<figure class=\"wpb_wrapper vc_figure\">\n\t\t\t<div class=\"vc_single_image-wrapper   vc_box_border_grey\"><img class=\"vc_single_image-img \" src=\"https:\/\/somosorlando.com\/wp-content\/uploads\/2015\/11\/backgroundORL-06-400x250.png\" width=\"400\" height=\"250\" alt=\"backgroundORL-06\" title=\"backgroundORL-06\" \/><\/div>\n\t\t<\/figure>\n\t<\/div>\n<\/div><\/div><\/div><\/div><\/div><\/div><\/div><div class=\"wpb_column vc_column_container vc_col-sm-8\"><div class=\"vc_column-inner \"><div class=\"wpb_wrapper\"><div class=\"vc_row wpb_row vc_inner vc_row-fluid block-header vc_custom_1458936350673 vc_row-has-fill\"><div class=\"wpb_column vc_column_container vc_col-sm-8\"><div class=\"vc_column-inner \"><div class=\"wpb_wrapper\"><h1 style=\"line-height: 1em;text-align: center;font-family:Raleway;font-weight:700;font-style:normal\" class=\"vc_custom_heading\" >OFERTA - ORLANDO<\/h1><\/div><\/div><\/div><div class=\"wpb_column vc_column_container vc_col-sm-4\"><div class=\"vc_column-inner \"><div class=\"wpb_wrapper\"><h5 style=\"line-height: 1em;text-align: right;font-family:Raleway;font-weight:400;font-style:normal\" class=\"vc_custom_heading\" >PRECIO<\/h5><h4 style=\"color: #e8a635;line-height: 1em;text-align: right;font-family:Raleway;font-weight:700;font-style:normal\" class=\"vc_custom_heading\" >$1399 \/ Family<\/h4><\/div><\/div><\/div><\/div><div class=\"vc_row wpb_row vc_inner vc_row-fluid block-footer vc_custom_1457563009434\"><div class=\"wpb_column vc_column_container vc_col-sm-3\"><div class=\"vc_column-inner \"><div class=\"wpb_wrapper\"><div class=\"ts-list-item  icon-font-deal  \"  style=\"margin-top: 0px; margin-bottom: 10px; text-align:left;font-size:15px;line-height:15px;color: #000000;\" data-viewport=\"\" data-delay=\"0\" data-animation=\"\" data-opacity=\"1\"><i class=\"ts-list-item-icon ts-font-icon typcn typcn-location \" style=\"color: #7dbd21; width: 30px; height: 30px; font-size: 30px; line-height: 30px;\"><\/i><div class=\"ts-list-item-content \"  style=\"color: #000000; padding-left: 10px;\">5 D\u00edas en Orlando<\/div><\/div><\/div><\/div><\/div><div class=\"wpb_column vc_column_container vc_col-sm-3\"><div class=\"vc_column-inner \"><div class=\"wpb_wrapper\"><div class=\"ts-list-item  icon-font-deal  \"  style=\"margin-top: 0px; margin-bottom: 10px; text-align:left;font-size:15px;line-height:15px;color: #000000;\" data-viewport=\"\" data-delay=\"0\" data-animation=\"\" data-opacity=\"1\"><i class=\"ts-list-item-icon ts-font-icon typcn typcn-location \" style=\"color: #7dbd21; width: 30px; height: 30px; font-size: 30px; line-height: 30px;\"><\/i><div class=\"ts-list-item-content \"  style=\"color: #000000; padding-left: 10px;\">3 D\u00edas en Miami<\/div><\/div><\/div><\/div><\/div><div class=\"wpb_column vc_column_container vc_col-sm-3\"><div class=\"vc_column-inner \"><div class=\"wpb_wrapper\"><div class=\"ts-list-item  icon-font-deal  \"  style=\"margin-top: 0px; margin-bottom: 10px; text-align:left;font-size:15px;line-height:15px;color: #000000;\" data-viewport=\"\" data-delay=\"0\" data-animation=\"\" data-opacity=\"1\"><i class=\"ts-list-item-icon ts-font-icon ts-icomoon-gift \" style=\"color: #af25dd; width: 30px; height: 30px; font-size: 30px; line-height: 30px;\"><\/i><div class=\"ts-list-item-content \"  style=\"color: #000000; padding-left: 10px;\">$150 de Voucher<\/div><\/div><\/div><\/div><\/div><div class=\"wpb_column vc_column_container vc_col-sm-3\"><div class=\"vc_column-inner \"><div class=\"wpb_wrapper\"><div class=\"ts-list-item  icon-font-deal  \"  style=\"margin-top: 0px; margin-bottom: 10px; text-align:left;font-size:15px;line-height:15px;color: #000000;\" data-viewport=\"\" data-delay=\"0\" data-animation=\"\" data-opacity=\"1\"><i class=\"ts-list-item-icon ts-font-icon ts-mapicons-boat-tour \" style=\"color: #1e73be; width: 30px; height: 30px; font-size: 30px; line-height: 30px;\"><\/i><div class=\"ts-list-item-content \"  style=\"color: #000000; padding-left: 10px;\">Crucero hacia Las Bahamas<\/div><\/div><\/div><\/div><\/div><\/div><\/div><\/div><\/div><\/div><div class=\"vc_row wpb_row vc_row-fluid\"><div class=\"wpb_column vc_column_container vc_col-sm-12\"><div class=\"vc_column-inner \"><div class=\"wpb_wrapper\"><div class=\"vc_empty_space\"   style=\"height: 32px\" ><span class=\"vc_empty_space_inner\"><\/span><\/div>\n<\/div><\/div><\/div><\/div>\n<\/div><\/h3>\n<h3><\/h3>\n<h3>Geograf\u00eda<\/h3>\n<p>Las Vegas est\u00e1 situado en el Condado de Clark en una cuenca en el suelo del desierto de Mojave y est\u00e1 rodeado por cadenas monta\u00f1osas en todos los lados. Gran parte del paisaje es rocoso y \u00e1rido con vegetaci\u00f3n del desierto y la vida silvestre. Puede ser sometido a inundaciones torrenciales, aunque se ha hecho mucho para mitigar los efectos de las inundaciones a trav\u00e9s de los sistemas de drenaje mejorados.<\/p>\n<p>Los picos de los alrededores de Las Vegas alcanzan alturas de m\u00e1s de 10.000 pies (3.000 m), y act\u00faan como barreras para el flujo fuerte de la humedad de la zona circundante.<\/p>\n<h3>Clima<\/h3>\n<p>Las Vegas clima es un clima caliente del desierto subtropical, t\u00edpica del desierto de Mojave en el que se encuentra. La ciudad goza de abundante sol durante todo el a\u00f1o; que tiene un promedio de unos 310 d\u00edas de sol al a\u00f1o. Es pr\u00e1cticamente libre de tornados y tormentas de hielo. Puntos de roc\u00edo en el verano son excepcionalmente bajos, que van desde 40,6 \u00b0 F (4.8 \u00b0 C) a 44,0 \u00b0 F (6.7 \u00b0 C).<\/p>\n<p>Los meses de verano de junio a septiembre son muy calientes y mayormente seco, con una temperatura media diaria julio de 92,5 \u00b0 F (33,6 \u00b0 C), mientras que las temperaturas nocturnas suelen permanecer por encima de 80 \u00b0 F (27 \u00b0 C). Hay un promedio de 134 d\u00edas de m\u00e1ximos de 90 \u00b0 F (32 \u00b0 C) +, y 74 d\u00edas de los m\u00e1ximos de 100 \u00b0 F (38 \u00b0 C) +, [26] con la mayor\u00eda de los d\u00edas en julio y agosto superior a este \u00faltimo punto de referencia. La humedad es muy baja, a menudo por debajo del 10%.<\/p>\n<p>Inviernos de Las Vegas son cortos y la temporada es generalmente leve. Diciembre, el mes m\u00e1s fr\u00edo, los promedios de 47,7 \u00b0 F (8.7 \u00b0 C). Las monta\u00f1as de los alrededores de Las Vegas se acumulan nieve durante el invierno, pero la nieve es rara en el propio valle de Las Vegas. Las temperaturas llegan al punto de congelaci\u00f3n en 16 noches del a\u00f1o, pero rara vez se hunden a 20 \u00b0 F (-7 \u00b0 C).<\/p>\n<h3>Turismo<\/h3>\n<p>Las principales atracciones en Las Vegas son los casinos y los hoteles, aunque en los \u00faltimos a\u00f1os otras nuevas atracciones han comenzado a surgir.<br \/>\nLa mayor\u00eda de los casinos en el centro de la ciudad se encuentran en el Fremont Street Experience, El Stratosphere ser una de las excepciones. Fremont Este, junto a la Fremont Street Experience, se concedi\u00f3 variaciones para permitir que las barras est\u00e9n m\u00e1s juntos, similar al Gaslamp Quarter de San Diego, con el objetivo de atraer a un grupo demogr\u00e1fico diferente a la de Gaza atrae.<\/p>\n<h4>Casinos Downtown<\/h4>\n<p>El Golden Gate Hotel &amp; Casino, ubicado en el centro a lo largo del Fremont Street Experience, es el hotel y casino m\u00e1s antiguo en funcionamiento continuo de Las Vegas; abri\u00f3 sus puertas en 1906 como el Hotel Nevada.<br \/>\nEl a\u00f1o 1931 marc\u00f3 la apertura del club del Norte (hoy La Bayou). El m\u00e1s notable de los primeros casinos puede haber sido la herradura de Binion, mientras que fue manejado por Benny Binion.<br \/>\nBoyd Gaming tiene un importante centro presencia operar el California Hotel &amp; Casino, Fremont Hotel &amp; Casino y el Casino de la calle principal. Otras operaciones de casinos incluyen el Four Queens Hotel &amp; Casino, Las Vegas Club Casino de la sirena, que tambi\u00e9n se encuentra en el centro a lo largo del Fremont Street Experience.<\/p>\n<p>Casinos del centro que han sido objeto de reformas importantes y revitalizaci\u00f3n en los \u00faltimos a\u00f1os incluyen el Golden Nugget Hotel &amp; Casino, The D Las Vegas Hotel Casino (anteriormente Fitzgerald), centro de Grand (anteriormente Lady Luck), El Cortez Hotel &amp; Casino y The Plaza Hotel &amp; Casino .<\/p>\n<h4>Strip de Las Vegas<\/h4>\n<p>Sin embargo, el centro de la industria del juego y el entretenimiento se encuentra en el Strip de Las Vegas, fuera de los l\u00edmites de la ciudad, en las comunidades no incorporadas de los alrededores de Paradise y Winchester en el condado de Clark. Los casinos y edificios m\u00e1s grandes y m\u00e1s notables se encuentran all\u00ed.<\/p>\n<h3>Transportaci\u00f3n<\/h3>\n<p>RTC tr\u00e1nsito es el sistema de transporte p\u00fablico a lo largo de Las Vegas, Henderson, North Las Vegas y otras \u00e1reas del valle. Servicio de autob\u00fas interurbano hacia y desde Las Vegas es proporcionado por Greyhound. Una l\u00ednea de autob\u00fas de tr\u00e1nsito r\u00e1pido en Las Vegas llamado el Strip y Downtown Express con paradas limitadas se puso en marcha, y conecta el centro de Las Vegas, el de Gaza y el Centro de Convenciones de Las Vegas.<\/p>\n<p>Las Vegas Boulevard divide las calles de este a oeste de la Strip de Las Vegas a cerca de la estratosfera, a continuaci\u00f3n, la calle principal se convierte en la l\u00ednea divisoria de la estratosfera a la frontera norte de Las Vegas, despu\u00e9s de lo cual la alineaci\u00f3n Goldfield Calle divide al este y al oeste.<\/p>\n\n\t\t<\/div>\n\t<\/div>\n<\/div><\/div><\/div><div class=\"wpb_column vc_column_container vc_col-sm-4\"><div class=\"vc_column-inner \"><div class=\"wpb_wrapper\"><h2 style=\"text-align: center\" class=\"vc_custom_heading\" >\u00bfPor qu\u00e9 Las Vegas?<\/h2><div class=\"vc_row wpb_row vc_inner vc_row-fluid\"><div class=\"wpb_column vc_column_container vc_col-sm-4\"><div class=\"vc_column-inner \"><div class=\"wpb_wrapper\"><div id=\"ultimate-heading-769269d6e7c1b504e\" class=\"uvc-heading ult-adjust-bottom-margin ultimate-heading-769269d6e7c1b504e uvc-8992 fact\" data-hspacer=\"icon_only\"  data-halign=\"center\" style=\"text-align:center\"><div class=\"uvc-heading-spacer icon_only\" style=\"margin-bottom:10px;\"><div class=\"ult-just-icon-wrapper  \"><div class=\"align-icon\" style=\"text-align:center;\">\n<div class=\"aio-icon-img \" style=\"font-size:48px;display:inline-block;\" >\n\t<img class=\"img-icon\" alt=\"\" src=\"https:\/\/somosorlando.com\/wp-content\/uploads\/2015\/02\/icon-box-02-1.png\"\/>\n<\/div><\/div><\/div><\/div><div class=\"uvc-main-heading ult-responsive\"  data-ultimate-target='.uvc-heading.ultimate-heading-769269d6e7c1b504e h4'  data-responsive-json-new='{\"font-size\":\"\",\"line-height\":\"\"}' ><h4 style=\"font-weight:normal;margin-top:10px;margin-bottom:10px;\">Alojamiento<\/h4><\/div><\/div><\/div><\/div><\/div><div class=\"wpb_column vc_column_container vc_col-sm-4\"><div class=\"vc_column-inner \"><div class=\"wpb_wrapper\"><div id=\"ultimate-heading-969869d6e7c1b5b96\" class=\"uvc-heading ult-adjust-bottom-margin ultimate-heading-969869d6e7c1b5b96 uvc-887 fact\" data-hspacer=\"icon_only\"  data-halign=\"center\" style=\"text-align:center\"><div class=\"uvc-heading-spacer icon_only\" style=\"margin-bottom:10px;\"><div class=\"ult-just-icon-wrapper  \"><div class=\"align-icon\" style=\"text-align:center;\">\n<div class=\"aio-icon-img \" style=\"font-size:48px;display:inline-block;\" >\n\t<img class=\"img-icon\" alt=\"\" src=\"https:\/\/somosorlando.com\/wp-content\/uploads\/2015\/02\/sep-element-02-1-01.png\"\/>\n<\/div><\/div><\/div><\/div><div class=\"uvc-main-heading ult-responsive\"  data-ultimate-target='.uvc-heading.ultimate-heading-969869d6e7c1b5b96 h4'  data-responsive-json-new='{\"font-size\":\"\",\"line-height\":\"\"}' ><h4 style=\"font-weight:normal;margin-top:10px;margin-bottom:10px;\">Actividades<\/h4><\/div><\/div><\/div><\/div><\/div><div class=\"wpb_column vc_column_container vc_col-sm-4\"><div class=\"vc_column-inner \"><div class=\"wpb_wrapper\"><div id=\"ultimate-heading-710169d6e7c1b66a1\" class=\"uvc-heading ult-adjust-bottom-margin ultimate-heading-710169d6e7c1b66a1 uvc-6257 fact\" data-hspacer=\"icon_only\"  data-halign=\"center\" style=\"text-align:center\"><div class=\"uvc-heading-spacer icon_only\" style=\"margin-bottom:10px;\"><div class=\"ult-just-icon-wrapper  \"><div class=\"align-icon\" style=\"text-align:center;\">\n<div class=\"aio-icon-img \" style=\"font-size:48px;display:inline-block;\" >\n\t<img class=\"img-icon\" alt=\"\" src=\"https:\/\/somosorlando.com\/wp-content\/uploads\/2015\/02\/icon-header-08-2-1.png\"\/>\n<\/div><\/div><\/div><\/div><div class=\"uvc-main-heading ult-responsive\"  data-ultimate-target='.uvc-heading.ultimate-heading-710169d6e7c1b66a1 h4'  data-responsive-json-new='{\"font-size\":\"\",\"line-height\":\"\"}' ><h4 style=\"font-weight:normal;margin-top:10px;margin-bottom:10px;\">Transportaciones<\/h4><\/div><\/div><\/div><\/div><\/div><\/div>\n\t<div class=\"wpb_text_column wpb_content_element \" >\n\t\t<div class=\"wpb_wrapper\">\n\t\t\t<p>Los hoteles de Las Vegas le dar\u00e1n la bienvenida a un mundo donde no hay petici\u00f3n demasiado grande, o ning\u00fan deseo demasiado fantasioso. Hay suites con vista a las luces brillantes de Las Vegas Strip as\u00ed como hoteles boutique que atienden en el conjunto art\u00edstico, frugal y aventurero.<\/p>\n<p>Actividades de pared a pared en Las Vegas significa que usted obtiene m\u00e1s en sus vacaciones. Usted no va a encontrar m\u00e1s cosas que hacer que en Las Vegas. Hay una raz\u00f3n porque la gente dice: \u00abS\u00f3lo en Las Vegas.\u00bb Eso es porque cuando est\u00e1s aqu\u00ed, encontrar\u00e1s muchas cosas que te sorprender\u00e1n.<\/p>\n\n\t\t<\/div>\n\t<\/div>\n<div id=\"ultimate-heading-524269d6e7c1b6b1e\" class=\"uvc-heading ult-adjust-bottom-margin ultimate-heading-524269d6e7c1b6b1e uvc-2168 \" data-hspacer=\"no_spacer\"  data-halign=\"center\" style=\"text-align:center\"><div class=\"uvc-heading-spacer no_spacer\" style=\"top\"><\/div><div class=\"uvc-main-heading ult-responsive\"  data-ultimate-target='.uvc-heading.ultimate-heading-524269d6e7c1b6b1e h2'  data-responsive-json-new='{\"font-size\":\"\",\"line-height\":\"\"}' ><h2 style=\"font-weight:normal;margin-top:15px;\">Ofertas de Hoy<\/h2><\/div><div class=\"uvc-sub-heading ult-responsive\"  data-ultimate-target='.uvc-heading.ultimate-heading-524269d6e7c1b6b1e .uvc-sub-heading '  data-responsive-json-new='{\"font-size\":\"\",\"line-height\":\"\"}'  style=\"font-weight:normal;margin-bottom:10px;\">Cupos Limitados<\/div><\/div><div class=\"vc_separator wpb_content_element vc_separator_align_center vc_sep_width_100 vc_sep_pos_align_center vc_separator_no_text vc_sep_color_grey\" ><span class=\"vc_sep_holder vc_sep_holder_l\"><span  class=\"vc_sep_line\"><\/span><\/span><span class=\"vc_sep_holder vc_sep_holder_r\"><span  class=\"vc_sep_line\"><\/span><\/span>\n<\/div><div id=\"ts-vcsc-image-hover-7908919\" class=\"ts-image-hover-frame ts-imagefloat-center  destinations-page-hover  ts-trigger-hover-adjust\"  style=\"width: 100%; margin-top: 0px; margin-bottom: 20px;\"><div id=\"ts-vcsc-image-hover-7908919-counter\" class=\"ts-fluid-wrapper \" style=\"width: 100%; height: auto;\"><div id=\"ts-vcsc-image-hover-7908919-mask\" class=\"ts-imagehover ts-imagehover-static ts-imagehover-style1 ts-trigger-hover \" data-trigger=\"ts-trigger-hover\" data-closer=\"ts-vcsc-image-hover-7908919-closer\" style=\"width: 100%; height: auto; \"><img src=\"https:\/\/somosorlando.com\/wp-content\/uploads\/2015\/02\/Stratosphere-display.jpg\" data-no-lazy=\"1\" alt=\"Stratosphere-display\" style=\"width: 100%; height: auto;\"\/><div class=\"mask\" style=\" width: 100%; height: 100%; display: block;\"><h2 class=\"ts-image-hover-title\" style=\"   \">Stratosphere<\/h2><div id=\"ts-vcsc-image-hover-7908919-maskcontent\" class=\"maskcontent\" style=\" \">The Stratosphere Casino, Hotel &amp; Tower offers some of the best Las Vegas hotel values on the Strip.<\/div><a id=\"ts-vcsc-image-hover-7908919-readmore\" style=\"   \" href=\"http:\/\/somosorlando.com\/getaways\/las-vegas-stratosphere\/\" class=\"info ts-image-hover-button\" target=\"_parent\">Read More<\/a><\/div><\/div><\/div><\/div><\/div><\/div><\/div><\/div>\n","protected":false},"excerpt":{"rendered":"Las Vegas es una ciudad que no necesita presentaci\u00f3n, por sus hoteles de cinco estrellas, restaurantes de clase mundial, boutiques, espectacular entretenimiento y vida nocturna. La ciudad m\u00e1s grande de Nevada ha superado de largo su connotaci\u00f3n de juegos para adultos. Sin duda se ha ganado un lugar como uno de los principales destinos tur\u00edsticos del mundo, y nadie puede acusar a Las Vegas de ser un pony de juego de un solo truco estos d\u00edas. El famoso Strip de Las Vegas todav\u00eda est\u00e1 lleno de llamativos mega-resorts, pero la aventura va m\u00e1s all\u00e1 del ne\u00f3n parpadeante, luces deslumbrantes y [...]","protected":false},"author":1,"featured_media":0,"parent":2139,"menu_order":10,"comment_status":"open","ping_status":"closed","template":"template-full-width-tb.php","meta":[],"_links":{"self":[{"href":"https:\/\/somosorlando.com\/es\/wp-json\/wp\/v2\/pages\/2752"}],"collection":[{"href":"https:\/\/somosorlando.com\/es\/wp-json\/wp\/v2\/pages"}],"about":[{"href":"https:\/\/somosorlando.com\/es\/wp-json\/wp\/v2\/types\/page"}],"author":[{"embeddable":true,"href":"https:\/\/somosorlando.com\/es\/wp-json\/wp\/v2\/users\/1"}],"replies":[{"embeddable":true,"href":"https:\/\/somosorlando.com\/es\/wp-json\/wp\/v2\/comments?post=2752"}],"version-history":[{"count":22,"href":"https:\/\/somosorlando.com\/es\/wp-json\/wp\/v2\/pages\/2752\/revisions"}],"predecessor-version":[{"id":21213,"href":"https:\/\/somosorlando.com\/es\/wp-json\/wp\/v2\/pages\/2752\/revisions\/21213"}],"up":[{"embeddable":true,"href":"https:\/\/somosorlando.com\/es\/wp-json\/wp\/v2\/pages\/2139"}],"wp:attachment":[{"href":"https:\/\/somosorlando.com\/es\/wp-json\/wp\/v2\/media?parent=2752"}],"curies":[{"name":"wp","href":"https:\/\/api.w.org\/{rel}","templated":true}]}}