{"id":2757,"date":"2015-03-02T13:22:20","date_gmt":"2015-03-02T18:22:20","guid":{"rendered":"http:\/\/visitaorlandoflorida.info\/destinos\/daytona-beach-florida\/"},"modified":"2016-04-13T16:44:15","modified_gmt":"2016-04-13T20:44:15","slug":"daytona-beach-florida","status":"publish","type":"page","link":"https:\/\/somosorlando.com\/es\/destinations\/daytona-beach-florida\/","title":{"rendered":"Daytona Beach, Florida"},"content":{"rendered":"<div class=\"vc_row wpb_row vc_row-fluid\"><div class=\"wpb_column vc_column_container vc_col-sm-12\"><div class=\"vc_column-inner \"><div class=\"wpb_wrapper\"><div class=\"vc_empty_space\"   style=\"height: 2em\" ><span class=\"vc_empty_space_inner\"><\/span><\/div>\n<\/div><\/div><\/div><\/div><div class=\"vc_row wpb_row vc_row-fluid\"><div class=\"wpb_column vc_column_container vc_col-sm-8\"><div class=\"vc_column-inner \"><div class=\"wpb_wrapper\">\n\t<div class=\"wpb_text_column wpb_content_element \" >\n\t\t<div class=\"wpb_wrapper\">\n\t\t\t<h2><\/h2>\n<p>Daytona Beach es una ciudad en el condado de Volusia, Florida. Se encuentra a unas 51 millas (82,1 km) al noreste de Orlando, 86 millas (138,4 kil\u00f3metros) al sureste de Jacksonville, y 242 millas (389,5 km) al noroeste de Miami. Es una ciudad principal de Deltona, Daytona Beach, Ormond Beach FL, \u00e1rea estad\u00edstica metropolitana. Daytona Beach es tambi\u00e9n una ciudad principal de la regi\u00f3n de la Costa Diversi\u00f3n de la Florida.<\/p>\n<p>La ciudad es hist\u00f3ricamente conocida por su playa donde la arena compacta permite a los veh\u00edculos motorizados circular por la playa en \u00e1reas restringidas. Esta arena compactada-hizo Daytona Beach la meca de los deportes de motor, y el viejo Course Road Daytona Beach alberg\u00f3 carreras para mayores de 50 a\u00f1os. Este fue reemplazado en 1959 por el Daytona International Speedway. La ciudad es tambi\u00e9n la sede de NASCAR.<\/p>\n<p>Daytona Beach acoge grandes grupos de fuera que descienden sobre la ciudad para diversos eventos, en particular Speedweeks a principios de febrero, cuando m\u00e1s de 200.000 fan\u00e1ticos de NASCAR vienen a asistir a la apertura de temporada Daytona 500. Otros eventos incluyen la carrera NASCAR Coke Zero 400 en julio, Semana de la Bicicleta a principios de marzo, Biketoberfest a finales de octubre, y las 24 Horas de Daytona carrera de resistencia en enero.<\/p>\n<h3><div class=\"templatera_shortcode\"><div class=\"vc_row wpb_row vc_row-fluid\"><div class=\"wpb_column vc_column_container vc_col-sm-12\"><div class=\"vc_column-inner \"><div class=\"wpb_wrapper\"><div class=\"vc_empty_space\"   style=\"height: 32px\" ><span class=\"vc_empty_space_inner\"><\/span><\/div>\n<\/div><\/div><\/div><\/div><div class=\"vc_row wpb_row vc_row-fluid wrapper-weekly-special vc_custom_1458941606091 vc_row-has-fill\"><div class=\"wpb_column vc_column_container vc_col-sm-4\"><div class=\"vc_column-inner vc_custom_1458926234837\"><div class=\"wpb_wrapper\"><div class=\"vc_row wpb_row vc_inner vc_row-fluid vc_custom_1457563191918 vc_row-has-fill\"><div class=\"wpb_column vc_column_container vc_col-sm-12\"><div class=\"vc_column-inner vc_custom_1458926007122\"><div class=\"wpb_wrapper\">\n\t<div  class=\"wpb_single_image wpb_content_element vc_align_left  vc_custom_1458926015972  week-special-background\">\n\t\t\n\t\t<figure class=\"wpb_wrapper vc_figure\">\n\t\t\t<div class=\"vc_single_image-wrapper   vc_box_border_grey\"><img class=\"vc_single_image-img \" src=\"https:\/\/somosorlando.com\/wp-content\/uploads\/2015\/11\/backgroundORL-06-400x250.png\" width=\"400\" height=\"250\" alt=\"backgroundORL-06\" title=\"backgroundORL-06\" \/><\/div>\n\t\t<\/figure>\n\t<\/div>\n<\/div><\/div><\/div><\/div><\/div><\/div><\/div><div class=\"wpb_column vc_column_container vc_col-sm-8\"><div class=\"vc_column-inner \"><div class=\"wpb_wrapper\"><div class=\"vc_row wpb_row vc_inner vc_row-fluid block-header vc_custom_1458936350673 vc_row-has-fill\"><div class=\"wpb_column vc_column_container vc_col-sm-8\"><div class=\"vc_column-inner \"><div class=\"wpb_wrapper\"><h1 style=\"line-height: 1em;text-align: center;font-family:Raleway;font-weight:700;font-style:normal\" class=\"vc_custom_heading\" >OFERTA - ORLANDO<\/h1><\/div><\/div><\/div><div class=\"wpb_column vc_column_container vc_col-sm-4\"><div class=\"vc_column-inner \"><div class=\"wpb_wrapper\"><h5 style=\"line-height: 1em;text-align: right;font-family:Raleway;font-weight:400;font-style:normal\" class=\"vc_custom_heading\" >PRECIO<\/h5><h4 style=\"color: #e8a635;line-height: 1em;text-align: right;font-family:Raleway;font-weight:700;font-style:normal\" class=\"vc_custom_heading\" >$1399 \/ Family<\/h4><\/div><\/div><\/div><\/div><div class=\"vc_row wpb_row vc_inner vc_row-fluid block-footer vc_custom_1457563009434\"><div class=\"wpb_column vc_column_container vc_col-sm-3\"><div class=\"vc_column-inner \"><div class=\"wpb_wrapper\"><div class=\"ts-list-item  icon-font-deal  \"  style=\"margin-top: 0px; margin-bottom: 10px; text-align:left;font-size:15px;line-height:15px;color: #000000;\" data-viewport=\"\" data-delay=\"0\" data-animation=\"\" data-opacity=\"1\"><i class=\"ts-list-item-icon ts-font-icon typcn typcn-location \" style=\"color: #7dbd21; width: 30px; height: 30px; font-size: 30px; line-height: 30px;\"><\/i><div class=\"ts-list-item-content \"  style=\"color: #000000; padding-left: 10px;\">5 D\u00edas en Orlando<\/div><\/div><\/div><\/div><\/div><div class=\"wpb_column vc_column_container vc_col-sm-3\"><div class=\"vc_column-inner \"><div class=\"wpb_wrapper\"><div class=\"ts-list-item  icon-font-deal  \"  style=\"margin-top: 0px; margin-bottom: 10px; text-align:left;font-size:15px;line-height:15px;color: #000000;\" data-viewport=\"\" data-delay=\"0\" data-animation=\"\" data-opacity=\"1\"><i class=\"ts-list-item-icon ts-font-icon typcn typcn-location \" style=\"color: #7dbd21; width: 30px; height: 30px; font-size: 30px; line-height: 30px;\"><\/i><div class=\"ts-list-item-content \"  style=\"color: #000000; padding-left: 10px;\">3 D\u00edas en Miami<\/div><\/div><\/div><\/div><\/div><div class=\"wpb_column vc_column_container vc_col-sm-3\"><div class=\"vc_column-inner \"><div class=\"wpb_wrapper\"><div class=\"ts-list-item  icon-font-deal  \"  style=\"margin-top: 0px; margin-bottom: 10px; text-align:left;font-size:15px;line-height:15px;color: #000000;\" data-viewport=\"\" data-delay=\"0\" data-animation=\"\" data-opacity=\"1\"><i class=\"ts-list-item-icon ts-font-icon ts-icomoon-gift \" style=\"color: #af25dd; width: 30px; height: 30px; font-size: 30px; line-height: 30px;\"><\/i><div class=\"ts-list-item-content \"  style=\"color: #000000; padding-left: 10px;\">$150 de Voucher<\/div><\/div><\/div><\/div><\/div><div class=\"wpb_column vc_column_container vc_col-sm-3\"><div class=\"vc_column-inner \"><div class=\"wpb_wrapper\"><div class=\"ts-list-item  icon-font-deal  \"  style=\"margin-top: 0px; margin-bottom: 10px; text-align:left;font-size:15px;line-height:15px;color: #000000;\" data-viewport=\"\" data-delay=\"0\" data-animation=\"\" data-opacity=\"1\"><i class=\"ts-list-item-icon ts-font-icon ts-mapicons-boat-tour \" style=\"color: #1e73be; width: 30px; height: 30px; font-size: 30px; line-height: 30px;\"><\/i><div class=\"ts-list-item-content \"  style=\"color: #000000; padding-left: 10px;\">Crucero hacia Las Bahamas<\/div><\/div><\/div><\/div><\/div><\/div><\/div><\/div><\/div><\/div><div class=\"vc_row wpb_row vc_row-fluid\"><div class=\"wpb_column vc_column_container vc_col-sm-12\"><div class=\"vc_column-inner \"><div class=\"wpb_wrapper\"><div class=\"vc_empty_space\"   style=\"height: 32px\" ><span class=\"vc_empty_space_inner\"><\/span><\/div>\n<\/div><\/div><\/div><\/div>\n<\/div><\/h3>\n<h3>Geograf\u00eda<\/h3>\n<p>Daytona Beach est\u00e1 situado en 29 \u00b0 12&#8217;N 81 \u00b0 2&#8217;W (29.2073, -81.0379). La ciudad tiene una superficie total de 64,93 metros cuadrados. Millas (168 km2) de los cuales 58.68 sq. Milla (152 km2) es la tierra y 6.25 sq. Millas (16 km2) es el agua. El agua es 9,6% de la superficie total.<\/p>\n<p>La ciudad de Daytona Beach est\u00e1 dividido en dos por la laguna del r\u00edo Halifax, parte de la Intracoastal Waterway, y se sienta en el Oc\u00e9ano Atl\u00e1ntico. Limita al norte con Holly Hill y Ormond Beach y en el sur por Daytona Beach Shores, South Daytona y Port Orange.<\/p>\n<h3>Clima<\/h3>\n<p>Daytona Beach tiene un clima subtropical h\u00famedo t\u00edpico de los estados del Golfo y del Atl\u00e1ntico Sur. Como es t\u00edpico de gran parte de la Florida, hay dos temporadas en Daytona Beach, la temporada caliente y h\u00fameda (finales de mayo a octubre) y la estaci\u00f3n c\u00e1lida y seca (noviembre a abril).<\/p>\n<p>En la temporada de calor (verano) temperaturas promedio durante el d\u00eda est\u00e1n en los 80 y 90 bajas (26 a 33 \u00b0 C) y bajas promedio de la noche son cerca de 70 \u00b0 F (21 \u00b0 C) en Daytona Beach. La Bermuda alta bombea aire tropical c\u00e1lido e inestable de las Bahamas y el Golfo de M\u00e9xico, lo que a diario, pero breves chaparrones. Una gran cantidad de la precipitaci\u00f3n anual en Daytona Beach cae durante esta \u00e9poca del a\u00f1o. Oto\u00f1o y primavera son considerados casi tiempo sabio, c\u00e1lido y soleado, con temperaturas m\u00e1ximas diarias en el 75 a 80 F (21 a 24 \u00b0 C) rango y puntos bajos de noche en los a\u00f1os 50 a los a\u00f1os 60 bajas (10 a 17 \u00b0 C) perfecta.<\/p>\n<p>En la estaci\u00f3n c\u00e1lida y seca (invierno), Daytona Beach tiene un clima mayormente templado y soleado t\u00edpico de ciudades de la pen\u00ednsula de Florida. Los meses m\u00e1s fr\u00edos son de diciembre a febrero; temperaturas promedio durante el d\u00eda oscilan entre 65 y 70 \u00b0 F (18 a 21 \u00b0 C) y m\u00ednimas nocturnas son cerca de 50 F (10 \u00b0 C). Frentes fr\u00edos ocasionales menudo caen las temperaturas diurnas en el 50 F con noches en los a\u00f1os 30 F un par de veces cada mes. Al igual que gran parte de Florida, Daytona Beach a menudo puede ser muy seco a finales del invierno y principios de primavera, y los incendios de malezas y las restricciones de agua puede ser un problema. Promedios Daytona Beach a s\u00f3lo 6 heladas por a\u00f1o de acuerdo con la oficina del Servicio Meteorol\u00f3gico Nacional en Melbourne.<\/p>\n<h3>Cultura<\/h3>\n<h4>Museo de las Artes y las Ciencias<\/h4>\n<p>El Museo de las Artes y las Ciencias es el equipamiento cultural principal de Daytona Beach y el condado de Volusia. Otros museos ubicados en la ciudad son el Museo del Sudeste de Fotograf\u00eda y el Museo Hist\u00f3rico de Halifax. El Museo de las Artes y las Ciencias es en realidad una colecci\u00f3n de museos y galer\u00edas, e incluye el Complejo Ambiental Klancke, el Museo Cubano, Museo del \u00c1rbol con una de las colecciones m\u00e1s grandes de Coca-Cola en el mundo, la Galer\u00eda Dow Americanos y el Centro Bouchelle para Artes decorativas que en conjunto forman lo que es probablemente una de las mejores colecciones de muebles y artes decorativas en el sureste. Tambi\u00e9n hay exposiciones temporales y el centro de ciencias para ni\u00f1os abrieron en 2008. Desde 1952, la organizaci\u00f3n no lucrativa Daytona Beach Symphony Sociedad ha patrocinado las actuaciones de Estados Unidos y orquestas internacionales, compa\u00f1\u00edas de \u00f3pera y danza cada temporada en el auditorio Peabody.<\/p>\n<h3>Transportaci\u00f3n<\/h3>\n<h4>Aeropuertos<\/h4>\n<p>Servicios de transporte a\u00e9reo de pasajeros se encuentran en Daytona Beach International Airport (DAB), que est\u00e1 situado dentro de la ciudad junto al Daytona International Speedway.<\/p>\n<p>Aeropuertos m\u00e1s grandes cercanos son el Aeropuerto Internacional de Orlando y el Aeropuerto Internacional de Jacksonville, los cuales son aproximadamente una hora y media de distancia.<\/p>\n<h4>Autobuses<\/h4>\n<p>El Garaje del Condado de Volusia en Daytona Beach ofrece un lugar para que los visitantes al parque y caminar. Daytona Beach es servido por Greyhound Bus Lines, que tiene un terminal ubicado en 138 Sur Ridgewood Avenue (US 1). Las rutas del galgo de Daytona Beach a conectarse con centros de operaciones en Jacksonville y Orlando.<\/p>\n<p>VOTRAN es el servicio de autob\u00fas local proporcionado por el Condado de Volusia.<\/p>\n<p>D.O.T.S. (Daytona Orlando Tr\u00e1nsito Services LLC) tiene un servicio de transporte diario desde y hacia el Aeropuerto Internacional de Orlando (MCO) cada 90 minutos. D.O.T.S. ha operado en la zona desde principios de 1980 y es el transporte privado de propiedad \u00fanica y operaci\u00f3n local desde y hacia el Aeropuerto Internacional de Orlando.<\/p>\n<p>Daytona Beach es servida por Amtrak a trav\u00e9s de una conexi\u00f3n Thruway Motorcoach entre la playa y la estaci\u00f3n de DeLand de Amtrak, 28 millas (45 kil\u00f3metros) al oeste. All\u00ed, el servicio se conecta hacia el norte con el tren 92, la Estrella de Plata, y el tren 98, el Meteor Plata. Conexiones hacia el sur de Daytona Beach se limitan a sur de trenes de La Plata Meteor 97. El DeLand &#8211; Servicio de Daytona Beach es \u00fanica ruta Florida Thruway Motorcoach de Amtrak proporcionada por un taxi-cab, en lugar de un autob\u00fas.<\/p>\n\n\t\t<\/div>\n\t<\/div>\n<\/div><\/div><\/div><div class=\"wpb_column vc_column_container vc_col-sm-4\"><div class=\"vc_column-inner \"><div class=\"wpb_wrapper\"><h2 style=\"text-align: center\" class=\"vc_custom_heading\" >\u00bfPor qu\u00e9 Daytona Beach?<\/h2><div class=\"vc_row wpb_row vc_inner vc_row-fluid\"><div class=\"wpb_column vc_column_container vc_col-sm-4\"><div class=\"vc_column-inner \"><div class=\"wpb_wrapper\"><div id=\"ultimate-heading-128769de1999a39b8\" class=\"uvc-heading ult-adjust-bottom-margin ultimate-heading-128769de1999a39b8 uvc-4190 fact\" data-hspacer=\"icon_only\"  data-halign=\"center\" style=\"text-align:center\"><div class=\"uvc-heading-spacer icon_only\" style=\"margin-bottom:10px;\"><div class=\"ult-just-icon-wrapper  \"><div class=\"align-icon\" style=\"text-align:center;\">\n<div class=\"aio-icon-img \" style=\"font-size:48px;display:inline-block;\" >\n\t<img class=\"img-icon\" alt=\"\" src=\"https:\/\/somosorlando.com\/wp-content\/uploads\/2015\/02\/icon-box-02-1.png\"\/>\n<\/div><\/div><\/div><\/div><div class=\"uvc-main-heading ult-responsive\"  data-ultimate-target='.uvc-heading.ultimate-heading-128769de1999a39b8 h4'  data-responsive-json-new='{\"font-size\":\"\",\"line-height\":\"\"}' ><h4 style=\"font-weight:normal;margin-top:10px;margin-bottom:10px;\">Alojamiento<\/h4><\/div><\/div><\/div><\/div><\/div><div class=\"wpb_column vc_column_container vc_col-sm-4\"><div class=\"vc_column-inner \"><div class=\"wpb_wrapper\"><div id=\"ultimate-heading-432569de1999a451e\" class=\"uvc-heading ult-adjust-bottom-margin ultimate-heading-432569de1999a451e uvc-9391 fact\" data-hspacer=\"icon_only\"  data-halign=\"center\" style=\"text-align:center\"><div class=\"uvc-heading-spacer icon_only\" style=\"margin-bottom:10px;\"><div class=\"ult-just-icon-wrapper  \"><div class=\"align-icon\" style=\"text-align:center;\">\n<div class=\"aio-icon-img \" style=\"font-size:48px;display:inline-block;\" >\n\t<img class=\"img-icon\" alt=\"\" src=\"https:\/\/somosorlando.com\/wp-content\/uploads\/2015\/02\/sep-element-02-1-01.png\"\/>\n<\/div><\/div><\/div><\/div><div class=\"uvc-main-heading ult-responsive\"  data-ultimate-target='.uvc-heading.ultimate-heading-432569de1999a451e h4'  data-responsive-json-new='{\"font-size\":\"\",\"line-height\":\"\"}' ><h4 style=\"font-weight:normal;margin-top:10px;margin-bottom:10px;\">Actividades<\/h4><\/div><\/div><\/div><\/div><\/div><div class=\"wpb_column vc_column_container vc_col-sm-4\"><div class=\"vc_column-inner \"><div class=\"wpb_wrapper\"><div id=\"ultimate-heading-409269de1999a5058\" class=\"uvc-heading ult-adjust-bottom-margin ultimate-heading-409269de1999a5058 uvc-145 fact\" data-hspacer=\"icon_only\"  data-halign=\"center\" style=\"text-align:center\"><div class=\"uvc-heading-spacer icon_only\" style=\"margin-bottom:10px;\"><div class=\"ult-just-icon-wrapper  \"><div class=\"align-icon\" style=\"text-align:center;\">\n<div class=\"aio-icon-img \" style=\"font-size:48px;display:inline-block;\" >\n\t<img class=\"img-icon\" alt=\"\" src=\"https:\/\/somosorlando.com\/wp-content\/uploads\/2015\/02\/icon-header-08-2-1.png\"\/>\n<\/div><\/div><\/div><\/div><div class=\"uvc-main-heading ult-responsive\"  data-ultimate-target='.uvc-heading.ultimate-heading-409269de1999a5058 h4'  data-responsive-json-new='{\"font-size\":\"\",\"line-height\":\"\"}' ><h4 style=\"font-weight:normal;margin-top:10px;margin-bottom:10px;\">Transporte<\/h4><\/div><\/div><\/div><\/div><\/div><\/div>\n\t<div class=\"wpb_text_column wpb_content_element \" >\n\t\t<div class=\"wpb_wrapper\">\n\t\t\t<p>El \u00e1rea de Daytona Beach cuenta con una gran cantidad de novedades interesantes que suceden, en este momento y en los pr\u00f3ximos meses. Desde nuevas atracciones y tiendas, hasta nuevas propiedades de hoteles y lugares de entretenimiento, hay mucho para ver y usted quisiera ser uno de los primeros en experimentarlo!. Hay aproximadamente 12,000 habitaciones y 15,000 camas en la zona de Daytona Beach.<\/p>\n<p>La ciudad es hist\u00f3ricamente conocida por sus playa donde la arena compactada permite a los veh\u00edculos motorizados circular por la playa en \u00e1reas restringidas. Esta arena compactada-hizo Daytona Beach sea la meca de los deportes de motor, y el viejo Course Road Daytona Beach alberg\u00f3 carreras para mayores de 50 a\u00f1os. Este fue reemplazado en 1959 por el Daytona International Speedway.<\/p>\n<p>Servicios de transporte a\u00e9reo de pasajeros se encuentran en Daytona Beach Aeropuerto Internacional (DAB), que est\u00e1 situado dentro de la ciudad junto a los aeropuertos Internacional de Daytona Speedway. Muy cerca se encuentran el aeropuerto internacional de Orlando y el Aeropuerto Internacional de Jacksonville, los cuales son aproximadamente a una hora y media de distancia.<\/p>\n<p>&nbsp;<\/p>\n\n\t\t<\/div>\n\t<\/div>\n<div class=\"vc_empty_space\"   style=\"height: 1.5em\" ><span class=\"vc_empty_space_inner\"><\/span><\/div>\n<div id=\"ultimate-heading-26069de1999a5715\" class=\"uvc-heading ult-adjust-bottom-margin ultimate-heading-26069de1999a5715 uvc-4647 \" data-hspacer=\"no_spacer\"  data-halign=\"center\" style=\"text-align:center\"><div class=\"uvc-heading-spacer no_spacer\" style=\"top\"><\/div><div class=\"uvc-main-heading ult-responsive\"  data-ultimate-target='.uvc-heading.ultimate-heading-26069de1999a5715 h2'  data-responsive-json-new='{\"font-size\":\"\",\"line-height\":\"\"}' ><h2 style=\"font-weight:normal;margin-top:15px;\">Ofertas de Hoy<\/h2><\/div><div class=\"uvc-sub-heading ult-responsive\"  data-ultimate-target='.uvc-heading.ultimate-heading-26069de1999a5715 .uvc-sub-heading '  data-responsive-json-new='{\"font-size\":\"\",\"line-height\":\"\"}'  style=\"font-weight:normal;margin-bottom:10px;\">Cupos limitados<\/div><\/div><div class=\"vc_separator wpb_content_element vc_separator_align_center vc_sep_width_100 vc_sep_pos_align_center vc_separator_no_text vc_sep_color_grey\" ><span class=\"vc_sep_holder vc_sep_holder_l\"><span  class=\"vc_sep_line\"><\/span><\/span><span class=\"vc_sep_holder vc_sep_holder_r\"><span  class=\"vc_sep_line\"><\/span><\/span>\n<\/div>\n\t<div class=\"wpb_text_column wpb_content_element \" >\n\t\t<div class=\"wpb_wrapper\">\n\t\t\t<p>Different Deals vary depending on the season you are planning to travel.<\/p>\n\n\t\t<\/div>\n\t<\/div>\n<\/div><\/div><\/div><\/div>\n","protected":false},"excerpt":{"rendered":"Daytona Beach es una ciudad en el condado de Volusia, Florida. Se encuentra a unas 51 millas (82,1 km) al noreste de Orlando, 86 millas (138,4 kil\u00f3metros) al sureste de Jacksonville, y 242 millas (389,5 km) al noroeste de Miami. Es una ciudad principal de Deltona, Daytona Beach, Ormond Beach FL, \u00e1rea estad\u00edstica metropolitana. Daytona Beach es tambi\u00e9n una ciudad principal de la regi\u00f3n de la Costa Diversi\u00f3n de la Florida. La ciudad es hist\u00f3ricamente conocida por su playa donde la arena compacta permite a los veh\u00edculos motorizados circular por la playa en \u00e1reas restringidas. Esta arena compactada-hizo Daytona Beach [...]","protected":false},"author":1,"featured_media":0,"parent":2139,"menu_order":4,"comment_status":"open","ping_status":"closed","template":"template-full-width-tb.php","meta":[],"_links":{"self":[{"href":"https:\/\/somosorlando.com\/es\/wp-json\/wp\/v2\/pages\/2757"}],"collection":[{"href":"https:\/\/somosorlando.com\/es\/wp-json\/wp\/v2\/pages"}],"about":[{"href":"https:\/\/somosorlando.com\/es\/wp-json\/wp\/v2\/types\/page"}],"author":[{"embeddable":true,"href":"https:\/\/somosorlando.com\/es\/wp-json\/wp\/v2\/users\/1"}],"replies":[{"embeddable":true,"href":"https:\/\/somosorlando.com\/es\/wp-json\/wp\/v2\/comments?post=2757"}],"version-history":[{"count":32,"href":"https:\/\/somosorlando.com\/es\/wp-json\/wp\/v2\/pages\/2757\/revisions"}],"predecessor-version":[{"id":17813,"href":"https:\/\/somosorlando.com\/es\/wp-json\/wp\/v2\/pages\/2757\/revisions\/17813"}],"up":[{"embeddable":true,"href":"https:\/\/somosorlando.com\/es\/wp-json\/wp\/v2\/pages\/2139"}],"wp:attachment":[{"href":"https:\/\/somosorlando.com\/es\/wp-json\/wp\/v2\/media?parent=2757"}],"curies":[{"name":"wp","href":"https:\/\/api.w.org\/{rel}","templated":true}]}}