{"id":3256,"date":"2015-02-19T19:21:03","date_gmt":"2015-02-20T00:21:03","guid":{"rendered":"http:\/\/visitaorlandoflorida.info\/destinos\/bahamas\/"},"modified":"2016-04-08T14:09:39","modified_gmt":"2016-04-08T18:09:39","slug":"las-bahamas","status":"publish","type":"page","link":"https:\/\/somosorlando.com\/es\/destinations\/las-bahamas\/","title":{"rendered":"Las Bahamas"},"content":{"rendered":"<div class=\"vc_row wpb_row vc_row-fluid hero vc_custom_1423732208369\"><div class=\"wpb_column vc_column_container vc_col-sm-12\"><div class=\"vc_column-inner \"><div class=\"wpb_wrapper\"><div class=\"vc_empty_space\"   style=\"height: 1.5em\" ><span class=\"vc_empty_space_inner\"><\/span><\/div>\n<\/div><\/div><\/div><\/div><div class=\"vc_row wpb_row vc_row-fluid\"><div class=\"wpb_column vc_column_container vc_col-sm-8\"><div class=\"vc_column-inner \"><div class=\"wpb_wrapper\">\n\t<div class=\"wpb_text_column wpb_content_element \" >\n\t\t<div class=\"wpb_wrapper\">\n\t\t\t<p>Las Bahamas, oficialmente la Mancomunidad de las Bahamas, es un pa\u00eds en Am\u00e9rica, constituido por m\u00e1s de setecientas islas (de las cuales, 24 est\u00e1n habitadas y m\u00e1s de 600 deshabitadas), cayos e islotes en el Oc\u00e9ano Atl\u00e1ntico; al norte de Cuba y Rep\u00fablica Dominicana, noroeste de Islas Turcas y Caicos, al sureste del estado estadounidense de Florida y al este de los Cayos de la Florida. Su capital es Nassau situada en la isla de New Providence.<\/p>\n<p>Geogr\u00e1ficamente las Bahamas forman junto con las Islas Turcas y Caicos el Archipi\u00e9lago de las Lucayas, tambi\u00e9n denominado por extensi\u00f3n Bahamas. Por manifiesto de la Real Fuerza de Defensa de las Bahamas, el territorio de las Bahamas ocupa 180.000 millas cuadradas de espacio oce\u00e1nico, si bien las medidas oficiales les aportar\u00edan mucho m\u00e1s espacio econ\u00f3mico.<\/p>\n<p>Originalmente habitadas por los lucayos, una rama de la etnia taina, las Bahamas fueron el sitio donde Crist\u00f3bal Col\u00f3n arrib\u00f3 en su primer viaje al Nuevo Mundo en 1492. Luego fueron colonizadas por los espa\u00f1oles desde 1513 hasta 1648, cuando colonos ingleses procedentes de la isla de Bermudas se establecieron en la isla de Eleuthera.<\/p>\n<p>Las Bahamas se convirtieron en una colonia de la corona brit\u00e1nica en 1718, cuando los brit\u00e1nicos prohibieron la pirater\u00eda. Despu\u00e9s de la Guerra de Independencia de Estados Unidos, miles de estadounidenses leales a la corona brit\u00e1nica se asentaron en las islas junto con sus esclavos, lo que llev\u00f3 a una econom\u00eda basada en las plantaciones. Despu\u00e9s de que Gran Breta\u00f1a prohibiera el comercio de esclavos en 1807, la Royal Navy llev\u00f3 muchos de los nuevos esclavos ilegales africanos a las Bahamas durante el siglo XIX. Cientos de esclavos escaparon de las islas hacia Florida, y cerca de 500 fueron liberados desde barcos mercantes norteamericanos. La esclavitud qued\u00f3 abolida en las Bahamas en 1834. A\u00fan hoy gran parte de la poblaci\u00f3n es descendiente de estos esclavos liberados. Las Bahamas alcanzaron su independencia como Monarqu\u00eda en la Mancomunidad de Naciones en 1973.<\/p>\n<p>En t\u00e9rminos de renta per c\u00e1pita, las Bahamas es uno de los pa\u00edses m\u00e1s ricos de Am\u00e9rica (por detr\u00e1s de Estados Unidos y Canad\u00e1)<\/p>\n<h3><\/h3>\n<h3><div class=\"templatera_shortcode\"><div class=\"vc_row wpb_row vc_row-fluid\"><div class=\"wpb_column vc_column_container vc_col-sm-12\"><div class=\"vc_column-inner \"><div class=\"wpb_wrapper\"><div class=\"vc_empty_space\"   style=\"height: 32px\" ><span class=\"vc_empty_space_inner\"><\/span><\/div>\n<\/div><\/div><\/div><\/div><div class=\"vc_row wpb_row vc_row-fluid wrapper-weekly-special vc_custom_1458941606091 vc_row-has-fill\"><div class=\"wpb_column vc_column_container vc_col-sm-4\"><div class=\"vc_column-inner vc_custom_1458926234837\"><div class=\"wpb_wrapper\"><div class=\"vc_row wpb_row vc_inner vc_row-fluid vc_custom_1457563191918 vc_row-has-fill\"><div class=\"wpb_column vc_column_container vc_col-sm-12\"><div class=\"vc_column-inner vc_custom_1458926007122\"><div class=\"wpb_wrapper\">\n\t<div  class=\"wpb_single_image wpb_content_element vc_align_left  vc_custom_1458926015972  week-special-background\">\n\t\t\n\t\t<figure class=\"wpb_wrapper vc_figure\">\n\t\t\t<div class=\"vc_single_image-wrapper   vc_box_border_grey\"><img class=\"vc_single_image-img \" src=\"https:\/\/somosorlando.com\/wp-content\/uploads\/2015\/11\/backgroundORL-06-400x250.png\" width=\"400\" height=\"250\" alt=\"backgroundORL-06\" title=\"backgroundORL-06\" \/><\/div>\n\t\t<\/figure>\n\t<\/div>\n<\/div><\/div><\/div><\/div><\/div><\/div><\/div><div class=\"wpb_column vc_column_container vc_col-sm-8\"><div class=\"vc_column-inner \"><div class=\"wpb_wrapper\"><div class=\"vc_row wpb_row vc_inner vc_row-fluid block-header vc_custom_1458936350673 vc_row-has-fill\"><div class=\"wpb_column vc_column_container vc_col-sm-8\"><div class=\"vc_column-inner \"><div class=\"wpb_wrapper\"><h1 style=\"line-height: 1em;text-align: center;font-family:Raleway;font-weight:700;font-style:normal\" class=\"vc_custom_heading\" >OFERTA - ORLANDO<\/h1><\/div><\/div><\/div><div class=\"wpb_column vc_column_container vc_col-sm-4\"><div class=\"vc_column-inner \"><div class=\"wpb_wrapper\"><h5 style=\"line-height: 1em;text-align: right;font-family:Raleway;font-weight:400;font-style:normal\" class=\"vc_custom_heading\" >PRECIO<\/h5><h4 style=\"color: #e8a635;line-height: 1em;text-align: right;font-family:Raleway;font-weight:700;font-style:normal\" class=\"vc_custom_heading\" >$1399 \/ Family<\/h4><\/div><\/div><\/div><\/div><div class=\"vc_row wpb_row vc_inner vc_row-fluid block-footer vc_custom_1457563009434\"><div class=\"wpb_column vc_column_container vc_col-sm-3\"><div class=\"vc_column-inner \"><div class=\"wpb_wrapper\"><div class=\"ts-list-item  icon-font-deal  \"  style=\"margin-top: 0px; margin-bottom: 10px; text-align:left;font-size:15px;line-height:15px;color: #000000;\" data-viewport=\"\" data-delay=\"0\" data-animation=\"\" data-opacity=\"1\"><i class=\"ts-list-item-icon ts-font-icon typcn typcn-location \" style=\"color: #7dbd21; width: 30px; height: 30px; font-size: 30px; line-height: 30px;\"><\/i><div class=\"ts-list-item-content \"  style=\"color: #000000; padding-left: 10px;\">5 D\u00edas en Orlando<\/div><\/div><\/div><\/div><\/div><div class=\"wpb_column vc_column_container vc_col-sm-3\"><div class=\"vc_column-inner \"><div class=\"wpb_wrapper\"><div class=\"ts-list-item  icon-font-deal  \"  style=\"margin-top: 0px; margin-bottom: 10px; text-align:left;font-size:15px;line-height:15px;color: #000000;\" data-viewport=\"\" data-delay=\"0\" data-animation=\"\" data-opacity=\"1\"><i class=\"ts-list-item-icon ts-font-icon typcn typcn-location \" style=\"color: #7dbd21; width: 30px; height: 30px; font-size: 30px; line-height: 30px;\"><\/i><div class=\"ts-list-item-content \"  style=\"color: #000000; padding-left: 10px;\">3 D\u00edas en Miami<\/div><\/div><\/div><\/div><\/div><div class=\"wpb_column vc_column_container vc_col-sm-3\"><div class=\"vc_column-inner \"><div class=\"wpb_wrapper\"><div class=\"ts-list-item  icon-font-deal  \"  style=\"margin-top: 0px; margin-bottom: 10px; text-align:left;font-size:15px;line-height:15px;color: #000000;\" data-viewport=\"\" data-delay=\"0\" data-animation=\"\" data-opacity=\"1\"><i class=\"ts-list-item-icon ts-font-icon ts-icomoon-gift \" style=\"color: #af25dd; width: 30px; height: 30px; font-size: 30px; line-height: 30px;\"><\/i><div class=\"ts-list-item-content \"  style=\"color: #000000; padding-left: 10px;\">$150 de Voucher<\/div><\/div><\/div><\/div><\/div><div class=\"wpb_column vc_column_container vc_col-sm-3\"><div class=\"vc_column-inner \"><div class=\"wpb_wrapper\"><div class=\"ts-list-item  icon-font-deal  \"  style=\"margin-top: 0px; margin-bottom: 10px; text-align:left;font-size:15px;line-height:15px;color: #000000;\" data-viewport=\"\" data-delay=\"0\" data-animation=\"\" data-opacity=\"1\"><i class=\"ts-list-item-icon ts-font-icon ts-mapicons-boat-tour \" style=\"color: #1e73be; width: 30px; height: 30px; font-size: 30px; line-height: 30px;\"><\/i><div class=\"ts-list-item-content \"  style=\"color: #000000; padding-left: 10px;\">Crucero hacia Las Bahamas<\/div><\/div><\/div><\/div><\/div><\/div><\/div><\/div><\/div><\/div><div class=\"vc_row wpb_row vc_row-fluid\"><div class=\"wpb_column vc_column_container vc_col-sm-12\"><div class=\"vc_column-inner \"><div class=\"wpb_wrapper\"><div class=\"vc_empty_space\"   style=\"height: 32px\" ><span class=\"vc_empty_space_inner\"><\/span><\/div>\n<\/div><\/div><\/div><\/div>\n<\/div><\/h3>\n<h3><\/h3>\n<h3>Nombre Bahamas<\/h3>\n<p>Inicialmente el archipi\u00e9lago recibi\u00f3 por parte de los espa\u00f1oles el nombre de la poblaci\u00f3n ep\u00f3nima de los lucayos, siendo as\u00ed llamado islas Lucayas. Los primeros habitantes de las islas Lucayas tambi\u00e9n son conocidos como los indios Arawak, que se cree que fueron los primeros pobladores de la isla. Se considera que el nombre de \u00abBahamas\u00bb proviene de una deformaci\u00f3n de las palabras del espa\u00f1ol bajamar, ya que gran parte de los islotes de este archipi\u00e9lago solo son avistables durante la marea baja o bajamar.<\/p>\n<h3>Geograf\u00eda<\/h3>\n<p>Las Bahamas son un grupo de cerca de setecientas islas y cayos que se hallan en el oc\u00e9ano Atl\u00e1ntico occidental frente a las costas de la Florida. Andros es la isla m\u00e1s grande, situada a unos 230 km al sudeste de la Florida. Las islas Bimini est\u00e1n al noroeste. Al norte se sit\u00faa la isla de Gran Bahama, donde se encuentra la segunda ciudad m\u00e1s grande del pa\u00eds, Freeport. La isla de Gran Abaco est\u00e1 al lado, al este. La segunda isla m\u00e1s grande, Gran Inagua, est\u00e1 en la parte meridional. Otras islas importantes son Eleuthera, Cat, San Salvador, Acklins, Crooked y Mayaguana. Nassau es la capital y la ciudad m\u00e1s grande, localizada en Nueva Providencia. La mayor parte del pa\u00eds es plano aunque las islas tienen una costa muy irregular. El punto m\u00e1s alto del pa\u00eds es el monte Alvernia, de 63 metros de altura sobre el nivel del mar, situado en la isla de Alvernia.<\/p>\n<h3>Clima<\/h3>\n<p>Las Bahamas tienen un clima entre tropical y subtropical, moderado por el influjo de las aguas de la corriente del Golfo, sobre todo en el invierno. Estas islas, como todas las Antillas, sufren el azote de los huracanes, cuya temporada dura desde finales del verano hasta \u00faltimos del oto\u00f1o. El hurac\u00e1n Andrew golpe\u00f3 las islas septentrionales en 1992, el Floyd a casi todas en 1999, y el Franc\u00e9s, en 2004.<\/p>\n<h3>Cultura<\/h3>\n<p>En las islas perif\u00e9ricas menos desarrolladas, las artesan\u00edas incluyen cester\u00eda hecha de hojas de palma. Este material, com\u00fanmente llamada \u00abpaja\u00bb, es plegada en forma de sombreros y bolsas que son los elementos tur\u00edsticos m\u00e1s populares. Otro uso es para los llamados \u00abmu\u00f1ecos vud\u00fa\u00bb, a pesar de que las mu\u00f1ecas son el resultado de la imaginaci\u00f3n americana y no se basa en hechos hist\u00f3ricos.<\/p>\n<p>Aunque no es practicada por los bahameses nativos, una forma de magia popular obeah derivada del \u00c1frica occidental, se practica en algunas islas de la familia (fuera de las islas) de las Bahamas debido a la migraci\u00f3n haitiana. Sin embargo, la pr\u00e1ctica de la obeah en las Bahamas es ilegal y, por lo tanto, perseguida y penada por la ley.<\/p>\n<p>Junkanoo es un desfile tradicional de la calle africanos de la m\u00fasica, la danza y el arte, celebrada en Nassau (y algunos otros asentamientos) cada d\u00eda de Navidad, A\u00f1o Nuevo. Junkanoo tambi\u00e9n se utiliza para celebrar otras fiestas y eventos como D\u00eda de la Emancipaci\u00f3n.<\/p>\n<p>Regatas son importantes eventos sociales en muchos asentamientos de familias isla. Por lo general, disponen de uno o m\u00e1s d\u00edas de navegaci\u00f3n por botes de trabajo a la antigua, as\u00ed como un festival en tierra.<\/p>\n<p>Algunos asentamientos tienen festivales relacionados con el cultivo tradicional o alimentos de ese \u00e1mbito, tales como el Festival de \u00abPi\u00f1a\u00bb en Gregory Town, Eleuthera, o el Festival de \u00abCangrejo\u00bb en Andros. Otras tradiciones importantes son cuentos.<\/p>\n\n\t\t<\/div>\n\t<\/div>\n<\/div><\/div><\/div><div class=\"wpb_column vc_column_container vc_col-sm-4\"><div class=\"vc_column-inner \"><div class=\"wpb_wrapper\"><h2 style=\"text-align: center\" class=\"vc_custom_heading\" >\u00bfPor qu\u00e9 Bahamas?<\/h2><div class=\"vc_row wpb_row vc_inner vc_row-fluid\"><div class=\"wpb_column vc_column_container vc_col-sm-4\"><div class=\"vc_column-inner \"><div class=\"wpb_wrapper\"><div id=\"ultimate-heading-60369ea541920f48\" class=\"uvc-heading ult-adjust-bottom-margin ultimate-heading-60369ea541920f48 uvc-2269 fact\" data-hspacer=\"icon_only\"  data-halign=\"center\" style=\"text-align:center\"><div class=\"uvc-heading-spacer icon_only\" style=\"margin-bottom:10px;\"><div class=\"ult-just-icon-wrapper  \"><div class=\"align-icon\" style=\"text-align:center;\">\n<div class=\"aio-icon-img \" style=\"font-size:48px;display:inline-block;\" >\n\t<img class=\"img-icon\" alt=\"\" src=\"https:\/\/somosorlando.com\/wp-content\/uploads\/2015\/02\/icon-box-02-1.png\"\/>\n<\/div><\/div><\/div><\/div><div class=\"uvc-main-heading ult-responsive\"  data-ultimate-target='.uvc-heading.ultimate-heading-60369ea541920f48 h4'  data-responsive-json-new='{\"font-size\":\"\",\"line-height\":\"\"}' ><h4 style=\"font-weight:normal;margin-top:10px;margin-bottom:10px;\">Alojamientos<\/h4><\/div><\/div><\/div><\/div><\/div><div class=\"wpb_column vc_column_container vc_col-sm-4\"><div class=\"vc_column-inner \"><div class=\"wpb_wrapper\"><div id=\"ultimate-heading-224269ea541921b45\" class=\"uvc-heading ult-adjust-bottom-margin ultimate-heading-224269ea541921b45 uvc-3412 fact\" data-hspacer=\"icon_only\"  data-halign=\"center\" style=\"text-align:center\"><div class=\"uvc-heading-spacer icon_only\" style=\"margin-bottom:10px;\"><div class=\"ult-just-icon-wrapper  \"><div class=\"align-icon\" style=\"text-align:center;\">\n<div class=\"aio-icon-img \" style=\"font-size:52px;display:inline-block;\" >\n\t<img class=\"img-icon\" alt=\"\" src=\"https:\/\/somosorlando.com\/wp-content\/uploads\/2015\/02\/sep-element-02-1-01.png\"\/>\n<\/div><\/div><\/div><\/div><div class=\"uvc-main-heading ult-responsive\"  data-ultimate-target='.uvc-heading.ultimate-heading-224269ea541921b45 h4'  data-responsive-json-new='{\"font-size\":\"\",\"line-height\":\"\"}' ><h4 style=\"font-weight:normal;margin-top:10px;margin-bottom:10px;\">Actividades<\/h4><\/div><\/div><\/div><\/div><\/div><div class=\"wpb_column vc_column_container vc_col-sm-4\"><div class=\"vc_column-inner \"><div class=\"wpb_wrapper\"><div id=\"ultimate-heading-557369ea54192272f\" class=\"uvc-heading ult-adjust-bottom-margin ultimate-heading-557369ea54192272f uvc-2484 fact\" data-hspacer=\"icon_only\"  data-halign=\"center\" style=\"text-align:center\"><div class=\"uvc-heading-spacer icon_only\" style=\"margin-bottom:10px;\"><div class=\"ult-just-icon-wrapper  \"><div class=\"align-icon\" style=\"text-align:center;\">\n<div class=\"aio-icon-img \" style=\"font-size:52px;display:inline-block;\" >\n\t<img class=\"img-icon\" alt=\"\" src=\"https:\/\/somosorlando.com\/wp-content\/uploads\/2015\/02\/icon-header-08-2-1.png\"\/>\n<\/div><\/div><\/div><\/div><div class=\"uvc-main-heading ult-responsive\"  data-ultimate-target='.uvc-heading.ultimate-heading-557369ea54192272f h4'  data-responsive-json-new='{\"font-size\":\"\",\"line-height\":\"\"}' ><h4 style=\"font-weight:normal;margin-top:10px;margin-bottom:10px;\">Transporte<\/h4><\/div><\/div><\/div><\/div><\/div><\/div>\n\t<div class=\"wpb_text_column wpb_content_element \" >\n\t\t<div class=\"wpb_wrapper\">\n\t\t\t<p>En Las Bahamas, cada d\u00eda es emocionante y cuando usted est\u00e9 listo para una buena noche de sue\u00f1o. Hay una gran variedad de alojamientos para elegir, sin importar su presupuesto o preferencia.<\/p>\n<p>Cuando se trata de explorar la naturaleza, Las Bahamas tiene mucho que ofrecer. Anfitri\u00f3n de algunos de los fen\u00f3menos naturales m\u00e1s interesantes, ex\u00f3ticos y misteriosos del planeta.<\/p>\n<p>Los Shuttles est\u00e1n disponibles para moverse por sus diferentes destinos.<\/p>\n\n\t\t<\/div>\n\t<\/div>\n<div id=\"ultimate-heading-197669ea541922bf2\" class=\"uvc-heading ult-adjust-bottom-margin ultimate-heading-197669ea541922bf2 uvc-503 \" data-hspacer=\"no_spacer\"  data-halign=\"center\" style=\"text-align:center\"><div class=\"uvc-heading-spacer no_spacer\" style=\"top\"><\/div><div class=\"uvc-main-heading ult-responsive\"  data-ultimate-target='.uvc-heading.ultimate-heading-197669ea541922bf2 h2'  data-responsive-json-new='{\"font-size\":\"\",\"line-height\":\"\"}' ><h2 style=\"font-weight:normal;margin-top:15px;\">Oferta de Hoy<\/h2><\/div><div class=\"uvc-sub-heading ult-responsive\"  data-ultimate-target='.uvc-heading.ultimate-heading-197669ea541922bf2 .uvc-sub-heading '  data-responsive-json-new='{\"font-size\":\"\",\"line-height\":\"\"}'  style=\"font-weight:normal;margin-bottom:10px;\">Disponibilidad Limitada<\/div><\/div><div class=\"vc_separator wpb_content_element vc_separator_align_center vc_sep_width_100 vc_sep_pos_align_center vc_separator_no_text vc_sep_color_grey\" ><span class=\"vc_sep_holder vc_sep_holder_l\"><span  class=\"vc_sep_line\"><\/span><\/span><span class=\"vc_sep_holder vc_sep_holder_r\"><span  class=\"vc_sep_line\"><\/span><\/span>\n<\/div><div class=\"vc_row wpb_row vc_inner vc_row-fluid\"><div class=\"wpb_column vc_column_container vc_col-sm-12\"><div class=\"vc_column-inner \"><div class=\"wpb_wrapper\">\n\t<div class=\"wpb_text_column wpb_content_element \" >\n\t\t<div class=\"wpb_wrapper\">\n\t\t\t<p>Las Ofertas varian dependiendo de la Temporada.<\/p>\n\n\t\t<\/div>\n\t<\/div>\n<\/div><\/div><\/div><\/div><\/div><\/div><\/div><\/div>\n","protected":false},"excerpt":{"rendered":"Las Bahamas, oficialmente la Mancomunidad de las Bahamas, es un pa\u00eds en Am\u00e9rica, constituido por m\u00e1s de setecientas islas (de las cuales, 24 est\u00e1n habitadas y m\u00e1s de 600 deshabitadas), cayos e islotes en el Oc\u00e9ano Atl\u00e1ntico; al norte de Cuba y Rep\u00fablica Dominicana, noroeste de Islas Turcas y Caicos, al sureste del estado estadounidense de Florida y al este de los Cayos de la Florida. Su capital es Nassau situada en la isla de New Providence. Geogr\u00e1ficamente las Bahamas forman junto con las Islas Turcas y Caicos el Archipi\u00e9lago de las Lucayas, tambi\u00e9n denominado por extensi\u00f3n Bahamas. Por manifiesto [...]","protected":false},"author":1,"featured_media":0,"parent":2139,"menu_order":3,"comment_status":"open","ping_status":"closed","template":"template-full-width-tb.php","meta":[],"_links":{"self":[{"href":"https:\/\/somosorlando.com\/es\/wp-json\/wp\/v2\/pages\/3256"}],"collection":[{"href":"https:\/\/somosorlando.com\/es\/wp-json\/wp\/v2\/pages"}],"about":[{"href":"https:\/\/somosorlando.com\/es\/wp-json\/wp\/v2\/types\/page"}],"author":[{"embeddable":true,"href":"https:\/\/somosorlando.com\/es\/wp-json\/wp\/v2\/users\/1"}],"replies":[{"embeddable":true,"href":"https:\/\/somosorlando.com\/es\/wp-json\/wp\/v2\/comments?post=3256"}],"version-history":[{"count":17,"href":"https:\/\/somosorlando.com\/es\/wp-json\/wp\/v2\/pages\/3256\/revisions"}],"predecessor-version":[{"id":17689,"href":"https:\/\/somosorlando.com\/es\/wp-json\/wp\/v2\/pages\/3256\/revisions\/17689"}],"up":[{"embeddable":true,"href":"https:\/\/somosorlando.com\/es\/wp-json\/wp\/v2\/pages\/2139"}],"wp:attachment":[{"href":"https:\/\/somosorlando.com\/es\/wp-json\/wp\/v2\/media?parent=3256"}],"curies":[{"name":"wp","href":"https:\/\/api.w.org\/{rel}","templated":true}]}}