{"id":3259,"date":"2015-02-20T11:08:13","date_gmt":"2015-02-20T16:08:13","guid":{"rendered":"http:\/\/visitaorlandoflorida.info\/destinos\/cancun-mexico\/"},"modified":"2016-04-14T17:26:11","modified_gmt":"2016-04-14T21:26:11","slug":"cancun-mexico","status":"publish","type":"page","link":"https:\/\/somosorlando.com\/es\/destinations\/cancun-mexico\/","title":{"rendered":"Cancun, Mexico"},"content":{"rendered":"<div class=\"vc_row wpb_row vc_row-fluid\"><div class=\"wpb_column vc_column_container vc_col-sm-12\"><div class=\"vc_column-inner \"><div class=\"wpb_wrapper\"><div class=\"vc_empty_space\"   style=\"height: 2em\" ><span class=\"vc_empty_space_inner\"><\/span><\/div>\n<\/div><\/div><\/div><\/div><div class=\"vc_row wpb_row vc_row-fluid\"><div class=\"wpb_column vc_column_container vc_col-sm-8\"><div class=\"vc_column-inner \"><div class=\"wpb_wrapper\">\n\t<div class=\"wpb_text_column wpb_content_element \" >\n\t\t<div class=\"wpb_wrapper\">\n\t\t\t<h2><\/h2>\n<p>Usted nunca va a terminar con todas las cosas que se pueden hacer durante sus vacaciones en Canc\u00fan y la Riviera Maya. Usted puede disfrutar de una amplia gama de deportes acu\u00e1ticos, los desaf\u00edos en campos de golf, llevar a la familia a uno de nuestros mundialmente famosos parques ecol\u00f3gicos, o simplemente descansar y dejarse mimar en uno de nuestros lujosos spas. Lleve a su familia a bucear, y descubra las maravillas del Mar Caribe. Para aquellos de ustedes que buscan casarse en un lugar rom\u00e1ntico y est\u00e1n planeando la mejor boda, Canc\u00fan es su lugar, usted no necesita mirar m\u00e1s all\u00e1.<\/p>\n<p>Canc\u00fan tiene la distinci\u00f3n de ser el primer destino del Caribe con infraestructura, instalaciones modernas y la filosof\u00eda de servicio de los mejores destinos de todo el mundo. A diferencia de muchas otras partes del Caribe y M\u00e9xico, Canc\u00fan fue construido para el turismo, y sigue cumpliendo con las necesidades de sus m\u00e1s de 3,3 millones de visitantes anuales. Canc\u00fan ofrece a los viajeros lo mejor de lo mejor. M\u00e9xico y el Caribe; moderna y antigua; llena de acci\u00f3n y relajante. Canc\u00fan es inigualable en su capacidad de ofrecer los tesoros culturales, la belleza natural, actividades infinitas y comodidades al estilo norteamericano.<\/p>\n<p>Canc\u00fan, es una ciudad en el estado de Quintana Roo, siendo cabecera del municipio de Benito Ju\u00e1rez, se ubica en el oriente de M\u00e9xico, a m\u00e1s de 1,700 km de la Ciudad de M\u00e9xico.<\/p>\n<p>Canc\u00fan se encuentra dividido en cinco zonas, Isla Canc\u00fan es la primera y m\u00e1s importante Zona Hotelera, donde se concentra la mayor parte de las playas y actividades tur\u00edsticas, la Zona Urbana donde habita el grueso de la poblaci\u00f3n, Puerto Ju\u00e1rez es la tercera zona, encontramos dos muelles principales para embarcarse y cruzar a Isla Mujeres, ubicada a tan s\u00f3lo 7 km frente al puerto, Franja Ejidal es una zona de asentamientos distribuidos de forma irregular en la parte norte de la ciudad, en los l\u00edmites municipales de Isla Mujeres y Alfredo Bonfil.<\/p>\n<h3><div class=\"templatera_shortcode\"><div class=\"vc_row wpb_row vc_row-fluid\"><div class=\"wpb_column vc_column_container vc_col-sm-12\"><div class=\"vc_column-inner \"><div class=\"wpb_wrapper\"><div class=\"vc_empty_space\"   style=\"height: 32px\" ><span class=\"vc_empty_space_inner\"><\/span><\/div>\n<\/div><\/div><\/div><\/div><div class=\"vc_row wpb_row vc_row-fluid wrapper-weekly-special vc_custom_1458941606091 vc_row-has-fill\"><div class=\"wpb_column vc_column_container vc_col-sm-4\"><div class=\"vc_column-inner vc_custom_1458926234837\"><div class=\"wpb_wrapper\"><div class=\"vc_row wpb_row vc_inner vc_row-fluid vc_custom_1457563191918 vc_row-has-fill\"><div class=\"wpb_column vc_column_container vc_col-sm-12\"><div class=\"vc_column-inner vc_custom_1458926007122\"><div class=\"wpb_wrapper\">\n\t<div  class=\"wpb_single_image wpb_content_element vc_align_left  vc_custom_1458926015972  week-special-background\">\n\t\t\n\t\t<figure class=\"wpb_wrapper vc_figure\">\n\t\t\t<div class=\"vc_single_image-wrapper   vc_box_border_grey\"><img class=\"vc_single_image-img \" src=\"https:\/\/somosorlando.com\/wp-content\/uploads\/2015\/11\/backgroundORL-06-400x250.png\" width=\"400\" height=\"250\" alt=\"backgroundORL-06\" title=\"backgroundORL-06\" \/><\/div>\n\t\t<\/figure>\n\t<\/div>\n<\/div><\/div><\/div><\/div><\/div><\/div><\/div><div class=\"wpb_column vc_column_container vc_col-sm-8\"><div class=\"vc_column-inner \"><div class=\"wpb_wrapper\"><div class=\"vc_row wpb_row vc_inner vc_row-fluid block-header vc_custom_1458936350673 vc_row-has-fill\"><div class=\"wpb_column vc_column_container vc_col-sm-8\"><div class=\"vc_column-inner \"><div class=\"wpb_wrapper\"><h1 style=\"line-height: 1em;text-align: center;font-family:Raleway;font-weight:700;font-style:normal\" class=\"vc_custom_heading\" >OFERTA - ORLANDO<\/h1><\/div><\/div><\/div><div class=\"wpb_column vc_column_container vc_col-sm-4\"><div class=\"vc_column-inner \"><div class=\"wpb_wrapper\"><h5 style=\"line-height: 1em;text-align: right;font-family:Raleway;font-weight:400;font-style:normal\" class=\"vc_custom_heading\" >PRECIO<\/h5><h4 style=\"color: #e8a635;line-height: 1em;text-align: right;font-family:Raleway;font-weight:700;font-style:normal\" class=\"vc_custom_heading\" >$1399 \/ Family<\/h4><\/div><\/div><\/div><\/div><div class=\"vc_row wpb_row vc_inner vc_row-fluid block-footer vc_custom_1457563009434\"><div class=\"wpb_column vc_column_container vc_col-sm-3\"><div class=\"vc_column-inner \"><div class=\"wpb_wrapper\"><div class=\"ts-list-item  icon-font-deal  \"  style=\"margin-top: 0px; margin-bottom: 10px; text-align:left;font-size:15px;line-height:15px;color: #000000;\" data-viewport=\"\" data-delay=\"0\" data-animation=\"\" data-opacity=\"1\"><i class=\"ts-list-item-icon ts-font-icon typcn typcn-location \" style=\"color: #7dbd21; width: 30px; height: 30px; font-size: 30px; line-height: 30px;\"><\/i><div class=\"ts-list-item-content \"  style=\"color: #000000; padding-left: 10px;\">5 D\u00edas en Orlando<\/div><\/div><\/div><\/div><\/div><div class=\"wpb_column vc_column_container vc_col-sm-3\"><div class=\"vc_column-inner \"><div class=\"wpb_wrapper\"><div class=\"ts-list-item  icon-font-deal  \"  style=\"margin-top: 0px; margin-bottom: 10px; text-align:left;font-size:15px;line-height:15px;color: #000000;\" data-viewport=\"\" data-delay=\"0\" data-animation=\"\" data-opacity=\"1\"><i class=\"ts-list-item-icon ts-font-icon typcn typcn-location \" style=\"color: #7dbd21; width: 30px; height: 30px; font-size: 30px; line-height: 30px;\"><\/i><div class=\"ts-list-item-content \"  style=\"color: #000000; padding-left: 10px;\">3 D\u00edas en Miami<\/div><\/div><\/div><\/div><\/div><div class=\"wpb_column vc_column_container vc_col-sm-3\"><div class=\"vc_column-inner \"><div class=\"wpb_wrapper\"><div class=\"ts-list-item  icon-font-deal  \"  style=\"margin-top: 0px; margin-bottom: 10px; text-align:left;font-size:15px;line-height:15px;color: #000000;\" data-viewport=\"\" data-delay=\"0\" data-animation=\"\" data-opacity=\"1\"><i class=\"ts-list-item-icon ts-font-icon ts-icomoon-gift \" style=\"color: #af25dd; width: 30px; height: 30px; font-size: 30px; line-height: 30px;\"><\/i><div class=\"ts-list-item-content \"  style=\"color: #000000; padding-left: 10px;\">$150 de Voucher<\/div><\/div><\/div><\/div><\/div><div class=\"wpb_column vc_column_container vc_col-sm-3\"><div class=\"vc_column-inner \"><div class=\"wpb_wrapper\"><div class=\"ts-list-item  icon-font-deal  \"  style=\"margin-top: 0px; margin-bottom: 10px; text-align:left;font-size:15px;line-height:15px;color: #000000;\" data-viewport=\"\" data-delay=\"0\" data-animation=\"\" data-opacity=\"1\"><i class=\"ts-list-item-icon ts-font-icon ts-mapicons-boat-tour \" style=\"color: #1e73be; width: 30px; height: 30px; font-size: 30px; line-height: 30px;\"><\/i><div class=\"ts-list-item-content \"  style=\"color: #000000; padding-left: 10px;\">Crucero hacia Las Bahamas<\/div><\/div><\/div><\/div><\/div><\/div><\/div><\/div><\/div><\/div><div class=\"vc_row wpb_row vc_row-fluid\"><div class=\"wpb_column vc_column_container vc_col-sm-12\"><div class=\"vc_column-inner \"><div class=\"wpb_wrapper\"><div class=\"vc_empty_space\"   style=\"height: 32px\" ><span class=\"vc_empty_space_inner\"><\/span><\/div>\n<\/div><\/div><\/div><\/div>\n<\/div><\/h3>\n<h3>Geograf\u00eda<\/h3>\n<p>Cuenta con una zona metropolitana de m\u00e1s de 676.000 habitantes (seg\u00fan datos del Censo de Poblaci\u00f3n y Vivienda de 2010). Sus coordenadas geogr\u00e1ficas son 21\u00b009\u203238\u2033N 86\u00b050\u203251\u2033O, y su altitud va desde 1 a 8 msnm, debido a una pendiente que crece de este a oeste, paralela a toda la ciudad. Se ubica a una distancia de unos 370 km de la capital del estado de Quintana Roo \u2014Chetumal\u2014, a 70 km de Playa del Carmen; y colinda hacia el este con el mar Caribe, al norte con el municipio de Isla Mujeres, al oeste con el municipio de L\u00e1zaro C\u00e1rdenas, y al sur con el municipio de Solidaridad. La extensi\u00f3n del municipio de Benito Ju\u00e1rez es de 1.664 km\u00b2 y cuenta con 22 km de costa.<\/p>\n<p>Canc\u00fan se encuentra ubicada al noreste de la pen\u00ednsula de Yucat\u00e1n, y por la costa se puede observar claramente Isla Mujeres, posicionada al este, a 7 km de distancia en la llamada Bah\u00eda de Mujeres, zona que cruzan diversos barcos y lanchas que transportan todo el d\u00eda a los pobladores de la isla hacia la parte continental.<\/p>\n<h3>Zona urbana<\/h3>\n<p>La segunda es el centro de la ciudad, la zona urbana donde habita el grueso de la poblaci\u00f3n cancunense y se encuentra dividido en colonias, fraccionamientos, supermanzanas o regiones, zonas regulares perfectamente delimitadas por calles y avenidas pavimentadas, que cuentan con los servicios b\u00e1sicos de electricidad, agua potable, servicio telef\u00f3nico y drenaje. Aqu\u00ed se localizan la mayor parte de las instituciones pol\u00edticas, educativas, culturales y de servicios de la ciudad.<\/p>\n<p>La tercera zona, llamada anteriormente Tamtamchen, encontramos dos muelles principales para embarcarse y cruzar a Isla Mujeres, ubicada a tan s\u00f3lo 7 km frente al puerto, el cual est\u00e1 dedicado en su mayor parte a la pesca. Cuenta con una congeladora principal y restaurantes donde se puede disfrutar de pescado y mariscos frescos. Puerto Ju\u00e1rez est\u00e1 subdividido en tres pol\u00edgonos (\u00e1reas urbanas delimitadas por el gobierno municipal): la supermanzana 86, que alberga el fraccionamiento Villas Playa Blanca y llega hasta las ruinas de El Meco, justo en el l\u00edmite con el municipio de Isla Mujeres.<\/p>\n<p>Frente a dicha demarcaci\u00f3n se encuentra playa Del Ni\u00f1o, una de las 10 playas p\u00fablicas de Canc\u00fan. Los otros dos pol\u00edgonos, las supermanzanas 84 y 85 albergan a la mayor parte de la poblaci\u00f3n, que actualmente se estima en 4.500 habitantes. En ellas habitan pescadores y algunos trabajadores, la mayor\u00eda de los cuales viven en palapas situadas a un costado de terracer\u00edas. Esa zona tambi\u00e9n deja entrever una infinidad de locales comerciales que tuvieron su auge hasta la d\u00e9cada de los 80, y que hoy est\u00e1n completamente abandonados.<\/p>\n<p>Incluso, durante la d\u00e9cada de los 80 el gobierno municipal mand\u00f3 construir unas arcadas en ambos costados de la avenida principal para resaltar la imagen urbana.9 Su actual abandono urbano y social hace que tanto locales como visitantes usen este puerto s\u00f3lo para trasladarse a Isla Mujeres o comer en alguno de sus restaurantes.<\/p>\n<h4>Franja Ejidal<\/h4>\n<p>Zona de asentamientos distribuidos de forma irregular en la parte norte de la ciudad, en los l\u00edmites municipales de Isla Mujeres. Lo conforman terrenos irregulares ocupados por la parte m\u00e1s pobre de la poblaci\u00f3n, en su mayor\u00eda inmigrantes de otros estados de la rep\u00fablica. Actualmente algunas zonas de la franja ejidal se est\u00e1n regularizando poco a poco con ayuda del gobierno, aunque debido al crecimiento de Canc\u00fan, cada vez se aumenta el tama\u00f1o de la zona ejidal.<\/p>\n<h4>Alfredo V. Bonfil<\/h4>\n<p>La quinta zona, es una de las tres delegaciones del municipio Benito Ju\u00e1rez, el ejido Alfredo V. Bonfil, una poblaci\u00f3n que naci\u00f3 originalmente de colonos originarios del norte del pa\u00eds, con la misi\u00f3n de contribuir al aumento demogr\u00e1fico de Quintana Roo para alcanzar la categor\u00eda de estado libre y soberano en 1974. Se ubica a 8 km del centro de Canc\u00fan, sobre la carretera federal 307 que va al aeropuerto internacional y a la Riviera Maya.<\/p>\n<h3>Clima<\/h3>\n<p>Canc\u00fan est\u00e1 situado en la costa oriental del continente, por lo que recibe la influencia de corrientes marinas calientes, principalmente la corriente del golfo de M\u00e9xico, que propicia un clima c\u00e1lido y lluvioso.<\/p>\n<p>El clima predominante del municipio Benito Ju\u00e1rez se incluye dentro del grupo A, del tipo Aw, que es c\u00e1lido subh\u00famedo, con lluvias todo el a\u00f1o, aunque m\u00e1s abundantes en verano.<\/p>\n<p>La temperatura media anual oscila entre 25.5 grados cent\u00edgrados. El total anual de las lluvias oscila entre los 1.000 y 1.300 mil\u00edmetros. Predominan los vientos del este y sureste; durante el verano la zona se ve afectada por tormentas tropicales y ciclones. La temporada de huracanes comienza a mediados de junio; los meses m\u00e1s afectados son septiembre y octubre.<\/p>\n<h3>Aeropuerto Internacional de Canc\u00fan<\/h3>\n<p>El Aeropuerto Internacional de Canc\u00fan es el segundo en tama\u00f1o, y el que m\u00e1s tr\u00e1fico internacional recibe en M\u00e9xico. Recibi\u00f3 en 2004 a m\u00e1s de 10 millones de personas, en 2005 a 9 millones, en 2011 a 13 millones de personas y en 2013 atrajo a m\u00e1s de 15 millones de personas siendo el m\u00e1s transitado del estado y el m\u00e1s importante para el grupo Aeroportuario del Sureste (ASUR).<\/p>\n\n\t\t<\/div>\n\t<\/div>\n<\/div><\/div><\/div><div class=\"wpb_column vc_column_container vc_col-sm-4\"><div class=\"vc_column-inner \"><div class=\"wpb_wrapper\"><h2 style=\"text-align: center\" class=\"vc_custom_heading\" >\u00bfPor qu\u00e9 Canc\u00fan?<\/h2><div class=\"vc_row wpb_row vc_inner vc_row-fluid\"><div class=\"wpb_column vc_column_container vc_col-sm-4\"><div class=\"vc_column-inner \"><div class=\"wpb_wrapper\"><div id=\"ultimate-heading-159469d5d1b8bec84\" class=\"uvc-heading ult-adjust-bottom-margin ultimate-heading-159469d5d1b8bec84 uvc-8086 fact\" data-hspacer=\"icon_only\"  data-halign=\"center\" style=\"text-align:center\"><div class=\"uvc-heading-spacer icon_only\" style=\"margin-bottom:10px;\"><div class=\"ult-just-icon-wrapper  \"><div class=\"align-icon\" style=\"text-align:center;\">\n<div class=\"aio-icon-img \" style=\"font-size:48px;display:inline-block;\" >\n\t<img class=\"img-icon\" alt=\"\" src=\"https:\/\/somosorlando.com\/wp-content\/uploads\/2015\/02\/icon-box-02-1.png\"\/>\n<\/div><\/div><\/div><\/div><div class=\"uvc-main-heading ult-responsive\"  data-ultimate-target='.uvc-heading.ultimate-heading-159469d5d1b8bec84 h4'  data-responsive-json-new='{\"font-size\":\"\",\"line-height\":\"\"}' ><h4 style=\"font-weight:normal;margin-top:10px;margin-bottom:10px;\">Alojamientos<\/h4><\/div><\/div><\/div><\/div><\/div><div class=\"wpb_column vc_column_container vc_col-sm-4\"><div class=\"vc_column-inner \"><div class=\"wpb_wrapper\"><div id=\"ultimate-heading-849569d5d1b8bf7f0\" class=\"uvc-heading ult-adjust-bottom-margin ultimate-heading-849569d5d1b8bf7f0 uvc-190 fact\" data-hspacer=\"icon_only\"  data-halign=\"center\" style=\"text-align:center\"><div class=\"uvc-heading-spacer icon_only\" style=\"margin-bottom:10px;\"><div class=\"ult-just-icon-wrapper  \"><div class=\"align-icon\" style=\"text-align:center;\">\n<div class=\"aio-icon-img \" style=\"font-size:48px;display:inline-block;\" >\n\t<img class=\"img-icon\" alt=\"\" src=\"https:\/\/somosorlando.com\/wp-content\/uploads\/2015\/02\/sep-element-02-1-01.png\"\/>\n<\/div><\/div><\/div><\/div><div class=\"uvc-main-heading ult-responsive\"  data-ultimate-target='.uvc-heading.ultimate-heading-849569d5d1b8bf7f0 h4'  data-responsive-json-new='{\"font-size\":\"\",\"line-height\":\"\"}' ><h4 style=\"font-weight:normal;margin-top:10px;margin-bottom:10px;\">Actividades<\/h4><\/div><\/div><\/div><\/div><\/div><div class=\"wpb_column vc_column_container vc_col-sm-4\"><div class=\"vc_column-inner \"><div class=\"wpb_wrapper\"><div id=\"ultimate-heading-491369d5d1b8c039b\" class=\"uvc-heading ult-adjust-bottom-margin ultimate-heading-491369d5d1b8c039b uvc-6312 fact\" data-hspacer=\"icon_only\"  data-halign=\"center\" style=\"text-align:center\"><div class=\"uvc-heading-spacer icon_only\" style=\"margin-bottom:10px;\"><div class=\"ult-just-icon-wrapper  \"><div class=\"align-icon\" style=\"text-align:center;\">\n<div class=\"aio-icon-img \" style=\"font-size:48px;display:inline-block;\" >\n\t<img class=\"img-icon\" alt=\"\" src=\"https:\/\/somosorlando.com\/wp-content\/uploads\/2015\/02\/icon-header-08-2-1.png\"\/>\n<\/div><\/div><\/div><\/div><div class=\"uvc-main-heading ult-responsive\"  data-ultimate-target='.uvc-heading.ultimate-heading-491369d5d1b8c039b h4'  data-responsive-json-new='{\"font-size\":\"\",\"line-height\":\"\"}' ><h4 style=\"font-weight:normal;margin-top:10px;margin-bottom:10px;\">Transportate<\/h4><\/div><\/div><\/div><\/div><\/div><\/div><div class=\"vc_empty_space\"   style=\"height: 1.5em\" ><span class=\"vc_empty_space_inner\"><\/span><\/div>\n\n\t<div class=\"wpb_text_column wpb_content_element \" >\n\t\t<div class=\"wpb_wrapper\">\n\t\t\t<hr \/>\n<p>Usted puede elegir entre\u00a0pasar la noche en alguna playa remota del Pac\u00edfico o en un albergue en un centro de la ciudad o pueblo m\u00e1gico donde tambi\u00e9n se puede conocer a los viajeros como a ti mismo que han elegido M\u00e9xico como el lugar viven su gran aventura.<\/p>\n<p>Mar,\u00a0desierto, bosque, selva, usted podr\u00e1 disfrutar de todas las experiencias que\u00a0ofrecen una buena oportunidad de participar en todo tipo de actividades, como kayak, rafting, paracaidismo, ala delta, paseos en globo, buceo y mucho m\u00e1s.<\/p>\n<p>Autobuses, taxis y transbordadores est\u00e1n disponibles para moverse a\u00a0sus diferentes destinos.<\/p>\n\n\t\t<\/div>\n\t<\/div>\n<div id=\"ultimate-heading-610569d5d1b8c0a0d\" class=\"uvc-heading ult-adjust-bottom-margin ultimate-heading-610569d5d1b8c0a0d uvc-6324 \" data-hspacer=\"no_spacer\"  data-halign=\"center\" style=\"text-align:center\"><div class=\"uvc-heading-spacer no_spacer\" style=\"top\"><\/div><div class=\"uvc-main-heading ult-responsive\"  data-ultimate-target='.uvc-heading.ultimate-heading-610569d5d1b8c0a0d h2'  data-responsive-json-new='{\"font-size\":\"\",\"line-height\":\"\"}' ><h2 style=\"font-weight:normal;margin-top:15px;\">Ofertas de Hoy<\/h2><\/div><div class=\"uvc-sub-heading ult-responsive\"  data-ultimate-target='.uvc-heading.ultimate-heading-610569d5d1b8c0a0d .uvc-sub-heading '  data-responsive-json-new='{\"font-size\":\"\",\"line-height\":\"\"}'  style=\"font-weight:normal;margin-bottom:10px;\">Cupos Limitados<\/div><\/div><div class=\"vc_separator wpb_content_element vc_separator_align_center vc_sep_width_100 vc_sep_pos_align_center vc_separator_no_text vc_sep_color_grey\" ><span class=\"vc_sep_holder vc_sep_holder_l\"><span  class=\"vc_sep_line\"><\/span><\/span><span class=\"vc_sep_holder vc_sep_holder_r\"><span  class=\"vc_sep_line\"><\/span><\/span>\n<\/div><div id=\"ts-vcsc-image-hover-4978154\" class=\"ts-image-hover-frame ts-imagefloat-center  destinations-page-hover  ts-trigger-hover-adjust\"  style=\"width: 100%; margin-top: 0px; margin-bottom: 0px;\"><div id=\"ts-vcsc-image-hover-4978154-counter\" class=\"ts-fluid-wrapper \" style=\"width: 100%; height: auto;\"><div id=\"ts-vcsc-image-hover-4978154-mask\" class=\"ts-imagehover ts-imagehover-static ts-imagehover-style1 ts-trigger-hover \" data-trigger=\"ts-trigger-hover\" data-closer=\"ts-vcsc-image-hover-4978154-closer\" style=\"width: 100%; height: auto; \"><img src=\"https:\/\/somosorlando.com\/wp-content\/uploads\/2015\/02\/ramada-display1.png\" data-no-lazy=\"1\" alt=\"ramada-display1\" style=\"width: 100%; height: auto;\"\/><div class=\"mask\" style=\" width: 100%; height: 100%; display: block;\"><h2 class=\"ts-image-hover-title\" style=\"   \">Laguna Suites<\/h2><div id=\"ts-vcsc-image-hover-4978154-maskcontent\" class=\"maskcontent\" style=\" \">Localizado en una zona privilegiada, en el coraz\u00f3n de la Zona Hotelera de Canc\u00fan, posee hermosas vistas del campo de golf y puestas de sol inigualables sobre la laguna Nichupt\u00e9.<\/div><a id=\"ts-vcsc-image-hover-4978154-readmore\" style=\"   \" href=\"http:\/\/somosorlando.com\/cancun-laguna-suite\/\" class=\"info ts-image-hover-button\" target=\"_parent\">Ver M\u00e1s<\/a><\/div><\/div><\/div><\/div><div id=\"ts-vcsc-image-hover-8514792\" class=\"ts-image-hover-frame ts-imagefloat-center  destinations-page-hover  ts-trigger-hover-adjust\"  style=\"width: 100%; margin-top: 0px; margin-bottom: 0px;\"><div id=\"ts-vcsc-image-hover-8514792-counter\" class=\"ts-fluid-wrapper \" style=\"width: 100%; height: auto;\"><div id=\"ts-vcsc-image-hover-8514792-mask\" class=\"ts-imagehover ts-imagehover-static ts-imagehover-style1 ts-trigger-hover \" data-trigger=\"ts-trigger-hover\" data-closer=\"ts-vcsc-image-hover-8514792-closer\" style=\"width: 100%; height: auto; \"><img src=\"https:\/\/somosorlando.com\/wp-content\/uploads\/2015\/02\/royal-sunset-display.png\" data-no-lazy=\"1\" alt=\"royal-sunset-display\" style=\"width: 100%; height: auto;\"\/><div class=\"mask\" style=\" width: 100%; height: 100%; display: block;\"><h2 class=\"ts-image-hover-title\" style=\"   \">Royal Sunset<\/h2><div id=\"ts-vcsc-image-hover-8514792-maskcontent\" class=\"maskcontent\" style=\" \">Descansa en una de las m\u00e1s bellas playas de arena blanca del Caribe Mexicano, con impresionantes vistas al azul turquesa del Mar Caribe.<\/div><a id=\"ts-vcsc-image-hover-8514792-readmore\" style=\"   \" href=\"http:\/\/somosorlando.com\/cancun-royal-sunset\/\" class=\"info ts-image-hover-button\" target=\"_parent\">Ver M\u00e1s<\/a><\/div><\/div><\/div><\/div><\/div><\/div><\/div><\/div>\n","protected":false},"excerpt":{"rendered":"Usted nunca va a terminar con todas las cosas que se pueden hacer durante sus vacaciones en Canc\u00fan y la Riviera Maya. Usted puede disfrutar de una amplia gama de deportes acu\u00e1ticos, los desaf\u00edos en campos de golf, llevar a la familia a uno de nuestros mundialmente famosos parques ecol\u00f3gicos, o simplemente descansar y dejarse mimar en uno de nuestros lujosos spas. Lleve a su familia a bucear, y descubra las maravillas del Mar Caribe. Para aquellos de ustedes que buscan casarse en un lugar rom\u00e1ntico y est\u00e1n planeando la mejor boda, Canc\u00fan es su lugar, usted no necesita mirar [...]","protected":false},"author":1,"featured_media":0,"parent":2139,"menu_order":7,"comment_status":"open","ping_status":"closed","template":"template-full-width-tb.php","meta":[],"_links":{"self":[{"href":"https:\/\/somosorlando.com\/es\/wp-json\/wp\/v2\/pages\/3259"}],"collection":[{"href":"https:\/\/somosorlando.com\/es\/wp-json\/wp\/v2\/pages"}],"about":[{"href":"https:\/\/somosorlando.com\/es\/wp-json\/wp\/v2\/types\/page"}],"author":[{"embeddable":true,"href":"https:\/\/somosorlando.com\/es\/wp-json\/wp\/v2\/users\/1"}],"replies":[{"embeddable":true,"href":"https:\/\/somosorlando.com\/es\/wp-json\/wp\/v2\/comments?post=3259"}],"version-history":[{"count":28,"href":"https:\/\/somosorlando.com\/es\/wp-json\/wp\/v2\/pages\/3259\/revisions"}],"predecessor-version":[{"id":17848,"href":"https:\/\/somosorlando.com\/es\/wp-json\/wp\/v2\/pages\/3259\/revisions\/17848"}],"up":[{"embeddable":true,"href":"https:\/\/somosorlando.com\/es\/wp-json\/wp\/v2\/pages\/2139"}],"wp:attachment":[{"href":"https:\/\/somosorlando.com\/es\/wp-json\/wp\/v2\/media?parent=3259"}],"curies":[{"name":"wp","href":"https:\/\/api.w.org\/{rel}","templated":true}]}}