{"id":3751,"date":"2015-02-19T21:22:38","date_gmt":"2015-02-20T02:22:38","guid":{"rendered":"http:\/\/visitaorlandoflorida.info\/destinos\/fort-lauderdale-florida\/"},"modified":"2016-04-08T14:03:25","modified_gmt":"2016-04-08T18:03:25","slug":"fort-lauderdale-florida","status":"publish","type":"page","link":"https:\/\/somosorlando.com\/es\/destinations\/fort-lauderdale-florida\/","title":{"rendered":"Fort Lauderdale, Florida"},"content":{"rendered":"<div class=\"vc_row wpb_row vc_row-fluid\"><div class=\"wpb_column vc_column_container vc_col-sm-8\"><div class=\"vc_column-inner \"><div class=\"wpb_wrapper\">\n\t<div class=\"wpb_text_column wpb_content_element \" >\n\t\t<div class=\"wpb_wrapper\">\n\t\t\t<h2><\/h2>\n<p>Prep\u00e1rese para experimentar el epicentro de la Costa de Oro! Con m\u00e1s de 23 kil\u00f3metros de playas v\u00edrgenes a lo largo de las soleadas costas del Atl\u00e1ntico, estamos seguros de que aqu\u00ed encontrar\u00e1 todo lo necesario para satisfacer sus fantas\u00edas de vacaciones. Conocido por un tiempo como \u00abla Venecia de Am\u00e9rica\u00bb, esta es una de las capitales mundiales n\u00e1uticas que ofrecen cruceros agradables excursiones en m\u00e1s de 300 kil\u00f3metros de v\u00edas fluviales. Durante los amantes del agua m\u00e1s activos que tiene el buceo emocionante, buceo y excursiones de pesca deportiva.<\/p>\n<p>Viajando hacia el interior, la zona est\u00e1 llena de cultura, recreaci\u00f3n, atracciones y diversi\u00f3n para todas las edades. Comer es una parte importante de esta cultura din\u00e1mica, con m\u00e1s de 3.500 restaurantes que van desde comedor grandes frente al mar y al aire libre, restaurantes \u00e9tnicos y restaurantes de renombre mundial. Para los compradores, aseg\u00farese de explorar una gran selecci\u00f3n de boutiques, galer\u00edas, caf\u00e9s con encanto, y locales nocturnos llenos de acci\u00f3n en un entorno elegante y siempre cambiante.<\/p>\n<p>Fort Lauderdale es una ciudad en el estado de la Florida en la costa atl\u00e1ntica de 23 millas (37 km) al norte de Miami, Condado de Broward. La ciudad es un destino tur\u00edstico muy popular, con una temperatura media durante todo el a\u00f1o de 75,5 \u00b0 F (24,2 \u00b0 C), y 3.000 horas de sol al a\u00f1o.<\/p>\n<h3><div class=\"templatera_shortcode\"><div class=\"vc_row wpb_row vc_row-fluid\"><div class=\"wpb_column vc_column_container vc_col-sm-12\"><div class=\"vc_column-inner \"><div class=\"wpb_wrapper\"><div class=\"vc_empty_space\"   style=\"height: 32px\" ><span class=\"vc_empty_space_inner\"><\/span><\/div>\n<\/div><\/div><\/div><\/div><div class=\"vc_row wpb_row vc_row-fluid wrapper-weekly-special vc_custom_1458941606091 vc_row-has-fill\"><div class=\"wpb_column vc_column_container vc_col-sm-4\"><div class=\"vc_column-inner vc_custom_1458926234837\"><div class=\"wpb_wrapper\"><div class=\"vc_row wpb_row vc_inner vc_row-fluid vc_custom_1457563191918 vc_row-has-fill\"><div class=\"wpb_column vc_column_container vc_col-sm-12\"><div class=\"vc_column-inner vc_custom_1458926007122\"><div class=\"wpb_wrapper\">\n\t<div  class=\"wpb_single_image wpb_content_element vc_align_left  vc_custom_1458926015972  week-special-background\">\n\t\t\n\t\t<figure class=\"wpb_wrapper vc_figure\">\n\t\t\t<div class=\"vc_single_image-wrapper   vc_box_border_grey\"><img class=\"vc_single_image-img \" src=\"https:\/\/somosorlando.com\/wp-content\/uploads\/2015\/11\/backgroundORL-06-400x250.png\" width=\"400\" height=\"250\" alt=\"backgroundORL-06\" title=\"backgroundORL-06\" \/><\/div>\n\t\t<\/figure>\n\t<\/div>\n<\/div><\/div><\/div><\/div><\/div><\/div><\/div><div class=\"wpb_column vc_column_container vc_col-sm-8\"><div class=\"vc_column-inner \"><div class=\"wpb_wrapper\"><div class=\"vc_row wpb_row vc_inner vc_row-fluid block-header vc_custom_1458936350673 vc_row-has-fill\"><div class=\"wpb_column vc_column_container vc_col-sm-8\"><div class=\"vc_column-inner \"><div class=\"wpb_wrapper\"><h1 style=\"line-height: 1em;text-align: center;font-family:Raleway;font-weight:700;font-style:normal\" class=\"vc_custom_heading\" >OFERTA - ORLANDO<\/h1><\/div><\/div><\/div><div class=\"wpb_column vc_column_container vc_col-sm-4\"><div class=\"vc_column-inner \"><div class=\"wpb_wrapper\"><h5 style=\"line-height: 1em;text-align: right;font-family:Raleway;font-weight:400;font-style:normal\" class=\"vc_custom_heading\" >PRECIO<\/h5><h4 style=\"color: #e8a635;line-height: 1em;text-align: right;font-family:Raleway;font-weight:700;font-style:normal\" class=\"vc_custom_heading\" >$1399 \/ Family<\/h4><\/div><\/div><\/div><\/div><div class=\"vc_row wpb_row vc_inner vc_row-fluid block-footer vc_custom_1457563009434\"><div class=\"wpb_column vc_column_container vc_col-sm-3\"><div class=\"vc_column-inner \"><div class=\"wpb_wrapper\"><div class=\"ts-list-item  icon-font-deal  \"  style=\"margin-top: 0px; margin-bottom: 10px; text-align:left;font-size:15px;line-height:15px;color: #000000;\" data-viewport=\"\" data-delay=\"0\" data-animation=\"\" data-opacity=\"1\"><i class=\"ts-list-item-icon ts-font-icon typcn typcn-location \" style=\"color: #7dbd21; width: 30px; height: 30px; font-size: 30px; line-height: 30px;\"><\/i><div class=\"ts-list-item-content \"  style=\"color: #000000; padding-left: 10px;\">5 D\u00edas en Orlando<\/div><\/div><\/div><\/div><\/div><div class=\"wpb_column vc_column_container vc_col-sm-3\"><div class=\"vc_column-inner \"><div class=\"wpb_wrapper\"><div class=\"ts-list-item  icon-font-deal  \"  style=\"margin-top: 0px; margin-bottom: 10px; text-align:left;font-size:15px;line-height:15px;color: #000000;\" data-viewport=\"\" data-delay=\"0\" data-animation=\"\" data-opacity=\"1\"><i class=\"ts-list-item-icon ts-font-icon typcn typcn-location \" style=\"color: #7dbd21; width: 30px; height: 30px; font-size: 30px; line-height: 30px;\"><\/i><div class=\"ts-list-item-content \"  style=\"color: #000000; padding-left: 10px;\">3 D\u00edas en Miami<\/div><\/div><\/div><\/div><\/div><div class=\"wpb_column vc_column_container vc_col-sm-3\"><div class=\"vc_column-inner \"><div class=\"wpb_wrapper\"><div class=\"ts-list-item  icon-font-deal  \"  style=\"margin-top: 0px; margin-bottom: 10px; text-align:left;font-size:15px;line-height:15px;color: #000000;\" data-viewport=\"\" data-delay=\"0\" data-animation=\"\" data-opacity=\"1\"><i class=\"ts-list-item-icon ts-font-icon ts-icomoon-gift \" style=\"color: #af25dd; width: 30px; height: 30px; font-size: 30px; line-height: 30px;\"><\/i><div class=\"ts-list-item-content \"  style=\"color: #000000; padding-left: 10px;\">$150 de Voucher<\/div><\/div><\/div><\/div><\/div><div class=\"wpb_column vc_column_container vc_col-sm-3\"><div class=\"vc_column-inner \"><div class=\"wpb_wrapper\"><div class=\"ts-list-item  icon-font-deal  \"  style=\"margin-top: 0px; margin-bottom: 10px; text-align:left;font-size:15px;line-height:15px;color: #000000;\" data-viewport=\"\" data-delay=\"0\" data-animation=\"\" data-opacity=\"1\"><i class=\"ts-list-item-icon ts-font-icon ts-mapicons-boat-tour \" style=\"color: #1e73be; width: 30px; height: 30px; font-size: 30px; line-height: 30px;\"><\/i><div class=\"ts-list-item-content \"  style=\"color: #000000; padding-left: 10px;\">Crucero hacia Las Bahamas<\/div><\/div><\/div><\/div><\/div><\/div><\/div><\/div><\/div><\/div><div class=\"vc_row wpb_row vc_row-fluid\"><div class=\"wpb_column vc_column_container vc_col-sm-12\"><div class=\"vc_column-inner \"><div class=\"wpb_wrapper\"><div class=\"vc_empty_space\"   style=\"height: 32px\" ><span class=\"vc_empty_space_inner\"><\/span><\/div>\n<\/div><\/div><\/div><\/div>\n<\/div><\/h3>\n<h3>Clima<\/h3>\n<p>Fort Lauderdale cuenta con un clima ecuatorial con poca variaci\u00f3n estacional de la temperatura. Las temperaturas medias mensuales son siempre por encima de 65 \u00b0 F (18.3 \u00b0 C) y la precipitaci\u00f3n mensual promedio est\u00e1 por encima de 2,39 pulgadas (60,71 mm). Esto califica el clima de la ciudad como un clima tropical, y la ciudad no tiene una verdadera estaci\u00f3n seca. Mientras que un poco de lluvia no caiga en invierno, la mayor\u00eda de las precipitaciones se recibe durante los meses de verano.<\/p>\n<p>Los veranos de mayo a octubre son caliente, h\u00famedo y mojado con altas temperaturas medias de (30-32 \u00b0 C) 86-90 \u00b0 C y m\u00ednimas de (22-24 \u00b0 C) 71-76 \u00b0 F. Durante este per\u00edodo, m\u00e1s de la mitad de los d\u00edas de verano puede traer tarde o noche tormentas el\u00e9ctricas. La alta temperatura r\u00e9cord de 100 \u00b0 F (38 \u00b0 C) se registr\u00f3 el 22 de junio de 2009.<\/p>\n<p>Invierno, de noviembre a abril es c\u00e1lido y mayormente seco con altas temperaturas medias de (24-28 \u00b0 C) 75-82 \u00b0 C y m\u00ednimas de (15-19 \u00b0 C) 59-67 \u00b0 F. Sin embargo, las experiencias de la ciudad ocasionales frentes fr\u00edos durante este per\u00edodo, con lo que las altas temperaturas en los 60 \u00b0 F (16-21 \u00b0 C) y m\u00ednimos en los a\u00f1os 40 \u00b0 F (10.4 \u00b0 C), que dura s\u00f3lo por un d\u00eda m\u00e1s o menos.<\/p>\n<p>Heladas raras ocurren cada pocos decenios.<\/p>\n<p>Precipitaci\u00f3n media anual es de 64,2 pulgadas (1,630 mm), con la mayor parte de ella se producen entre mayo y octubre. Sin embargo, las precipitaciones se producen en todos los meses, principalmente como tormentas por la tarde fuertes de corta duraci\u00f3n. Fort Lauderdale tiene un promedio de 143 d\u00edas de lluvia y 250 d\u00edas de sol al a\u00f1o. La temporada de huracanes es entre el 1 de junio y el 30 de noviembre con grandes huracanes m\u00e1s probabilidades de afectar a la ciudad o el estado en septiembre y octubre.<\/p>\n<h3>Transportaci\u00f3n<\/h3>\n<p>Aeropuerto Internacional de Fort Lauderdale-Hollywood, en la vecina Dania Beach, Florida, es el aeropuerto principal de la ciudad y es el de m\u00e1s r\u00e1pido crecimiento aeropuerto importante en el pa\u00eds. Fort Lauderdale-Hollywood es una puerta de enlace internacional emergente para el Caribe y Am\u00e9rica Latina.<\/p>\n<p>Aeropuerto Internacional de Miami y el Aeropuerto Internacional de Palm Beach tambi\u00e9n sirven la ciudad. Fort Lauderdale es el hogar de Port Everglades, el puerto de cruceros tercero m\u00e1s concurrido de la naci\u00f3n. Es el puerto m\u00e1s profundo de la Florida, y es un punto de recepci\u00f3n de petr\u00f3leo integral. Condado de Broward es servido por tres importantes carreteras interestatales (I-75, I-95, I-595) y de Estados Unidos autopistas como la US 1, US 27 y US 441. El intercambio entre la I-95 y I-595 \/ SR 862 es conocido como el intercambio de arco iris. Tambi\u00e9n es servido por Turnpike y la carretera estatal de la Florida 869, tambi\u00e9n conocido como el Sawgrass Expressway.<\/p>\n<h3>Lugares de inter\u00e9s<\/h3>\n<p>Adem\u00e1s de sus museos, playas y vida nocturna, Fort Lauderdale es el hogar del Swap Shop Fort Lauderdale, un gran mercadillo interior \/ exterior y el sitio de mayor autocine en el mundo, con 13 pantallas. El International Swimming Hall de la Fama se encuentra en la playa de Fort Lauderdale, y alberga un gran complejo acu\u00e1tico, as\u00ed como un museo, el teatro y biblioteca de investigaci\u00f3n.<\/p>\n<p>Hugh Taylor Birch State Park es de 180 acres (0,73 km2) del parque a lo largo de la playa, con senderos naturales, camping y \u00e1reas de picnic, pirag\u00fcismo, y cuenta con el Centro de Visitantes de Terramar, con exposiciones sobre el ecosistema del parque.<\/p>\n<p>El Bonnet House es una casa hist\u00f3rica en Fort Lauderdale, Florida, Estados Unidos. La historia moderna de Bonnet House comenz\u00f3 cuando Abedul dio la propiedad Bonnet House como regalo de bodas a su hija Helen y su esposo, el artista de Chicago Frederic arcilla Bartlett en 1919.<\/p>\n<p>Henry E. Kinney t\u00fanel en la Ruta US 1 es el \u00fanico t\u00fanel en una carretera estatal en el estado de Florida. Fue construida en 1960, y sus 864 pies (263 m) de longitud viajan por debajo del R\u00edo Nuevo y Las Olas Boulevard. Los Everglades de Florida es uno de los m\u00e1s populares sitios de inter\u00e9s entre los visitantes de Fort Lauderdale.<\/p>\n<p>Hay numerosos servicios disponibles para traer visitantes de Fort Lauderdale Beach a los Everglades.<\/p>\n<p>A pocos minutos de la playa es el Arte y Espect\u00e1culos Distrito Riverwalk en el centro de Fort Lauderdale, el hogar de atracciones culturales, tiendas, parques y restaurantes. A lo largo de Riverwalk, el paseo meandro de ladrillo forrado, descubrir el Broward Center for the Performing Arts, el Museo de Descubrimiento y Ciencia con su AutoNation 3D IMAX Theater, Florida Grand Opera, Fort Lauderdale Centro Hist\u00f3rico, Stranahan House y el Museo de Arte.<\/p>\n<p>Las Olas Boulevard es una calle popular en el centro de Fort Lauderdale que va de Andrews Avenue, en el distrito central de negocios de A1A y Fort Lauderdale Beach. El bulevar es una atracci\u00f3n popular para los lugare\u00f1os y visitantes, siendo idealmente situado cerca de la playa de Fort Lauderdale,<\/p>\n<p>El Aeropuerto Internacional de Fort Lauderdale-Hollywood y el Port Everglades, se consideran que es lo m\u00e1s arquitect\u00f3nico \u00fanico, aut\u00e9ntico, y ecl\u00e9ctico distrito de compras y restaurantes del sur de la Florida.<\/p>\n\n\t\t<\/div>\n\t<\/div>\n<\/div><\/div><\/div><div class=\"wpb_column vc_column_container vc_col-sm-4\"><div class=\"vc_column-inner \"><div class=\"wpb_wrapper\"><h2 style=\"text-align: center\" class=\"vc_custom_heading\" >\u00bfPor qu\u00e9 Fort Lauderdale?<\/h2><div class=\"vc_row wpb_row vc_inner vc_row-fluid\"><div class=\"wpb_column vc_column_container vc_col-sm-4\"><div class=\"vc_column-inner \"><div class=\"wpb_wrapper\"><div id=\"ultimate-heading-273369e355b840e23\" class=\"uvc-heading ult-adjust-bottom-margin ultimate-heading-273369e355b840e23 uvc-2650 fact\" data-hspacer=\"icon_only\"  data-halign=\"center\" style=\"text-align:center\"><div class=\"uvc-heading-spacer icon_only\" style=\"margin-bottom:10px;\"><div class=\"ult-just-icon-wrapper  \"><div class=\"align-icon\" style=\"text-align:center;\">\n<div class=\"aio-icon-img \" style=\"font-size:48px;display:inline-block;\" >\n\t<img class=\"img-icon\" alt=\"\" src=\"https:\/\/somosorlando.com\/wp-content\/uploads\/2015\/02\/icon-box-02-1.png\"\/>\n<\/div><\/div><\/div><\/div><div class=\"uvc-main-heading ult-responsive\"  data-ultimate-target='.uvc-heading.ultimate-heading-273369e355b840e23 h4'  data-responsive-json-new='{\"font-size\":\"\",\"line-height\":\"\"}' ><h4 style=\"font-weight:normal;margin-top:10px;margin-bottom:10px;\">Alojamientos<\/h4><\/div><\/div><\/div><\/div><\/div><div class=\"wpb_column vc_column_container vc_col-sm-4\"><div class=\"vc_column-inner \"><div class=\"wpb_wrapper\"><div id=\"ultimate-heading-565569e355b8417f7\" class=\"uvc-heading ult-adjust-bottom-margin ultimate-heading-565569e355b8417f7 uvc-7024 fact\" data-hspacer=\"icon_only\"  data-halign=\"center\" style=\"text-align:center\"><div class=\"uvc-heading-spacer icon_only\" style=\"margin-bottom:10px;\"><div class=\"ult-just-icon-wrapper  \"><div class=\"align-icon\" style=\"text-align:center;\">\n<div class=\"aio-icon-img \" style=\"font-size:48px;display:inline-block;\" >\n\t<img class=\"img-icon\" alt=\"\" src=\"https:\/\/somosorlando.com\/wp-content\/uploads\/2015\/02\/sep-element-02-1-01.png\"\/>\n<\/div><\/div><\/div><\/div><div class=\"uvc-main-heading ult-responsive\"  data-ultimate-target='.uvc-heading.ultimate-heading-565569e355b8417f7 h4'  data-responsive-json-new='{\"font-size\":\"\",\"line-height\":\"\"}' ><h4 style=\"font-weight:normal;margin-top:10px;margin-bottom:10px;\">Actividades<\/h4><\/div><\/div><\/div><\/div><\/div><div class=\"wpb_column vc_column_container vc_col-sm-4\"><div class=\"vc_column-inner \"><div class=\"wpb_wrapper\"><div id=\"ultimate-heading-725469e355b8421fd\" class=\"uvc-heading ult-adjust-bottom-margin ultimate-heading-725469e355b8421fd uvc-8178 fact\" data-hspacer=\"icon_only\"  data-halign=\"center\" style=\"text-align:center\"><div class=\"uvc-heading-spacer icon_only\" style=\"margin-bottom:10px;\"><div class=\"ult-just-icon-wrapper  \"><div class=\"align-icon\" style=\"text-align:center;\">\n<div class=\"aio-icon-img \" style=\"font-size:48px;display:inline-block;\" >\n\t<img class=\"img-icon\" alt=\"\" src=\"https:\/\/somosorlando.com\/wp-content\/uploads\/2015\/02\/icon-header-08-2-1.png\"\/>\n<\/div><\/div><\/div><\/div><div class=\"uvc-main-heading ult-responsive\"  data-ultimate-target='.uvc-heading.ultimate-heading-725469e355b8421fd h4'  data-responsive-json-new='{\"font-size\":\"\",\"line-height\":\"\"}' ><h4 style=\"font-weight:normal;margin-top:10px;margin-bottom:10px;\">Transporte<\/h4><\/div><\/div><\/div><\/div><\/div><\/div>\n\t<div class=\"wpb_text_column wpb_content_element \" >\n\t\t<div class=\"wpb_wrapper\">\n\t\t\t<p>\u00bfBuscas un hotel de lujo, el mejor alojamiento m\u00e1s modestos o un hotel cerca de la playa? Fort Lauderdale ofrece un relajante y acogedor spa para el cuerpo y el alma.<\/p>\n<p>Fort Lauderdale es famosa por sus playas, las artes , la cultura y eventos . De las tiendas de Las Olas Boulevard, a paseos en g\u00f3ndola por los canales , a una orilla del r\u00edo hist\u00f3rico.<\/p>\n<p>Los clientes que no opten por alquilar un coche, pueden moverse a trav\u00e9s del bus, Tri -Rail, taxi y Water taxi.<\/p>\n\n\t\t<\/div>\n\t<\/div>\n<div id=\"ultimate-heading-551469e355b842607\" class=\"uvc-heading ult-adjust-bottom-margin ultimate-heading-551469e355b842607 uvc-4829 \" data-hspacer=\"no_spacer\"  data-halign=\"center\" style=\"text-align:center\"><div class=\"uvc-heading-spacer no_spacer\" style=\"top\"><\/div><div class=\"uvc-main-heading ult-responsive\"  data-ultimate-target='.uvc-heading.ultimate-heading-551469e355b842607 h2'  data-responsive-json-new='{\"font-size\":\"\",\"line-height\":\"\"}' ><h2 style=\"font-weight:normal;margin-top:15px;\">Ofertas de Hoy<\/h2><\/div><div class=\"uvc-sub-heading ult-responsive\"  data-ultimate-target='.uvc-heading.ultimate-heading-551469e355b842607 .uvc-sub-heading '  data-responsive-json-new='{\"font-size\":\"\",\"line-height\":\"\"}'  style=\"font-weight:normal;margin-bottom:10px;\">Disponibilidad Limitada<\/div><\/div><div class=\"vc_separator wpb_content_element vc_separator_align_center vc_sep_width_100 vc_sep_pos_align_center vc_separator_no_text vc_sep_color_grey\" ><span class=\"vc_sep_holder vc_sep_holder_l\"><span  class=\"vc_sep_line\"><\/span><\/span><span class=\"vc_sep_holder vc_sep_holder_r\"><span  class=\"vc_sep_line\"><\/span><\/span>\n<\/div><div id=\"ts-vcsc-image-hover-4564462\" class=\"ts-image-hover-frame ts-imagefloat-center  destinations-page-hover  ts-trigger-hover-adjust\"  style=\"width: 100%; margin-top: 0px; margin-bottom: 0px;\"><div id=\"ts-vcsc-image-hover-4564462-counter\" class=\"ts-fluid-wrapper \" style=\"width: 100%; height: auto;\"><div id=\"ts-vcsc-image-hover-4564462-mask\" class=\"ts-imagehover ts-imagehover-static ts-imagehover-style1 ts-trigger-hover \" data-trigger=\"ts-trigger-hover\" data-closer=\"ts-vcsc-image-hover-4564462-closer\" style=\"width: 100%; height: auto; \"><img src=\"https:\/\/somosorlando.com\/wp-content\/uploads\/2015\/02\/ramada-display.png\" data-no-lazy=\"1\" alt=\"ramada-display\" style=\"width: 100%; height: auto;\"\/><div class=\"mask\" style=\" width: 100%; height: 100%; display: block;\"><h2 class=\"ts-image-hover-title\" style=\"   \">Ramada<\/h2><div id=\"ts-vcsc-image-hover-4564462-maskcontent\" class=\"maskcontent\" style=\" \">Opciones ilimitadas para la diversi\u00f3n y turismo. Explore las hermosas exposiciones, los museos de entretenimiento y las tiendas.\n<\/div><a id=\"ts-vcsc-image-hover-4564462-readmore\" style=\"   \" href=\"http:\/\/somosorlando.com\/fort-lauderdale-ramada\/\" class=\"info ts-image-hover-button\" target=\"_parent\">Lee M\u00e1s<\/a><\/div><\/div><\/div><\/div><\/div><\/div><\/div><\/div>\n","protected":false},"excerpt":{"rendered":"Prep\u00e1rese para experimentar el epicentro de la Costa de Oro! Con m\u00e1s de 23 kil\u00f3metros de playas v\u00edrgenes a lo largo de las soleadas costas del Atl\u00e1ntico, estamos seguros de que aqu\u00ed encontrar\u00e1 todo lo necesario para satisfacer sus fantas\u00edas de vacaciones. Conocido por un tiempo como \"la Venecia de Am\u00e9rica\", esta es una de las capitales mundiales n\u00e1uticas que ofrecen cruceros agradables excursiones en m\u00e1s de 300 kil\u00f3metros de v\u00edas fluviales. Durante los amantes del agua m\u00e1s activos que tiene el buceo emocionante, buceo y excursiones de pesca deportiva. Viajando hacia el interior, la zona est\u00e1 llena de cultura, [...]","protected":false},"author":1,"featured_media":0,"parent":2139,"menu_order":6,"comment_status":"open","ping_status":"closed","template":"template-full-width-tb.php","meta":[],"_links":{"self":[{"href":"https:\/\/somosorlando.com\/es\/wp-json\/wp\/v2\/pages\/3751"}],"collection":[{"href":"https:\/\/somosorlando.com\/es\/wp-json\/wp\/v2\/pages"}],"about":[{"href":"https:\/\/somosorlando.com\/es\/wp-json\/wp\/v2\/types\/page"}],"author":[{"embeddable":true,"href":"https:\/\/somosorlando.com\/es\/wp-json\/wp\/v2\/users\/1"}],"replies":[{"embeddable":true,"href":"https:\/\/somosorlando.com\/es\/wp-json\/wp\/v2\/comments?post=3751"}],"version-history":[{"count":11,"href":"https:\/\/somosorlando.com\/es\/wp-json\/wp\/v2\/pages\/3751\/revisions"}],"predecessor-version":[{"id":17687,"href":"https:\/\/somosorlando.com\/es\/wp-json\/wp\/v2\/pages\/3751\/revisions\/17687"}],"up":[{"embeddable":true,"href":"https:\/\/somosorlando.com\/es\/wp-json\/wp\/v2\/pages\/2139"}],"wp:attachment":[{"href":"https:\/\/somosorlando.com\/es\/wp-json\/wp\/v2\/media?parent=3751"}],"curies":[{"name":"wp","href":"https:\/\/api.w.org\/{rel}","templated":true}]}}