{"id":4243,"date":"2015-02-19T20:51:44","date_gmt":"2015-02-20T01:51:44","guid":{"rendered":"http:\/\/visitaorlandoflorida.info\/destinos\/miami-florida\/"},"modified":"2016-04-08T14:07:04","modified_gmt":"2016-04-08T18:07:04","slug":"miami-florida","status":"publish","type":"page","link":"https:\/\/somosorlando.com\/es\/destinations\/miami-florida\/","title":{"rendered":"Miami-Florida"},"content":{"rendered":"<div class=\"vc_row wpb_row vc_row-fluid hero vc_custom_1423732208369\"><div class=\"wpb_column vc_column_container vc_col-sm-12\"><div class=\"vc_column-inner \"><div class=\"wpb_wrapper\"><div class=\"vc_empty_space\"   style=\"height: 2em\" ><span class=\"vc_empty_space_inner\"><\/span><\/div>\n<\/div><\/div><\/div><\/div><div class=\"vc_row wpb_row vc_row-fluid\"><div class=\"wpb_column vc_column_container vc_col-sm-8\"><div class=\"vc_column-inner \"><div class=\"wpb_wrapper\">\n\t<div class=\"wpb_text_column wpb_content_element \" >\n\t\t<div class=\"wpb_wrapper\">\n\t\t\t<p>Miami est\u00e1 ubicada en la parte sureste de Florida alrededor del r\u00edo Miami, entre los Everglades y el oc\u00e9ano Atl\u00e1ntico. Es la sede del condado de Miami-Dade.<\/p>\n<p>Es considerada una ciudad global de importancia en las finanzas, el comercio, los medios de comunicaci\u00f3n, entretenimiento, artes y comercio internacional. Es sede de numerosas oficinas centrales de compa\u00f1\u00edas, bancos y estudios de televisi\u00f3n. Es, tambi\u00e9n, centro internacional del entretenimiento popular en televisi\u00f3n, m\u00fasica, moda, cine y artes esc\u00e9nicas. El puerto de Miami es considerado el puerto que alberga el mayor volumen de cruceros del mundo y es sede, tambi\u00e9n, de varias compa\u00f1\u00edas de l\u00edneas de cruceros. Adem\u00e1s, la ciudad tiene la mayor concentraci\u00f3n de bancos internacionales de todo Estados Unidos.<\/p>\n<h3><\/h3>\n<h3><div class=\"templatera_shortcode\"><div class=\"vc_row wpb_row vc_row-fluid\"><div class=\"wpb_column vc_column_container vc_col-sm-12\"><div class=\"vc_column-inner \"><div class=\"wpb_wrapper\"><div class=\"vc_empty_space\"   style=\"height: 32px\" ><span class=\"vc_empty_space_inner\"><\/span><\/div>\n<\/div><\/div><\/div><\/div><div class=\"vc_row wpb_row vc_row-fluid wrapper-weekly-special vc_custom_1458941606091 vc_row-has-fill\"><div class=\"wpb_column vc_column_container vc_col-sm-4\"><div class=\"vc_column-inner vc_custom_1458926234837\"><div class=\"wpb_wrapper\"><div class=\"vc_row wpb_row vc_inner vc_row-fluid vc_custom_1457563191918 vc_row-has-fill\"><div class=\"wpb_column vc_column_container vc_col-sm-12\"><div class=\"vc_column-inner vc_custom_1458926007122\"><div class=\"wpb_wrapper\">\n\t<div  class=\"wpb_single_image wpb_content_element vc_align_left  vc_custom_1458926015972  week-special-background\">\n\t\t\n\t\t<figure class=\"wpb_wrapper vc_figure\">\n\t\t\t<div class=\"vc_single_image-wrapper   vc_box_border_grey\"><img class=\"vc_single_image-img \" src=\"https:\/\/somosorlando.com\/wp-content\/uploads\/2015\/11\/backgroundORL-06-400x250.png\" width=\"400\" height=\"250\" alt=\"backgroundORL-06\" title=\"backgroundORL-06\" \/><\/div>\n\t\t<\/figure>\n\t<\/div>\n<\/div><\/div><\/div><\/div><\/div><\/div><\/div><div class=\"wpb_column vc_column_container vc_col-sm-8\"><div class=\"vc_column-inner \"><div class=\"wpb_wrapper\"><div class=\"vc_row wpb_row vc_inner vc_row-fluid block-header vc_custom_1458936350673 vc_row-has-fill\"><div class=\"wpb_column vc_column_container vc_col-sm-8\"><div class=\"vc_column-inner \"><div class=\"wpb_wrapper\"><h1 style=\"line-height: 1em;text-align: center;font-family:Raleway;font-weight:700;font-style:normal\" class=\"vc_custom_heading\" >OFERTA - ORLANDO<\/h1><\/div><\/div><\/div><div class=\"wpb_column vc_column_container vc_col-sm-4\"><div class=\"vc_column-inner \"><div class=\"wpb_wrapper\"><h5 style=\"line-height: 1em;text-align: right;font-family:Raleway;font-weight:400;font-style:normal\" class=\"vc_custom_heading\" >PRECIO<\/h5><h4 style=\"color: #e8a635;line-height: 1em;text-align: right;font-family:Raleway;font-weight:700;font-style:normal\" class=\"vc_custom_heading\" >$1399 \/ Family<\/h4><\/div><\/div><\/div><\/div><div class=\"vc_row wpb_row vc_inner vc_row-fluid block-footer vc_custom_1457563009434\"><div class=\"wpb_column vc_column_container vc_col-sm-3\"><div class=\"vc_column-inner \"><div class=\"wpb_wrapper\"><div class=\"ts-list-item  icon-font-deal  \"  style=\"margin-top: 0px; margin-bottom: 10px; text-align:left;font-size:15px;line-height:15px;color: #000000;\" data-viewport=\"\" data-delay=\"0\" data-animation=\"\" data-opacity=\"1\"><i class=\"ts-list-item-icon ts-font-icon typcn typcn-location \" style=\"color: #7dbd21; width: 30px; height: 30px; font-size: 30px; line-height: 30px;\"><\/i><div class=\"ts-list-item-content \"  style=\"color: #000000; padding-left: 10px;\">5 D\u00edas en Orlando<\/div><\/div><\/div><\/div><\/div><div class=\"wpb_column vc_column_container vc_col-sm-3\"><div class=\"vc_column-inner \"><div class=\"wpb_wrapper\"><div class=\"ts-list-item  icon-font-deal  \"  style=\"margin-top: 0px; margin-bottom: 10px; text-align:left;font-size:15px;line-height:15px;color: #000000;\" data-viewport=\"\" data-delay=\"0\" data-animation=\"\" data-opacity=\"1\"><i class=\"ts-list-item-icon ts-font-icon typcn typcn-location \" style=\"color: #7dbd21; width: 30px; height: 30px; font-size: 30px; line-height: 30px;\"><\/i><div class=\"ts-list-item-content \"  style=\"color: #000000; padding-left: 10px;\">3 D\u00edas en Miami<\/div><\/div><\/div><\/div><\/div><div class=\"wpb_column vc_column_container vc_col-sm-3\"><div class=\"vc_column-inner \"><div class=\"wpb_wrapper\"><div class=\"ts-list-item  icon-font-deal  \"  style=\"margin-top: 0px; margin-bottom: 10px; text-align:left;font-size:15px;line-height:15px;color: #000000;\" data-viewport=\"\" data-delay=\"0\" data-animation=\"\" data-opacity=\"1\"><i class=\"ts-list-item-icon ts-font-icon ts-icomoon-gift \" style=\"color: #af25dd; width: 30px; height: 30px; font-size: 30px; line-height: 30px;\"><\/i><div class=\"ts-list-item-content \"  style=\"color: #000000; padding-left: 10px;\">$150 de Voucher<\/div><\/div><\/div><\/div><\/div><div class=\"wpb_column vc_column_container vc_col-sm-3\"><div class=\"vc_column-inner \"><div class=\"wpb_wrapper\"><div class=\"ts-list-item  icon-font-deal  \"  style=\"margin-top: 0px; margin-bottom: 10px; text-align:left;font-size:15px;line-height:15px;color: #000000;\" data-viewport=\"\" data-delay=\"0\" data-animation=\"\" data-opacity=\"1\"><i class=\"ts-list-item-icon ts-font-icon ts-mapicons-boat-tour \" style=\"color: #1e73be; width: 30px; height: 30px; font-size: 30px; line-height: 30px;\"><\/i><div class=\"ts-list-item-content \"  style=\"color: #000000; padding-left: 10px;\">Crucero hacia Las Bahamas<\/div><\/div><\/div><\/div><\/div><\/div><\/div><\/div><\/div><\/div><div class=\"vc_row wpb_row vc_row-fluid\"><div class=\"wpb_column vc_column_container vc_col-sm-12\"><div class=\"vc_column-inner \"><div class=\"wpb_wrapper\"><div class=\"vc_empty_space\"   style=\"height: 32px\" ><span class=\"vc_empty_space_inner\"><\/span><\/div>\n<\/div><\/div><\/div><\/div>\n<\/div><\/h3>\n<h3><\/h3>\n<h3>Geograf\u00eda<\/h3>\n<p>Miami y sus suburbios se encuentran en una amplia llanura entre Everglades y la bah\u00eda Vizca\u00edna, que tambi\u00e9n se extiende desde la bah\u00eda de Florida al norte del lago Okeechobee. La parte principal de la ciudad se encuentra en las orillas de la bah\u00eda Vizca\u00edna, que contiene varios cientos de barreras de islas creadas artificial y naturalmente, la mayor de las cuales est\u00e1 en Miami Beach y South Beach. La corriente del Golfo, una corriente marina c\u00e1lida, discurre hacia el norte a s\u00f3lo 24,1 km frente a la costa, permitiendo que el clima de la ciudad permanezca suave y c\u00e1lido durante todo el a\u00f1o.<\/p>\n<h3>Clima<\/h3>\n<p>El clima de Miami es Clima tropical, con veranos calurosos y h\u00famedos, e inviernos templados y secos. La ciudad experimenta frentes fr\u00edos a partir de noviembre hasta marzo, que ocasionan temperaturas de frescas a fr\u00edas que no suelen mantenerse por m\u00e1s de 3 o 4 d\u00edas; por lo general la temperatura m\u00ednima no desciende por debajo de los 3 \u00b0C. En el transcurso del invierno suele haber unos cuantos d\u00edas con temperaturas m\u00ednimas heladas (menos de 0 C).<\/p>\n<p>La mayor parte de las precipitaciones ocurren en verano y generalmente hay una estaci\u00f3n seca en invierno. La estaci\u00f3n h\u00fameda prevalece de mayo a septiembre y en la seca ocurren temperaturas suaves y en ella tiene lugar las d\u00e9biles precipitaciones invernales. La temporada de huracanes suele coincidir con la estaci\u00f3n h\u00fameda.<\/p>\n<p>Miami disfruta de un clima muy suave y de unas 3.000 horas de sol al a\u00f1o.<\/p>\n<p>Miami recibe abundantes niveles de precipitaci\u00f3n. La mayor parte de esa precipitaci\u00f3n se desarrolla a partir de mediados de mayo hasta principios de octubre. Exactamente registra 1.488 mil\u00edmetros de lluvias, mientras que cerca de Fort Lauderdale y Miami Beach se recogen 1.621 mm y 1.227 mm respectivamente, que muestra la alta variabilidad local en cuanto a diversificaci\u00f3n de las precipitaciones. Asimismo, Miami es una de las ciudades m\u00e1s soleadas del pa\u00eds, disfrutando de 3.000 horas de sol, aproximadamente.<\/p>\n<p>Debido tambi\u00e9n a su localizaci\u00f3n entre dos masas acu\u00e1ticas conocidas por su importante actividad tropical, Miami es una de las ciudades que, por estad\u00edstica, m\u00e1s riesgos corre de ser devastada por un hurac\u00e1n junto a Nassau, Bahamas y La Habana. La estaci\u00f3n de los huracanes comienza oficialmente a partir del 1 de junio hasta el 30 de noviembre, aunque \u00e9stos pueden presentarse sin necesidad de respetar estas fechas. La \u00e9poca m\u00e1s probable y de mayor riesgo de huracanes para Miami es la estaci\u00f3n del hurac\u00e1n Cabo Verde, a mediados de agosto hasta finales de septiembre.<\/p>\n<h3>Transporte<\/h3>\n<p>El Aeropuerto Internacional de Miami, situado a 11 kil\u00f3metros al noroeste de la ciudad en un \u00e1rea no incorporada del condado, sirve a la ciudad y a su \u00e1rea como aeropuerto principal. Es uno de los aeropuertos m\u00e1s ocupados del mundo, ya que por sus instalaciones pasan entre 30 y 34 millones de pasajeros al a\u00f1o, siendo el tercero m\u00e1s importante de los Estados Unidos s\u00f3lo por detr\u00e1s del Aeropuerto Internacional John F. Kennedy de Nueva York y el Aeropuerto Internacional de Los \u00c1ngeles. Es, adem\u00e1s, centro de conexiones de la American Airlines, y es que el aeropuerto cuenta con m\u00e1s de cien l\u00edneas a\u00e9reas que dan servicio a 150 ciudades de todo el mundo. Entre el cat\u00e1logo de rutas se incluyen vuelos directos a Norteam\u00e9rica, Sudam\u00e9rica, Europa, Asia y Oriente Medio.<\/p>\n<p>Otros aeropuertos cercanos son el Aeropuerto Internacional Fort Lauderdale-Hollywood, el Aeropuerto Opa-Locka de la ciudad de Opa-Locka y el Aeropuerto Ejecutivo de Kendall-Tamiami, situado a 21 kil\u00f3metros del centro de la ciudad, sirven como aviaci\u00f3n general al \u00e1rea de Miami.<\/p>\n<h4>Mar\u00edtimo<\/h4>\n<p>Miami posee uno de los puertos m\u00e1s grandes de Estados Unidos: el Puerto de Miami (conocido oficialmente como Dante B. Fascell Port of Miami); la autoridad encargada de gestionarlo es Miami-Dade County Seaport Department.66 Adem\u00e1s, es uno de los puertos de cruceros m\u00e1s importantes del mundo. Debido a ello es conocido como \u00abCapital de Cruceros del Mundo\u00bb, ya que tres millones de pasajeros lo utilizan anualmente.66 En 2007, 3.787.410 pasajeros pasaron por sus instalaciones.67 A su vez, el puerto es uno de los m\u00e1s importantes del sector del transporte de carga, importando 7,8 toneladas durante el a\u00f1o 2007.67 S\u00f3lo es superado en este \u00e1mbito por el Puerto del sur de Luisiana en Nueva Orleans en t\u00e9rminos del tonelaje de carga importado\/exportado desde Am\u00e9rica Latina.<\/p>\n<p>El puerto tiene una superficie de 2 km\u00b2 y posee siete terminales de pasajeros. China es el puerto principal de importaci\u00f3n de Miami y Honduras el de exportaci\u00f3n. Cuenta tambi\u00e9n con numerosas sedes de l\u00edneas de cruceros entre las que se encuentran Carnival Cruise Lines, Celebrity Cruises, Costa Cruises, Crystal Cruises, Norwegian Cruise Line, Oceania Cruises, Royal Caribbean International y Windjammer Barefoot Cruises.<\/p>\n<h4>Transporte p\u00fablico<\/h4>\n<p>El transporte p\u00fablico de Miami es operado por el Departamento de Transporte P\u00fablico de Miami-Dade y la Autoridad de Transporte Regional del Sur de la Florida (SFRTA), e incluye tren de cercan\u00edas (Tri-Rail), sistema elevado de tr\u00e1nsito r\u00e1pido (Metrorail), un monorra\u00edl elevado (Metromover) y una red de autobuses. Miami tiene el mayor \u00edndice de tr\u00e1nsito de Florida, ya que el 12% de la poblaci\u00f3n de Miami usa a diario el transporte p\u00fablico.<\/p>\n<p>Algunas de las distancias a las ciudades m\u00e1s importantes desde Miami son: una hora a Fort Lauderdale, dos horas hasta Palm Beach, tres horas y media a Cayo Hueso y cinco horas a Orlando.70 Seg\u00fan una encuesta, la ciudad tiene los conductores m\u00e1s groseros del pa\u00eds, y al mismo tiempo fue calificada como la ciudad estadounidense m\u00e1s peligrosa para peatones.<\/p>\n\n\t\t<\/div>\n\t<\/div>\n<\/div><\/div><\/div><div class=\"wpb_column vc_column_container vc_col-sm-4\"><div class=\"vc_column-inner \"><div class=\"wpb_wrapper\"><h2 style=\"text-align: center\" class=\"vc_custom_heading\" >\u00bfPor qu\u00e9 Miami?<\/h2><div class=\"vc_row wpb_row vc_inner vc_row-fluid\"><div class=\"wpb_column vc_column_container vc_col-sm-4\"><div class=\"vc_column-inner \"><div class=\"wpb_wrapper\"><div id=\"ultimate-heading-137569df1e796fa01\" class=\"uvc-heading ult-adjust-bottom-margin ultimate-heading-137569df1e796fa01 uvc-3975 fact\" data-hspacer=\"icon_only\"  data-halign=\"center\" style=\"text-align:center\"><div class=\"uvc-heading-spacer icon_only\" style=\"margin-bottom:10px;\"><div class=\"ult-just-icon-wrapper  \"><div class=\"align-icon\" style=\"text-align:center;\">\n<div class=\"aio-icon-img \" style=\"font-size:48px;display:inline-block;\" >\n\t<img class=\"img-icon\" alt=\"\" src=\"https:\/\/somosorlando.com\/wp-content\/uploads\/2015\/02\/icon-box-02-1.png\"\/>\n<\/div><\/div><\/div><\/div><div class=\"uvc-main-heading ult-responsive\"  data-ultimate-target='.uvc-heading.ultimate-heading-137569df1e796fa01 h4'  data-responsive-json-new='{\"font-size\":\"\",\"line-height\":\"\"}' ><h4 style=\"font-weight:normal;margin-top:10px;margin-bottom:10px;\">Alojamientos<\/h4><\/div><\/div><\/div><\/div><\/div><div class=\"wpb_column vc_column_container vc_col-sm-4\"><div class=\"vc_column-inner \"><div class=\"wpb_wrapper\"><div id=\"ultimate-heading-875669df1e797059f\" class=\"uvc-heading ult-adjust-bottom-margin ultimate-heading-875669df1e797059f uvc-5330 fact\" data-hspacer=\"icon_only\"  data-halign=\"center\" style=\"text-align:center\"><div class=\"uvc-heading-spacer icon_only\" style=\"margin-bottom:10px;\"><div class=\"ult-just-icon-wrapper  \"><div class=\"align-icon\" style=\"text-align:center;\">\n<div class=\"aio-icon-img \" style=\"font-size:48px;display:inline-block;\" >\n\t<img class=\"img-icon\" alt=\"\" src=\"https:\/\/somosorlando.com\/wp-content\/uploads\/2015\/02\/sep-element-02-1-01.png\"\/>\n<\/div><\/div><\/div><\/div><div class=\"uvc-main-heading ult-responsive\"  data-ultimate-target='.uvc-heading.ultimate-heading-875669df1e797059f h4'  data-responsive-json-new='{\"font-size\":\"\",\"line-height\":\"\"}' ><h4 style=\"font-weight:normal;margin-top:10px;margin-bottom:10px;\">Actividades<\/h4><\/div><\/div><\/div><\/div><\/div><div class=\"wpb_column vc_column_container vc_col-sm-4\"><div class=\"vc_column-inner \"><div class=\"wpb_wrapper\"><div id=\"ultimate-heading-25669df1e79710f7\" class=\"uvc-heading ult-adjust-bottom-margin ultimate-heading-25669df1e79710f7 uvc-6294 fact\" data-hspacer=\"icon_only\"  data-halign=\"center\" style=\"text-align:center\"><div class=\"uvc-heading-spacer icon_only\" style=\"margin-bottom:10px;\"><div class=\"ult-just-icon-wrapper  \"><div class=\"align-icon\" style=\"text-align:center;\">\n<div class=\"aio-icon-img \" style=\"font-size:48px;display:inline-block;\" >\n\t<img class=\"img-icon\" alt=\"\" src=\"https:\/\/somosorlando.com\/wp-content\/uploads\/2015\/02\/icon-header-08-2-1.png\"\/>\n<\/div><\/div><\/div><\/div><div class=\"uvc-main-heading ult-responsive\"  data-ultimate-target='.uvc-heading.ultimate-heading-25669df1e79710f7 h4'  data-responsive-json-new='{\"font-size\":\"\",\"line-height\":\"\"}' ><h4 style=\"font-weight:normal;margin-top:10px;margin-bottom:10px;\">Transportaci\u00f3n<\/h4><\/div><\/div><\/div><\/div><\/div><\/div>\n\t<div class=\"wpb_text_column wpb_content_element \" >\n\t\t<div class=\"wpb_wrapper\">\n\t\t\t<p>Miami Beach es m\u00e1s que s\u00f3lo las playas de arena, es un mar resplandeciente, sol todo el a\u00f1o y divertido. Es una ciudad cosmopolita, con numerosos restaurantes de clase mundial, el \u00e1rea de pel\u00edculas premiadas industrias, grabaciones sobre una base diaria y vibrante vida nocturna. Como el centro hist\u00f3rico m\u00e1s grande de la naci\u00f3n, cuenta con espacios culturales de primer orden y una mezcla internacional de residentes y visitantes. Es un destino tur\u00edstico de clase mundial.<\/p>\n\n\t\t<\/div>\n\t<\/div>\n<div class=\"vc_empty_space\"   style=\"height: 1.5em\" ><span class=\"vc_empty_space_inner\"><\/span><\/div>\n<div id=\"ultimate-heading-579069df1e79716ed\" class=\"uvc-heading ult-adjust-bottom-margin ultimate-heading-579069df1e79716ed uvc-7402 \" data-hspacer=\"no_spacer\"  data-halign=\"center\" style=\"text-align:center\"><div class=\"uvc-heading-spacer no_spacer\" style=\"top\"><\/div><div class=\"uvc-main-heading ult-responsive\"  data-ultimate-target='.uvc-heading.ultimate-heading-579069df1e79716ed h2'  data-responsive-json-new='{\"font-size\":\"\",\"line-height\":\"\"}' ><h2 style=\"font-weight:normal;margin-top:15px;\">Ofertas de Hoy<\/h2><\/div><div class=\"uvc-sub-heading ult-responsive\"  data-ultimate-target='.uvc-heading.ultimate-heading-579069df1e79716ed .uvc-sub-heading '  data-responsive-json-new='{\"font-size\":\"\",\"line-height\":\"\"}'  style=\"font-weight:normal;margin-bottom:10px;\">Cupos Limitados<\/div><\/div><div class=\"vc_separator wpb_content_element vc_separator_align_center vc_sep_width_100 vc_sep_pos_align_center vc_separator_no_text vc_sep_color_grey\" ><span class=\"vc_sep_holder vc_sep_holder_l\"><span  class=\"vc_sep_line\"><\/span><\/span><span class=\"vc_sep_holder vc_sep_holder_r\"><span  class=\"vc_sep_line\"><\/span><\/span>\n<\/div><div id=\"ts-vcsc-image-hover-3129600\" class=\"ts-image-hover-frame ts-imagefloat-center  destinations-page-hover  ts-trigger-hover-adjust\"  style=\"width: 100%; margin-top: 0px; margin-bottom: 20px;\"><div id=\"ts-vcsc-image-hover-3129600-counter\" class=\"ts-fluid-wrapper \" style=\"width: 100%; height: auto;\"><div id=\"ts-vcsc-image-hover-3129600-mask\" class=\"ts-imagehover ts-imagehover-static ts-imagehover-style1 ts-trigger-hover \" data-trigger=\"ts-trigger-hover\" data-closer=\"ts-vcsc-image-hover-3129600-closer\" style=\"width: 100%; height: auto; \"><img src=\"https:\/\/somosorlando.com\/wp-content\/uploads\/2015\/02\/crystal-beach-display.png\" data-no-lazy=\"1\" alt=\"crystal-beach-display\" style=\"width: 100%; height: auto;\"\/><div class=\"mask\" style=\" width: 100%; height: 100%; display: block;\"><h2 class=\"ts-image-hover-title\" style=\"   \">Crystal Beach<\/h2><div id=\"ts-vcsc-image-hover-3129600-maskcontent\" class=\"maskcontent\" style=\" \">Only a few minutes away from the excitement of South Beach, our all-suite accommodations are unlike any other in the area.<\/div><a id=\"ts-vcsc-image-hover-3129600-readmore\" style=\"   \" href=\"http:\/\/somosorlando.com\/miami-beach-crystal-beach\/\" class=\"info ts-image-hover-button\" target=\"_parent\">Read More<\/a><\/div><\/div><\/div><\/div><div id=\"ts-vcsc-image-hover-8580666\" class=\"ts-image-hover-frame ts-imagefloat-center  destinations-page-hover  ts-trigger-hover-adjust\"  style=\"width: 100%; margin-top: 0px; margin-bottom: 20px;\"><div id=\"ts-vcsc-image-hover-8580666-counter\" class=\"ts-fluid-wrapper \" style=\"width: 100%; height: auto;\"><div id=\"ts-vcsc-image-hover-8580666-mask\" class=\"ts-imagehover ts-imagehover-static ts-imagehover-style1 ts-trigger-hover \" data-trigger=\"ts-trigger-hover\" data-closer=\"ts-vcsc-image-hover-8580666-closer\" style=\"width: 100%; height: auto; \"><img src=\"https:\/\/somosorlando.com\/wp-content\/uploads\/2015\/02\/Casa-Blanca-display.png\" data-no-lazy=\"1\" alt=\"Casa-Blanca-display\" style=\"width: 100%; height: auto;\"\/><div class=\"mask\" style=\" width: 100%; height: 100%; display: block;\"><h2 class=\"ts-image-hover-title\" style=\"   \">Casa Blanca<\/h2><div id=\"ts-vcsc-image-hover-8580666-maskcontent\" class=\"maskcontent\" style=\" \">Perfectly located in the heart and beachfront of Millionaires Row. The Casa Blanca Hotel is an historic Miami Beach oceanfront landmark.<\/div><a id=\"ts-vcsc-image-hover-8580666-readmore\" style=\"   \" href=\"http:\/\/somosorlando.com\/miami-beach-casa-blanca\/\" class=\"info ts-image-hover-button\" target=\"_parent\">Read More<\/a><\/div><\/div><\/div><\/div><div id=\"ts-vcsc-image-hover-1107660\" class=\"ts-image-hover-frame ts-imagefloat-center  destinations-page-hover  ts-trigger-hover-adjust\"  style=\"width: 100%; margin-top: 0px; margin-bottom: 0px;\"><div id=\"ts-vcsc-image-hover-1107660-counter\" class=\"ts-fluid-wrapper \" style=\"width: 100%; height: auto;\"><div id=\"ts-vcsc-image-hover-1107660-mask\" class=\"ts-imagehover ts-imagehover-static ts-imagehover-style1 ts-trigger-hover \" data-trigger=\"ts-trigger-hover\" data-closer=\"ts-vcsc-image-hover-1107660-closer\" style=\"width: 100%; height: auto; \"><img src=\"https:\/\/somosorlando.com\/wp-content\/uploads\/2015\/02\/Casa-Blanca-display1.png\" data-no-lazy=\"1\" alt=\"Casa-Blanca-display1\" style=\"width: 100%; height: auto;\"\/><div class=\"mask\" style=\" width: 100%; height: 100%; display: block;\"><h2 class=\"ts-image-hover-title\" style=\"   \">Vacation Village<\/h2><div id=\"ts-vcsc-image-hover-1107660-maskcontent\" class=\"maskcontent\" style=\" \">Vacation Village Resorts strives to provide vacationing opportunities that can be shared with loved ones and future generations.<\/div><a id=\"ts-vcsc-image-hover-1107660-readmore\" style=\"   \" href=\"http:\/\/somosorlando.com\/miami-vacation-village\/\" class=\"info ts-image-hover-button\" target=\"_parent\">Read More<\/a><\/div><\/div><\/div><\/div><\/div><\/div><\/div><\/div>\n","protected":false},"excerpt":{"rendered":"Miami est\u00e1 ubicada en la parte sureste de Florida alrededor del r\u00edo Miami, entre los Everglades y el oc\u00e9ano Atl\u00e1ntico. Es la sede del condado de Miami-Dade. Es considerada una ciudad global de importancia en las finanzas, el comercio, los medios de comunicaci\u00f3n, entretenimiento, artes y comercio internacional. Es sede de numerosas oficinas centrales de compa\u00f1\u00edas, bancos y estudios de televisi\u00f3n. Es, tambi\u00e9n, centro internacional del entretenimiento popular en televisi\u00f3n, m\u00fasica, moda, cine y artes esc\u00e9nicas. El puerto de Miami es considerado el puerto que alberga el mayor volumen de cruceros del mundo y es sede, tambi\u00e9n, de varias compa\u00f1\u00edas [...]","protected":false},"author":1,"featured_media":0,"parent":2139,"menu_order":5,"comment_status":"open","ping_status":"closed","template":"template-full-width-tb.php","meta":[],"_links":{"self":[{"href":"https:\/\/somosorlando.com\/es\/wp-json\/wp\/v2\/pages\/4243"}],"collection":[{"href":"https:\/\/somosorlando.com\/es\/wp-json\/wp\/v2\/pages"}],"about":[{"href":"https:\/\/somosorlando.com\/es\/wp-json\/wp\/v2\/types\/page"}],"author":[{"embeddable":true,"href":"https:\/\/somosorlando.com\/es\/wp-json\/wp\/v2\/users\/1"}],"replies":[{"embeddable":true,"href":"https:\/\/somosorlando.com\/es\/wp-json\/wp\/v2\/comments?post=4243"}],"version-history":[{"count":25,"href":"https:\/\/somosorlando.com\/es\/wp-json\/wp\/v2\/pages\/4243\/revisions"}],"predecessor-version":[{"id":17688,"href":"https:\/\/somosorlando.com\/es\/wp-json\/wp\/v2\/pages\/4243\/revisions\/17688"}],"up":[{"embeddable":true,"href":"https:\/\/somosorlando.com\/es\/wp-json\/wp\/v2\/pages\/2139"}],"wp:attachment":[{"href":"https:\/\/somosorlando.com\/es\/wp-json\/wp\/v2\/media?parent=4243"}],"curies":[{"name":"wp","href":"https:\/\/api.w.org\/{rel}","templated":true}]}}