{"id":4858,"date":"2015-02-19T13:52:23","date_gmt":"2015-02-19T18:52:23","guid":{"rendered":"http:\/\/visitaorlandoflorida.info\/destinos\/orlando-florida\/"},"modified":"2016-04-13T16:47:02","modified_gmt":"2016-04-13T20:47:02","slug":"orlando-florida","status":"publish","type":"page","link":"https:\/\/somosorlando.com\/es\/destinations\/orlando-florida\/","title":{"rendered":"Orlando, Florida"},"content":{"rendered":"<div class=\"vc_row wpb_row vc_row-fluid facts vc_custom_1423733779336\"><div class=\"wpb_column vc_column_container vc_col-sm-12\"><div class=\"vc_column-inner vc_custom_1423732760542\"><div class=\"wpb_wrapper\"><div class=\"vc_empty_space\"   style=\"height: 1.5em\" ><span class=\"vc_empty_space_inner\"><\/span><\/div>\n<\/div><\/div><\/div><\/div><div class=\"vc_row wpb_row vc_row-fluid\"><div class=\"wpb_column vc_column_container vc_col-sm-8\"><div class=\"vc_column-inner \"><div class=\"wpb_wrapper\">\n\t<div class=\"wpb_text_column wpb_content_element  destination-information\" >\n\t\t<div class=\"wpb_wrapper\">\n\t\t\t<p>Orlando es una ciudad en el estado de Florida, condado de Orange, ubicado en la zona central de la Florida. Orlando tambi\u00e9n es conocido como \u00abEl Parque Tem\u00e1tico Capital del Mundo\u00bb. La m\u00e1s famosa atracci\u00f3n de Orlando es Walt Disney World Resort, situado a unas 21 millas (34 km) al suroeste del centro de Orlando, en Lake Buena Vista, Universal Orlando Resort, SeaWorld, Gatorland y Wet &#8216;n Wild. Todos excepto Walt Disney World se encuentran a lo largo de International Drive.<\/p>\n<p>Orlando es un destino que debe visitar al menos una vez en la vida. No dejes que otros te lo digan; descubre por ti mismo los placeres que la ciudad de Orlando ofrece a partir de los m\u00e1s famosos parques de atracciones.<\/p>\n<p>Ya sea que se trate de un viaje de familia, pareja, solo o con amigos, Orlando ofrece muchas actividades para disfrutar. Orlando tambi\u00e9n ofrece experiencias \u00fanicas para todos los visitantes para asegurar unas vacaciones inolvidables. Si eso significa pasar una semana en los parques tem\u00e1ticos o un fin de semana en el campo de golf, una escape a Orlando es exactamente lo que quieres. Explora para parques tem\u00e1ticos, atracciones, artes cultura, tiendas, spas, campos de golf, restaurantes, aventuras al aire libre y la vida nocturna de construir su itinerario perfecto.<\/p>\n<h3><div class=\"templatera_shortcode\"><div class=\"vc_row wpb_row vc_row-fluid\"><div class=\"wpb_column vc_column_container vc_col-sm-12\"><div class=\"vc_column-inner \"><div class=\"wpb_wrapper\"><div class=\"vc_empty_space\"   style=\"height: 32px\" ><span class=\"vc_empty_space_inner\"><\/span><\/div>\n<\/div><\/div><\/div><\/div><div class=\"vc_row wpb_row vc_row-fluid wrapper-weekly-special vc_custom_1458941606091 vc_row-has-fill\"><div class=\"wpb_column vc_column_container vc_col-sm-4\"><div class=\"vc_column-inner vc_custom_1458926234837\"><div class=\"wpb_wrapper\"><div class=\"vc_row wpb_row vc_inner vc_row-fluid vc_custom_1457563191918 vc_row-has-fill\"><div class=\"wpb_column vc_column_container vc_col-sm-12\"><div class=\"vc_column-inner vc_custom_1458926007122\"><div class=\"wpb_wrapper\">\n\t<div  class=\"wpb_single_image wpb_content_element vc_align_left  vc_custom_1458926015972  week-special-background\">\n\t\t\n\t\t<figure class=\"wpb_wrapper vc_figure\">\n\t\t\t<div class=\"vc_single_image-wrapper   vc_box_border_grey\"><img class=\"vc_single_image-img \" src=\"https:\/\/somosorlando.com\/wp-content\/uploads\/2015\/11\/backgroundORL-06-400x250.png\" width=\"400\" height=\"250\" alt=\"backgroundORL-06\" title=\"backgroundORL-06\" \/><\/div>\n\t\t<\/figure>\n\t<\/div>\n<\/div><\/div><\/div><\/div><\/div><\/div><\/div><div class=\"wpb_column vc_column_container vc_col-sm-8\"><div class=\"vc_column-inner \"><div class=\"wpb_wrapper\"><div class=\"vc_row wpb_row vc_inner vc_row-fluid block-header vc_custom_1458936350673 vc_row-has-fill\"><div class=\"wpb_column vc_column_container vc_col-sm-8\"><div class=\"vc_column-inner \"><div class=\"wpb_wrapper\"><h1 style=\"line-height: 1em;text-align: center;font-family:Raleway;font-weight:700;font-style:normal\" class=\"vc_custom_heading\" >OFERTA - ORLANDO<\/h1><\/div><\/div><\/div><div class=\"wpb_column vc_column_container vc_col-sm-4\"><div class=\"vc_column-inner \"><div class=\"wpb_wrapper\"><h5 style=\"line-height: 1em;text-align: right;font-family:Raleway;font-weight:400;font-style:normal\" class=\"vc_custom_heading\" >PRECIO<\/h5><h4 style=\"color: #e8a635;line-height: 1em;text-align: right;font-family:Raleway;font-weight:700;font-style:normal\" class=\"vc_custom_heading\" >$1399 \/ Family<\/h4><\/div><\/div><\/div><\/div><div class=\"vc_row wpb_row vc_inner vc_row-fluid block-footer vc_custom_1457563009434\"><div class=\"wpb_column vc_column_container vc_col-sm-3\"><div class=\"vc_column-inner \"><div class=\"wpb_wrapper\"><div class=\"ts-list-item  icon-font-deal  \"  style=\"margin-top: 0px; margin-bottom: 10px; text-align:left;font-size:15px;line-height:15px;color: #000000;\" data-viewport=\"\" data-delay=\"0\" data-animation=\"\" data-opacity=\"1\"><i class=\"ts-list-item-icon ts-font-icon typcn typcn-location \" style=\"color: #7dbd21; width: 30px; height: 30px; font-size: 30px; line-height: 30px;\"><\/i><div class=\"ts-list-item-content \"  style=\"color: #000000; padding-left: 10px;\">5 D\u00edas en Orlando<\/div><\/div><\/div><\/div><\/div><div class=\"wpb_column vc_column_container vc_col-sm-3\"><div class=\"vc_column-inner \"><div class=\"wpb_wrapper\"><div class=\"ts-list-item  icon-font-deal  \"  style=\"margin-top: 0px; margin-bottom: 10px; text-align:left;font-size:15px;line-height:15px;color: #000000;\" data-viewport=\"\" data-delay=\"0\" data-animation=\"\" data-opacity=\"1\"><i class=\"ts-list-item-icon ts-font-icon typcn typcn-location \" style=\"color: #7dbd21; width: 30px; height: 30px; font-size: 30px; line-height: 30px;\"><\/i><div class=\"ts-list-item-content \"  style=\"color: #000000; padding-left: 10px;\">3 D\u00edas en Miami<\/div><\/div><\/div><\/div><\/div><div class=\"wpb_column vc_column_container vc_col-sm-3\"><div class=\"vc_column-inner \"><div class=\"wpb_wrapper\"><div class=\"ts-list-item  icon-font-deal  \"  style=\"margin-top: 0px; margin-bottom: 10px; text-align:left;font-size:15px;line-height:15px;color: #000000;\" data-viewport=\"\" data-delay=\"0\" data-animation=\"\" data-opacity=\"1\"><i class=\"ts-list-item-icon ts-font-icon ts-icomoon-gift \" style=\"color: #af25dd; width: 30px; height: 30px; font-size: 30px; line-height: 30px;\"><\/i><div class=\"ts-list-item-content \"  style=\"color: #000000; padding-left: 10px;\">$150 de Voucher<\/div><\/div><\/div><\/div><\/div><div class=\"wpb_column vc_column_container vc_col-sm-3\"><div class=\"vc_column-inner \"><div class=\"wpb_wrapper\"><div class=\"ts-list-item  icon-font-deal  \"  style=\"margin-top: 0px; margin-bottom: 10px; text-align:left;font-size:15px;line-height:15px;color: #000000;\" data-viewport=\"\" data-delay=\"0\" data-animation=\"\" data-opacity=\"1\"><i class=\"ts-list-item-icon ts-font-icon ts-mapicons-boat-tour \" style=\"color: #1e73be; width: 30px; height: 30px; font-size: 30px; line-height: 30px;\"><\/i><div class=\"ts-list-item-content \"  style=\"color: #000000; padding-left: 10px;\">Crucero hacia Las Bahamas<\/div><\/div><\/div><\/div><\/div><\/div><\/div><\/div><\/div><\/div><div class=\"vc_row wpb_row vc_row-fluid\"><div class=\"wpb_column vc_column_container vc_col-sm-12\"><div class=\"vc_column-inner \"><div class=\"wpb_wrapper\"><div class=\"vc_empty_space\"   style=\"height: 32px\" ><span class=\"vc_empty_space_inner\"><\/span><\/div>\n<\/div><\/div><\/div><\/div>\n<\/div><\/h3>\n<h3>Geograf\u00eda<\/h3>\n<p>La geograf\u00eda de Orlando es principalmente lodazal, consta de numerosos lagos y pantanos. El terreno es generalmente plano, haciendo que la tierra sea bastante baja y h\u00famedo. La zona est\u00e1 repleta de cientos de lagos, el mayor de los cuales es el lago Apopka. El cimiento de la Florida Central es en su mayor\u00eda de piedra caliza y muy porosa.<\/p>\n<h3>Clima<\/h3>\n<p>Orlando tiene un clima subtropical h\u00famedo. Hay dos estaciones principales cada a\u00f1o. Uno de ellos es caliente y lluvioso, que dura desde mayo hasta finales de septiembre (m\u00e1s o menos coincidiendo con la temporada de huracanes en el Atl\u00e1ntico). La otra es la estaci\u00f3n seca, relativamente fr\u00eda (finales de octubre a abril) trayendo lluvias menos frecuentes, pero a\u00fan con temperaturas c\u00e1lidas. C\u00e1lido y h\u00famedo clima de la zona es causada principalmente por su baja altitud, su posici\u00f3n relativamente cerca del Tr\u00f3pico de C\u00e1ncer, y su ubicaci\u00f3n en el centro de una pen\u00ednsula.<\/p>\n<h3>Centros comerciales<\/h3>\n<p>El Florida Mall es el centro comercial m\u00e1s grande de Orlando y uno de los mayores centros comerciales de un solo piso en EE.UU. en m\u00e1s de 1\u2019849,000 pies cuadrados (171.800 m2). Hay m\u00e1s de 250 tiendas, siete almacenes principales, y el Florida Mall Hotel &amp; Conference Center Tower.<br \/>\nThe Mall at Millenia centro comercial de lujo de dos niveles, incluyendo los grandes almacenes de Bloomingdale, Macy y Neiman Marcus. El centro comercial tiene una superficie de 1\u2019118,000 ft\u00b2 (103.866 m\u00b2). IKEA Orlando abri\u00f3 adyacente al centro comercial.<\/p>\n<p>Orlando Fashion Square es el centro comercial cubierto m\u00e1s cercano al centro de Orlando y uno de los primeros en abrir en la ciudad. El centro comercial cuenta con 4 grandes almacenes principales y un Cine Teatro de 14 pantallas.<\/p>\n<h3>Transportaci\u00f3n<\/h3>\n<p>El Aeropuerto Internacional de Orlando (MCO) es el aeropuerto principal de Orlando y actualmente el segundo aeropuerto m\u00e1s ocupado en el estado de Florida muy cerca del Aeropuerto Internacional de Miami. El Aeropuerto Internacional de Orlando Sanford (SFB) en alrededores suburbio de Sanford, Florida sirve como aeropuerto secundario de la regi\u00f3n.<\/p>\n<p>Turnpike de la Florida es una importante autopista que conecta el norte de la Florida con Orlando y termina en Miami.<\/p>\n<p>El servicio ferroviario interurbano de pasajeros Amtrak opera desde la estaci\u00f3n de tren Amtrak de Orlando al sur del centro. Plata Meteor y Silver Star de Amtrak Orlando cuatro veces al d\u00eda, dos veces con destino a puntos al norte de la ciudad de Nueva York y dos con destino a los puntos del sur de Miami.<\/p>\n<p>Greyhound Lines ofrece servicio de autobuses interurbanos desde Orlando a m\u00faltiples ubicaciones en todo el pa\u00eds. La estaci\u00f3n de Greyhound Orlando se encuentra al oeste del centro de Orlando.<\/p>\n\n\t\t<\/div>\n\t<\/div>\n<\/div><\/div><\/div><div class=\"wpb_column vc_column_container vc_col-sm-4\"><div class=\"vc_column-inner \"><div class=\"wpb_wrapper\"><h2 style=\"text-align: center\" class=\"vc_custom_heading\" >\u00bfPor qu\u00e9 Orlando?<\/h2><div class=\"vc_row wpb_row vc_inner vc_row-fluid\"><div class=\"wpb_column vc_column_container vc_col-sm-4\"><div class=\"vc_column-inner \"><div class=\"wpb_wrapper\"><div id=\"ultimate-heading-332969e85c1ea3cf1\" class=\"uvc-heading ult-adjust-bottom-margin ultimate-heading-332969e85c1ea3cf1 uvc-8536 fact\" data-hspacer=\"icon_only\"  data-halign=\"center\" style=\"text-align:center\"><div class=\"uvc-heading-spacer icon_only\" style=\"margin-bottom:10px;\"><div class=\"ult-just-icon-wrapper  \"><div class=\"align-icon\" style=\"text-align:center;\">\n<div class=\"aio-icon-img \" style=\"font-size:48px;display:inline-block;\" >\n\t<img class=\"img-icon\" alt=\"\" src=\"https:\/\/somosorlando.com\/wp-content\/uploads\/2015\/02\/icon-box-02-1.png\"\/>\n<\/div><\/div><\/div><\/div><div class=\"uvc-main-heading ult-responsive\"  data-ultimate-target='.uvc-heading.ultimate-heading-332969e85c1ea3cf1 h4'  data-responsive-json-new='{\"font-size\":\"\",\"line-height\":\"\"}' ><h4 style=\"font-weight:normal;margin-top:10px;margin-bottom:10px;\">Alojamiento<\/h4><\/div><\/div><\/div><\/div><\/div><div class=\"wpb_column vc_column_container vc_col-sm-4\"><div class=\"vc_column-inner \"><div class=\"wpb_wrapper\"><div id=\"ultimate-heading-182869e85c1ea486c\" class=\"uvc-heading ult-adjust-bottom-margin ultimate-heading-182869e85c1ea486c uvc-6727 fact\" data-hspacer=\"icon_only\"  data-halign=\"center\" style=\"text-align:center\"><div class=\"uvc-heading-spacer icon_only\" style=\"margin-bottom:10px;\"><div class=\"ult-just-icon-wrapper  \"><div class=\"align-icon\" style=\"text-align:center;\">\n<div class=\"aio-icon-img \" style=\"font-size:48px;display:inline-block;\" >\n\t<img class=\"img-icon\" alt=\"\" src=\"https:\/\/somosorlando.com\/wp-content\/uploads\/2016\/02\/icon-header-04.png\"\/>\n<\/div><\/div><\/div><\/div><div class=\"uvc-main-heading ult-responsive\"  data-ultimate-target='.uvc-heading.ultimate-heading-182869e85c1ea486c h4'  data-responsive-json-new='{\"font-size\":\"\",\"line-height\":\"\"}' ><h4 style=\"font-weight:normal;margin-top:10px;margin-bottom:10px;\">Lugar de Aventura y Diversion<\/h4><\/div><\/div><\/div><\/div><\/div><div class=\"wpb_column vc_column_container vc_col-sm-4\"><div class=\"vc_column-inner \"><div class=\"wpb_wrapper\"><div id=\"ultimate-heading-504669e85c1ea536f\" class=\"uvc-heading ult-adjust-bottom-margin ultimate-heading-504669e85c1ea536f uvc-2631 fact\" data-hspacer=\"icon_only\"  data-halign=\"center\" style=\"text-align:center\"><div class=\"uvc-heading-spacer icon_only\" style=\"margin-bottom:10px;\"><div class=\"ult-just-icon-wrapper  \"><div class=\"align-icon\" style=\"text-align:center;\">\n<div class=\"aio-icon-img \" style=\"font-size:48px;display:inline-block;\" >\n\t<img class=\"img-icon\" alt=\"\" src=\"https:\/\/somosorlando.com\/wp-content\/uploads\/2016\/02\/icon-header-02.png\"\/>\n<\/div><\/div><\/div><\/div><div class=\"uvc-main-heading ult-responsive\"  data-ultimate-target='.uvc-heading.ultimate-heading-504669e85c1ea536f h4'  data-responsive-json-new='{\"font-size\":\"\",\"line-height\":\"\"}' ><h4 style=\"font-weight:normal;margin-top:10px;margin-bottom:10px;\">Accesibilidad<\/h4><\/div><\/div><\/div><\/div><\/div><\/div>\n\t<div class=\"wpb_text_column wpb_content_element \" >\n\t\t<div class=\"wpb_wrapper\">\n\t\t\t<p>Ya sea que se trate de un viaje de familia, pareja, solo o con amigos, Orlando ofrece muchas actividades para disfrutar. Orlando tambi\u00e9n ofrece experiencias \u00fanicas para todos los visitantes para asegurar unas vacaciones inolvidables. Si eso significa pasar una semana en los parques tem\u00e1ticos o un fin de semana en el campo de golf, una escape a Orlando es exactamente lo que quieres. Explora para parques tem\u00e1ticos, atracciones, artes cultura, tiendas, spas, campos de golf.<\/p>\n<p>Orlando es una ciudad en el estado de Florida, condado de Orange, ubicado en la zona central de la Florida. Orlando tambi\u00e9n es conocido como \u00abEl Parque Tem\u00e1tico Capital del Mundo\u00bb. La m\u00e1s famosa atracci\u00f3n de Orlando es Walt Disney World Resort, situado a unas 21 millas (34 km) al suroeste del centro de Orlando, en Lake Buena Vista, Universal Orlando Resort, SeaWorld, Gatorland y Wet &#8216;n Wild. Todos excepto Walt Disney World se encuentran a lo largo de International Drive.<\/p>\n<p>El Aeropuerto Internacional de Orlando (MCO) es el aeropuerto principal de Orlando y actualmente el segundo aeropuerto m\u00e1s ocupado en el estado de Florida muy cerca del Aeropuerto Internacional de Miami. El Aeropuerto Internacional de Orlando Sanford (SFB) en alrededores suburbio de Sanford, Florida sirve como aeropuerto secundario de la regi\u00f3n.\u00a0Turnpike de la Florida es una importante autopista que conecta el norte de la Florida con Orlando y termina en Miami.<\/p>\n\n\t\t<\/div>\n\t<\/div>\n<div class=\"vc_empty_space\"   style=\"height: 32px\" ><span class=\"vc_empty_space_inner\"><\/span><\/div>\n<div id=\"ultimate-heading-399669e85c1ea591a\" class=\"uvc-heading ult-adjust-bottom-margin ultimate-heading-399669e85c1ea591a uvc-1275 \" data-hspacer=\"no_spacer\"  data-halign=\"center\" style=\"text-align:center\"><div class=\"uvc-heading-spacer no_spacer\" style=\"top\"><\/div><div class=\"uvc-main-heading ult-responsive\"  data-ultimate-target='.uvc-heading.ultimate-heading-399669e85c1ea591a h2'  data-responsive-json-new='{\"font-size\":\"\",\"line-height\":\"\"}' ><h2 style=\"font-weight:normal;\">Ofertas de Hoy<\/h2><\/div><div class=\"uvc-sub-heading ult-responsive\"  data-ultimate-target='.uvc-heading.ultimate-heading-399669e85c1ea591a .uvc-sub-heading '  data-responsive-json-new='{\"font-size\":\"\",\"line-height\":\"\"}'  style=\"font-weight:normal;\"><\/p>\n<p style=\"text-align: center;\">Cupos Limitados<\/p>\n<p><\/div><\/div><div class=\"vc_separator wpb_content_element vc_separator_align_center vc_sep_width_100 vc_sep_pos_align_center vc_separator_no_text vc_sep_color_grey\" ><span class=\"vc_sep_holder vc_sep_holder_l\"><span  class=\"vc_sep_line\"><\/span><\/span><span class=\"vc_sep_holder vc_sep_holder_r\"><span  class=\"vc_sep_line\"><\/span><\/span>\n<\/div><div id=\"ts-vcsc-image-hover-1143196\" class=\"ts-image-hover-frame ts-imagefloat-center  destinations-page-hover  ts-trigger-hover-adjust\"  style=\"width: 100%; margin-top: 0px; margin-bottom: 0px;\"><div id=\"ts-vcsc-image-hover-1143196-counter\" class=\"ts-fluid-wrapper \" style=\"width: 100%; height: auto;\"><div id=\"ts-vcsc-image-hover-1143196-mask\" class=\"ts-imagehover ts-imagehover-static ts-imagehover-style1 ts-trigger-hover \" data-trigger=\"ts-trigger-hover\" data-closer=\"ts-vcsc-image-hover-1143196-closer\" style=\"width: 100%; height: auto; \"><img src=\"https:\/\/somosorlando.com\/wp-content\/uploads\/2015\/02\/summer-bay-display1.png\" data-no-lazy=\"1\" alt=\"summer-bay-display1\" style=\"width: 100%; height: auto;\"\/><div class=\"mask\" style=\" width: 100%; height: 100%; display: block;\"><h2 class=\"ts-image-hover-title\" style=\"   \">Summer Bay Resort<\/h2><div id=\"ts-vcsc-image-hover-1143196-maskcontent\" class=\"maskcontent\" style=\" \">Experience a luxury family destination that delivers the thrill of Orlando\u2019s world-renowned attractions.<\/div><a id=\"ts-vcsc-image-hover-1143196-readmore\" style=\"   \" href=\"http:\/\/somosorlando.com\/orlando-summer-bay-resort\/\" class=\"info ts-image-hover-button\" target=\"_parent\">Read More<\/a><\/div><\/div><\/div><\/div><div id=\"ts-vcsc-image-hover-9896469\" class=\"ts-image-hover-frame ts-imagefloat-center  destinations-page-hover  ts-trigger-hover-adjust\"  style=\"width: 100%; margin-top: 0px; margin-bottom: 0px;\"><div id=\"ts-vcsc-image-hover-9896469-counter\" class=\"ts-fluid-wrapper \" style=\"width: 100%; height: auto;\"><div id=\"ts-vcsc-image-hover-9896469-mask\" class=\"ts-imagehover ts-imagehover-static ts-imagehover-style1 ts-trigger-hover \" data-trigger=\"ts-trigger-hover\" data-closer=\"ts-vcsc-image-hover-9896469-closer\" style=\"width: 100%; height: auto; \"><img src=\"https:\/\/somosorlando.com\/wp-content\/uploads\/2015\/02\/westgate-lake-display.jpg\" data-no-lazy=\"1\" alt=\"westgate-lake-display\" style=\"width: 100%; height: auto;\"\/><div class=\"mask\" style=\" width: 100%; height: 100%; display: block;\"><h2 class=\"ts-image-hover-title\" style=\"   \">Westgate Lakes<\/h2><div id=\"ts-vcsc-image-hover-9896469-maskcontent\" class=\"maskcontent\" style=\" \">With a variety of onsite amenities, Westgate Lakes Resort offers something for everyone!<\/div><a id=\"ts-vcsc-image-hover-9896469-readmore\" style=\"   \" href=\"http:\/\/somosorlando.com\/getaways\/orlando-westgate-lakes\/\" class=\"info ts-image-hover-button\" target=\"_parent\">Read More<\/a><\/div><\/div><\/div><\/div><\/div><\/div><\/div><\/div>\n","protected":false},"excerpt":{"rendered":"Orlando es una ciudad en el estado de Florida, condado de Orange, ubicado en la zona central de la Florida. Orlando tambi\u00e9n es conocido como \"El Parque Tem\u00e1tico Capital del Mundo\". La m\u00e1s famosa atracci\u00f3n de Orlando es Walt Disney World Resort, situado a unas 21 millas (34 km) al suroeste del centro de Orlando, en Lake Buena Vista, Universal Orlando Resort, SeaWorld, Gatorland y Wet 'n Wild. Todos excepto Walt Disney World se encuentran a lo largo de International Drive. Orlando es un destino que debe visitar al menos una vez en la vida. No dejes que otros te [...]","protected":false},"author":1,"featured_media":0,"parent":2139,"menu_order":1,"comment_status":"open","ping_status":"closed","template":"template-full-width-tb.php","meta":[],"_links":{"self":[{"href":"https:\/\/somosorlando.com\/es\/wp-json\/wp\/v2\/pages\/4858"}],"collection":[{"href":"https:\/\/somosorlando.com\/es\/wp-json\/wp\/v2\/pages"}],"about":[{"href":"https:\/\/somosorlando.com\/es\/wp-json\/wp\/v2\/types\/page"}],"author":[{"embeddable":true,"href":"https:\/\/somosorlando.com\/es\/wp-json\/wp\/v2\/users\/1"}],"replies":[{"embeddable":true,"href":"https:\/\/somosorlando.com\/es\/wp-json\/wp\/v2\/comments?post=4858"}],"version-history":[{"count":30,"href":"https:\/\/somosorlando.com\/es\/wp-json\/wp\/v2\/pages\/4858\/revisions"}],"predecessor-version":[{"id":17815,"href":"https:\/\/somosorlando.com\/es\/wp-json\/wp\/v2\/pages\/4858\/revisions\/17815"}],"up":[{"embeddable":true,"href":"https:\/\/somosorlando.com\/es\/wp-json\/wp\/v2\/pages\/2139"}],"wp:attachment":[{"href":"https:\/\/somosorlando.com\/es\/wp-json\/wp\/v2\/media?parent=4858"}],"curies":[{"name":"wp","href":"https:\/\/api.w.org\/{rel}","templated":true}]}}