{"id":5353,"date":"2015-02-24T15:23:41","date_gmt":"2015-02-24T20:23:41","guid":{"rendered":"http:\/\/visitaorlandoflorida.info\/destinos\/punta-cana\/"},"modified":"2016-04-13T17:22:56","modified_gmt":"2016-04-13T21:22:56","slug":"punta-cana-republica-dominicana","status":"publish","type":"page","link":"https:\/\/somosorlando.com\/es\/destinations\/punta-cana-republica-dominicana\/","title":{"rendered":"Punta Cana"},"content":{"rendered":"<div class=\"vc_row wpb_row vc_row-fluid facts vc_custom_1423733779336\"><div class=\"wpb_column vc_column_container vc_col-sm-12\"><div class=\"vc_column-inner vc_custom_1423732760542\"><div class=\"wpb_wrapper\"><div class=\"vc_empty_space\"   style=\"height: 2em\" ><span class=\"vc_empty_space_inner\"><\/span><\/div>\n<\/div><\/div><\/div><\/div><div class=\"vc_row wpb_row vc_row-fluid\"><div class=\"wpb_column vc_column_container vc_col-sm-8\"><div class=\"vc_column-inner \"><div class=\"wpb_wrapper\">\n\t<div class=\"wpb_text_column wpb_content_element \" >\n\t\t<div class=\"wpb_wrapper\">\n\t\t\t<p>La arena blanca de una playa de Punta Cana es tan suave, tan perfectamente dorada que se podr\u00eda pensar que es sint\u00e9tico. Y de hecho, en este extremo m\u00e1s oriental de la Rep\u00fablica Dominicana es posible. Por definici\u00f3n, Punta Cana es un escape preparado en el Caribe, atenci\u00f3n completamente orientada a las necesidades de los turistas que buscan sol, que les gusta todo incluido, y se preocupan poco de aventurarse lejos de su hotel.<\/p>\n<p>Pero este \u00e1rea no s\u00f3lo es popular por sus hoteles y completa gran variedad de servicios &#8211; Punta Cana atrae a la jet-set ya que proporciona muchas opciones (m\u00e1s de 24.000 habitaciones de hotel) y a precios asequibles. Muchos viajeros pueden reservar un viaje de una semana que incluye pasajes a\u00e9reos, alojamiento, comidas y algunas actividades en el complejo, por mucho menos de $ 1,000 por persona en la temporada media.<\/p>\n<p>Mientras que este destino no es necesariamente el m\u00e1s extremo, los visitantes pueden pasar emocionantes excursiones al Hoyo Azul o jugando en desafiantes campos de golf como Punta Espada o La Cana. En general, los precios son razonables, este escondite del Caribe est\u00e1 hecho para los viajeros de todas las edades que buscan algo fuera de lo com\u00fan.<\/p>\n<p>Punta Cana es una localidad situada al este de la Rep\u00fablica Dominicana, en la provincia de La Altagracia. En esta localidad se ubican varios complejos hoteleros, cuya superficie total es de unos 420 000 m\u00b2 (equivalentes a 42 hect\u00e1reas o 0,42 km\u00b2).<\/p>\n<p>En Punta Cana se encuentra el Aeropuerto Internacional Punta Cana (PUJ), el principal aeropuerto del pa\u00eds, situado a unos 30 km hacia el interior, en la carretera que lleva desde Hig\u00fcey hasta La Romana. Este aeropuerto recibe el 64% de todos los vuelos que llegan al pa\u00eds, por lo que recibe m\u00e1s pasajeros que el Aeropuerto Internacional de Las Am\u00e9ricas, situado en Santo Domingo.<\/p>\n<p>Administrativamente, Punta Cana es un distrito municipal perteneciente al municipio de Hig\u00fcey bajo el nombre de Distrito Municipal Tur\u00edstico Ver\u00f3n Punta Cana. Este distrito ten\u00eda seg\u00fan el censo de 2010 una poblaci\u00f3n de 43 982 habitantes, de los cuales 37 286 eran del \u00e1rea urbana y 6696 del \u00e1rea rural.<\/p>\n<h3><\/h3>\n<h3><div class=\"templatera_shortcode\"><div class=\"vc_row wpb_row vc_row-fluid\"><div class=\"wpb_column vc_column_container vc_col-sm-12\"><div class=\"vc_column-inner \"><div class=\"wpb_wrapper\"><div class=\"vc_empty_space\"   style=\"height: 32px\" ><span class=\"vc_empty_space_inner\"><\/span><\/div>\n<\/div><\/div><\/div><\/div><div class=\"vc_row wpb_row vc_row-fluid wrapper-weekly-special vc_custom_1458941606091 vc_row-has-fill\"><div class=\"wpb_column vc_column_container vc_col-sm-4\"><div class=\"vc_column-inner vc_custom_1458926234837\"><div class=\"wpb_wrapper\"><div class=\"vc_row wpb_row vc_inner vc_row-fluid vc_custom_1457563191918 vc_row-has-fill\"><div class=\"wpb_column vc_column_container vc_col-sm-12\"><div class=\"vc_column-inner vc_custom_1458926007122\"><div class=\"wpb_wrapper\">\n\t<div  class=\"wpb_single_image wpb_content_element vc_align_left  vc_custom_1458926015972  week-special-background\">\n\t\t\n\t\t<figure class=\"wpb_wrapper vc_figure\">\n\t\t\t<div class=\"vc_single_image-wrapper   vc_box_border_grey\"><img class=\"vc_single_image-img \" src=\"https:\/\/somosorlando.com\/wp-content\/uploads\/2015\/11\/backgroundORL-06-400x250.png\" width=\"400\" height=\"250\" alt=\"backgroundORL-06\" title=\"backgroundORL-06\" \/><\/div>\n\t\t<\/figure>\n\t<\/div>\n<\/div><\/div><\/div><\/div><\/div><\/div><\/div><div class=\"wpb_column vc_column_container vc_col-sm-8\"><div class=\"vc_column-inner \"><div class=\"wpb_wrapper\"><div class=\"vc_row wpb_row vc_inner vc_row-fluid block-header vc_custom_1458936350673 vc_row-has-fill\"><div class=\"wpb_column vc_column_container vc_col-sm-8\"><div class=\"vc_column-inner \"><div class=\"wpb_wrapper\"><h1 style=\"line-height: 1em;text-align: center;font-family:Raleway;font-weight:700;font-style:normal\" class=\"vc_custom_heading\" >OFERTA - ORLANDO<\/h1><\/div><\/div><\/div><div class=\"wpb_column vc_column_container vc_col-sm-4\"><div class=\"vc_column-inner \"><div class=\"wpb_wrapper\"><h5 style=\"line-height: 1em;text-align: right;font-family:Raleway;font-weight:400;font-style:normal\" class=\"vc_custom_heading\" >PRECIO<\/h5><h4 style=\"color: #e8a635;line-height: 1em;text-align: right;font-family:Raleway;font-weight:700;font-style:normal\" class=\"vc_custom_heading\" >$1399 \/ Family<\/h4><\/div><\/div><\/div><\/div><div class=\"vc_row wpb_row vc_inner vc_row-fluid block-footer vc_custom_1457563009434\"><div class=\"wpb_column vc_column_container vc_col-sm-3\"><div class=\"vc_column-inner \"><div class=\"wpb_wrapper\"><div class=\"ts-list-item  icon-font-deal  \"  style=\"margin-top: 0px; margin-bottom: 10px; text-align:left;font-size:15px;line-height:15px;color: #000000;\" data-viewport=\"\" data-delay=\"0\" data-animation=\"\" data-opacity=\"1\"><i class=\"ts-list-item-icon ts-font-icon typcn typcn-location \" style=\"color: #7dbd21; width: 30px; height: 30px; font-size: 30px; line-height: 30px;\"><\/i><div class=\"ts-list-item-content \"  style=\"color: #000000; padding-left: 10px;\">5 D\u00edas en Orlando<\/div><\/div><\/div><\/div><\/div><div class=\"wpb_column vc_column_container vc_col-sm-3\"><div class=\"vc_column-inner \"><div class=\"wpb_wrapper\"><div class=\"ts-list-item  icon-font-deal  \"  style=\"margin-top: 0px; margin-bottom: 10px; text-align:left;font-size:15px;line-height:15px;color: #000000;\" data-viewport=\"\" data-delay=\"0\" data-animation=\"\" data-opacity=\"1\"><i class=\"ts-list-item-icon ts-font-icon typcn typcn-location \" style=\"color: #7dbd21; width: 30px; height: 30px; font-size: 30px; line-height: 30px;\"><\/i><div class=\"ts-list-item-content \"  style=\"color: #000000; padding-left: 10px;\">3 D\u00edas en Miami<\/div><\/div><\/div><\/div><\/div><div class=\"wpb_column vc_column_container vc_col-sm-3\"><div class=\"vc_column-inner \"><div class=\"wpb_wrapper\"><div class=\"ts-list-item  icon-font-deal  \"  style=\"margin-top: 0px; margin-bottom: 10px; text-align:left;font-size:15px;line-height:15px;color: #000000;\" data-viewport=\"\" data-delay=\"0\" data-animation=\"\" data-opacity=\"1\"><i class=\"ts-list-item-icon ts-font-icon ts-icomoon-gift \" style=\"color: #af25dd; width: 30px; height: 30px; font-size: 30px; line-height: 30px;\"><\/i><div class=\"ts-list-item-content \"  style=\"color: #000000; padding-left: 10px;\">$150 de Voucher<\/div><\/div><\/div><\/div><\/div><div class=\"wpb_column vc_column_container vc_col-sm-3\"><div class=\"vc_column-inner \"><div class=\"wpb_wrapper\"><div class=\"ts-list-item  icon-font-deal  \"  style=\"margin-top: 0px; margin-bottom: 10px; text-align:left;font-size:15px;line-height:15px;color: #000000;\" data-viewport=\"\" data-delay=\"0\" data-animation=\"\" data-opacity=\"1\"><i class=\"ts-list-item-icon ts-font-icon ts-mapicons-boat-tour \" style=\"color: #1e73be; width: 30px; height: 30px; font-size: 30px; line-height: 30px;\"><\/i><div class=\"ts-list-item-content \"  style=\"color: #000000; padding-left: 10px;\">Crucero hacia Las Bahamas<\/div><\/div><\/div><\/div><\/div><\/div><\/div><\/div><\/div><\/div><div class=\"vc_row wpb_row vc_row-fluid\"><div class=\"wpb_column vc_column_container vc_col-sm-12\"><div class=\"vc_column-inner \"><div class=\"wpb_wrapper\"><div class=\"vc_empty_space\"   style=\"height: 32px\" ><span class=\"vc_empty_space_inner\"><\/span><\/div>\n<\/div><\/div><\/div><\/div>\n<\/div><\/h3>\n<h3><\/h3>\n<h3>Geograf\u00eda<\/h3>\n<p>La zona de Punta Cana se inicia al norte con la Playa de Arena Gorda, siguiendo despu\u00e9s la famosa Playa B\u00e1varo, Playa Uvero Alto, Playa Macao y la Playa de El Cortecito. Cuando se inicia la vuelta de la punta se encuentran las playas de Cabeza de Toro, Cabo Enga\u00f1o, Punta Cana y Juanillo. El litoral de la zona de Punta Cana se extiende 50 km de costa. La parte de playa m\u00e1s extensa es la de B\u00e1varo, considerado por el gobierno de Rep\u00fablica Dominicana como tesoro nacional por la riqueza de su flora y fauna y por las bellezas naturales que all\u00ed se aprecian.<br \/>\nLas playas son de arena blanca y fina, y el mar de un suave color azul verdoso, sin alcanzar el turquesa de las playas caribe\u00f1as situadas m\u00e1s al sur. El mar presenta generalmente oleaje y la playa se hunde muy r\u00e1pidamente en el mar. El agua siempre es transparente y abundan las algas en algunas \u00e1reas.<\/p>\n<h3>Clima<\/h3>\n<p>La climatolog\u00eda es constante, con temperaturas medias de 26 \u00b0C, siendo el intervalo de temperaturas de unos doce grados, desde los 20 \u00b0C en invierno hasta los 32 \u00b0C de m\u00e1xima entre abril y noviembre.<\/p>\n\n\t\t<\/div>\n\t<\/div>\n<\/div><\/div><\/div><div class=\"wpb_column vc_column_container vc_col-sm-4\"><div class=\"vc_column-inner \"><div class=\"wpb_wrapper\"><div class=\"vc_row wpb_row vc_inner vc_row-fluid\"><div class=\"wpb_column vc_column_container vc_col-sm-4\"><div class=\"vc_column-inner \"><div class=\"wpb_wrapper\"><div id=\"ultimate-heading-15669d617a8d25b0\" class=\"uvc-heading ult-adjust-bottom-margin ultimate-heading-15669d617a8d25b0 uvc-1835 fact\" data-hspacer=\"icon_only\"  data-halign=\"center\" style=\"text-align:center\"><div class=\"uvc-heading-spacer icon_only\" style=\"margin-bottom:10px;\"><div class=\"ult-just-icon-wrapper  \"><div class=\"align-icon\" style=\"text-align:center;\">\n<div class=\"aio-icon-img \" style=\"font-size:48px;display:inline-block;\" >\n\t<img class=\"img-icon\" alt=\"\" src=\"https:\/\/somosorlando.com\/wp-content\/uploads\/2015\/02\/icon-box-02-1.png\"\/>\n<\/div><\/div><\/div><\/div><div class=\"uvc-main-heading ult-responsive\"  data-ultimate-target='.uvc-heading.ultimate-heading-15669d617a8d25b0 h4'  data-responsive-json-new='{\"font-size\":\"\",\"line-height\":\"\"}' ><h4 style=\"font-weight:normal;margin-top:10px;margin-bottom:10px;\">Alojamiento<\/h4><\/div><\/div><\/div><\/div><\/div><div class=\"wpb_column vc_column_container vc_col-sm-4\"><div class=\"vc_column-inner \"><div class=\"wpb_wrapper\"><div id=\"ultimate-heading-911769d617a8d31d3\" class=\"uvc-heading ult-adjust-bottom-margin ultimate-heading-911769d617a8d31d3 uvc-4488 fact\" data-hspacer=\"icon_only\"  data-halign=\"center\" style=\"text-align:center\"><div class=\"uvc-heading-spacer icon_only\" style=\"margin-bottom:10px;\"><div class=\"ult-just-icon-wrapper  \"><div class=\"align-icon\" style=\"text-align:center;\">\n<div class=\"aio-icon-img \" style=\"font-size:48px;display:inline-block;\" >\n\t<img class=\"img-icon\" alt=\"\" src=\"https:\/\/somosorlando.com\/wp-content\/uploads\/2015\/02\/sep-element-02-1-01.png\"\/>\n<\/div><\/div><\/div><\/div><div class=\"uvc-main-heading ult-responsive\"  data-ultimate-target='.uvc-heading.ultimate-heading-911769d617a8d31d3 h4'  data-responsive-json-new='{\"font-size\":\"\",\"line-height\":\"\"}' ><h4 style=\"font-weight:normal;margin-top:10px;margin-bottom:10px;\">Actividades<\/h4><\/div><\/div><\/div><\/div><\/div><div class=\"wpb_column vc_column_container vc_col-sm-4\"><div class=\"vc_column-inner \"><div class=\"wpb_wrapper\"><div id=\"ultimate-heading-330569d617a8d3cf6\" class=\"uvc-heading ult-adjust-bottom-margin ultimate-heading-330569d617a8d3cf6 uvc-4151 fact\" data-hspacer=\"icon_only\"  data-halign=\"center\" style=\"text-align:center\"><div class=\"uvc-heading-spacer icon_only\" style=\"margin-bottom:10px;\"><div class=\"ult-just-icon-wrapper  \"><div class=\"align-icon\" style=\"text-align:center;\">\n<div class=\"aio-icon-img \" style=\"font-size:48px;display:inline-block;\" >\n\t<img class=\"img-icon\" alt=\"\" src=\"https:\/\/somosorlando.com\/wp-content\/uploads\/2015\/02\/icon-header-08-2-1.png\"\/>\n<\/div><\/div><\/div><\/div><div class=\"uvc-main-heading ult-responsive\"  data-ultimate-target='.uvc-heading.ultimate-heading-330569d617a8d3cf6 h4'  data-responsive-json-new='{\"font-size\":\"\",\"line-height\":\"\"}' ><h4 style=\"font-weight:normal;margin-top:10px;margin-bottom:10px;\">Transporte<\/h4><\/div><\/div><\/div><\/div><\/div><\/div>\n\t<div class=\"wpb_text_column wpb_content_element \" >\n\t\t<div class=\"wpb_wrapper\">\n\t\t\t<p>Pero este \u00e1rea no s\u00f3lo es popular por sus hoteles y completa gran variedad de servicios &#8211; Punta Cana atrae a la jet-set ya que proporciona muchas opciones (m\u00e1s de 24.000 habitaciones de hotel) y a precios asequibles. Muchos viajeros pueden reservar un viaje de una semana que incluye pasajes a\u00e9reos, alojamiento, comidas.<\/p>\n<p>Las playas son de arena blanca y fina, y el mar de un suave color azul verdoso, sin alcanzar el turquesa de las playas caribe\u00f1as situadas m\u00e1s al sur. El mar presenta generalmente oleaje y la playa se hunde muy r\u00e1pidamente en el mar. El agua siempre es transparente y abundan las algas en algunas \u00e1reas.<\/p>\n<p>Aeropuerto Internacional Punta Cana, el principal aeropuerto del pa\u00eds, situado a unos 30 km hacia el interior, en la carretera que lleva desde Hig\u00fcey hasta La Romana. Este aeropuerto recibe el 64% de todos los vuelos que llegan al pa\u00eds, por lo que recibe m\u00e1s pasajeros que el Aeropuerto Internacional de Las Am\u00e9ricas, situado en Santo Domingo.<\/p>\n\n\t\t<\/div>\n\t<\/div>\n<div class=\"vc_empty_space\"   style=\"height: 1.5em\" ><span class=\"vc_empty_space_inner\"><\/span><\/div>\n<div id=\"ultimate-heading-137669d617a8d4339\" class=\"uvc-heading ult-adjust-bottom-margin ultimate-heading-137669d617a8d4339 uvc-773 \" data-hspacer=\"no_spacer\"  data-halign=\"center\" style=\"text-align:center\"><div class=\"uvc-heading-spacer no_spacer\" style=\"top\"><\/div><div class=\"uvc-main-heading ult-responsive\"  data-ultimate-target='.uvc-heading.ultimate-heading-137669d617a8d4339 h2'  data-responsive-json-new='{\"font-size\":\"\",\"line-height\":\"\"}' ><h2 style=\"font-weight:normal;margin-top:15px;\">Ofertas de Hoy<\/h2><\/div><div class=\"uvc-sub-heading ult-responsive\"  data-ultimate-target='.uvc-heading.ultimate-heading-137669d617a8d4339 .uvc-sub-heading '  data-responsive-json-new='{\"font-size\":\"\",\"line-height\":\"\"}'  style=\"font-weight:normal;margin-bottom:10px;\">Cupos Limitados<\/div><\/div><div class=\"vc_separator wpb_content_element vc_separator_align_center vc_sep_width_100 vc_sep_pos_align_center vc_separator_no_text vc_sep_color_grey\" ><span class=\"vc_sep_holder vc_sep_holder_l\"><span  class=\"vc_sep_line\"><\/span><\/span><span class=\"vc_sep_holder vc_sep_holder_r\"><span  class=\"vc_sep_line\"><\/span><\/span>\n<\/div>Unfortunately, The assigned image could not be retrieved from the WordPress media library.<div id=\"ts-vcsc-image-hover-6799163\" class=\"ts-image-hover-frame ts-imagefloat-center  destinations-page-hover  ts-trigger-hover-adjust\"  style=\"width: 100%; margin-top: 0px; margin-bottom: 0px;\"><div id=\"ts-vcsc-image-hover-6799163-counter\" class=\"ts-fluid-wrapper \" style=\"width: 100%; height: auto;\"><div id=\"ts-vcsc-image-hover-6799163-mask\" class=\"ts-imagehover ts-imagehover-static ts-imagehover-style1 ts-trigger-hover \" data-trigger=\"ts-trigger-hover\" data-closer=\"ts-vcsc-image-hover-6799163-closer\" style=\"width: 100%; height: auto; \"><img src=\"https:\/\/somosorlando.com\/wp-content\/uploads\/2015\/02\/melia-display.jpg\" data-no-lazy=\"1\" alt=\"melia-display\" style=\"width: 100%; height: auto;\"\/><div class=\"mask\" style=\" width: 100%; height: 100%; display: block;\"><h2 class=\"ts-image-hover-title\" style=\"   \">Melia<\/h2><div id=\"ts-vcsc-image-hover-6799163-maskcontent\" class=\"maskcontent\" style=\" \">Exceeding customer expectations is how we define success. Ready to let you relax or step in with options like spa treatments, nine holes of golf, a lighted tennis court, and cooking workshops, we are here to make you happy.<\/div><a id=\"ts-vcsc-image-hover-6799163-readmore\" style=\"   \" href=\"http:\/\/somosorlando.com\/getaways\/punta-cana-melia\/\" class=\"info ts-image-hover-button\" target=\"_parent\">Know More<\/a><\/div><\/div><\/div><\/div><div id=\"ts-vcsc-image-hover-6955025\" class=\"ts-image-hover-frame ts-imagefloat-center  destinations-page-hover  ts-trigger-hover-adjust\"  style=\"width: 100%; margin-top: 0px; margin-bottom: 0px;\"><div id=\"ts-vcsc-image-hover-6955025-counter\" class=\"ts-fluid-wrapper \" style=\"width: 100%; height: auto;\"><div id=\"ts-vcsc-image-hover-6955025-mask\" class=\"ts-imagehover ts-imagehover-static ts-imagehover-style1 ts-trigger-hover \" data-trigger=\"ts-trigger-hover\" data-closer=\"ts-vcsc-image-hover-6955025-closer\" style=\"width: 100%; height: auto; \"><img src=\"https:\/\/somosorlando.com\/wp-content\/uploads\/2015\/02\/memories-splash-display.jpg\" data-no-lazy=\"1\" alt=\"memories-splash-display\" style=\"width: 100%; height: auto;\"\/><div class=\"mask\" style=\" width: 100%; height: 100%; display: block;\"><h2 class=\"ts-image-hover-title\" style=\"   \">Memories Splash<\/h2><div id=\"ts-vcsc-image-hover-6955025-maskcontent\" class=\"maskcontent\" style=\" \">At Memories Splash Punta Cana \u2013 All Inclusive, spend the day on the beach where you can enjoy snorkeling. Then return for a meal at one of the resort\u2019s 5 restaurants.<\/div><a id=\"ts-vcsc-image-hover-6955025-readmore\" style=\"   \" href=\"http:\/\/somosorlando.com\/getaways\/punta-cana-splash-memories\/\" class=\"info ts-image-hover-button\" target=\"_parent\">Know More<\/a><\/div><\/div><\/div><\/div><\/div><\/div><\/div><\/div>\n","protected":false},"excerpt":{"rendered":"La arena blanca de una playa de Punta Cana es tan suave, tan perfectamente dorada que se podr\u00eda pensar que es sint\u00e9tico. Y de hecho, en este extremo m\u00e1s oriental de la Rep\u00fablica Dominicana es posible. Por definici\u00f3n, Punta Cana es un escape preparado en el Caribe, atenci\u00f3n completamente orientada a las necesidades de los turistas que buscan sol, que les gusta todo incluido, y se preocupan poco de aventurarse lejos de su hotel. Pero este \u00e1rea no s\u00f3lo es popular por sus hoteles y completa gran variedad de servicios - Punta Cana atrae a la jet-set ya que proporciona [...]","protected":false},"author":1,"featured_media":0,"parent":2139,"menu_order":11,"comment_status":"open","ping_status":"closed","template":"template-full-width-tb.php","meta":[],"_links":{"self":[{"href":"https:\/\/somosorlando.com\/es\/wp-json\/wp\/v2\/pages\/5353"}],"collection":[{"href":"https:\/\/somosorlando.com\/es\/wp-json\/wp\/v2\/pages"}],"about":[{"href":"https:\/\/somosorlando.com\/es\/wp-json\/wp\/v2\/types\/page"}],"author":[{"embeddable":true,"href":"https:\/\/somosorlando.com\/es\/wp-json\/wp\/v2\/users\/1"}],"replies":[{"embeddable":true,"href":"https:\/\/somosorlando.com\/es\/wp-json\/wp\/v2\/comments?post=5353"}],"version-history":[{"count":19,"href":"https:\/\/somosorlando.com\/es\/wp-json\/wp\/v2\/pages\/5353\/revisions"}],"predecessor-version":[{"id":17823,"href":"https:\/\/somosorlando.com\/es\/wp-json\/wp\/v2\/pages\/5353\/revisions\/17823"}],"up":[{"embeddable":true,"href":"https:\/\/somosorlando.com\/es\/wp-json\/wp\/v2\/pages\/2139"}],"wp:attachment":[{"href":"https:\/\/somosorlando.com\/es\/wp-json\/wp\/v2\/media?parent=5353"}],"curies":[{"name":"wp","href":"https:\/\/api.w.org\/{rel}","templated":true}]}}